{"id":7355,"date":"2023-05-02T04:01:48","date_gmt":"2023-05-02T10:01:48","guid":{"rendered":"https:\/\/depurecousa.com\/privacy-policy\/"},"modified":"2024-06-11T01:11:27","modified_gmt":"2024-06-11T07:11:27","slug":"privacy-policy","status":"publish","type":"page","link":"https:\/\/depurecousa.com\/es\/privacy-policy\/","title":{"rendered":"Privacy Policy"},"content":{"rendered":"\t\t<div data-elementor-type=\"wp-page\" data-elementor-id=\"7355\" class=\"elementor elementor-7355 elementor-3\" data-elementor-post-type=\"page\">\n\t\t\t\t\t\t<section class=\"elementor-section elementor-top-section elementor-element elementor-element-22e60d21 elementor-section-boxed elementor-section-height-default elementor-section-height-default\" data-id=\"22e60d21\" data-element_type=\"section\" data-e-type=\"section\">\n\t\t\t\t\t\t<div class=\"elementor-container elementor-column-gap-default\">\n\t\t\t\t\t<div class=\"elementor-column elementor-col-100 elementor-top-column elementor-element elementor-element-7fe485ab\" data-id=\"7fe485ab\" data-element_type=\"column\" data-e-type=\"column\">\n\t\t\t<div class=\"elementor-widget-wrap elementor-element-populated\">\n\t\t\t\t\t\t<div class=\"elementor-element elementor-element-75b4e59f elementor-widget elementor-widget-text-editor\" data-id=\"75b4e59f\" data-element_type=\"widget\" data-e-type=\"widget\" data-widget_type=\"text-editor.default\">\n\t\t\t\t<div class=\"elementor-widget-container\">\n\t\t\t\t\t\t\t\t\t<p><\/p>\n<h1><strong>PRIVACY POLICY<\/strong><\/h1>\n<p><strong>Disclaimer:<\/strong><\/p>\n<p>Depureco USA no se hace responsable, y rechaza expl\u00edcitamente toda responsabilidad por da\u00f1os de cualquier tipo derivados del uso, referencia o confianza en cualquier informaci\u00f3n contenida en este sitio web. Aunque la informaci\u00f3n contenida en este sitio se actualiza peri\u00f3dicamente, no se garantiza que sea correcta, completa y actualizada.<\/p>\n<p><strong>Privacy Policy:<\/strong><\/p>\n<p>Esta pol\u00edtica de privacidad se ha elaborado para servir mejor a quienes se preocupan por el uso que se hace en l\u00ednea de su \u00abinformaci\u00f3n personal identificable\u00bb (IPI). La IIP, tal como se describe en la legislaci\u00f3n estadounidense sobre privacidad y seguridad de la informaci\u00f3n, es informaci\u00f3n que puede utilizarse por s\u00ed sola o con otra informaci\u00f3n para identificar, contactar o localizar a una sola persona, o para identificar a un individuo en su contexto. Le rogamos que lea atentamente nuestra pol\u00edtica de privacidad para comprender claramente c\u00f3mo recopilamos, utilizamos, protegemos o tratamos de cualquier otro modo su informaci\u00f3n de identificaci\u00f3n personal de acuerdo con nuestro sitio web.<\/p>\n<p><strong>Qui\u00e9nes somos<\/strong><\/p>\n<p>Nuestro sitio web es: <a href=\"https:\/\/www.depurecousa.com\/\">https:\/\/www.depurecousa.com.<\/a><\/p>\n<p><strong>\u00bfCu\u00e1ndo recopilamos informaci\u00f3n?<\/strong><\/p>\n<ul>\n<li>Depurecousa.com recopila informaci\u00f3n sobre usted cuando rellena un formulario de solicitud de informaci\u00f3n, registra su vac\u00edo o se suscribe a una oferta promocional.<\/li>\n<\/ul>\n<p><strong>\u00bfQu\u00e9 datos personales recogemos y por qu\u00e9 los recogemos?<\/strong><\/p>\n<ul>\n<li>Depureco USA recopila datos sobre nombre, direcci\u00f3n de correo electr\u00f3nico, preferencias de cuenta personal; datos transaccionales y datos t\u00e9cnicos, como informaci\u00f3n sobre cookies.<\/li>\n<\/ul>\n<p><strong>\u00bfC\u00f3mo utilizamos su informaci\u00f3n? <\/strong><\/p>\n<ul>\n<li>Podemos utilizar la informaci\u00f3n que obtenemos de usted cuando se registra, realiza una compra, se suscribe a nuestro bolet\u00edn de noticias, responde a una encuesta o a cualquier comunicaci\u00f3n de marketing, navega por el sitio web o utiliza algunas otras funciones del sitio de las siguientes maneras:\n<ul>\n<li>Permitirnos mejorar nuestro servicio de atenci\u00f3n al cliente para responder a sus necesidades y peticiones.<\/li>\n<li>Seguimiento de la correspondencia (chat en directo, correo electr\u00f3nico o consultas telef\u00f3nicas).<\/li>\n<\/ul>\n<\/li>\n<\/ul>\n<p><strong>Utilizamos esc\u00e1neres de seguridad rutinarios:<\/strong><\/p>\n<ul>\n<li>Depurecousa.com utiliza una empresa de seguridad externa para buscar de forma rutinaria brechas de seguridad y vulnerabilidades conocidas con el fin de hacer que su experiencia sea lo m\u00e1s segura posible.<\/li>\n<li>Su informaci\u00f3n personal est\u00e1 contenida en redes seguras y s\u00f3lo es accesible por un n\u00famero limitado de personas que tienen derechos especiales de acceso a dichos sistemas y est\u00e1n obligadas a mantener la confidencialidad de la informaci\u00f3n.<\/li>\n<li>Adem\u00e1s, toda la informaci\u00f3n sensible que nos facilite estar\u00e1 encriptada.<\/li>\n<li>Todas las transacciones se procesan a trav\u00e9s de un proveedor de pasarela y no se almacenan ni procesan en nuestros servidores.<\/li>\n<\/ul>\n<p><strong>\u00bfUtilizamos \u00abcookies\u00bb?<\/strong><\/p>\n<ul>\n<li>Las cookies son peque\u00f1os archivos que un sitio o su proveedor de servicios transfiere al disco duro de su ordenador a trav\u00e9s de su navegador web (si usted lo permite) y que permiten a los sistemas del sitio o del proveedor de servicios reconocer su navegador y capturar y recordar determinada informaci\u00f3n.<\/li>\n<li>Tambi\u00e9n utilizamos cookies \u00abopt in\u00bb para ayudarnos a recopilar datos agregados sobre el tr\u00e1fico y la interacci\u00f3n en el sitio, de modo que podamos ofrecer mejores experiencias y herramientas en el futuro. These cookies you will agree\/disagree to when you first visit the site.<\/li>\n<li>\u00abOpt in Cookies\u00bb se utilizan estrictamente para nuestros datos internos para que podamos entender mejor qu\u00e9 productos y servicios que le interesan para que podamos ayudarle mejor.<\/li>\n<li>Si no est\u00e1 de acuerdo con las cookies o desactiva las cookies de su navegador, algunas funciones pueden quedar desactivadas. No afectar\u00e1 a la experiencia del usuario que hacen que su experiencia de sitio m\u00e1s eficiente y puede que no funcione correctamente. No obstante, podr\u00e1 seguir haciendo pedidos.<\/li>\n<\/ul>\n<p><strong>Divulgaci\u00f3n a terceros:<\/strong><\/p>\n<ul>\n<li>depurecousa.com no vende, intercambia ni transfiere de ning\u00fan otro modo a terceros sus Datos de Identificaci\u00f3n Personal.<\/li>\n<\/ul>\n<p><strong>Contenido incrustado de otros sitios web:<\/strong><\/p>\n<ul>\n<li>Los art\u00edculos de este sitio pueden incluir contenido incrustado (por ejemplo, v\u00eddeos, im\u00e1genes, art\u00edculos, etc.). Los contenidos incrustados de otros sitios web se comportan exactamente igual que si el visitante hubiera visitado el otro sitio web.<\/li>\n<li>Estos sitios web pueden recopilar datos sobre usted, utilizar cookies, incrustar seguimiento adicional de terceros y supervisar su interacci\u00f3n con ese contenido incrustado, incluido el seguimiento de su interacci\u00f3n con el contenido incrustado si tiene una cuenta y ha iniciado sesi\u00f3n en ese sitio web.<\/li>\n<\/ul>\n<p><strong>Google:<\/strong><\/p>\n<ul>\n<li>Los requisitos publicitarios de Google se describen en los Principios publicitarios de Google. Se establecen para ofrecer una experiencia positiva a los usuarios. V\u00e9alos aqu\u00ed \u2013 <a href=\"https:\/\/support.google.com\/adwordspolicy\/answer\/1316548?hl=en\">https:\/\/support.google.com\/adwordspolicy\/answer\/1316548?hl=en<\/a><\/li>\n<\/ul>\n<p><strong>Utilizamos Google Analytics Tracking en nuestro sitio web:<\/strong><\/p>\n<ul>\n<li>Depurecousa.com utiliza Google, como proveedor externo, para el c\u00f3digo de seguimiento de nuestro sitio que recopila datos sobre clics, datos demogr\u00e1ficos, tr\u00e1fico del sitio, conversiones, etc.<\/li>\n<li>Estos datos no incluyen informaci\u00f3n personal \u00fanica y no se utilizan para otra cosa que no sea conocer el tr\u00e1fico del sitio web y la eficacia de las campa\u00f1as de Google Adwords.<\/li>\n<\/ul>\n<p><strong>COPPA (Children Online Privacy Protection Act)<\/strong><\/p>\n<p>Cuando se trata de recopilar informaci\u00f3n personal de ni\u00f1os menores de 13 a\u00f1os, la Ley de Protecci\u00f3n de la Privacidad Infantil en Internet (COPPA) pone a los padres al mando. La Comisi\u00f3n Federal de Comercio, la agencia de protecci\u00f3n del consumidor de Estados Unidos, hace cumplir la norma COPPA, que especifica lo que deben hacer los operadores de sitios web y servicios en l\u00ednea para proteger la intimidad y la seguridad de los ni\u00f1os en l\u00ednea.<\/p>\n<p>No comercializamos espec\u00edficamente con ni\u00f1os menores de 13 a\u00f1os.<\/p>\n<p><strong>CAN SPAM Act:<\/strong><\/p>\n<p>La Ley CAN-SPAM establece las normas para el correo electr\u00f3nico comercial, fija los requisitos que deben cumplir los mensajes comerciales, otorga a los destinatarios el derecho a impedir que se les env\u00eden correos electr\u00f3nicos y prev\u00e9 duras sanciones en caso de infracci\u00f3n.<\/p>\n<p>Recopilamos su direcci\u00f3n de correo electr\u00f3nico para:<\/p>\n<ul>\n<li>Enviar informaci\u00f3n, responder a consultas y\/u otras solicitudes o preguntas<\/li>\n<li>Tramitar correctamente los pedidos y enviar la informaci\u00f3n y las actualizaciones correspondientes.<\/li>\n<li>Enviarle informaci\u00f3n adicional relacionada con su producto y\/o servicio<\/li>\n<li>Comercializar con nuestra lista de correo o seguir enviando correos electr\u00f3nicos a nuestros clientes despu\u00e9s de que se haya producido la transacci\u00f3n original.<\/li>\n<\/ul>\n<p>Para estar en conformidad con CANSPAM, estamos de acuerdo con lo siguiente:<\/p>\n<ul>\n<li>No utilizar asuntos o direcciones de correo electr\u00f3nico falsos o enga\u00f1osos.<\/li>\n<li>Identifique el mensaje como publicidad de alguna manera razonable.<\/li>\n<li>Incluya la direcci\u00f3n f\u00edsica de la sede de nuestra empresa o centro.<\/li>\n<li>Supervise de cerca el cumplimiento de la normativa por parte de los servicios de marketing por correo electr\u00f3nico de terceros.<\/li>\n<li>Atienda r\u00e1pidamente las solicitudes de baja.<\/li>\n<li>Permitir a los usuarios darse de baja.<\/li>\n<\/ul>\n<p>Si en alg\u00fan momento desea cancelar su suscripci\u00f3n para no recibir m\u00e1s correos electr\u00f3nicos, puede enviarnos un correo electr\u00f3nico y seguir las instrucciones que aparecen al final de cada mensaje.<\/p>\n<p><strong>Contacto<\/strong><\/p>\n<p>Si tiene alguna pregunta sobre esta pol\u00edtica de privacidad, puede ponerse en contacto con nosotros utilizando la informaci\u00f3n que figura a continuaci\u00f3n.<\/p>\n<p><strong>Depureco USA<\/strong><\/p>\n<p><a href=\"mailto:privacy@depurecousa.com\">privacy@depurecousa.com<\/a> | +1 737 70 44 347<\/p>\n<p><\/p>\t\t\t\t\t\t\t\t<\/div>\n\t\t\t\t<\/div>\n\t\t\t\t\t<\/div>\n\t\t<\/div>\n\t\t\t\t\t<\/div>\n\t\t<\/section>\n\t\t\t\t<\/div>\n\t\t","protected":false},"excerpt":{"rendered":"<p>PRIVACY POLICY Disclaimer: Depureco USA no se hace responsable, y rechaza expl\u00edcitamente toda responsabilidad por da\u00f1os de cualquier tipo derivados del uso, referencia o confianza en cualquier informaci\u00f3n contenida en este sitio web. Aunque la informaci\u00f3n contenida en este sitio se actualiza peri\u00f3dicamente, no se garantiza que sea correcta, completa y actualizada. Privacy Policy: Esta [&hellip;]<\/p>\n","protected":false},"author":1,"featured_media":0,"parent":0,"menu_order":0,"comment_status":"closed","ping_status":"open","template":"elementor_header_footer","meta":{"_acf_changed":false,"content-type":"","inline_featured_image":false,"footnotes":""},"class_list":["post-7355","page","type-page","status-publish","hentry"],"acf":[],"yoast_head":"<!-- This site is optimized with the Yoast SEO Premium plugin v27.4 (Yoast SEO v27.4) - https:\/\/yoast.com\/product\/yoast-seo-premium-wordpress\/ -->\n<title>Privacy Policy - Depureco USA<\/title>\n<meta name=\"robots\" content=\"index, follow, max-snippet:-1, max-image-preview:large, max-video-preview:-1\" \/>\n<link rel=\"canonical\" href=\"https:\/\/depurecousa.com\/es\/privacy-policy\/\" \/>\n<meta property=\"og:locale\" content=\"es_ES\" \/>\n<meta property=\"og:type\" content=\"article\" \/>\n<meta property=\"og:title\" content=\"Privacy Policy\" \/>\n<meta property=\"og:description\" content=\"PRIVACY POLICY Disclaimer: Depureco USA no se hace responsable, y rechaza expl\u00edcitamente toda responsabilidad por da\u00f1os de cualquier tipo derivados del uso, referencia o confianza en cualquier informaci\u00f3n contenida en este sitio web. Aunque la informaci\u00f3n contenida en este sitio se actualiza peri\u00f3dicamente, no se garantiza que sea correcta, completa y actualizada. Privacy Policy: Esta [&hellip;]\" \/>\n<meta property=\"og:url\" content=\"https:\/\/depurecousa.com\/es\/privacy-policy\/\" \/>\n<meta property=\"og:site_name\" content=\"Depureco USA\" \/>\n<meta property=\"article:publisher\" content=\"https:\/\/www.facebook.com\/DepurecoUSA\/\" \/>\n<meta property=\"article:modified_time\" content=\"2024-06-11T07:11:27+00:00\" \/>\n<meta name=\"twitter:card\" content=\"summary_large_image\" \/>\n<meta name=\"twitter:label1\" content=\"Tiempo de lectura\" \/>\n\t<meta name=\"twitter:data1\" content=\"6 minutos\" \/>\n<script type=\"application\/ld+json\" class=\"yoast-schema-graph\">{\"@context\":\"https:\\\/\\\/schema.org\",\"@graph\":[{\"@type\":\"WebPage\",\"@id\":\"https:\\\/\\\/depurecousa.com\\\/es\\\/privacy-policy\\\/\",\"url\":\"https:\\\/\\\/depurecousa.com\\\/es\\\/privacy-policy\\\/\",\"name\":\"Privacy Policy - Depureco USA\",\"isPartOf\":{\"@id\":\"https:\\\/\\\/depurecousa.com\\\/es\\\/#website\"},\"datePublished\":\"2023-05-02T10:01:48+00:00\",\"dateModified\":\"2024-06-11T07:11:27+00:00\",\"breadcrumb\":{\"@id\":\"https:\\\/\\\/depurecousa.com\\\/es\\\/privacy-policy\\\/#breadcrumb\"},\"inLanguage\":\"es\",\"potentialAction\":[{\"@type\":\"ReadAction\",\"target\":[\"https:\\\/\\\/depurecousa.com\\\/es\\\/privacy-policy\\\/\"]}]},{\"@type\":\"BreadcrumbList\",\"@id\":\"https:\\\/\\\/depurecousa.com\\\/es\\\/privacy-policy\\\/#breadcrumb\",\"itemListElement\":[{\"@type\":\"ListItem\",\"position\":1,\"name\":\"Home\",\"item\":\"https:\\\/\\\/depurecousa.com\\\/es\\\/hogar\\\/\"},{\"@type\":\"ListItem\",\"position\":2,\"name\":\"Privacy Policy\"}]},{\"@type\":\"WebSite\",\"@id\":\"https:\\\/\\\/depurecousa.com\\\/es\\\/#website\",\"url\":\"https:\\\/\\\/depurecousa.com\\\/es\\\/\",\"name\":\"Depureco USA\",\"description\":\"Aspiradoras industriales y sistemas centralizados\",\"publisher\":{\"@id\":\"https:\\\/\\\/depurecousa.com\\\/es\\\/#organization\"},\"potentialAction\":[{\"@type\":\"SearchAction\",\"target\":{\"@type\":\"EntryPoint\",\"urlTemplate\":\"https:\\\/\\\/depurecousa.com\\\/es\\\/?s={search_term_string}\"},\"query-input\":{\"@type\":\"PropertyValueSpecification\",\"valueRequired\":true,\"valueName\":\"search_term_string\"}}],\"inLanguage\":\"es\"},{\"@type\":[\"Organization\",\"Place\"],\"@id\":\"https:\\\/\\\/depurecousa.com\\\/es\\\/#organization\",\"name\":\"Depureco USA\",\"alternateName\":\"Depureco Industrial Vacuums\",\"url\":\"https:\\\/\\\/depurecousa.com\\\/es\\\/\",\"logo\":{\"@id\":\"https:\\\/\\\/depurecousa.com\\\/es\\\/privacy-policy\\\/#local-main-organization-logo\"},\"image\":{\"@id\":\"https:\\\/\\\/depurecousa.com\\\/es\\\/privacy-policy\\\/#local-main-organization-logo\"},\"sameAs\":[\"https:\\\/\\\/www.facebook.com\\\/DepurecoUSA\\\/\",\"https:\\\/\\\/www.youtube.com\\\/@depurecousa\",\"https:\\\/\\\/www.linkedin.com\\\/company\\\/depureco-usa\\\/\",\"https:\\\/\\\/www.thomasnet.com\\\/company\\\/depureco-industrial-vacuums-usa-30990947\\\/profile?cov=NA&which=comp&what=depureco&coverage_area=NA&card_position=1&suppliers_in_page=1&page_number=1&headingList=16410201,0,25120189,26781609,26791905,89931042,41260373,45621323,46152609,89920243&isNationalSearch=false\"],\"legalName\":\"Depureco Industrial Vacuums Corp\",\"numberOfEmployees\":{\"@type\":\"QuantitativeValue\",\"minValue\":\"11\",\"maxValue\":\"50\"},\"address\":{\"@id\":\"https:\\\/\\\/depurecousa.com\\\/es\\\/privacy-policy\\\/#local-main-place-address\"},\"geo\":{\"@type\":\"GeoCoordinates\",\"latitude\":\"30.024973508015663\",\"longitude\":\"-97.86156736732772\"},\"telephone\":[\"7377044347\"],\"contactPoint\":{\"@type\":\"ContactPoint\",\"telephone\":\"7377044347\",\"email\":\"simone.bacciu@depurecousa.com\"},\"openingHoursSpecification\":[{\"@type\":\"OpeningHoursSpecification\",\"dayOfWeek\":[\"Monday\",\"Tuesday\",\"Wednesday\",\"Thursday\",\"Friday\",\"Saturday\",\"Sunday\"],\"opens\":\"09:00\",\"closes\":\"17:00\"}],\"email\":\"info@depurecousa.com\",\"faxNumber\":\"Depureco Industrial Vacuums Corp\",\"areaServed\":\"United States\",\"globalLocationNumber\":\"24FQ+X9 Kyle, Texas\"},{\"@type\":\"PostalAddress\",\"@id\":\"https:\\\/\\\/depurecousa.com\\\/es\\\/privacy-policy\\\/#local-main-place-address\",\"streetAddress\":\"19121 Marketplace Avenue, Building 1, Suite 165\",\"addressLocality\":\"KYLE\",\"postalCode\":\"78640\",\"addressRegion\":\"TX\",\"addressCountry\":\"US\"},{\"@type\":\"ImageObject\",\"inLanguage\":\"es\",\"@id\":\"https:\\\/\\\/depurecousa.com\\\/es\\\/privacy-policy\\\/#local-main-organization-logo\",\"url\":\"https:\\\/\\\/depurecousa.com\\\/app\\\/uploads\\\/2023\\\/06\\\/depureco-logo-ico.png\",\"contentUrl\":\"https:\\\/\\\/depurecousa.com\\\/app\\\/uploads\\\/2023\\\/06\\\/depureco-logo-ico.png\",\"width\":512,\"height\":512,\"caption\":\"Depureco USA\"}]}<\/script>\n<meta name=\"geo.placename\" content=\"KYLE\" \/>\n<meta name=\"geo.position\" content=\"30.024973508015663;-97.86156736732772\" \/>\n<meta name=\"geo.region\" content=\"Estados Unidos (EEUU)\" \/>\n<!-- \/ Yoast SEO Premium plugin. -->","yoast_head_json":{"title":"Privacy Policy - Depureco USA","robots":{"index":"index","follow":"follow","max-snippet":"max-snippet:-1","max-image-preview":"max-image-preview:large","max-video-preview":"max-video-preview:-1"},"canonical":"https:\/\/depurecousa.com\/es\/privacy-policy\/","og_locale":"es_ES","og_type":"article","og_title":"Privacy Policy","og_description":"PRIVACY POLICY Disclaimer: Depureco USA no se hace responsable, y rechaza expl\u00edcitamente toda responsabilidad por da\u00f1os de cualquier tipo derivados del uso, referencia o confianza en cualquier informaci\u00f3n contenida en este sitio web. Aunque la informaci\u00f3n contenida en este sitio se actualiza peri\u00f3dicamente, no se garantiza que sea correcta, completa y actualizada. Privacy Policy: Esta [&hellip;]","og_url":"https:\/\/depurecousa.com\/es\/privacy-policy\/","og_site_name":"Depureco USA","article_publisher":"https:\/\/www.facebook.com\/DepurecoUSA\/","article_modified_time":"2024-06-11T07:11:27+00:00","twitter_card":"summary_large_image","twitter_misc":{"Tiempo de lectura":"6 minutos"},"schema":{"@context":"https:\/\/schema.org","@graph":[{"@type":"WebPage","@id":"https:\/\/depurecousa.com\/es\/privacy-policy\/","url":"https:\/\/depurecousa.com\/es\/privacy-policy\/","name":"Privacy Policy - Depureco USA","isPartOf":{"@id":"https:\/\/depurecousa.com\/es\/#website"},"datePublished":"2023-05-02T10:01:48+00:00","dateModified":"2024-06-11T07:11:27+00:00","breadcrumb":{"@id":"https:\/\/depurecousa.com\/es\/privacy-policy\/#breadcrumb"},"inLanguage":"es","potentialAction":[{"@type":"ReadAction","target":["https:\/\/depurecousa.com\/es\/privacy-policy\/"]}]},{"@type":"BreadcrumbList","@id":"https:\/\/depurecousa.com\/es\/privacy-policy\/#breadcrumb","itemListElement":[{"@type":"ListItem","position":1,"name":"Home","item":"https:\/\/depurecousa.com\/es\/hogar\/"},{"@type":"ListItem","position":2,"name":"Privacy Policy"}]},{"@type":"WebSite","@id":"https:\/\/depurecousa.com\/es\/#website","url":"https:\/\/depurecousa.com\/es\/","name":"Depureco USA","description":"Aspiradoras industriales y sistemas centralizados","publisher":{"@id":"https:\/\/depurecousa.com\/es\/#organization"},"potentialAction":[{"@type":"SearchAction","target":{"@type":"EntryPoint","urlTemplate":"https:\/\/depurecousa.com\/es\/?s={search_term_string}"},"query-input":{"@type":"PropertyValueSpecification","valueRequired":true,"valueName":"search_term_string"}}],"inLanguage":"es"},{"@type":["Organization","Place"],"@id":"https:\/\/depurecousa.com\/es\/#organization","name":"Depureco USA","alternateName":"Depureco Industrial Vacuums","url":"https:\/\/depurecousa.com\/es\/","logo":{"@id":"https:\/\/depurecousa.com\/es\/privacy-policy\/#local-main-organization-logo"},"image":{"@id":"https:\/\/depurecousa.com\/es\/privacy-policy\/#local-main-organization-logo"},"sameAs":["https:\/\/www.facebook.com\/DepurecoUSA\/","https:\/\/www.youtube.com\/@depurecousa","https:\/\/www.linkedin.com\/company\/depureco-usa\/","https:\/\/www.thomasnet.com\/company\/depureco-industrial-vacuums-usa-30990947\/profile?cov=NA&which=comp&what=depureco&coverage_area=NA&card_position=1&suppliers_in_page=1&page_number=1&headingList=16410201,0,25120189,26781609,26791905,89931042,41260373,45621323,46152609,89920243&isNationalSearch=false"],"legalName":"Depureco Industrial Vacuums Corp","numberOfEmployees":{"@type":"QuantitativeValue","minValue":"11","maxValue":"50"},"address":{"@id":"https:\/\/depurecousa.com\/es\/privacy-policy\/#local-main-place-address"},"geo":{"@type":"GeoCoordinates","latitude":"30.024973508015663","longitude":"-97.86156736732772"},"telephone":["7377044347"],"contactPoint":{"@type":"ContactPoint","telephone":"7377044347","email":"simone.bacciu@depurecousa.com"},"openingHoursSpecification":[{"@type":"OpeningHoursSpecification","dayOfWeek":["Monday","Tuesday","Wednesday","Thursday","Friday","Saturday","Sunday"],"opens":"09:00","closes":"17:00"}],"email":"info@depurecousa.com","faxNumber":"Depureco Industrial Vacuums Corp","areaServed":"United States","globalLocationNumber":"24FQ+X9 Kyle, Texas"},{"@type":"PostalAddress","@id":"https:\/\/depurecousa.com\/es\/privacy-policy\/#local-main-place-address","streetAddress":"19121 Marketplace Avenue, Building 1, Suite 165","addressLocality":"KYLE","postalCode":"78640","addressRegion":"TX","addressCountry":"US"},{"@type":"ImageObject","inLanguage":"es","@id":"https:\/\/depurecousa.com\/es\/privacy-policy\/#local-main-organization-logo","url":"https:\/\/depurecousa.com\/app\/uploads\/2023\/06\/depureco-logo-ico.png","contentUrl":"https:\/\/depurecousa.com\/app\/uploads\/2023\/06\/depureco-logo-ico.png","width":512,"height":512,"caption":"Depureco USA"}]},"geo.placename":"KYLE","geo.position":{"lat":"30.024973508015663","long":"-97.86156736732772"},"geo.region":"Estados Unidos (EEUU)"},"_links":{"self":[{"href":"https:\/\/depurecousa.com\/es\/wp-json\/wp\/v2\/pages\/7355","targetHints":{"allow":["GET"]}}],"collection":[{"href":"https:\/\/depurecousa.com\/es\/wp-json\/wp\/v2\/pages"}],"about":[{"href":"https:\/\/depurecousa.com\/es\/wp-json\/wp\/v2\/types\/page"}],"author":[{"embeddable":true,"href":"https:\/\/depurecousa.com\/es\/wp-json\/wp\/v2\/users\/1"}],"replies":[{"embeddable":true,"href":"https:\/\/depurecousa.com\/es\/wp-json\/wp\/v2\/comments?post=7355"}],"version-history":[{"count":1,"href":"https:\/\/depurecousa.com\/es\/wp-json\/wp\/v2\/pages\/7355\/revisions"}],"predecessor-version":[{"id":7356,"href":"https:\/\/depurecousa.com\/es\/wp-json\/wp\/v2\/pages\/7355\/revisions\/7356"}],"wp:attachment":[{"href":"https:\/\/depurecousa.com\/es\/wp-json\/wp\/v2\/media?parent=7355"}],"curies":[{"name":"wp","href":"https:\/\/api.w.org\/{rel}","templated":true}]}}