{"id":7838,"date":"2024-05-31T06:27:59","date_gmt":"2024-05-31T12:27:59","guid":{"rendered":"https:\/\/depurecousa.com\/product\/upf-c\/"},"modified":"2024-10-16T07:17:48","modified_gmt":"2024-10-16T13:17:48","slug":"upf-c-aspiradora-modular-estacionaria","status":"publish","type":"product","link":"https:\/\/depurecousa.com\/es\/producto\/upf-c-aspiradora-modular-estacionaria\/","title":{"rendered":"UPF C <br>ASPIRADORA MODULAR ESTACIONARIA"},"content":{"rendered":"<p>El UPF C es una aspiradora industrial horizontal compacta dise\u00f1ada para la aspiraci\u00f3n de m\u00e1quinas. Esta aspiradora, que forma parte de la gama farmac\u00e9utica compacta, est\u00e1 equipada con un soplador de canal lateral que permite un funcionamiento continuo sin necesidad de mantenimiento. El filtro de cartucho permite la aspiraci\u00f3n de polvo fino sin comprometer las prestaciones. Un robusto deflector integrado en la inserci\u00f3n met\u00e1lica garantiza la longevidad del filtro. Gracias al contenedor de acero inoxidable, la aspiradora industrial UPF C facilita la recogida y eliminaci\u00f3n eficaz del material aspirado.<\/p>\n","protected":false},"excerpt":{"rendered":"<p>El UPF C es una aspiradora industrial horizontal compacta dise\u00f1ada para la aspiraci\u00f3n de m\u00e1quinas. Esta aspiradora, que forma parte de la gama farmac\u00e9utica compacta, est\u00e1 equipada con un soplador de canal lateral que permite un funcionamiento continuo sin necesidad de mantenimiento. El filtro de cartucho permite la aspiraci\u00f3n de polvo fino sin comprometer las [&hellip;]<\/p>\n","protected":false},"featured_media":4046,"template":"","meta":{"_acf_changed":false,"content-type":"","inline_featured_image":false},"product_brand":[],"product_cat":[185],"product_tag":[],"class_list":{"0":"post-7838","1":"product","2":"type-product","3":"status-publish","4":"has-post-thumbnail","6":"product_cat-aspiradoras-industriales-oem-farmaco-alimentarias","8":"first","9":"instock","10":"shipping-taxable","11":"product-type-simple"},"acf":[],"yoast_head":"<!-- This site is optimized with the Yoast SEO Premium plugin v27.3 (Yoast SEO v27.3) - https:\/\/yoast.com\/product\/yoast-seo-premium-wordpress\/ -->\n<title>UPF C ASPIRADORA MODULAR ESTACIONARIA - Depureco USA<\/title>\n<meta name=\"description\" content=\"El UPF es una aspiradora industrial horizontal compacta dise\u00f1ada para la aspiraci\u00f3n de m\u00e1quinas. Esta aspiradora, que forma parte de la gama farmac\u00e9utica compacta, est\u00e1 equipada con un soplador de canal lateral que permite un funcionamiento continuo sin necesidad de mantenimiento.\" \/>\n<meta name=\"robots\" content=\"index, follow, max-snippet:-1, max-image-preview:large, max-video-preview:-1\" \/>\n<link rel=\"canonical\" href=\"https:\/\/depurecousa.com\/es\/producto\/upf-c-aspiradora-modular-estacionaria\/\" \/>\n<meta property=\"og:locale\" content=\"es_ES\" \/>\n<meta property=\"og:type\" content=\"article\" \/>\n<meta property=\"og:title\" content=\"UPF C ASPIRADORA MODULAR ESTACIONARIA\" \/>\n<meta property=\"og:description\" content=\"El UPF es una aspiradora industrial horizontal compacta dise\u00f1ada para la aspiraci\u00f3n de m\u00e1quinas. Esta aspiradora, que forma parte de la gama farmac\u00e9utica compacta, est\u00e1 equipada con un soplador de canal lateral que permite un funcionamiento continuo sin necesidad de mantenimiento.\" \/>\n<meta property=\"og:url\" content=\"https:\/\/depurecousa.com\/es\/producto\/upf-c-aspiradora-modular-estacionaria\/\" \/>\n<meta property=\"og:site_name\" content=\"Depureco USA\" \/>\n<meta property=\"article:publisher\" content=\"https:\/\/www.facebook.com\/DepurecoUSA\/\" \/>\n<meta property=\"article:modified_time\" content=\"2024-10-16T13:17:48+00:00\" \/>\n<meta property=\"og:image\" content=\"https:\/\/depurecousa.com\/app\/uploads\/2023\/06\/upf_new_website.webp\" \/>\n\t<meta property=\"og:image:width\" content=\"800\" \/>\n\t<meta property=\"og:image:height\" content=\"772\" \/>\n\t<meta property=\"og:image:type\" content=\"image\/webp\" \/>\n<meta name=\"twitter:card\" content=\"summary_large_image\" \/>\n<meta name=\"twitter:label1\" content=\"Precio\" \/>\n\t<meta name=\"twitter:data1\" content=\"\" \/>\n\t<meta name=\"twitter:label2\" content=\"Disponibilidad\" \/>\n\t<meta name=\"twitter:data2\" content=\"Disponible\" \/>\n<script type=\"application\/ld+json\" class=\"yoast-schema-graph\">{\"@context\":\"https:\\\/\\\/schema.org\",\"@graph\":[{\"@type\":[\"WebPage\",\"ItemPage\"],\"@id\":\"https:\\\/\\\/depurecousa.com\\\/es\\\/producto\\\/upf-c-aspiradora-modular-estacionaria\\\/\",\"url\":\"https:\\\/\\\/depurecousa.com\\\/es\\\/producto\\\/upf-c-aspiradora-modular-estacionaria\\\/\",\"name\":\"UPF C ASPIRADORA MODULAR ESTACIONARIA - Depureco USA\",\"isPartOf\":{\"@id\":\"https:\\\/\\\/depurecousa.com\\\/es\\\/#website\"},\"primaryImageOfPage\":{\"@id\":\"https:\\\/\\\/depurecousa.com\\\/es\\\/producto\\\/upf-c-aspiradora-modular-estacionaria\\\/#primaryimage\"},\"image\":{\"@id\":\"https:\\\/\\\/depurecousa.com\\\/es\\\/producto\\\/upf-c-aspiradora-modular-estacionaria\\\/#primaryimage\"},\"thumbnailUrl\":\"https:\\\/\\\/depurecousa.com\\\/app\\\/uploads\\\/2023\\\/06\\\/upf_new_website.webp\",\"datePublished\":\"2024-05-31T12:27:59+00:00\",\"dateModified\":\"2024-10-16T13:17:48+00:00\",\"description\":\"El UPF es una aspiradora industrial horizontal compacta dise\u00f1ada para la aspiraci\u00f3n de m\u00e1quinas. Esta aspiradora, que forma parte de la gama farmac\u00e9utica compacta, est\u00e1 equipada con un soplador de canal lateral que permite un funcionamiento continuo sin necesidad de mantenimiento.\",\"breadcrumb\":{\"@id\":\"https:\\\/\\\/depurecousa.com\\\/es\\\/producto\\\/upf-c-aspiradora-modular-estacionaria\\\/#breadcrumb\"},\"inLanguage\":\"es\",\"potentialAction\":[{\"@type\":\"ReadAction\",\"target\":[\"https:\\\/\\\/depurecousa.com\\\/es\\\/producto\\\/upf-c-aspiradora-modular-estacionaria\\\/\"]}]},{\"@type\":\"ImageObject\",\"inLanguage\":\"es\",\"@id\":\"https:\\\/\\\/depurecousa.com\\\/es\\\/producto\\\/upf-c-aspiradora-modular-estacionaria\\\/#primaryimage\",\"url\":\"https:\\\/\\\/depurecousa.com\\\/app\\\/uploads\\\/2023\\\/06\\\/upf_new_website.webp\",\"contentUrl\":\"https:\\\/\\\/depurecousa.com\\\/app\\\/uploads\\\/2023\\\/06\\\/upf_new_website.webp\",\"width\":800,\"height\":772},{\"@type\":\"BreadcrumbList\",\"@id\":\"https:\\\/\\\/depurecousa.com\\\/es\\\/producto\\\/upf-c-aspiradora-modular-estacionaria\\\/#breadcrumb\",\"itemListElement\":[{\"@type\":\"ListItem\",\"position\":1,\"name\":\"Home\",\"item\":\"https:\\\/\\\/depurecousa.com\\\/es\\\/hogar\\\/\"},{\"@type\":\"ListItem\",\"position\":2,\"name\":\"Productos\",\"item\":\"https:\\\/\\\/depurecousa.com\\\/es\\\/shop\\\/\"},{\"@type\":\"ListItem\",\"position\":3,\"name\":\"ASPIRADORAS INDUSTRIALES OEM F\u00c1RMACO ALIMENTARIAS\",\"item\":\"https:\\\/\\\/depurecousa.com\\\/es\\\/product-category\\\/aspiradoras-industriales-oem-farmaco-alimentarias\\\/\"},{\"@type\":\"ListItem\",\"position\":4,\"name\":\"UPF C ASPIRADORA MODULAR ESTACIONARIA\"}]},{\"@type\":\"WebSite\",\"@id\":\"https:\\\/\\\/depurecousa.com\\\/es\\\/#website\",\"url\":\"https:\\\/\\\/depurecousa.com\\\/es\\\/\",\"name\":\"Depureco USA\",\"description\":\"Aspiradoras industriales y sistemas centralizados\",\"publisher\":{\"@id\":\"https:\\\/\\\/depurecousa.com\\\/es\\\/#organization\"},\"potentialAction\":[{\"@type\":\"SearchAction\",\"target\":{\"@type\":\"EntryPoint\",\"urlTemplate\":\"https:\\\/\\\/depurecousa.com\\\/es\\\/?s={search_term_string}\"},\"query-input\":{\"@type\":\"PropertyValueSpecification\",\"valueRequired\":true,\"valueName\":\"search_term_string\"}}],\"inLanguage\":\"es\"},{\"@type\":[\"Organization\",\"Place\"],\"@id\":\"https:\\\/\\\/depurecousa.com\\\/es\\\/#organization\",\"name\":\"Depureco USA\",\"alternateName\":\"Depureco Industrial Vacuums\",\"url\":\"https:\\\/\\\/depurecousa.com\\\/es\\\/\",\"logo\":{\"@id\":\"https:\\\/\\\/depurecousa.com\\\/es\\\/producto\\\/upf-c-aspiradora-modular-estacionaria\\\/#local-main-organization-logo\"},\"image\":{\"@id\":\"https:\\\/\\\/depurecousa.com\\\/es\\\/producto\\\/upf-c-aspiradora-modular-estacionaria\\\/#local-main-organization-logo\"},\"sameAs\":[\"https:\\\/\\\/www.facebook.com\\\/DepurecoUSA\\\/\",\"https:\\\/\\\/www.youtube.com\\\/@depurecousa\",\"https:\\\/\\\/www.linkedin.com\\\/company\\\/depureco-usa\\\/\",\"https:\\\/\\\/www.thomasnet.com\\\/company\\\/depureco-industrial-vacuums-usa-30990947\\\/profile?cov=NA&which=comp&what=depureco&coverage_area=NA&card_position=1&suppliers_in_page=1&page_number=1&headingList=16410201,0,25120189,26781609,26791905,89931042,41260373,45621323,46152609,89920243&isNationalSearch=false\"],\"legalName\":\"Depureco Industrial Vacuums Corp\",\"numberOfEmployees\":{\"@type\":\"QuantitativeValue\",\"minValue\":\"11\",\"maxValue\":\"50\"},\"address\":{\"@id\":\"https:\\\/\\\/depurecousa.com\\\/es\\\/producto\\\/upf-c-aspiradora-modular-estacionaria\\\/#local-main-place-address\"},\"geo\":{\"@type\":\"GeoCoordinates\",\"latitude\":\"30.024973508015663\",\"longitude\":\"-97.86156736732772\"},\"telephone\":[\"7377044347\"],\"contactPoint\":{\"@type\":\"ContactPoint\",\"telephone\":\"7377044347\",\"email\":\"simone.bacciu@depurecousa.com\"},\"openingHoursSpecification\":[{\"@type\":\"OpeningHoursSpecification\",\"dayOfWeek\":[\"Monday\",\"Tuesday\",\"Wednesday\",\"Thursday\",\"Friday\",\"Saturday\",\"Sunday\"],\"opens\":\"09:00\",\"closes\":\"17:00\"}],\"email\":\"info@depurecousa.com\",\"faxNumber\":\"Depureco Industrial Vacuums Corp\",\"areaServed\":\"United States\",\"globalLocationNumber\":\"24FQ+X9 Kyle, Texas\"},{\"@type\":\"PostalAddress\",\"@id\":\"https:\\\/\\\/depurecousa.com\\\/es\\\/producto\\\/upf-c-aspiradora-modular-estacionaria\\\/#local-main-place-address\",\"streetAddress\":\"19121 Marketplace Avenue, Building 1, Suite 165\",\"addressLocality\":\"KYLE\",\"postalCode\":\"78640\",\"addressRegion\":\"TX\",\"addressCountry\":\"US\"},{\"@type\":\"ImageObject\",\"inLanguage\":\"es\",\"@id\":\"https:\\\/\\\/depurecousa.com\\\/es\\\/producto\\\/upf-c-aspiradora-modular-estacionaria\\\/#local-main-organization-logo\",\"url\":\"https:\\\/\\\/depurecousa.com\\\/app\\\/uploads\\\/2023\\\/06\\\/depureco-logo-ico.png\",\"contentUrl\":\"https:\\\/\\\/depurecousa.com\\\/app\\\/uploads\\\/2023\\\/06\\\/depureco-logo-ico.png\",\"width\":512,\"height\":512,\"caption\":\"Depureco USA\"}]}<\/script>\n<meta property=\"product:price:currency\" content=\"USD\" \/>\n<meta property=\"og:availability\" content=\"instock\" \/>\n<meta property=\"product:availability\" content=\"instock\" \/>\n<meta property=\"product:condition\" content=\"new\" \/>\n<meta name=\"geo.placename\" content=\"KYLE\" \/>\n<meta name=\"geo.position\" content=\"30.024973508015663;-97.86156736732772\" \/>\n<meta name=\"geo.region\" content=\"Estados Unidos (EEUU)\" \/>\n<!-- \/ Yoast SEO Premium plugin. -->","yoast_head_json":{"title":"UPF C ASPIRADORA MODULAR ESTACIONARIA - Depureco USA","description":"El UPF es una aspiradora industrial horizontal compacta dise\u00f1ada para la aspiraci\u00f3n de m\u00e1quinas. Esta aspiradora, que forma parte de la gama farmac\u00e9utica compacta, est\u00e1 equipada con un soplador de canal lateral que permite un funcionamiento continuo sin necesidad de mantenimiento.","robots":{"index":"index","follow":"follow","max-snippet":"max-snippet:-1","max-image-preview":"max-image-preview:large","max-video-preview":"max-video-preview:-1"},"canonical":"https:\/\/depurecousa.com\/es\/producto\/upf-c-aspiradora-modular-estacionaria\/","og_locale":"es_ES","og_type":"article","og_title":"UPF C ASPIRADORA MODULAR ESTACIONARIA","og_description":"El UPF es una aspiradora industrial horizontal compacta dise\u00f1ada para la aspiraci\u00f3n de m\u00e1quinas. Esta aspiradora, que forma parte de la gama farmac\u00e9utica compacta, est\u00e1 equipada con un soplador de canal lateral que permite un funcionamiento continuo sin necesidad de mantenimiento.","og_url":"https:\/\/depurecousa.com\/es\/producto\/upf-c-aspiradora-modular-estacionaria\/","og_site_name":"Depureco USA","article_publisher":"https:\/\/www.facebook.com\/DepurecoUSA\/","article_modified_time":"2024-10-16T13:17:48+00:00","og_image":[{"width":800,"height":772,"url":"https:\/\/depurecousa.com\/app\/uploads\/2023\/06\/upf_new_website.webp","type":"image\/webp"}],"twitter_card":"summary_large_image","twitter_misc":{"Precio":"","Disponibilidad":"Disponible"},"schema":{"@context":"https:\/\/schema.org","@graph":[{"@type":["WebPage","ItemPage"],"@id":"https:\/\/depurecousa.com\/es\/producto\/upf-c-aspiradora-modular-estacionaria\/","url":"https:\/\/depurecousa.com\/es\/producto\/upf-c-aspiradora-modular-estacionaria\/","name":"UPF C ASPIRADORA MODULAR ESTACIONARIA - Depureco USA","isPartOf":{"@id":"https:\/\/depurecousa.com\/es\/#website"},"primaryImageOfPage":{"@id":"https:\/\/depurecousa.com\/es\/producto\/upf-c-aspiradora-modular-estacionaria\/#primaryimage"},"image":{"@id":"https:\/\/depurecousa.com\/es\/producto\/upf-c-aspiradora-modular-estacionaria\/#primaryimage"},"thumbnailUrl":"https:\/\/depurecousa.com\/app\/uploads\/2023\/06\/upf_new_website.webp","datePublished":"2024-05-31T12:27:59+00:00","dateModified":"2024-10-16T13:17:48+00:00","description":"El UPF es una aspiradora industrial horizontal compacta dise\u00f1ada para la aspiraci\u00f3n de m\u00e1quinas. Esta aspiradora, que forma parte de la gama farmac\u00e9utica compacta, est\u00e1 equipada con un soplador de canal lateral que permite un funcionamiento continuo sin necesidad de mantenimiento.","breadcrumb":{"@id":"https:\/\/depurecousa.com\/es\/producto\/upf-c-aspiradora-modular-estacionaria\/#breadcrumb"},"inLanguage":"es","potentialAction":[{"@type":"ReadAction","target":["https:\/\/depurecousa.com\/es\/producto\/upf-c-aspiradora-modular-estacionaria\/"]}]},{"@type":"ImageObject","inLanguage":"es","@id":"https:\/\/depurecousa.com\/es\/producto\/upf-c-aspiradora-modular-estacionaria\/#primaryimage","url":"https:\/\/depurecousa.com\/app\/uploads\/2023\/06\/upf_new_website.webp","contentUrl":"https:\/\/depurecousa.com\/app\/uploads\/2023\/06\/upf_new_website.webp","width":800,"height":772},{"@type":"BreadcrumbList","@id":"https:\/\/depurecousa.com\/es\/producto\/upf-c-aspiradora-modular-estacionaria\/#breadcrumb","itemListElement":[{"@type":"ListItem","position":1,"name":"Home","item":"https:\/\/depurecousa.com\/es\/hogar\/"},{"@type":"ListItem","position":2,"name":"Productos","item":"https:\/\/depurecousa.com\/es\/shop\/"},{"@type":"ListItem","position":3,"name":"ASPIRADORAS INDUSTRIALES OEM F\u00c1RMACO ALIMENTARIAS","item":"https:\/\/depurecousa.com\/es\/product-category\/aspiradoras-industriales-oem-farmaco-alimentarias\/"},{"@type":"ListItem","position":4,"name":"UPF C ASPIRADORA MODULAR ESTACIONARIA"}]},{"@type":"WebSite","@id":"https:\/\/depurecousa.com\/es\/#website","url":"https:\/\/depurecousa.com\/es\/","name":"Depureco USA","description":"Aspiradoras industriales y sistemas centralizados","publisher":{"@id":"https:\/\/depurecousa.com\/es\/#organization"},"potentialAction":[{"@type":"SearchAction","target":{"@type":"EntryPoint","urlTemplate":"https:\/\/depurecousa.com\/es\/?s={search_term_string}"},"query-input":{"@type":"PropertyValueSpecification","valueRequired":true,"valueName":"search_term_string"}}],"inLanguage":"es"},{"@type":["Organization","Place"],"@id":"https:\/\/depurecousa.com\/es\/#organization","name":"Depureco USA","alternateName":"Depureco Industrial Vacuums","url":"https:\/\/depurecousa.com\/es\/","logo":{"@id":"https:\/\/depurecousa.com\/es\/producto\/upf-c-aspiradora-modular-estacionaria\/#local-main-organization-logo"},"image":{"@id":"https:\/\/depurecousa.com\/es\/producto\/upf-c-aspiradora-modular-estacionaria\/#local-main-organization-logo"},"sameAs":["https:\/\/www.facebook.com\/DepurecoUSA\/","https:\/\/www.youtube.com\/@depurecousa","https:\/\/www.linkedin.com\/company\/depureco-usa\/","https:\/\/www.thomasnet.com\/company\/depureco-industrial-vacuums-usa-30990947\/profile?cov=NA&which=comp&what=depureco&coverage_area=NA&card_position=1&suppliers_in_page=1&page_number=1&headingList=16410201,0,25120189,26781609,26791905,89931042,41260373,45621323,46152609,89920243&isNationalSearch=false"],"legalName":"Depureco Industrial Vacuums Corp","numberOfEmployees":{"@type":"QuantitativeValue","minValue":"11","maxValue":"50"},"address":{"@id":"https:\/\/depurecousa.com\/es\/producto\/upf-c-aspiradora-modular-estacionaria\/#local-main-place-address"},"geo":{"@type":"GeoCoordinates","latitude":"30.024973508015663","longitude":"-97.86156736732772"},"telephone":["7377044347"],"contactPoint":{"@type":"ContactPoint","telephone":"7377044347","email":"simone.bacciu@depurecousa.com"},"openingHoursSpecification":[{"@type":"OpeningHoursSpecification","dayOfWeek":["Monday","Tuesday","Wednesday","Thursday","Friday","Saturday","Sunday"],"opens":"09:00","closes":"17:00"}],"email":"info@depurecousa.com","faxNumber":"Depureco Industrial Vacuums Corp","areaServed":"United States","globalLocationNumber":"24FQ+X9 Kyle, Texas"},{"@type":"PostalAddress","@id":"https:\/\/depurecousa.com\/es\/producto\/upf-c-aspiradora-modular-estacionaria\/#local-main-place-address","streetAddress":"19121 Marketplace Avenue, Building 1, Suite 165","addressLocality":"KYLE","postalCode":"78640","addressRegion":"TX","addressCountry":"US"},{"@type":"ImageObject","inLanguage":"es","@id":"https:\/\/depurecousa.com\/es\/producto\/upf-c-aspiradora-modular-estacionaria\/#local-main-organization-logo","url":"https:\/\/depurecousa.com\/app\/uploads\/2023\/06\/depureco-logo-ico.png","contentUrl":"https:\/\/depurecousa.com\/app\/uploads\/2023\/06\/depureco-logo-ico.png","width":512,"height":512,"caption":"Depureco USA"}]},"product_price_currency":"USD","og_availability":"instock","product_availability":"instock","product_condition":"new","geo.placename":"KYLE","geo.position":{"lat":"30.024973508015663","long":"-97.86156736732772"},"geo.region":"Estados Unidos (EEUU)"},"_links":{"self":[{"href":"https:\/\/depurecousa.com\/es\/wp-json\/wp\/v2\/product\/7838","targetHints":{"allow":["GET"]}}],"collection":[{"href":"https:\/\/depurecousa.com\/es\/wp-json\/wp\/v2\/product"}],"about":[{"href":"https:\/\/depurecousa.com\/es\/wp-json\/wp\/v2\/types\/product"}],"wp:featuredmedia":[{"embeddable":true,"href":"https:\/\/depurecousa.com\/es\/wp-json\/wp\/v2\/media\/4046"}],"wp:attachment":[{"href":"https:\/\/depurecousa.com\/es\/wp-json\/wp\/v2\/media?parent=7838"}],"wp:term":[{"taxonomy":"product_brand","embeddable":true,"href":"https:\/\/depurecousa.com\/es\/wp-json\/wp\/v2\/product_brand?post=7838"},{"taxonomy":"product_cat","embeddable":true,"href":"https:\/\/depurecousa.com\/es\/wp-json\/wp\/v2\/product_cat?post=7838"},{"taxonomy":"product_tag","embeddable":true,"href":"https:\/\/depurecousa.com\/es\/wp-json\/wp\/v2\/product_tag?post=7838"}],"curies":[{"name":"wp","href":"https:\/\/api.w.org\/{rel}","templated":true}]}}