{"id":7839,"date":"2024-01-23T02:32:23","date_gmt":"2024-01-23T09:32:23","guid":{"rendered":"https:\/\/depurecousa.com\/product\/xm-20-oven\/"},"modified":"2026-01-13T02:13:44","modified_gmt":"2026-01-13T09:13:44","slug":"xm-20-oven-aspiradora-industrial-hornos-panaderias","status":"publish","type":"product","link":"https:\/\/depurecousa.com\/es\/producto\/xm-20-oven-aspiradora-industrial-hornos-panaderias\/","title":{"rendered":"XM 20 OVEN <br>ASPIRADORA INDUSTRIAL DE HORNOS Y PANADER\u00cdAS"},"content":{"rendered":"<p>El XM 20 OVEN es la aspiradora industrial compacta para la limpieza de hornos industriales y panader\u00edas de la gama Depureco. La aspiraci\u00f3n se genera gracias a dos motores monof\u00e1sicos de dos etapas con sistema de refrigeraci\u00f3n by-pass Made in Italy que permiten un rendimiento de aspiraci\u00f3n muy elevado. En su interior hay montado un filtro de estrella con tratamiento Nomex, que permite la aspiraci\u00f3n segura de migas y residuos incluso a altas temperaturas sin riesgo alguno. La gran superficie filtrante del filtro le permite aspirar cantidades significativas de polvo y material sin obstruir el filtro. El XM20 OVEN est\u00e1 equipado con un sistema de limpieza manual del filtro que permite limpiarlo f\u00e1cil e inmediatamente. Un pr\u00e1ctico contenedor, liberable desde abajo, con una capacidad de 20 litros ofrece la posibilidad de deshacerse f\u00e1cilmente de los residuos aspirados. La aspiradora incluye un kit de accesorios espec\u00edfico con extensiones para limpiar el interior de hornos resistentes a altas temperaturas.<\/p>\n","protected":false},"excerpt":{"rendered":"<p>El XM 20 OVEN es la aspiradora industrial compacta para la limpieza de hornos industriales y panader\u00edas de la gama Depureco. La aspiraci\u00f3n se genera gracias a dos motores monof\u00e1sicos de dos etapas con sistema de refrigeraci\u00f3n by-pass Made in Italy que permiten un rendimiento de aspiraci\u00f3n muy elevado. En su interior hay montado un [&hellip;]<\/p>\n","protected":false},"featured_media":6122,"template":"","meta":{"_acf_changed":false,"content-type":"","inline_featured_image":false},"product_brand":[],"product_cat":[192],"product_tag":[],"class_list":{"0":"post-7839","1":"product","2":"type-product","3":"status-publish","4":"has-post-thumbnail","6":"product_cat-aspiradoras-industriales-para-polvo-fino","8":"first","9":"instock","10":"shipping-taxable","11":"product-type-simple"},"acf":[],"yoast_head":"<!-- This site is optimized with the Yoast SEO Premium plugin v27.4 (Yoast SEO v27.4) - https:\/\/yoast.com\/product\/yoast-seo-premium-wordpress\/ -->\n<title>XM 20 OVEN ASPIRADORA INDUSTRIAL DE HORNOS Y PANADER\u00cdAS | Depureco USA<\/title>\n<meta name=\"description\" content=\"Equipado para resistir altas temperaturas, el XM 20 OVEN es la aspiradora industrial compacta para la limpieza de hornos industriales y panader\u00edas de la gama Depureco.\" \/>\n<meta name=\"robots\" content=\"index, follow, max-snippet:-1, max-image-preview:large, max-video-preview:-1\" \/>\n<link rel=\"canonical\" href=\"https:\/\/depurecousa.com\/es\/producto\/xm-20-oven-aspiradora-industrial-hornos-panaderias\/\" \/>\n<meta property=\"og:locale\" content=\"es_ES\" \/>\n<meta property=\"og:type\" content=\"article\" \/>\n<meta property=\"og:title\" content=\"XM 20 OVEN ASPIRADORA INDUSTRIAL DE HORNOS Y PANADER\u00cdAS\" \/>\n<meta property=\"og:description\" content=\"Equipado para resistir altas temperaturas, el XM 20 OVEN es la aspiradora industrial compacta para la limpieza de hornos industriales y panader\u00edas de la gama Depureco.\" \/>\n<meta property=\"og:url\" content=\"https:\/\/depurecousa.com\/es\/producto\/xm-20-oven-aspiradora-industrial-hornos-panaderias\/\" \/>\n<meta property=\"og:site_name\" content=\"Depureco USA\" \/>\n<meta property=\"article:publisher\" content=\"https:\/\/www.facebook.com\/DepurecoUSA\/\" \/>\n<meta property=\"article:modified_time\" content=\"2026-01-13T09:13:44+00:00\" \/>\n<meta property=\"og:image\" content=\"https:\/\/depurecousa.com\/app\/uploads\/2024\/01\/XM-20_WEB.png\" \/>\n\t<meta property=\"og:image:width\" content=\"600\" \/>\n\t<meta property=\"og:image:height\" content=\"600\" \/>\n\t<meta property=\"og:image:type\" content=\"image\/png\" \/>\n<meta name=\"twitter:card\" content=\"summary_large_image\" \/>\n<script type=\"application\/ld+json\" class=\"yoast-schema-graph\">{\"@context\":\"https:\\\/\\\/schema.org\",\"@graph\":[{\"@type\":[\"WebPage\",\"ItemPage\"],\"@id\":\"https:\\\/\\\/depurecousa.com\\\/es\\\/producto\\\/xm-20-oven-aspiradora-industrial-hornos-panaderias\\\/\",\"url\":\"https:\\\/\\\/depurecousa.com\\\/es\\\/producto\\\/xm-20-oven-aspiradora-industrial-hornos-panaderias\\\/\",\"name\":\"XM 20 OVEN ASPIRADORA INDUSTRIAL DE HORNOS Y PANADER\u00cdAS | Depureco USA\",\"isPartOf\":{\"@id\":\"https:\\\/\\\/depurecousa.com\\\/es\\\/#website\"},\"primaryImageOfPage\":{\"@id\":\"https:\\\/\\\/depurecousa.com\\\/es\\\/producto\\\/xm-20-oven-aspiradora-industrial-hornos-panaderias\\\/#primaryimage\"},\"image\":{\"@id\":\"https:\\\/\\\/depurecousa.com\\\/es\\\/producto\\\/xm-20-oven-aspiradora-industrial-hornos-panaderias\\\/#primaryimage\"},\"thumbnailUrl\":\"https:\\\/\\\/depurecousa.com\\\/app\\\/uploads\\\/2024\\\/01\\\/XM-20_WEB.png\",\"datePublished\":\"2024-01-23T09:32:23+00:00\",\"dateModified\":\"2026-01-13T09:13:44+00:00\",\"description\":\"Equipado para resistir altas temperaturas, el XM 20 OVEN es la aspiradora industrial compacta para la limpieza de hornos industriales y panader\u00edas de la gama Depureco.\",\"breadcrumb\":{\"@id\":\"https:\\\/\\\/depurecousa.com\\\/es\\\/producto\\\/xm-20-oven-aspiradora-industrial-hornos-panaderias\\\/#breadcrumb\"},\"inLanguage\":\"es\",\"potentialAction\":[{\"@type\":\"ReadAction\",\"target\":[\"https:\\\/\\\/depurecousa.com\\\/es\\\/producto\\\/xm-20-oven-aspiradora-industrial-hornos-panaderias\\\/\"]}]},{\"@type\":\"ImageObject\",\"inLanguage\":\"es\",\"@id\":\"https:\\\/\\\/depurecousa.com\\\/es\\\/producto\\\/xm-20-oven-aspiradora-industrial-hornos-panaderias\\\/#primaryimage\",\"url\":\"https:\\\/\\\/depurecousa.com\\\/app\\\/uploads\\\/2024\\\/01\\\/XM-20_WEB.png\",\"contentUrl\":\"https:\\\/\\\/depurecousa.com\\\/app\\\/uploads\\\/2024\\\/01\\\/XM-20_WEB.png\",\"width\":600,\"height\":600},{\"@type\":\"BreadcrumbList\",\"@id\":\"https:\\\/\\\/depurecousa.com\\\/es\\\/producto\\\/xm-20-oven-aspiradora-industrial-hornos-panaderias\\\/#breadcrumb\",\"itemListElement\":[{\"@type\":\"ListItem\",\"position\":1,\"name\":\"Home\",\"item\":\"https:\\\/\\\/depurecousa.com\\\/es\\\/hogar\\\/\"},{\"@type\":\"ListItem\",\"position\":2,\"name\":\"Productos\",\"item\":\"https:\\\/\\\/depurecousa.com\\\/es\\\/shop\\\/\"},{\"@type\":\"ListItem\",\"position\":3,\"name\":\"ASPIRADORAS INDUSTRIALES WET AND DRY\",\"item\":\"https:\\\/\\\/depurecousa.com\\\/es\\\/product-category\\\/aspiradoras-industriales-wet-and-dry\\\/\"},{\"@type\":\"ListItem\",\"position\":4,\"name\":\"ASPIRADORAS INDUSTRIALES PARA POLVO FINO\",\"item\":\"https:\\\/\\\/depurecousa.com\\\/es\\\/product-category\\\/aspiradoras-industriales-wet-and-dry\\\/aspiradoras-industriales-para-polvo-fino\\\/\"},{\"@type\":\"ListItem\",\"position\":5,\"name\":\"XM 20 OVEN ASPIRADORA INDUSTRIAL DE HORNOS Y PANADER\u00cdAS\"}]},{\"@type\":\"WebSite\",\"@id\":\"https:\\\/\\\/depurecousa.com\\\/es\\\/#website\",\"url\":\"https:\\\/\\\/depurecousa.com\\\/es\\\/\",\"name\":\"Depureco USA\",\"description\":\"Aspiradoras industriales y sistemas centralizados\",\"publisher\":{\"@id\":\"https:\\\/\\\/depurecousa.com\\\/es\\\/#organization\"},\"alternateName\":\"Depureco Industrial Vacuums\",\"potentialAction\":[{\"@type\":\"SearchAction\",\"target\":{\"@type\":\"EntryPoint\",\"urlTemplate\":\"https:\\\/\\\/depurecousa.com\\\/es\\\/?s={search_term_string}\"},\"query-input\":{\"@type\":\"PropertyValueSpecification\",\"valueRequired\":true,\"valueName\":\"search_term_string\"}}],\"inLanguage\":\"es\"},{\"@type\":[\"Organization\",\"Place\"],\"@id\":\"https:\\\/\\\/depurecousa.com\\\/es\\\/#organization\",\"name\":\"Depureco USA\",\"alternateName\":\"Depureco Industrial Vacuums\",\"url\":\"https:\\\/\\\/depurecousa.com\\\/es\\\/\",\"logo\":{\"@id\":\"https:\\\/\\\/depurecousa.com\\\/es\\\/producto\\\/xm-20-oven-aspiradora-industrial-hornos-panaderias\\\/#local-main-organization-logo\"},\"image\":{\"@id\":\"https:\\\/\\\/depurecousa.com\\\/es\\\/producto\\\/xm-20-oven-aspiradora-industrial-hornos-panaderias\\\/#local-main-organization-logo\"},\"sameAs\":[\"https:\\\/\\\/www.facebook.com\\\/DepurecoUSA\\\/\",\"https:\\\/\\\/www.youtube.com\\\/@depurecousa\",\"https:\\\/\\\/www.linkedin.com\\\/company\\\/depureco-usa\\\/\",\"https:\\\/\\\/www.thomasnet.com\\\/company\\\/depureco-industrial-vacuums-usa-30990947\\\/profile?cov=NA&which=comp&what=depureco&coverage_area=NA&card_position=1&suppliers_in_page=1&page_number=1&headingList=16410201,0,25120189,26781609,26791905,89931042,41260373,45621323,46152609,89920243&isNationalSearch=false\"],\"legalName\":\"Depureco Industrial Vacuums Corp\",\"numberOfEmployees\":{\"@type\":\"QuantitativeValue\",\"minValue\":\"11\",\"maxValue\":\"50\"},\"address\":{\"@id\":\"https:\\\/\\\/depurecousa.com\\\/es\\\/producto\\\/xm-20-oven-aspiradora-industrial-hornos-panaderias\\\/#local-main-place-address\"},\"geo\":{\"@type\":\"GeoCoordinates\",\"latitude\":\"30.024973508015663\",\"longitude\":\"-97.86156736732772\"},\"telephone\":[\"7377044347\"],\"contactPoint\":{\"@type\":\"ContactPoint\",\"telephone\":\"7377044347\",\"email\":\"simone.bacciu@depurecousa.com\"},\"openingHoursSpecification\":[{\"@type\":\"OpeningHoursSpecification\",\"dayOfWeek\":[\"Monday\",\"Tuesday\",\"Wednesday\",\"Thursday\",\"Friday\",\"Saturday\",\"Sunday\"],\"opens\":\"09:00\",\"closes\":\"17:00\"}],\"email\":\"info@depurecousa.com\",\"faxNumber\":\"Depureco Industrial Vacuums Corp\",\"areaServed\":\"United States\",\"globalLocationNumber\":\"24FQ+X9 Kyle, Texas\"},{\"@type\":\"PostalAddress\",\"@id\":\"https:\\\/\\\/depurecousa.com\\\/es\\\/producto\\\/xm-20-oven-aspiradora-industrial-hornos-panaderias\\\/#local-main-place-address\",\"streetAddress\":\"19121 Marketplace Avenue, Building 1, Suite 165\",\"addressLocality\":\"KYLE\",\"postalCode\":\"78640\",\"addressRegion\":\"TX\",\"addressCountry\":\"US\"},{\"@type\":\"ImageObject\",\"inLanguage\":\"es\",\"@id\":\"https:\\\/\\\/depurecousa.com\\\/es\\\/producto\\\/xm-20-oven-aspiradora-industrial-hornos-panaderias\\\/#local-main-organization-logo\",\"url\":\"https:\\\/\\\/depurecousa.com\\\/app\\\/uploads\\\/2023\\\/06\\\/depureco-logo-ico.png\",\"contentUrl\":\"https:\\\/\\\/depurecousa.com\\\/app\\\/uploads\\\/2023\\\/06\\\/depureco-logo-ico.png\",\"width\":512,\"height\":512,\"caption\":\"Depureco USA\"}]}<\/script>\n<meta property=\"product:price:currency\" content=\"USD\" \/>\n<meta property=\"og:availability\" content=\"instock\" \/>\n<meta property=\"product:availability\" content=\"instock\" \/>\n<meta property=\"product:condition\" content=\"new\" \/>\n<meta name=\"geo.placename\" content=\"KYLE\" \/>\n<meta name=\"geo.position\" content=\"30.024973508015663;-97.86156736732772\" \/>\n<meta name=\"geo.region\" content=\"Estados Unidos (EEUU)\" \/>\n<!-- \/ Yoast SEO Premium plugin. -->","yoast_head_json":{"title":"XM 20 OVEN ASPIRADORA INDUSTRIAL DE HORNOS Y PANADER\u00cdAS | Depureco USA","description":"Equipado para resistir altas temperaturas, el XM 20 OVEN es la aspiradora industrial compacta para la limpieza de hornos industriales y panader\u00edas de la gama Depureco.","robots":{"index":"index","follow":"follow","max-snippet":"max-snippet:-1","max-image-preview":"max-image-preview:large","max-video-preview":"max-video-preview:-1"},"canonical":"https:\/\/depurecousa.com\/es\/producto\/xm-20-oven-aspiradora-industrial-hornos-panaderias\/","og_locale":"es_ES","og_type":"article","og_title":"XM 20 OVEN ASPIRADORA INDUSTRIAL DE HORNOS Y PANADER\u00cdAS","og_description":"Equipado para resistir altas temperaturas, el XM 20 OVEN es la aspiradora industrial compacta para la limpieza de hornos industriales y panader\u00edas de la gama Depureco.","og_url":"https:\/\/depurecousa.com\/es\/producto\/xm-20-oven-aspiradora-industrial-hornos-panaderias\/","og_site_name":"Depureco USA","article_publisher":"https:\/\/www.facebook.com\/DepurecoUSA\/","article_modified_time":"2026-01-13T09:13:44+00:00","og_image":[{"width":600,"height":600,"url":"https:\/\/depurecousa.com\/app\/uploads\/2024\/01\/XM-20_WEB.png","type":"image\/png"}],"twitter_card":"summary_large_image","schema":{"@context":"https:\/\/schema.org","@graph":[{"@type":["WebPage","ItemPage"],"@id":"https:\/\/depurecousa.com\/es\/producto\/xm-20-oven-aspiradora-industrial-hornos-panaderias\/","url":"https:\/\/depurecousa.com\/es\/producto\/xm-20-oven-aspiradora-industrial-hornos-panaderias\/","name":"XM 20 OVEN ASPIRADORA INDUSTRIAL DE HORNOS Y PANADER\u00cdAS | Depureco USA","isPartOf":{"@id":"https:\/\/depurecousa.com\/es\/#website"},"primaryImageOfPage":{"@id":"https:\/\/depurecousa.com\/es\/producto\/xm-20-oven-aspiradora-industrial-hornos-panaderias\/#primaryimage"},"image":{"@id":"https:\/\/depurecousa.com\/es\/producto\/xm-20-oven-aspiradora-industrial-hornos-panaderias\/#primaryimage"},"thumbnailUrl":"https:\/\/depurecousa.com\/app\/uploads\/2024\/01\/XM-20_WEB.png","datePublished":"2024-01-23T09:32:23+00:00","dateModified":"2026-01-13T09:13:44+00:00","description":"Equipado para resistir altas temperaturas, el XM 20 OVEN es la aspiradora industrial compacta para la limpieza de hornos industriales y panader\u00edas de la gama Depureco.","breadcrumb":{"@id":"https:\/\/depurecousa.com\/es\/producto\/xm-20-oven-aspiradora-industrial-hornos-panaderias\/#breadcrumb"},"inLanguage":"es","potentialAction":[{"@type":"ReadAction","target":["https:\/\/depurecousa.com\/es\/producto\/xm-20-oven-aspiradora-industrial-hornos-panaderias\/"]}]},{"@type":"ImageObject","inLanguage":"es","@id":"https:\/\/depurecousa.com\/es\/producto\/xm-20-oven-aspiradora-industrial-hornos-panaderias\/#primaryimage","url":"https:\/\/depurecousa.com\/app\/uploads\/2024\/01\/XM-20_WEB.png","contentUrl":"https:\/\/depurecousa.com\/app\/uploads\/2024\/01\/XM-20_WEB.png","width":600,"height":600},{"@type":"BreadcrumbList","@id":"https:\/\/depurecousa.com\/es\/producto\/xm-20-oven-aspiradora-industrial-hornos-panaderias\/#breadcrumb","itemListElement":[{"@type":"ListItem","position":1,"name":"Home","item":"https:\/\/depurecousa.com\/es\/hogar\/"},{"@type":"ListItem","position":2,"name":"Productos","item":"https:\/\/depurecousa.com\/es\/shop\/"},{"@type":"ListItem","position":3,"name":"ASPIRADORAS INDUSTRIALES WET AND DRY","item":"https:\/\/depurecousa.com\/es\/product-category\/aspiradoras-industriales-wet-and-dry\/"},{"@type":"ListItem","position":4,"name":"ASPIRADORAS INDUSTRIALES PARA POLVO FINO","item":"https:\/\/depurecousa.com\/es\/product-category\/aspiradoras-industriales-wet-and-dry\/aspiradoras-industriales-para-polvo-fino\/"},{"@type":"ListItem","position":5,"name":"XM 20 OVEN ASPIRADORA INDUSTRIAL DE HORNOS Y PANADER\u00cdAS"}]},{"@type":"WebSite","@id":"https:\/\/depurecousa.com\/es\/#website","url":"https:\/\/depurecousa.com\/es\/","name":"Depureco USA","description":"Aspiradoras industriales y sistemas centralizados","publisher":{"@id":"https:\/\/depurecousa.com\/es\/#organization"},"alternateName":"Depureco Industrial Vacuums","potentialAction":[{"@type":"SearchAction","target":{"@type":"EntryPoint","urlTemplate":"https:\/\/depurecousa.com\/es\/?s={search_term_string}"},"query-input":{"@type":"PropertyValueSpecification","valueRequired":true,"valueName":"search_term_string"}}],"inLanguage":"es"},{"@type":["Organization","Place"],"@id":"https:\/\/depurecousa.com\/es\/#organization","name":"Depureco USA","alternateName":"Depureco Industrial Vacuums","url":"https:\/\/depurecousa.com\/es\/","logo":{"@id":"https:\/\/depurecousa.com\/es\/producto\/xm-20-oven-aspiradora-industrial-hornos-panaderias\/#local-main-organization-logo"},"image":{"@id":"https:\/\/depurecousa.com\/es\/producto\/xm-20-oven-aspiradora-industrial-hornos-panaderias\/#local-main-organization-logo"},"sameAs":["https:\/\/www.facebook.com\/DepurecoUSA\/","https:\/\/www.youtube.com\/@depurecousa","https:\/\/www.linkedin.com\/company\/depureco-usa\/","https:\/\/www.thomasnet.com\/company\/depureco-industrial-vacuums-usa-30990947\/profile?cov=NA&which=comp&what=depureco&coverage_area=NA&card_position=1&suppliers_in_page=1&page_number=1&headingList=16410201,0,25120189,26781609,26791905,89931042,41260373,45621323,46152609,89920243&isNationalSearch=false"],"legalName":"Depureco Industrial Vacuums Corp","numberOfEmployees":{"@type":"QuantitativeValue","minValue":"11","maxValue":"50"},"address":{"@id":"https:\/\/depurecousa.com\/es\/producto\/xm-20-oven-aspiradora-industrial-hornos-panaderias\/#local-main-place-address"},"geo":{"@type":"GeoCoordinates","latitude":"30.024973508015663","longitude":"-97.86156736732772"},"telephone":["7377044347"],"contactPoint":{"@type":"ContactPoint","telephone":"7377044347","email":"simone.bacciu@depurecousa.com"},"openingHoursSpecification":[{"@type":"OpeningHoursSpecification","dayOfWeek":["Monday","Tuesday","Wednesday","Thursday","Friday","Saturday","Sunday"],"opens":"09:00","closes":"17:00"}],"email":"info@depurecousa.com","faxNumber":"Depureco Industrial Vacuums Corp","areaServed":"United States","globalLocationNumber":"24FQ+X9 Kyle, Texas"},{"@type":"PostalAddress","@id":"https:\/\/depurecousa.com\/es\/producto\/xm-20-oven-aspiradora-industrial-hornos-panaderias\/#local-main-place-address","streetAddress":"19121 Marketplace Avenue, Building 1, Suite 165","addressLocality":"KYLE","postalCode":"78640","addressRegion":"TX","addressCountry":"US"},{"@type":"ImageObject","inLanguage":"es","@id":"https:\/\/depurecousa.com\/es\/producto\/xm-20-oven-aspiradora-industrial-hornos-panaderias\/#local-main-organization-logo","url":"https:\/\/depurecousa.com\/app\/uploads\/2023\/06\/depureco-logo-ico.png","contentUrl":"https:\/\/depurecousa.com\/app\/uploads\/2023\/06\/depureco-logo-ico.png","width":512,"height":512,"caption":"Depureco USA"}]},"product_price_currency":"USD","og_availability":"instock","product_availability":"instock","product_condition":"new","geo.placename":"KYLE","geo.position":{"lat":"30.024973508015663","long":"-97.86156736732772"},"geo.region":"Estados Unidos (EEUU)"},"_links":{"self":[{"href":"https:\/\/depurecousa.com\/es\/wp-json\/wp\/v2\/product\/7839","targetHints":{"allow":["GET"]}}],"collection":[{"href":"https:\/\/depurecousa.com\/es\/wp-json\/wp\/v2\/product"}],"about":[{"href":"https:\/\/depurecousa.com\/es\/wp-json\/wp\/v2\/types\/product"}],"wp:featuredmedia":[{"embeddable":true,"href":"https:\/\/depurecousa.com\/es\/wp-json\/wp\/v2\/media\/6122"}],"wp:attachment":[{"href":"https:\/\/depurecousa.com\/es\/wp-json\/wp\/v2\/media?parent=7839"}],"wp:term":[{"taxonomy":"product_brand","embeddable":true,"href":"https:\/\/depurecousa.com\/es\/wp-json\/wp\/v2\/product_brand?post=7839"},{"taxonomy":"product_cat","embeddable":true,"href":"https:\/\/depurecousa.com\/es\/wp-json\/wp\/v2\/product_cat?post=7839"},{"taxonomy":"product_tag","embeddable":true,"href":"https:\/\/depurecousa.com\/es\/wp-json\/wp\/v2\/product_tag?post=7839"}],"curies":[{"name":"wp","href":"https:\/\/api.w.org\/{rel}","templated":true}]}}