{"id":7843,"date":"2023-04-04T09:28:32","date_gmt":"2023-04-04T15:28:32","guid":{"rendered":"https:\/\/depurecousa.com\/product\/m100-jc-lp\/"},"modified":"2024-12-04T03:38:22","modified_gmt":"2024-12-04T10:38:22","slug":"m100-jc-lp","status":"publish","type":"product","link":"https:\/\/depurecousa.com\/es\/producto\/m100-jc-lp\/","title":{"rendered":"M100 JC LP"},"content":{"rendered":"<p>El M100 Jet Clean\u00ae LP destaca como la aspiradora industrial cicl\u00f3nica monof\u00e1sica m\u00e1s dominante dentro de la gama de productos Depureco. Con la utilizaci\u00f3n de 3 motores By-Pass, alcanza una sorprendente potencia de 3,3 CV. La aspiradora industrial M100 Jet Clean\u00ae es capaz de funcionar en cualquier circunstancia, manejando eficazmente polvo, virutas, l\u00edquidos y materiales dif\u00edciles a trav\u00e9s de mangueras de varios metros de longitud. Esta aspiradora viene equipada con un filtro de PTFE est\u00e1ndar, certificado como Clase M por el BIA (Berufsgenossenschaftliches Institut f\u00fcr Arbeitssicherheit), que proporciona una eficacia de filtraci\u00f3n de 1 \u00b5. Para limpiar el filtro, el sistema JetClean\u00ae utiliza la diferencia de presi\u00f3n entre el interior y el exterior de la aspiradora. La entrada tangencial y la cubierta protectora del cartucho filtrante aprovechan eficazmente el efecto cicl\u00f3nico del polvo, ralentiz\u00e1ndolo y dirigi\u00e9ndolo para que se deposite en el interior del contenedor, salvaguardando as\u00ed el filtro. La aspiradora M100 Jet Clean\u00ae LP tambi\u00e9n incorpora un sistema Longopac, en el que el material aspirado se encierra autom\u00e1ticamente dentro de una robusta bolsa de pl\u00e1stico transparente desechable. El operario puede determinar el volumen de la bolsa, sellarla y cortarla sin contacto directo con el material aspirado. Esta caracter\u00edstica garantiza la seguridad del operario cuando trabaja con polvos finos y peligrosos.<\/p>\n","protected":false},"excerpt":{"rendered":"<p>El M100 Jet Clean\u00ae LP destaca como la aspiradora industrial cicl\u00f3nica monof\u00e1sica m\u00e1s dominante dentro de la gama de productos Depureco. Con la utilizaci\u00f3n de 3 motores By-Pass, alcanza una sorprendente potencia de 3,3 CV. La aspiradora industrial M100 Jet Clean\u00ae es capaz de funcionar en cualquier circunstancia, manejando eficazmente polvo, virutas, l\u00edquidos y materiales [&hellip;]<\/p>\n","protected":false},"featured_media":4987,"template":"","meta":{"_acf_changed":false,"content-type":"","inline_featured_image":false},"product_brand":[],"product_cat":[187],"product_tag":[],"class_list":{"0":"post-7843","1":"product","2":"type-product","3":"status-publish","4":"has-post-thumbnail","6":"product_cat-extractores-de-polvo-hepa","8":"first","9":"instock","10":"shipping-taxable","11":"product-type-simple"},"acf":[],"yoast_head":"<!-- This site is optimized with the Yoast SEO Premium plugin v27.0 (Yoast SEO v27.3) - https:\/\/yoast.com\/product\/yoast-seo-premium-wordpress\/ -->\n<title>Aspiradoras Hepa M100 JC LP - Depureco USA<\/title>\n<meta name=\"description\" content=\"Extractores de polvo Hepa La aspiradora M100 LP se erige como el ep\u00edtome de la potencia dentro de la gama de aspiradoras industriales monof\u00e1sicas de Depureco.La M100 Jet Clean\u00ae LP destaca como la aspiradora industrial cicl\u00f3nica monof\u00e1sica m\u00e1s dominante dentro de la gama de productos Depureco. Con la utilizaci\u00f3n de 3 motores By-Pass, alcanza una sorprendente potencia de 3,3 CV.\" \/>\n<meta name=\"robots\" content=\"index, follow, max-snippet:-1, max-image-preview:large, max-video-preview:-1\" \/>\n<link rel=\"canonical\" href=\"https:\/\/depurecousa.com\/es\/producto\/m100-jc-lp\/\" \/>\n<meta property=\"og:locale\" content=\"es_ES\" \/>\n<meta property=\"og:type\" content=\"article\" \/>\n<meta property=\"og:title\" content=\"M100 JC LP\" \/>\n<meta property=\"og:description\" content=\"Extractores de polvo Hepa La aspiradora M100 LP se erige como el ep\u00edtome de la potencia dentro de la gama de aspiradoras industriales monof\u00e1sicas de Depureco.La M100 Jet Clean\u00ae LP destaca como la aspiradora industrial cicl\u00f3nica monof\u00e1sica m\u00e1s dominante dentro de la gama de productos Depureco. Con la utilizaci\u00f3n de 3 motores By-Pass, alcanza una sorprendente potencia de 3,3 CV.\" \/>\n<meta property=\"og:url\" content=\"https:\/\/depurecousa.com\/es\/producto\/m100-jc-lp\/\" \/>\n<meta property=\"og:site_name\" content=\"Depureco USA\" \/>\n<meta property=\"article:publisher\" content=\"https:\/\/www.facebook.com\/DepurecoUSA\/\" \/>\n<meta property=\"article:modified_time\" content=\"2024-12-04T10:38:22+00:00\" \/>\n<meta property=\"og:image\" content=\"https:\/\/depurecousa.com\/app\/uploads\/2023\/04\/M100-JC.png\" \/>\n\t<meta property=\"og:image:width\" content=\"600\" \/>\n\t<meta property=\"og:image:height\" content=\"600\" \/>\n\t<meta property=\"og:image:type\" content=\"image\/png\" \/>\n<meta name=\"twitter:card\" content=\"summary_large_image\" \/>\n<meta name=\"twitter:label1\" content=\"Precio\" \/>\n\t<meta name=\"twitter:data1\" content=\"\" \/>\n\t<meta name=\"twitter:label2\" content=\"Disponibilidad\" \/>\n\t<meta name=\"twitter:data2\" content=\"Disponible\" \/>\n<script type=\"application\/ld+json\" class=\"yoast-schema-graph\">{\"@context\":\"https:\\\/\\\/schema.org\",\"@graph\":[{\"@type\":[\"WebPage\",\"ItemPage\"],\"@id\":\"https:\\\/\\\/depurecousa.com\\\/es\\\/producto\\\/m100-jc-lp\\\/\",\"url\":\"https:\\\/\\\/depurecousa.com\\\/es\\\/producto\\\/m100-jc-lp\\\/\",\"name\":\"Aspiradoras Hepa M100 JC LP - Depureco USA\",\"isPartOf\":{\"@id\":\"https:\\\/\\\/depurecousa.com\\\/#website\"},\"primaryImageOfPage\":{\"@id\":\"https:\\\/\\\/depurecousa.com\\\/es\\\/producto\\\/m100-jc-lp\\\/#primaryimage\"},\"image\":{\"@id\":\"https:\\\/\\\/depurecousa.com\\\/es\\\/producto\\\/m100-jc-lp\\\/#primaryimage\"},\"thumbnailUrl\":\"https:\\\/\\\/depurecousa.com\\\/app\\\/uploads\\\/2023\\\/04\\\/M100-JC.png\",\"datePublished\":\"2023-04-04T15:28:32+00:00\",\"dateModified\":\"2024-12-04T10:38:22+00:00\",\"description\":\"Extractores de polvo Hepa La aspiradora M100 LP se erige como el ep\u00edtome de la potencia dentro de la gama de aspiradoras industriales monof\u00e1sicas de Depureco.La M100 Jet Clean\u00ae LP destaca como la aspiradora industrial cicl\u00f3nica monof\u00e1sica m\u00e1s dominante dentro de la gama de productos Depureco. Con la utilizaci\u00f3n de 3 motores By-Pass, alcanza una sorprendente potencia de 3,3 CV.\",\"breadcrumb\":{\"@id\":\"https:\\\/\\\/depurecousa.com\\\/es\\\/producto\\\/m100-jc-lp\\\/#breadcrumb\"},\"inLanguage\":\"es\",\"potentialAction\":[{\"@type\":\"ReadAction\",\"target\":[\"https:\\\/\\\/depurecousa.com\\\/es\\\/producto\\\/m100-jc-lp\\\/\"]}]},{\"@type\":\"ImageObject\",\"inLanguage\":\"es\",\"@id\":\"https:\\\/\\\/depurecousa.com\\\/es\\\/producto\\\/m100-jc-lp\\\/#primaryimage\",\"url\":\"https:\\\/\\\/depurecousa.com\\\/app\\\/uploads\\\/2023\\\/04\\\/M100-JC.png\",\"contentUrl\":\"https:\\\/\\\/depurecousa.com\\\/app\\\/uploads\\\/2023\\\/04\\\/M100-JC.png\",\"width\":600,\"height\":600,\"caption\":\"HEAVY-DUTY & HASSLE-FREE \u2014 250 CFM, JetClean auto-pulse, and mobile and forklift-friendly frame deliver dealer-level performance at a factory-direct summer price.\"},{\"@type\":\"BreadcrumbList\",\"@id\":\"https:\\\/\\\/depurecousa.com\\\/es\\\/producto\\\/m100-jc-lp\\\/#breadcrumb\",\"itemListElement\":[{\"@type\":\"ListItem\",\"position\":1,\"name\":\"Home\",\"item\":\"https:\\\/\\\/depurecousa.com\\\/es\\\/hogar\\\/\"},{\"@type\":\"ListItem\",\"position\":2,\"name\":\"Products\",\"item\":\"https:\\\/\\\/depurecousa.com\\\/shop\\\/\"},{\"@type\":\"ListItem\",\"position\":3,\"name\":\"HEPA DUST EXTRACTORS\",\"item\":\"https:\\\/\\\/depurecousa.com\\\/product-category\\\/hepa-dust-extractors\\\/\"},{\"@type\":\"ListItem\",\"position\":4,\"name\":\"M100 JC LP\"}]},{\"@type\":\"WebSite\",\"@id\":\"https:\\\/\\\/depurecousa.com\\\/#website\",\"url\":\"https:\\\/\\\/depurecousa.com\\\/\",\"name\":\"Depureco USA\",\"description\":\"Aspiradoras industriales y sistemas centralizados\",\"publisher\":{\"@id\":\"https:\\\/\\\/depurecousa.com\\\/#organization\"},\"potentialAction\":[{\"@type\":\"SearchAction\",\"target\":{\"@type\":\"EntryPoint\",\"urlTemplate\":\"https:\\\/\\\/depurecousa.com\\\/?s={search_term_string}\"},\"query-input\":{\"@type\":\"PropertyValueSpecification\",\"valueRequired\":true,\"valueName\":\"search_term_string\"}}],\"inLanguage\":\"es\"},{\"@type\":[\"Organization\",\"Place\"],\"@id\":\"https:\\\/\\\/depurecousa.com\\\/#organization\",\"name\":\"Depureco USA\",\"alternateName\":\"Depureco Industrial Vacuums\",\"url\":\"https:\\\/\\\/depurecousa.com\\\/\",\"logo\":{\"@id\":\"https:\\\/\\\/depurecousa.com\\\/es\\\/producto\\\/m100-jc-lp\\\/#local-main-organization-logo\"},\"image\":{\"@id\":\"https:\\\/\\\/depurecousa.com\\\/es\\\/producto\\\/m100-jc-lp\\\/#local-main-organization-logo\"},\"sameAs\":[\"https:\\\/\\\/www.facebook.com\\\/DepurecoUSA\\\/\",\"https:\\\/\\\/www.youtube.com\\\/@depurecousa\",\"https:\\\/\\\/www.linkedin.com\\\/company\\\/depureco-usa\\\/\",\"https:\\\/\\\/www.thomasnet.com\\\/company\\\/depureco-industrial-vacuums-usa-30990947\\\/profile?cov=NA&which=comp&what=depureco&coverage_area=NA&card_position=1&suppliers_in_page=1&page_number=1&headingList=16410201,0,25120189,26781609,26791905,89931042,41260373,45621323,46152609,89920243&isNationalSearch=false\"],\"legalName\":\"Depureco Industrial Vacuums Corp\",\"numberOfEmployees\":{\"@type\":\"QuantitativeValue\",\"minValue\":\"11\",\"maxValue\":\"50\"},\"address\":{\"@id\":\"https:\\\/\\\/depurecousa.com\\\/es\\\/producto\\\/m100-jc-lp\\\/#local-main-place-address\"},\"geo\":{\"@type\":\"GeoCoordinates\",\"latitude\":\"30.024973508015663\",\"longitude\":\"-97.86156736732772\"},\"telephone\":[\"7377044347\"],\"contactPoint\":{\"@type\":\"ContactPoint\",\"telephone\":\"7377044347\",\"email\":\"simone.bacciu@depurecousa.com\"},\"openingHoursSpecification\":[{\"@type\":\"OpeningHoursSpecification\",\"dayOfWeek\":[\"Monday\",\"Tuesday\",\"Wednesday\",\"Thursday\",\"Friday\",\"Saturday\",\"Sunday\"],\"opens\":\"09:00\",\"closes\":\"17:00\"}],\"email\":\"info@depurecousa.com\",\"faxNumber\":\"Depureco Industrial Vacuums Corp\",\"areaServed\":\"United States\",\"globalLocationNumber\":\"24FQ+X9 Kyle, Texas\"},{\"@type\":\"PostalAddress\",\"@id\":\"https:\\\/\\\/depurecousa.com\\\/es\\\/producto\\\/m100-jc-lp\\\/#local-main-place-address\",\"streetAddress\":\"19121 Marketplace Avenue, Building 1, Suite 165\",\"addressLocality\":\"KYLE\",\"postalCode\":\"78640\",\"addressRegion\":\"TX\",\"addressCountry\":\"US\"},{\"@type\":\"ImageObject\",\"inLanguage\":\"es\",\"@id\":\"https:\\\/\\\/depurecousa.com\\\/es\\\/producto\\\/m100-jc-lp\\\/#local-main-organization-logo\",\"url\":\"https:\\\/\\\/depurecousa.com\\\/app\\\/uploads\\\/2023\\\/06\\\/depureco-logo-ico.png\",\"contentUrl\":\"https:\\\/\\\/depurecousa.com\\\/app\\\/uploads\\\/2023\\\/06\\\/depureco-logo-ico.png\",\"width\":512,\"height\":512,\"caption\":\"Depureco USA\"}]}<\/script>\n<meta property=\"product:price:currency\" content=\"USD\" \/>\n<meta property=\"og:availability\" content=\"instock\" \/>\n<meta property=\"product:availability\" content=\"instock\" \/>\n<meta property=\"product:condition\" content=\"new\" \/>\n<meta name=\"geo.placename\" content=\"KYLE\" \/>\n<meta name=\"geo.position\" content=\"30.024973508015663;-97.86156736732772\" \/>\n<meta name=\"geo.region\" content=\"Estados Unidos (EEUU)\" \/>\n<!-- \/ Yoast SEO Premium plugin. -->","yoast_head_json":{"title":"Aspiradoras Hepa M100 JC LP - Depureco USA","description":"Extractores de polvo Hepa La aspiradora M100 LP se erige como el ep\u00edtome de la potencia dentro de la gama de aspiradoras industriales monof\u00e1sicas de Depureco.La M100 Jet Clean\u00ae LP destaca como la aspiradora industrial cicl\u00f3nica monof\u00e1sica m\u00e1s dominante dentro de la gama de productos Depureco. Con la utilizaci\u00f3n de 3 motores By-Pass, alcanza una sorprendente potencia de 3,3 CV.","robots":{"index":"index","follow":"follow","max-snippet":"max-snippet:-1","max-image-preview":"max-image-preview:large","max-video-preview":"max-video-preview:-1"},"canonical":"https:\/\/depurecousa.com\/es\/producto\/m100-jc-lp\/","og_locale":"es_ES","og_type":"article","og_title":"M100 JC LP","og_description":"Extractores de polvo Hepa La aspiradora M100 LP se erige como el ep\u00edtome de la potencia dentro de la gama de aspiradoras industriales monof\u00e1sicas de Depureco.La M100 Jet Clean\u00ae LP destaca como la aspiradora industrial cicl\u00f3nica monof\u00e1sica m\u00e1s dominante dentro de la gama de productos Depureco. Con la utilizaci\u00f3n de 3 motores By-Pass, alcanza una sorprendente potencia de 3,3 CV.","og_url":"https:\/\/depurecousa.com\/es\/producto\/m100-jc-lp\/","og_site_name":"Depureco USA","article_publisher":"https:\/\/www.facebook.com\/DepurecoUSA\/","article_modified_time":"2024-12-04T10:38:22+00:00","og_image":[{"width":600,"height":600,"url":"https:\/\/depurecousa.com\/app\/uploads\/2023\/04\/M100-JC.png","type":"image\/png"}],"twitter_card":"summary_large_image","twitter_misc":{"Precio":"","Disponibilidad":"Disponible"},"schema":{"@context":"https:\/\/schema.org","@graph":[{"@type":["WebPage","ItemPage"],"@id":"https:\/\/depurecousa.com\/es\/producto\/m100-jc-lp\/","url":"https:\/\/depurecousa.com\/es\/producto\/m100-jc-lp\/","name":"Aspiradoras Hepa M100 JC LP - Depureco USA","isPartOf":{"@id":"https:\/\/depurecousa.com\/#website"},"primaryImageOfPage":{"@id":"https:\/\/depurecousa.com\/es\/producto\/m100-jc-lp\/#primaryimage"},"image":{"@id":"https:\/\/depurecousa.com\/es\/producto\/m100-jc-lp\/#primaryimage"},"thumbnailUrl":"https:\/\/depurecousa.com\/app\/uploads\/2023\/04\/M100-JC.png","datePublished":"2023-04-04T15:28:32+00:00","dateModified":"2024-12-04T10:38:22+00:00","description":"Extractores de polvo Hepa La aspiradora M100 LP se erige como el ep\u00edtome de la potencia dentro de la gama de aspiradoras industriales monof\u00e1sicas de Depureco.La M100 Jet Clean\u00ae LP destaca como la aspiradora industrial cicl\u00f3nica monof\u00e1sica m\u00e1s dominante dentro de la gama de productos Depureco. Con la utilizaci\u00f3n de 3 motores By-Pass, alcanza una sorprendente potencia de 3,3 CV.","breadcrumb":{"@id":"https:\/\/depurecousa.com\/es\/producto\/m100-jc-lp\/#breadcrumb"},"inLanguage":"es","potentialAction":[{"@type":"ReadAction","target":["https:\/\/depurecousa.com\/es\/producto\/m100-jc-lp\/"]}]},{"@type":"ImageObject","inLanguage":"es","@id":"https:\/\/depurecousa.com\/es\/producto\/m100-jc-lp\/#primaryimage","url":"https:\/\/depurecousa.com\/app\/uploads\/2023\/04\/M100-JC.png","contentUrl":"https:\/\/depurecousa.com\/app\/uploads\/2023\/04\/M100-JC.png","width":600,"height":600,"caption":"HEAVY-DUTY & HASSLE-FREE \u2014 250 CFM, JetClean auto-pulse, and mobile and forklift-friendly frame deliver dealer-level performance at a factory-direct summer price."},{"@type":"BreadcrumbList","@id":"https:\/\/depurecousa.com\/es\/producto\/m100-jc-lp\/#breadcrumb","itemListElement":[{"@type":"ListItem","position":1,"name":"Home","item":"https:\/\/depurecousa.com\/es\/hogar\/"},{"@type":"ListItem","position":2,"name":"Products","item":"https:\/\/depurecousa.com\/shop\/"},{"@type":"ListItem","position":3,"name":"HEPA DUST EXTRACTORS","item":"https:\/\/depurecousa.com\/product-category\/hepa-dust-extractors\/"},{"@type":"ListItem","position":4,"name":"M100 JC LP"}]},{"@type":"WebSite","@id":"https:\/\/depurecousa.com\/#website","url":"https:\/\/depurecousa.com\/","name":"Depureco USA","description":"Aspiradoras industriales y sistemas centralizados","publisher":{"@id":"https:\/\/depurecousa.com\/#organization"},"potentialAction":[{"@type":"SearchAction","target":{"@type":"EntryPoint","urlTemplate":"https:\/\/depurecousa.com\/?s={search_term_string}"},"query-input":{"@type":"PropertyValueSpecification","valueRequired":true,"valueName":"search_term_string"}}],"inLanguage":"es"},{"@type":["Organization","Place"],"@id":"https:\/\/depurecousa.com\/#organization","name":"Depureco USA","alternateName":"Depureco Industrial Vacuums","url":"https:\/\/depurecousa.com\/","logo":{"@id":"https:\/\/depurecousa.com\/es\/producto\/m100-jc-lp\/#local-main-organization-logo"},"image":{"@id":"https:\/\/depurecousa.com\/es\/producto\/m100-jc-lp\/#local-main-organization-logo"},"sameAs":["https:\/\/www.facebook.com\/DepurecoUSA\/","https:\/\/www.youtube.com\/@depurecousa","https:\/\/www.linkedin.com\/company\/depureco-usa\/","https:\/\/www.thomasnet.com\/company\/depureco-industrial-vacuums-usa-30990947\/profile?cov=NA&which=comp&what=depureco&coverage_area=NA&card_position=1&suppliers_in_page=1&page_number=1&headingList=16410201,0,25120189,26781609,26791905,89931042,41260373,45621323,46152609,89920243&isNationalSearch=false"],"legalName":"Depureco Industrial Vacuums Corp","numberOfEmployees":{"@type":"QuantitativeValue","minValue":"11","maxValue":"50"},"address":{"@id":"https:\/\/depurecousa.com\/es\/producto\/m100-jc-lp\/#local-main-place-address"},"geo":{"@type":"GeoCoordinates","latitude":"30.024973508015663","longitude":"-97.86156736732772"},"telephone":["7377044347"],"contactPoint":{"@type":"ContactPoint","telephone":"7377044347","email":"simone.bacciu@depurecousa.com"},"openingHoursSpecification":[{"@type":"OpeningHoursSpecification","dayOfWeek":["Monday","Tuesday","Wednesday","Thursday","Friday","Saturday","Sunday"],"opens":"09:00","closes":"17:00"}],"email":"info@depurecousa.com","faxNumber":"Depureco Industrial Vacuums Corp","areaServed":"United States","globalLocationNumber":"24FQ+X9 Kyle, Texas"},{"@type":"PostalAddress","@id":"https:\/\/depurecousa.com\/es\/producto\/m100-jc-lp\/#local-main-place-address","streetAddress":"19121 Marketplace Avenue, Building 1, Suite 165","addressLocality":"KYLE","postalCode":"78640","addressRegion":"TX","addressCountry":"US"},{"@type":"ImageObject","inLanguage":"es","@id":"https:\/\/depurecousa.com\/es\/producto\/m100-jc-lp\/#local-main-organization-logo","url":"https:\/\/depurecousa.com\/app\/uploads\/2023\/06\/depureco-logo-ico.png","contentUrl":"https:\/\/depurecousa.com\/app\/uploads\/2023\/06\/depureco-logo-ico.png","width":512,"height":512,"caption":"Depureco USA"}]},"product_price_currency":"USD","og_availability":"instock","product_availability":"instock","product_condition":"new","geo.placename":"KYLE","geo.position":{"lat":"30.024973508015663","long":"-97.86156736732772"},"geo.region":"Estados Unidos (EEUU)"},"_links":{"self":[{"href":"https:\/\/depurecousa.com\/es\/wp-json\/wp\/v2\/product\/7843","targetHints":{"allow":["GET"]}}],"collection":[{"href":"https:\/\/depurecousa.com\/es\/wp-json\/wp\/v2\/product"}],"about":[{"href":"https:\/\/depurecousa.com\/es\/wp-json\/wp\/v2\/types\/product"}],"wp:featuredmedia":[{"embeddable":true,"href":"https:\/\/depurecousa.com\/es\/wp-json\/wp\/v2\/media\/4987"}],"wp:attachment":[{"href":"https:\/\/depurecousa.com\/es\/wp-json\/wp\/v2\/media?parent=7843"}],"wp:term":[{"taxonomy":"product_brand","embeddable":true,"href":"https:\/\/depurecousa.com\/es\/wp-json\/wp\/v2\/product_brand?post=7843"},{"taxonomy":"product_cat","embeddable":true,"href":"https:\/\/depurecousa.com\/es\/wp-json\/wp\/v2\/product_cat?post=7843"},{"taxonomy":"product_tag","embeddable":true,"href":"https:\/\/depurecousa.com\/es\/wp-json\/wp\/v2\/product_tag?post=7843"}],"curies":[{"name":"wp","href":"https:\/\/api.w.org\/{rel}","templated":true}]}}