{"id":7844,"date":"2023-04-04T08:42:09","date_gmt":"2023-04-04T14:42:09","guid":{"rendered":"https:\/\/depurecousa.com\/product\/bl45-jc-atex\/"},"modified":"2024-10-17T04:20:47","modified_gmt":"2024-10-17T10:20:47","slug":"bl45-jc-atex-aspiradora-industrial-certificada-atex","status":"publish","type":"product","link":"https:\/\/depurecousa.com\/es\/producto\/bl45-jc-atex-aspiradora-industrial-certificada-atex\/","title":{"rendered":"BL45 JC ATEX <br>ASPIRADORA INDUSTRIAL CERTIFICADA ATEX"},"content":{"rendered":"<p>La aspiradora industrial sin escobillas BL 45 JC Z22 es una aspiradora con certificaci\u00f3n ATEX Z22 dise\u00f1ada para uso industrial. Utiliza un motor Brushless de alto rendimiento para una aspiraci\u00f3n silenciosa pero potente. Esta aspiradora cuenta con un filtro de gran superficie, certificado como clase M, con una eficacia de filtraci\u00f3n de hasta 1 micra. Bajo pedido, se puede instalar un filtro absoluto H14 opcional para capturar incluso las part\u00edculas de polvo m\u00e1s finas. La aspiradora est\u00e1 equipada con un sistema semiautom\u00e1tico de limpieza del filtro JetClean\u00ae, que permite limpiar el filtro sin interrumpir el proceso de aspiraci\u00f3n. El material recogido se almacena en un contenedor de 12 galones fabricado en acero inoxidable AISI 304, que est\u00e1 montado sobre ruedas para facilitar su movilidad.<\/p>\n<p>&nbsp;<\/p>\n<p><iframe title=\"BL 20 JC Z22 | BL 45 JC Z22 | BL 45 Z22 | EXPLOSION PROOF VACUUM CLEANERS\" width=\"800\" height=\"450\" src=\"https:\/\/www.youtube.com\/embed\/A59h6cACgtw?feature=oembed\" frameborder=\"0\" allow=\"accelerometer; autoplay; clipboard-write; encrypted-media; gyroscope; picture-in-picture; web-share\" referrerpolicy=\"strict-origin-when-cross-origin\" allowfullscreen><\/iframe><\/p>\n","protected":false},"excerpt":{"rendered":"<p>La aspiradora industrial sin escobillas BL 45 JC Z22 es una aspiradora con certificaci\u00f3n ATEX Z22 dise\u00f1ada para uso industrial. Utiliza un motor Brushless de alto rendimiento para una aspiraci\u00f3n silenciosa pero potente. Esta aspiradora cuenta con un filtro de gran superficie, certificado como clase M, con una eficacia de filtraci\u00f3n de hasta 1 micra. [&hellip;]<\/p>\n","protected":false},"featured_media":4467,"template":"","meta":{"_acf_changed":false,"content-type":"","inline_featured_image":false},"product_brand":[],"product_cat":[184],"product_tag":[],"class_list":{"0":"post-7844","1":"product","2":"type-product","3":"status-publish","4":"has-post-thumbnail","6":"product_cat-aspiradoras-industriales-antideflagrantes","8":"first","9":"instock","10":"shipping-taxable","11":"product-type-simple"},"acf":[],"yoast_head":"<!-- This site is optimized with the Yoast SEO Premium plugin v27.0 (Yoast SEO v27.3) - https:\/\/yoast.com\/product\/yoast-seo-premium-wordpress\/ -->\n<title>Vac\u00edo industrial antideflagrante BL45 JC ATEX ASPIRADORA INDUSTRIAL CERTIFICADA ATEX - Depureco USA<\/title>\n<meta name=\"description\" content=\"La aspiradora industrial sin escobillas BL 45 JC Z22 es una aspiradora con certificaci\u00f3n ATEX Z22 dise\u00f1ada para uso industrial. Utiliza un motor Brushless de alto rendimiento para una aspiraci\u00f3n silenciosa pero potente.\" \/>\n<meta name=\"robots\" content=\"index, follow, max-snippet:-1, max-image-preview:large, max-video-preview:-1\" \/>\n<link rel=\"canonical\" href=\"https:\/\/depurecousa.com\/es\/product\/bl45-jc-atex-aspiradora-industrial-certificada-atex\/\" \/>\n<meta property=\"og:locale\" content=\"es_ES\" \/>\n<meta property=\"og:type\" content=\"article\" \/>\n<meta property=\"og:title\" content=\"BL45 JC ATEX ASPIRADORA INDUSTRIAL CERTIFICADA ATEX\" \/>\n<meta property=\"og:description\" content=\"La aspiradora industrial sin escobillas BL 45 JC Z22 es una aspiradora con certificaci\u00f3n ATEX Z22 dise\u00f1ada para uso industrial. Utiliza un motor Brushless de alto rendimiento para una aspiraci\u00f3n silenciosa pero potente.\" \/>\n<meta property=\"og:url\" content=\"https:\/\/depurecousa.com\/es\/product\/bl45-jc-atex-aspiradora-industrial-certificada-atex\/\" \/>\n<meta property=\"og:site_name\" content=\"Depureco USA\" \/>\n<meta property=\"article:modified_time\" content=\"2024-10-17T10:20:47+00:00\" \/>\n<meta property=\"og:image\" content=\"https:\/\/depurecousa.com\/app\/uploads\/2023\/06\/bl45jc-z22.webp\" \/>\n\t<meta property=\"og:image:width\" content=\"800\" \/>\n\t<meta property=\"og:image:height\" content=\"800\" \/>\n\t<meta property=\"og:image:type\" content=\"image\/webp\" \/>\n<meta name=\"twitter:card\" content=\"summary_large_image\" \/>\n<meta name=\"twitter:label1\" content=\"Precio\" \/>\n\t<meta name=\"twitter:data1\" content=\"\" \/>\n\t<meta name=\"twitter:label2\" content=\"Disponibilidad\" \/>\n\t<meta name=\"twitter:data2\" content=\"Disponible\" \/>\n<script type=\"application\/ld+json\" class=\"yoast-schema-graph\">{\"@context\":\"https:\\\/\\\/schema.org\",\"@graph\":[{\"@type\":[\"WebPage\",\"ItemPage\"],\"@id\":\"https:\\\/\\\/depurecousa.com\\\/es\\\/product\\\/bl45-jc-atex-aspiradora-industrial-certificada-atex\\\/\",\"url\":\"https:\\\/\\\/depurecousa.com\\\/es\\\/product\\\/bl45-jc-atex-aspiradora-industrial-certificada-atex\\\/\",\"name\":\"Vac\u00edo industrial antideflagrante BL45 JC ATEX ASPIRADORA INDUSTRIAL CERTIFICADA ATEX - Depureco USA\",\"isPartOf\":{\"@id\":\"https:\\\/\\\/depurecousa.com\\\/#website\"},\"primaryImageOfPage\":{\"@id\":\"https:\\\/\\\/depurecousa.com\\\/es\\\/product\\\/bl45-jc-atex-aspiradora-industrial-certificada-atex\\\/#primaryimage\"},\"image\":{\"@id\":\"https:\\\/\\\/depurecousa.com\\\/es\\\/product\\\/bl45-jc-atex-aspiradora-industrial-certificada-atex\\\/#primaryimage\"},\"thumbnailUrl\":\"https:\\\/\\\/depurecousa.com\\\/app\\\/uploads\\\/2023\\\/06\\\/bl45jc-z22.webp\",\"datePublished\":\"2023-04-04T14:42:09+00:00\",\"dateModified\":\"2024-10-17T10:20:47+00:00\",\"description\":\"La aspiradora industrial sin escobillas BL 45 JC Z22 es una aspiradora con certificaci\u00f3n ATEX Z22 dise\u00f1ada para uso industrial. Utiliza un motor Brushless de alto rendimiento para una aspiraci\u00f3n silenciosa pero potente.\",\"breadcrumb\":{\"@id\":\"https:\\\/\\\/depurecousa.com\\\/es\\\/product\\\/bl45-jc-atex-aspiradora-industrial-certificada-atex\\\/#breadcrumb\"},\"inLanguage\":\"es\",\"potentialAction\":[{\"@type\":\"ReadAction\",\"target\":[\"https:\\\/\\\/depurecousa.com\\\/es\\\/product\\\/bl45-jc-atex-aspiradora-industrial-certificada-atex\\\/\"]}]},{\"@type\":\"ImageObject\",\"inLanguage\":\"es\",\"@id\":\"https:\\\/\\\/depurecousa.com\\\/es\\\/product\\\/bl45-jc-atex-aspiradora-industrial-certificada-atex\\\/#primaryimage\",\"url\":\"https:\\\/\\\/depurecousa.com\\\/app\\\/uploads\\\/2023\\\/06\\\/bl45jc-z22.webp\",\"contentUrl\":\"https:\\\/\\\/depurecousa.com\\\/app\\\/uploads\\\/2023\\\/06\\\/bl45jc-z22.webp\",\"width\":800,\"height\":800,\"caption\":\"Grounded ATEX Z22 compact vacuum with JetClean\u00ae manual shaker; add HEPA H14 for hazardous dust capture\u2014129 CFM, \u2264 72 dB, 11-gal stainless bin.\"},{\"@type\":\"BreadcrumbList\",\"@id\":\"https:\\\/\\\/depurecousa.com\\\/es\\\/product\\\/bl45-jc-atex-aspiradora-industrial-certificada-atex\\\/#breadcrumb\",\"itemListElement\":[{\"@type\":\"ListItem\",\"position\":1,\"name\":\"Home\",\"item\":\"https:\\\/\\\/depurecousa.com\\\/es\\\/hogar\\\/\"},{\"@type\":\"ListItem\",\"position\":2,\"name\":\"Products\",\"item\":\"https:\\\/\\\/depurecousa.com\\\/shop\\\/\"},{\"@type\":\"ListItem\",\"position\":3,\"name\":\"EXPLOSION PROOF INDUSTRIAL VACUUMS\",\"item\":\"https:\\\/\\\/depurecousa.com\\\/product-category\\\/explosion-proof-industrial-vacuums\\\/\"},{\"@type\":\"ListItem\",\"position\":4,\"name\":\"BL45 JC ATEX ASPIRADORA INDUSTRIAL CERTIFICADA ATEX\"}]},{\"@type\":\"WebSite\",\"@id\":\"https:\\\/\\\/depurecousa.com\\\/#website\",\"url\":\"https:\\\/\\\/depurecousa.com\\\/\",\"name\":\"Depureco USA\",\"description\":\"Aspiradoras industriales y sistemas centralizados\",\"publisher\":{\"@id\":\"https:\\\/\\\/depurecousa.com\\\/#organization\"},\"potentialAction\":[{\"@type\":\"SearchAction\",\"target\":{\"@type\":\"EntryPoint\",\"urlTemplate\":\"https:\\\/\\\/depurecousa.com\\\/?s={search_term_string}\"},\"query-input\":{\"@type\":\"PropertyValueSpecification\",\"valueRequired\":true,\"valueName\":\"search_term_string\"}}],\"inLanguage\":\"es\"},{\"@type\":[\"Organization\",\"Place\"],\"@id\":\"https:\\\/\\\/depurecousa.com\\\/#organization\",\"name\":\"Depureco USA\",\"url\":\"https:\\\/\\\/depurecousa.com\\\/\",\"logo\":{\"@id\":\"https:\\\/\\\/depurecousa.com\\\/es\\\/product\\\/bl45-jc-atex-aspiradora-industrial-certificada-atex\\\/#local-main-organization-logo\"},\"image\":{\"@id\":\"https:\\\/\\\/depurecousa.com\\\/es\\\/product\\\/bl45-jc-atex-aspiradora-industrial-certificada-atex\\\/#local-main-organization-logo\"},\"address\":{\"@id\":\"https:\\\/\\\/depurecousa.com\\\/es\\\/product\\\/bl45-jc-atex-aspiradora-industrial-certificada-atex\\\/#local-main-place-address\"},\"geo\":{\"@type\":\"GeoCoordinates\",\"latitude\":\"30.024973508015663\",\"longitude\":\"-97.86156736732772\"},\"telephone\":[\"7377044347\"],\"contactPoint\":{\"@type\":\"ContactPoint\",\"telephone\":\"7377044347\",\"email\":\"simone.bacciu@depurecousa.com\"},\"openingHoursSpecification\":[{\"@type\":\"OpeningHoursSpecification\",\"dayOfWeek\":[\"Monday\",\"Tuesday\",\"Wednesday\",\"Thursday\",\"Friday\",\"Saturday\",\"Sunday\"],\"opens\":\"09:00\",\"closes\":\"17:00\"}],\"email\":\"info@depurecousa.com\",\"faxNumber\":\"Depureco Industrial Vacuums Corp\",\"areaServed\":\"United States\",\"globalLocationNumber\":\"24FQ+X9 Kyle, Texas\"},{\"@type\":\"PostalAddress\",\"@id\":\"https:\\\/\\\/depurecousa.com\\\/es\\\/product\\\/bl45-jc-atex-aspiradora-industrial-certificada-atex\\\/#local-main-place-address\",\"streetAddress\":\"19121 Marketplace Avenue, Building 1, Suite 165\",\"addressLocality\":\"KYLE\",\"postalCode\":\"78640\",\"addressRegion\":\"TX\",\"addressCountry\":\"US\"},{\"@type\":\"ImageObject\",\"inLanguage\":\"es\",\"@id\":\"https:\\\/\\\/depurecousa.com\\\/es\\\/product\\\/bl45-jc-atex-aspiradora-industrial-certificada-atex\\\/#local-main-organization-logo\",\"url\":\"https:\\\/\\\/depurecousa.com\\\/app\\\/uploads\\\/2023\\\/06\\\/depureco-logo-ico.png\",\"contentUrl\":\"https:\\\/\\\/depurecousa.com\\\/app\\\/uploads\\\/2023\\\/06\\\/depureco-logo-ico.png\",\"width\":512,\"height\":512,\"caption\":\"Depureco USA\"}]}<\/script>\n<meta property=\"product:price:currency\" content=\"USD\" \/>\n<meta property=\"og:availability\" content=\"instock\" \/>\n<meta property=\"product:availability\" content=\"instock\" \/>\n<meta property=\"product:condition\" content=\"new\" \/>\n<meta name=\"geo.placename\" content=\"KYLE\" \/>\n<meta name=\"geo.position\" content=\"30.024973508015663;-97.86156736732772\" \/>\n<meta name=\"geo.region\" content=\"Estados Unidos (EEUU)\" \/>\n<!-- \/ Yoast SEO Premium plugin. -->","yoast_head_json":{"title":"Vac\u00edo industrial antideflagrante BL45 JC ATEX ASPIRADORA INDUSTRIAL CERTIFICADA ATEX - Depureco USA","description":"La aspiradora industrial sin escobillas BL 45 JC Z22 es una aspiradora con certificaci\u00f3n ATEX Z22 dise\u00f1ada para uso industrial. Utiliza un motor Brushless de alto rendimiento para una aspiraci\u00f3n silenciosa pero potente.","robots":{"index":"index","follow":"follow","max-snippet":"max-snippet:-1","max-image-preview":"max-image-preview:large","max-video-preview":"max-video-preview:-1"},"canonical":"https:\/\/depurecousa.com\/es\/product\/bl45-jc-atex-aspiradora-industrial-certificada-atex\/","og_locale":"es_ES","og_type":"article","og_title":"BL45 JC ATEX ASPIRADORA INDUSTRIAL CERTIFICADA ATEX","og_description":"La aspiradora industrial sin escobillas BL 45 JC Z22 es una aspiradora con certificaci\u00f3n ATEX Z22 dise\u00f1ada para uso industrial. Utiliza un motor Brushless de alto rendimiento para una aspiraci\u00f3n silenciosa pero potente.","og_url":"https:\/\/depurecousa.com\/es\/product\/bl45-jc-atex-aspiradora-industrial-certificada-atex\/","og_site_name":"Depureco USA","article_modified_time":"2024-10-17T10:20:47+00:00","og_image":[{"width":800,"height":800,"url":"https:\/\/depurecousa.com\/app\/uploads\/2023\/06\/bl45jc-z22.webp","type":"image\/webp"}],"twitter_card":"summary_large_image","twitter_misc":{"Precio":"","Disponibilidad":"Disponible"},"schema":{"@context":"https:\/\/schema.org","@graph":[{"@type":["WebPage","ItemPage"],"@id":"https:\/\/depurecousa.com\/es\/product\/bl45-jc-atex-aspiradora-industrial-certificada-atex\/","url":"https:\/\/depurecousa.com\/es\/product\/bl45-jc-atex-aspiradora-industrial-certificada-atex\/","name":"Vac\u00edo industrial antideflagrante BL45 JC ATEX ASPIRADORA INDUSTRIAL CERTIFICADA ATEX - Depureco USA","isPartOf":{"@id":"https:\/\/depurecousa.com\/#website"},"primaryImageOfPage":{"@id":"https:\/\/depurecousa.com\/es\/product\/bl45-jc-atex-aspiradora-industrial-certificada-atex\/#primaryimage"},"image":{"@id":"https:\/\/depurecousa.com\/es\/product\/bl45-jc-atex-aspiradora-industrial-certificada-atex\/#primaryimage"},"thumbnailUrl":"https:\/\/depurecousa.com\/app\/uploads\/2023\/06\/bl45jc-z22.webp","datePublished":"2023-04-04T14:42:09+00:00","dateModified":"2024-10-17T10:20:47+00:00","description":"La aspiradora industrial sin escobillas BL 45 JC Z22 es una aspiradora con certificaci\u00f3n ATEX Z22 dise\u00f1ada para uso industrial. Utiliza un motor Brushless de alto rendimiento para una aspiraci\u00f3n silenciosa pero potente.","breadcrumb":{"@id":"https:\/\/depurecousa.com\/es\/product\/bl45-jc-atex-aspiradora-industrial-certificada-atex\/#breadcrumb"},"inLanguage":"es","potentialAction":[{"@type":"ReadAction","target":["https:\/\/depurecousa.com\/es\/product\/bl45-jc-atex-aspiradora-industrial-certificada-atex\/"]}]},{"@type":"ImageObject","inLanguage":"es","@id":"https:\/\/depurecousa.com\/es\/product\/bl45-jc-atex-aspiradora-industrial-certificada-atex\/#primaryimage","url":"https:\/\/depurecousa.com\/app\/uploads\/2023\/06\/bl45jc-z22.webp","contentUrl":"https:\/\/depurecousa.com\/app\/uploads\/2023\/06\/bl45jc-z22.webp","width":800,"height":800,"caption":"Grounded ATEX Z22 compact vacuum with JetClean\u00ae manual shaker; add HEPA H14 for hazardous dust capture\u2014129 CFM, \u2264 72 dB, 11-gal stainless bin."},{"@type":"BreadcrumbList","@id":"https:\/\/depurecousa.com\/es\/product\/bl45-jc-atex-aspiradora-industrial-certificada-atex\/#breadcrumb","itemListElement":[{"@type":"ListItem","position":1,"name":"Home","item":"https:\/\/depurecousa.com\/es\/hogar\/"},{"@type":"ListItem","position":2,"name":"Products","item":"https:\/\/depurecousa.com\/shop\/"},{"@type":"ListItem","position":3,"name":"EXPLOSION PROOF INDUSTRIAL VACUUMS","item":"https:\/\/depurecousa.com\/product-category\/explosion-proof-industrial-vacuums\/"},{"@type":"ListItem","position":4,"name":"BL45 JC ATEX ASPIRADORA INDUSTRIAL CERTIFICADA ATEX"}]},{"@type":"WebSite","@id":"https:\/\/depurecousa.com\/#website","url":"https:\/\/depurecousa.com\/","name":"Depureco USA","description":"Aspiradoras industriales y sistemas centralizados","publisher":{"@id":"https:\/\/depurecousa.com\/#organization"},"potentialAction":[{"@type":"SearchAction","target":{"@type":"EntryPoint","urlTemplate":"https:\/\/depurecousa.com\/?s={search_term_string}"},"query-input":{"@type":"PropertyValueSpecification","valueRequired":true,"valueName":"search_term_string"}}],"inLanguage":"es"},{"@type":["Organization","Place"],"@id":"https:\/\/depurecousa.com\/#organization","name":"Depureco USA","url":"https:\/\/depurecousa.com\/","logo":{"@id":"https:\/\/depurecousa.com\/es\/product\/bl45-jc-atex-aspiradora-industrial-certificada-atex\/#local-main-organization-logo"},"image":{"@id":"https:\/\/depurecousa.com\/es\/product\/bl45-jc-atex-aspiradora-industrial-certificada-atex\/#local-main-organization-logo"},"address":{"@id":"https:\/\/depurecousa.com\/es\/product\/bl45-jc-atex-aspiradora-industrial-certificada-atex\/#local-main-place-address"},"geo":{"@type":"GeoCoordinates","latitude":"30.024973508015663","longitude":"-97.86156736732772"},"telephone":["7377044347"],"contactPoint":{"@type":"ContactPoint","telephone":"7377044347","email":"simone.bacciu@depurecousa.com"},"openingHoursSpecification":[{"@type":"OpeningHoursSpecification","dayOfWeek":["Monday","Tuesday","Wednesday","Thursday","Friday","Saturday","Sunday"],"opens":"09:00","closes":"17:00"}],"email":"info@depurecousa.com","faxNumber":"Depureco Industrial Vacuums Corp","areaServed":"United States","globalLocationNumber":"24FQ+X9 Kyle, Texas"},{"@type":"PostalAddress","@id":"https:\/\/depurecousa.com\/es\/product\/bl45-jc-atex-aspiradora-industrial-certificada-atex\/#local-main-place-address","streetAddress":"19121 Marketplace Avenue, Building 1, Suite 165","addressLocality":"KYLE","postalCode":"78640","addressRegion":"TX","addressCountry":"US"},{"@type":"ImageObject","inLanguage":"es","@id":"https:\/\/depurecousa.com\/es\/product\/bl45-jc-atex-aspiradora-industrial-certificada-atex\/#local-main-organization-logo","url":"https:\/\/depurecousa.com\/app\/uploads\/2023\/06\/depureco-logo-ico.png","contentUrl":"https:\/\/depurecousa.com\/app\/uploads\/2023\/06\/depureco-logo-ico.png","width":512,"height":512,"caption":"Depureco USA"}]},"product_price_currency":"USD","og_availability":"instock","product_availability":"instock","product_condition":"new","geo.placename":"KYLE","geo.position":{"lat":"30.024973508015663","long":"-97.86156736732772"},"geo.region":"Estados Unidos (EEUU)"},"_links":{"self":[{"href":"https:\/\/depurecousa.com\/es\/wp-json\/wp\/v2\/product\/7844","targetHints":{"allow":["GET"]}}],"collection":[{"href":"https:\/\/depurecousa.com\/es\/wp-json\/wp\/v2\/product"}],"about":[{"href":"https:\/\/depurecousa.com\/es\/wp-json\/wp\/v2\/types\/product"}],"wp:featuredmedia":[{"embeddable":true,"href":"https:\/\/depurecousa.com\/es\/wp-json\/wp\/v2\/media\/4467"}],"wp:attachment":[{"href":"https:\/\/depurecousa.com\/es\/wp-json\/wp\/v2\/media?parent=7844"}],"wp:term":[{"taxonomy":"product_brand","embeddable":true,"href":"https:\/\/depurecousa.com\/es\/wp-json\/wp\/v2\/product_brand?post=7844"},{"taxonomy":"product_cat","embeddable":true,"href":"https:\/\/depurecousa.com\/es\/wp-json\/wp\/v2\/product_cat?post=7844"},{"taxonomy":"product_tag","embeddable":true,"href":"https:\/\/depurecousa.com\/es\/wp-json\/wp\/v2\/product_tag?post=7844"}],"curies":[{"name":"wp","href":"https:\/\/api.w.org\/{rel}","templated":true}]}}