{"id":7845,"date":"2023-01-05T08:42:14","date_gmt":"2023-01-05T15:42:14","guid":{"rendered":"https:\/\/depurecousa.com\/product\/m100-nfpa\/"},"modified":"2024-12-04T03:05:53","modified_gmt":"2024-12-04T10:05:53","slug":"m100-nfpa","status":"publish","type":"product","link":"https:\/\/depurecousa.com\/es\/producto\/m100-nfpa\/","title":{"rendered":"M100 NFPA"},"content":{"rendered":"<p>Depureco M100 NFPA compliant, con sus 3 motores By-Pass, alcanza una impresionante potencia de salida de hasta 1 CV. Sobresale en diversas condiciones, manejando eficazmente polvo, virutas, l\u00edquidos y materiales dif\u00edciles con el uso de tuber\u00edas extendidas que alcanzan varios metros. Equipado con un filtro de bolsa de poli\u00e9ster con una superficie de 3720 inc2, este filtro est\u00e1 certificado como Clase M por el BIA (Berufsgenossenschaftliches Institut f\u00fcr Arbeitssicherheit) con una eficacia de filtraci\u00f3n de 1\u00b5. La aspiradora industrial cuenta con un sistema de limpieza manual del filtro, f\u00e1cil y eficaz de activar mediante una palanca situada en el lateral de la aspiradora. Adem\u00e1s, la aspiradora M100 est\u00e1 equipada con un pr\u00e1ctico contenedor desmontable montado sobre ruedas, que facilita la recogida y c\u00f3moda eliminaci\u00f3n de los materiales aspirados. El contenedor tiene una capacidad de 26,42 galones y cuenta con un soporte exterior reforzado para las cuatro ruedas giratorias, lo que garantiza un manejo seguro incluso cuando se transportan varios kilogramos de material. Adem\u00e1s, se puede solicitar un kit basculante para los contenedores.<\/p>\n<p>&nbsp;<\/p>\n<p><iframe title=\"Industrial Vacuum M 65 (M100) NFPA\" width=\"800\" height=\"450\" src=\"https:\/\/www.youtube.com\/embed\/OIo2uYEwuqc?feature=oembed\" frameborder=\"0\" allow=\"accelerometer; autoplay; clipboard-write; encrypted-media; gyroscope; picture-in-picture; web-share\" referrerpolicy=\"strict-origin-when-cross-origin\" allowfullscreen><\/iframe><\/p>\n","protected":false},"excerpt":{"rendered":"<p>Depureco M100 NFPA compliant, con sus 3 motores By-Pass, alcanza una impresionante potencia de salida de hasta 1 CV. Sobresale en diversas condiciones, manejando eficazmente polvo, virutas, l\u00edquidos y materiales dif\u00edciles con el uso de tuber\u00edas extendidas que alcanzan varios metros. Equipado con un filtro de bolsa de poli\u00e9ster con una superficie de 3720 inc2, [&hellip;]<\/p>\n","protected":false},"featured_media":13162,"template":"","meta":{"_acf_changed":false,"content-type":"","inline_featured_image":false},"product_brand":[],"product_cat":[184],"product_tag":[],"class_list":{"0":"post-7845","1":"product","2":"type-product","3":"status-publish","4":"has-post-thumbnail","6":"product_cat-aspiradoras-industriales-antideflagrantes","8":"first","9":"instock","10":"shipping-taxable","11":"product-type-simple"},"acf":[],"yoast_head":"<!-- This site is optimized with the Yoast SEO Premium plugin v27.0 (Yoast SEO v27.3) - https:\/\/yoast.com\/product\/yoast-seo-premium-wordpress\/ -->\n<title>Vac\u00edo industrial antideflagrante M100 NFPA - Depureco USA<\/title>\n<meta name=\"description\" content=\"Depureco M100 NFPA compliant, con sus 3 motores By-Pass, alcanza una impresionante potencia de salida de hasta 1 CV. Sobresale en diversas condiciones, manejando eficazmente polvo, virutas, l\u00edquidos y materiales dif\u00edciles con el uso de tuber\u00edas extendidas que alcanzan varios metros.\" \/>\n<meta name=\"robots\" content=\"index, follow, max-snippet:-1, max-image-preview:large, max-video-preview:-1\" \/>\n<link rel=\"canonical\" href=\"https:\/\/depurecousa.com\/es\/producto\/m100-nfpa\/\" \/>\n<meta property=\"og:locale\" content=\"es_ES\" \/>\n<meta property=\"og:type\" content=\"article\" \/>\n<meta property=\"og:title\" content=\"M100 NFPA\" \/>\n<meta property=\"og:description\" content=\"Depureco M100 NFPA compliant, con sus 3 motores By-Pass, alcanza una impresionante potencia de salida de hasta 1 CV. Sobresale en diversas condiciones, manejando eficazmente polvo, virutas, l\u00edquidos y materiales dif\u00edciles con el uso de tuber\u00edas extendidas que alcanzan varios metros.\" \/>\n<meta property=\"og:url\" content=\"https:\/\/depurecousa.com\/es\/producto\/m100-nfpa\/\" \/>\n<meta property=\"og:site_name\" content=\"Depureco USA\" \/>\n<meta property=\"article:modified_time\" content=\"2024-12-04T10:05:53+00:00\" \/>\n<meta property=\"og:image\" content=\"https:\/\/depurecousa.com\/app\/uploads\/2023\/06\/m100ex.png\" \/>\n\t<meta property=\"og:image:width\" content=\"600\" \/>\n\t<meta property=\"og:image:height\" content=\"600\" \/>\n\t<meta property=\"og:image:type\" content=\"image\/png\" \/>\n<meta name=\"twitter:card\" content=\"summary_large_image\" \/>\n<meta name=\"twitter:label1\" content=\"Precio\" \/>\n\t<meta name=\"twitter:data1\" content=\"\" \/>\n\t<meta name=\"twitter:label2\" content=\"Disponibilidad\" \/>\n\t<meta name=\"twitter:data2\" content=\"Disponible\" \/>\n<script type=\"application\/ld+json\" class=\"yoast-schema-graph\">{\"@context\":\"https:\\\/\\\/schema.org\",\"@graph\":[{\"@type\":[\"WebPage\",\"ItemPage\"],\"@id\":\"https:\\\/\\\/depurecousa.com\\\/es\\\/producto\\\/m100-nfpa\\\/\",\"url\":\"https:\\\/\\\/depurecousa.com\\\/es\\\/producto\\\/m100-nfpa\\\/\",\"name\":\"Vac\u00edo industrial antideflagrante M100 NFPA - Depureco USA\",\"isPartOf\":{\"@id\":\"https:\\\/\\\/depurecousa.com\\\/#website\"},\"primaryImageOfPage\":{\"@id\":\"https:\\\/\\\/depurecousa.com\\\/es\\\/producto\\\/m100-nfpa\\\/#primaryimage\"},\"image\":{\"@id\":\"https:\\\/\\\/depurecousa.com\\\/es\\\/producto\\\/m100-nfpa\\\/#primaryimage\"},\"thumbnailUrl\":\"https:\\\/\\\/depurecousa.com\\\/app\\\/uploads\\\/2023\\\/01\\\/M100-NFPA.png\",\"datePublished\":\"2023-01-05T15:42:14+00:00\",\"dateModified\":\"2024-12-04T10:05:53+00:00\",\"description\":\"Depureco M100 NFPA compliant, con sus 3 motores By-Pass, alcanza una impresionante potencia de salida de hasta 1 CV. Sobresale en diversas condiciones, manejando eficazmente polvo, virutas, l\u00edquidos y materiales dif\u00edciles con el uso de tuber\u00edas extendidas que alcanzan varios metros.\",\"breadcrumb\":{\"@id\":\"https:\\\/\\\/depurecousa.com\\\/es\\\/producto\\\/m100-nfpa\\\/#breadcrumb\"},\"inLanguage\":\"es\",\"potentialAction\":[{\"@type\":\"ReadAction\",\"target\":[\"https:\\\/\\\/depurecousa.com\\\/es\\\/producto\\\/m100-nfpa\\\/\"]}]},{\"@type\":\"ImageObject\",\"inLanguage\":\"es\",\"@id\":\"https:\\\/\\\/depurecousa.com\\\/es\\\/producto\\\/m100-nfpa\\\/#primaryimage\",\"url\":\"https:\\\/\\\/depurecousa.com\\\/app\\\/uploads\\\/2023\\\/01\\\/M100-NFPA.png\",\"contentUrl\":\"https:\\\/\\\/depurecousa.com\\\/app\\\/uploads\\\/2023\\\/01\\\/M100-NFPA.png\",\"width\":600,\"height\":600,\"caption\":\"M100 NFPA\"},{\"@type\":\"BreadcrumbList\",\"@id\":\"https:\\\/\\\/depurecousa.com\\\/es\\\/producto\\\/m100-nfpa\\\/#breadcrumb\",\"itemListElement\":[{\"@type\":\"ListItem\",\"position\":1,\"name\":\"Home\",\"item\":\"https:\\\/\\\/depurecousa.com\\\/es\\\/hogar\\\/\"},{\"@type\":\"ListItem\",\"position\":2,\"name\":\"Products\",\"item\":\"https:\\\/\\\/depurecousa.com\\\/shop\\\/\"},{\"@type\":\"ListItem\",\"position\":3,\"name\":\"EXPLOSION PROOF INDUSTRIAL VACUUMS\",\"item\":\"https:\\\/\\\/depurecousa.com\\\/product-category\\\/explosion-proof-industrial-vacuums\\\/\"},{\"@type\":\"ListItem\",\"position\":4,\"name\":\"M100 NFPA\"}]},{\"@type\":\"WebSite\",\"@id\":\"https:\\\/\\\/depurecousa.com\\\/#website\",\"url\":\"https:\\\/\\\/depurecousa.com\\\/\",\"name\":\"Depureco USA\",\"description\":\"Aspiradoras industriales y sistemas centralizados\",\"publisher\":{\"@id\":\"https:\\\/\\\/depurecousa.com\\\/#organization\"},\"potentialAction\":[{\"@type\":\"SearchAction\",\"target\":{\"@type\":\"EntryPoint\",\"urlTemplate\":\"https:\\\/\\\/depurecousa.com\\\/?s={search_term_string}\"},\"query-input\":{\"@type\":\"PropertyValueSpecification\",\"valueRequired\":true,\"valueName\":\"search_term_string\"}}],\"inLanguage\":\"es\"},{\"@type\":[\"Organization\",\"Place\"],\"@id\":\"https:\\\/\\\/depurecousa.com\\\/#organization\",\"name\":\"Depureco USA\",\"url\":\"https:\\\/\\\/depurecousa.com\\\/\",\"logo\":{\"@id\":\"https:\\\/\\\/depurecousa.com\\\/es\\\/producto\\\/m100-nfpa\\\/#local-main-organization-logo\"},\"image\":{\"@id\":\"https:\\\/\\\/depurecousa.com\\\/es\\\/producto\\\/m100-nfpa\\\/#local-main-organization-logo\"},\"address\":{\"@id\":\"https:\\\/\\\/depurecousa.com\\\/es\\\/producto\\\/m100-nfpa\\\/#local-main-place-address\"},\"geo\":{\"@type\":\"GeoCoordinates\",\"latitude\":\"30.024973508015663\",\"longitude\":\"-97.86156736732772\"},\"telephone\":[\"7377044347\"],\"contactPoint\":{\"@type\":\"ContactPoint\",\"telephone\":\"7377044347\",\"email\":\"simone.bacciu@depurecousa.com\"},\"openingHoursSpecification\":[{\"@type\":\"OpeningHoursSpecification\",\"dayOfWeek\":[\"Monday\",\"Tuesday\",\"Wednesday\",\"Thursday\",\"Friday\",\"Saturday\",\"Sunday\"],\"opens\":\"09:00\",\"closes\":\"17:00\"}],\"email\":\"info@depurecousa.com\",\"faxNumber\":\"Depureco Industrial Vacuums Corp\",\"areaServed\":\"United States\",\"globalLocationNumber\":\"24FQ+X9 Kyle, Texas\"},{\"@type\":\"PostalAddress\",\"@id\":\"https:\\\/\\\/depurecousa.com\\\/es\\\/producto\\\/m100-nfpa\\\/#local-main-place-address\",\"streetAddress\":\"19121 Marketplace Avenue, Building 1, Suite 165\",\"addressLocality\":\"KYLE\",\"postalCode\":\"78640\",\"addressRegion\":\"TX\",\"addressCountry\":\"US\"},{\"@type\":\"ImageObject\",\"inLanguage\":\"es\",\"@id\":\"https:\\\/\\\/depurecousa.com\\\/es\\\/producto\\\/m100-nfpa\\\/#local-main-organization-logo\",\"url\":\"https:\\\/\\\/depurecousa.com\\\/app\\\/uploads\\\/2023\\\/06\\\/depureco-logo-ico.png\",\"contentUrl\":\"https:\\\/\\\/depurecousa.com\\\/app\\\/uploads\\\/2023\\\/06\\\/depureco-logo-ico.png\",\"width\":512,\"height\":512,\"caption\":\"Depureco USA\"}]}<\/script>\n<meta property=\"product:price:currency\" content=\"USD\" \/>\n<meta property=\"og:availability\" content=\"instock\" \/>\n<meta property=\"product:availability\" content=\"instock\" \/>\n<meta property=\"product:condition\" content=\"new\" \/>\n<meta name=\"geo.placename\" content=\"KYLE\" \/>\n<meta name=\"geo.position\" content=\"30.024973508015663;-97.86156736732772\" \/>\n<meta name=\"geo.region\" content=\"Estados Unidos (EEUU)\" \/>\n<!-- \/ Yoast SEO Premium plugin. -->","yoast_head_json":{"title":"Vac\u00edo industrial antideflagrante M100 NFPA - Depureco USA","description":"Depureco M100 NFPA compliant, con sus 3 motores By-Pass, alcanza una impresionante potencia de salida de hasta 1 CV. Sobresale en diversas condiciones, manejando eficazmente polvo, virutas, l\u00edquidos y materiales dif\u00edciles con el uso de tuber\u00edas extendidas que alcanzan varios metros.","robots":{"index":"index","follow":"follow","max-snippet":"max-snippet:-1","max-image-preview":"max-image-preview:large","max-video-preview":"max-video-preview:-1"},"canonical":"https:\/\/depurecousa.com\/es\/producto\/m100-nfpa\/","og_locale":"es_ES","og_type":"article","og_title":"M100 NFPA","og_description":"Depureco M100 NFPA compliant, con sus 3 motores By-Pass, alcanza una impresionante potencia de salida de hasta 1 CV. Sobresale en diversas condiciones, manejando eficazmente polvo, virutas, l\u00edquidos y materiales dif\u00edciles con el uso de tuber\u00edas extendidas que alcanzan varios metros.","og_url":"https:\/\/depurecousa.com\/es\/producto\/m100-nfpa\/","og_site_name":"Depureco USA","article_modified_time":"2024-12-04T10:05:53+00:00","og_image":[{"width":600,"height":600,"url":"https:\/\/depurecousa.com\/app\/uploads\/2023\/06\/m100ex.png","type":"image\/png"}],"twitter_card":"summary_large_image","twitter_misc":{"Precio":"","Disponibilidad":"Disponible"},"schema":{"@context":"https:\/\/schema.org","@graph":[{"@type":["WebPage","ItemPage"],"@id":"https:\/\/depurecousa.com\/es\/producto\/m100-nfpa\/","url":"https:\/\/depurecousa.com\/es\/producto\/m100-nfpa\/","name":"Vac\u00edo industrial antideflagrante M100 NFPA - Depureco USA","isPartOf":{"@id":"https:\/\/depurecousa.com\/#website"},"primaryImageOfPage":{"@id":"https:\/\/depurecousa.com\/es\/producto\/m100-nfpa\/#primaryimage"},"image":{"@id":"https:\/\/depurecousa.com\/es\/producto\/m100-nfpa\/#primaryimage"},"thumbnailUrl":"https:\/\/depurecousa.com\/app\/uploads\/2023\/01\/M100-NFPA.png","datePublished":"2023-01-05T15:42:14+00:00","dateModified":"2024-12-04T10:05:53+00:00","description":"Depureco M100 NFPA compliant, con sus 3 motores By-Pass, alcanza una impresionante potencia de salida de hasta 1 CV. Sobresale en diversas condiciones, manejando eficazmente polvo, virutas, l\u00edquidos y materiales dif\u00edciles con el uso de tuber\u00edas extendidas que alcanzan varios metros.","breadcrumb":{"@id":"https:\/\/depurecousa.com\/es\/producto\/m100-nfpa\/#breadcrumb"},"inLanguage":"es","potentialAction":[{"@type":"ReadAction","target":["https:\/\/depurecousa.com\/es\/producto\/m100-nfpa\/"]}]},{"@type":"ImageObject","inLanguage":"es","@id":"https:\/\/depurecousa.com\/es\/producto\/m100-nfpa\/#primaryimage","url":"https:\/\/depurecousa.com\/app\/uploads\/2023\/01\/M100-NFPA.png","contentUrl":"https:\/\/depurecousa.com\/app\/uploads\/2023\/01\/M100-NFPA.png","width":600,"height":600,"caption":"M100 NFPA"},{"@type":"BreadcrumbList","@id":"https:\/\/depurecousa.com\/es\/producto\/m100-nfpa\/#breadcrumb","itemListElement":[{"@type":"ListItem","position":1,"name":"Home","item":"https:\/\/depurecousa.com\/es\/hogar\/"},{"@type":"ListItem","position":2,"name":"Products","item":"https:\/\/depurecousa.com\/shop\/"},{"@type":"ListItem","position":3,"name":"EXPLOSION PROOF INDUSTRIAL VACUUMS","item":"https:\/\/depurecousa.com\/product-category\/explosion-proof-industrial-vacuums\/"},{"@type":"ListItem","position":4,"name":"M100 NFPA"}]},{"@type":"WebSite","@id":"https:\/\/depurecousa.com\/#website","url":"https:\/\/depurecousa.com\/","name":"Depureco USA","description":"Aspiradoras industriales y sistemas centralizados","publisher":{"@id":"https:\/\/depurecousa.com\/#organization"},"potentialAction":[{"@type":"SearchAction","target":{"@type":"EntryPoint","urlTemplate":"https:\/\/depurecousa.com\/?s={search_term_string}"},"query-input":{"@type":"PropertyValueSpecification","valueRequired":true,"valueName":"search_term_string"}}],"inLanguage":"es"},{"@type":["Organization","Place"],"@id":"https:\/\/depurecousa.com\/#organization","name":"Depureco USA","url":"https:\/\/depurecousa.com\/","logo":{"@id":"https:\/\/depurecousa.com\/es\/producto\/m100-nfpa\/#local-main-organization-logo"},"image":{"@id":"https:\/\/depurecousa.com\/es\/producto\/m100-nfpa\/#local-main-organization-logo"},"address":{"@id":"https:\/\/depurecousa.com\/es\/producto\/m100-nfpa\/#local-main-place-address"},"geo":{"@type":"GeoCoordinates","latitude":"30.024973508015663","longitude":"-97.86156736732772"},"telephone":["7377044347"],"contactPoint":{"@type":"ContactPoint","telephone":"7377044347","email":"simone.bacciu@depurecousa.com"},"openingHoursSpecification":[{"@type":"OpeningHoursSpecification","dayOfWeek":["Monday","Tuesday","Wednesday","Thursday","Friday","Saturday","Sunday"],"opens":"09:00","closes":"17:00"}],"email":"info@depurecousa.com","faxNumber":"Depureco Industrial Vacuums Corp","areaServed":"United States","globalLocationNumber":"24FQ+X9 Kyle, Texas"},{"@type":"PostalAddress","@id":"https:\/\/depurecousa.com\/es\/producto\/m100-nfpa\/#local-main-place-address","streetAddress":"19121 Marketplace Avenue, Building 1, Suite 165","addressLocality":"KYLE","postalCode":"78640","addressRegion":"TX","addressCountry":"US"},{"@type":"ImageObject","inLanguage":"es","@id":"https:\/\/depurecousa.com\/es\/producto\/m100-nfpa\/#local-main-organization-logo","url":"https:\/\/depurecousa.com\/app\/uploads\/2023\/06\/depureco-logo-ico.png","contentUrl":"https:\/\/depurecousa.com\/app\/uploads\/2023\/06\/depureco-logo-ico.png","width":512,"height":512,"caption":"Depureco USA"}]},"product_price_currency":"USD","og_availability":"instock","product_availability":"instock","product_condition":"new","geo.placename":"KYLE","geo.position":{"lat":"30.024973508015663","long":"-97.86156736732772"},"geo.region":"Estados Unidos (EEUU)"},"_links":{"self":[{"href":"https:\/\/depurecousa.com\/es\/wp-json\/wp\/v2\/product\/7845","targetHints":{"allow":["GET"]}}],"collection":[{"href":"https:\/\/depurecousa.com\/es\/wp-json\/wp\/v2\/product"}],"about":[{"href":"https:\/\/depurecousa.com\/es\/wp-json\/wp\/v2\/types\/product"}],"wp:featuredmedia":[{"embeddable":true,"href":"https:\/\/depurecousa.com\/es\/wp-json\/wp\/v2\/media\/13162"}],"wp:attachment":[{"href":"https:\/\/depurecousa.com\/es\/wp-json\/wp\/v2\/media?parent=7845"}],"wp:term":[{"taxonomy":"product_brand","embeddable":true,"href":"https:\/\/depurecousa.com\/es\/wp-json\/wp\/v2\/product_brand?post=7845"},{"taxonomy":"product_cat","embeddable":true,"href":"https:\/\/depurecousa.com\/es\/wp-json\/wp\/v2\/product_cat?post=7845"},{"taxonomy":"product_tag","embeddable":true,"href":"https:\/\/depurecousa.com\/es\/wp-json\/wp\/v2\/product_tag?post=7845"}],"curies":[{"name":"wp","href":"https:\/\/api.w.org\/{rel}","templated":true}]}}