{"id":7846,"date":"2023-03-03T07:25:45","date_gmt":"2023-03-03T14:25:45","guid":{"rendered":"https:\/\/depurecousa.com\/product\/bl45-atex\/"},"modified":"2024-10-17T04:21:05","modified_gmt":"2024-10-17T10:21:05","slug":"bl45-atex-aspiradora-industrial-prueba-expolosion","status":"publish","type":"product","link":"https:\/\/depurecousa.com\/es\/producto\/bl45-atex-aspiradora-industrial-prueba-expolosion\/","title":{"rendered":"BL45 ATEX <br>ASPIRADORA INDUSTRIAL A PRUEBA DE EXPOLOSI\u00d3N"},"content":{"rendered":"<p>Las aspiradoras industriales con certificaci\u00f3n ATEX son famosas por su seguridad en entornos peligrosos. Uno de estos modelos es el BL 45 Z22, una aspiradora compacta perteneciente a la gama Depureco con certificaci\u00f3n ATEX. Utiliza un motor sin escobillas de alto rendimiento que proporciona una potente succi\u00f3n y un funcionamiento silencioso. La aspiradora industrial BL 45 cuenta con un filtro de gran superficie con una impresionante \u00e1rea de 5,4 certificada como clase M para una excepcional eficacia de filtraci\u00f3n, capturando part\u00edculas tan peque\u00f1as como 1 micra. Bajo pedido, se puede instalar un filtro absoluto opcional H14 para eliminar incluso las part\u00edculas de polvo m\u00e1s finas. La c\u00e1mara del filtro est\u00e1 fabricada en acero inoxidable AISI 304 est\u00e1ndar, lo que garantiza su durabilidad y fiabilidad. La limpieza del filtro es pan comido gracias a la inclusi\u00f3n de un c\u00f3modo, robusto y muy eficaz agitador manual. Todo el material recogido se deposita en un contenedor de 12 galones de capacidad fabricado en acero inoxidable AISI 304, lo que aumenta a\u00fan m\u00e1s su durabilidad y facilidad de mantenimiento.<\/p>\n<p>&nbsp;<\/p>\n<p><iframe title=\"BL 20 JC Z22 | BL 45 JC Z22 | BL 45 Z22 | EXPLOSION PROOF VACUUM CLEANERS\" width=\"800\" height=\"450\" src=\"https:\/\/www.youtube.com\/embed\/A59h6cACgtw?feature=oembed\" frameborder=\"0\" allow=\"accelerometer; autoplay; clipboard-write; encrypted-media; gyroscope; picture-in-picture; web-share\" referrerpolicy=\"strict-origin-when-cross-origin\" allowfullscreen><\/iframe><\/p>\n","protected":false},"excerpt":{"rendered":"<p>Las aspiradoras industriales con certificaci\u00f3n ATEX son famosas por su seguridad en entornos peligrosos. Uno de estos modelos es el BL 45 Z22, una aspiradora compacta perteneciente a la gama Depureco con certificaci\u00f3n ATEX. Utiliza un motor sin escobillas de alto rendimiento que proporciona una potente succi\u00f3n y un funcionamiento silencioso. La aspiradora industrial BL [&hellip;]<\/p>\n","protected":false},"featured_media":4241,"template":"","meta":{"_acf_changed":false,"content-type":"","inline_featured_image":false},"product_brand":[],"product_cat":[184],"product_tag":[],"class_list":{"0":"post-7846","1":"product","2":"type-product","3":"status-publish","4":"has-post-thumbnail","6":"product_cat-aspiradoras-industriales-antideflagrantes","8":"first","9":"instock","10":"shipping-taxable","11":"product-type-simple"},"acf":[],"yoast_head":"<!-- This site is optimized with the Yoast SEO Premium plugin v27.0 (Yoast SEO v27.3) - https:\/\/yoast.com\/product\/yoast-seo-premium-wordpress\/ -->\n<title>Vac\u00edo industrial antideflagrante BL45 ATEX ASPIRADORA INDUSTRIAL A PRUEBA DE EXPOLOSI\u00d3N - Depureco USA<\/title>\n<meta name=\"description\" content=\"Las aspiradoras industriales con certificaci\u00f3n ATEX son famosas por su seguridad en entornos peligrosos. Uno de estos modelos es el BL 45 Z22, una aspiradora compacta perteneciente a la gama Depureco con certificaci\u00f3n ATEX.\" \/>\n<meta name=\"robots\" content=\"index, follow, max-snippet:-1, max-image-preview:large, max-video-preview:-1\" \/>\n<link rel=\"canonical\" href=\"https:\/\/depurecousa.com\/es\/producto\/bl45-atex-aspiradora-industrial-prueba-expolosion\/\" \/>\n<meta property=\"og:locale\" content=\"es_ES\" \/>\n<meta property=\"og:type\" content=\"article\" \/>\n<meta property=\"og:title\" content=\"BL45 ATEX ASPIRADORA INDUSTRIAL A PRUEBA DE EXPOLOSI\u00d3N\" \/>\n<meta property=\"og:description\" content=\"Las aspiradoras industriales con certificaci\u00f3n ATEX son famosas por su seguridad en entornos peligrosos. Uno de estos modelos es el BL 45 Z22, una aspiradora compacta perteneciente a la gama Depureco con certificaci\u00f3n ATEX.\" \/>\n<meta property=\"og:url\" content=\"https:\/\/depurecousa.com\/es\/producto\/bl45-atex-aspiradora-industrial-prueba-expolosion\/\" \/>\n<meta property=\"og:site_name\" content=\"Depureco USA\" \/>\n<meta property=\"article:modified_time\" content=\"2024-10-17T10:21:05+00:00\" \/>\n<meta property=\"og:image\" content=\"https:\/\/depurecousa.com\/app\/uploads\/2023\/06\/bl_45_z22_new_ridotta.webp\" \/>\n\t<meta property=\"og:image:width\" content=\"960\" \/>\n\t<meta property=\"og:image:height\" content=\"960\" \/>\n\t<meta property=\"og:image:type\" content=\"image\/webp\" \/>\n<meta name=\"twitter:card\" content=\"summary_large_image\" \/>\n<meta name=\"twitter:label1\" content=\"Precio\" \/>\n\t<meta name=\"twitter:data1\" content=\"\" \/>\n\t<meta name=\"twitter:label2\" content=\"Disponibilidad\" \/>\n\t<meta name=\"twitter:data2\" content=\"Disponible\" \/>\n<script type=\"application\/ld+json\" class=\"yoast-schema-graph\">{\"@context\":\"https:\\\/\\\/schema.org\",\"@graph\":[{\"@type\":[\"WebPage\",\"ItemPage\"],\"@id\":\"https:\\\/\\\/depurecousa.com\\\/es\\\/producto\\\/bl45-atex-aspiradora-industrial-prueba-expolosion\\\/\",\"url\":\"https:\\\/\\\/depurecousa.com\\\/es\\\/producto\\\/bl45-atex-aspiradora-industrial-prueba-expolosion\\\/\",\"name\":\"Vac\u00edo industrial antideflagrante BL45 ATEX ASPIRADORA INDUSTRIAL A PRUEBA DE EXPOLOSI\u00d3N - Depureco USA\",\"isPartOf\":{\"@id\":\"https:\\\/\\\/depurecousa.com\\\/#website\"},\"primaryImageOfPage\":{\"@id\":\"https:\\\/\\\/depurecousa.com\\\/es\\\/producto\\\/bl45-atex-aspiradora-industrial-prueba-expolosion\\\/#primaryimage\"},\"image\":{\"@id\":\"https:\\\/\\\/depurecousa.com\\\/es\\\/producto\\\/bl45-atex-aspiradora-industrial-prueba-expolosion\\\/#primaryimage\"},\"thumbnailUrl\":\"https:\\\/\\\/depurecousa.com\\\/app\\\/uploads\\\/2023\\\/06\\\/bl_45_z22_new_ridotta.webp\",\"datePublished\":\"2023-03-03T14:25:45+00:00\",\"dateModified\":\"2024-10-17T10:21:05+00:00\",\"description\":\"Las aspiradoras industriales con certificaci\u00f3n ATEX son famosas por su seguridad en entornos peligrosos. Uno de estos modelos es el BL 45 Z22, una aspiradora compacta perteneciente a la gama Depureco con certificaci\u00f3n ATEX.\",\"breadcrumb\":{\"@id\":\"https:\\\/\\\/depurecousa.com\\\/es\\\/producto\\\/bl45-atex-aspiradora-industrial-prueba-expolosion\\\/#breadcrumb\"},\"inLanguage\":\"es\",\"potentialAction\":[{\"@type\":\"ReadAction\",\"target\":[\"https:\\\/\\\/depurecousa.com\\\/es\\\/producto\\\/bl45-atex-aspiradora-industrial-prueba-expolosion\\\/\"]}]},{\"@type\":\"ImageObject\",\"inLanguage\":\"es\",\"@id\":\"https:\\\/\\\/depurecousa.com\\\/es\\\/producto\\\/bl45-atex-aspiradora-industrial-prueba-expolosion\\\/#primaryimage\",\"url\":\"https:\\\/\\\/depurecousa.com\\\/app\\\/uploads\\\/2023\\\/06\\\/bl_45_z22_new_ridotta.webp\",\"contentUrl\":\"https:\\\/\\\/depurecousa.com\\\/app\\\/uploads\\\/2023\\\/06\\\/bl_45_z22_new_ridotta.webp\",\"width\":960,\"height\":960,\"caption\":\"BL45\"},{\"@type\":\"BreadcrumbList\",\"@id\":\"https:\\\/\\\/depurecousa.com\\\/es\\\/producto\\\/bl45-atex-aspiradora-industrial-prueba-expolosion\\\/#breadcrumb\",\"itemListElement\":[{\"@type\":\"ListItem\",\"position\":1,\"name\":\"Home\",\"item\":\"https:\\\/\\\/depurecousa.com\\\/es\\\/hogar\\\/\"},{\"@type\":\"ListItem\",\"position\":2,\"name\":\"Products\",\"item\":\"https:\\\/\\\/depurecousa.com\\\/shop\\\/\"},{\"@type\":\"ListItem\",\"position\":3,\"name\":\"EXPLOSION PROOF INDUSTRIAL VACUUMS\",\"item\":\"https:\\\/\\\/depurecousa.com\\\/product-category\\\/explosion-proof-industrial-vacuums\\\/\"},{\"@type\":\"ListItem\",\"position\":4,\"name\":\"BL45 ATEX ASPIRADORA INDUSTRIAL A PRUEBA DE EXPOLOSI\u00d3N\"}]},{\"@type\":\"WebSite\",\"@id\":\"https:\\\/\\\/depurecousa.com\\\/#website\",\"url\":\"https:\\\/\\\/depurecousa.com\\\/\",\"name\":\"Depureco USA\",\"description\":\"Aspiradoras industriales y sistemas centralizados\",\"publisher\":{\"@id\":\"https:\\\/\\\/depurecousa.com\\\/#organization\"},\"potentialAction\":[{\"@type\":\"SearchAction\",\"target\":{\"@type\":\"EntryPoint\",\"urlTemplate\":\"https:\\\/\\\/depurecousa.com\\\/?s={search_term_string}\"},\"query-input\":{\"@type\":\"PropertyValueSpecification\",\"valueRequired\":true,\"valueName\":\"search_term_string\"}}],\"inLanguage\":\"es\"},{\"@type\":[\"Organization\",\"Place\"],\"@id\":\"https:\\\/\\\/depurecousa.com\\\/#organization\",\"name\":\"Depureco USA\",\"url\":\"https:\\\/\\\/depurecousa.com\\\/\",\"logo\":{\"@id\":\"https:\\\/\\\/depurecousa.com\\\/es\\\/producto\\\/bl45-atex-aspiradora-industrial-prueba-expolosion\\\/#local-main-organization-logo\"},\"image\":{\"@id\":\"https:\\\/\\\/depurecousa.com\\\/es\\\/producto\\\/bl45-atex-aspiradora-industrial-prueba-expolosion\\\/#local-main-organization-logo\"},\"address\":{\"@id\":\"https:\\\/\\\/depurecousa.com\\\/es\\\/producto\\\/bl45-atex-aspiradora-industrial-prueba-expolosion\\\/#local-main-place-address\"},\"geo\":{\"@type\":\"GeoCoordinates\",\"latitude\":\"30.024973508015663\",\"longitude\":\"-97.86156736732772\"},\"telephone\":[\"7377044347\"],\"contactPoint\":{\"@type\":\"ContactPoint\",\"telephone\":\"7377044347\",\"email\":\"simone.bacciu@depurecousa.com\"},\"openingHoursSpecification\":[{\"@type\":\"OpeningHoursSpecification\",\"dayOfWeek\":[\"Monday\",\"Tuesday\",\"Wednesday\",\"Thursday\",\"Friday\",\"Saturday\",\"Sunday\"],\"opens\":\"09:00\",\"closes\":\"17:00\"}],\"email\":\"info@depurecousa.com\",\"faxNumber\":\"Depureco Industrial Vacuums Corp\",\"areaServed\":\"United States\",\"globalLocationNumber\":\"24FQ+X9 Kyle, Texas\"},{\"@type\":\"PostalAddress\",\"@id\":\"https:\\\/\\\/depurecousa.com\\\/es\\\/producto\\\/bl45-atex-aspiradora-industrial-prueba-expolosion\\\/#local-main-place-address\",\"streetAddress\":\"19121 Marketplace Avenue, Building 1, Suite 165\",\"addressLocality\":\"KYLE\",\"postalCode\":\"78640\",\"addressRegion\":\"TX\",\"addressCountry\":\"US\"},{\"@type\":\"ImageObject\",\"inLanguage\":\"es\",\"@id\":\"https:\\\/\\\/depurecousa.com\\\/es\\\/producto\\\/bl45-atex-aspiradora-industrial-prueba-expolosion\\\/#local-main-organization-logo\",\"url\":\"https:\\\/\\\/depurecousa.com\\\/app\\\/uploads\\\/2023\\\/06\\\/depureco-logo-ico.png\",\"contentUrl\":\"https:\\\/\\\/depurecousa.com\\\/app\\\/uploads\\\/2023\\\/06\\\/depureco-logo-ico.png\",\"width\":512,\"height\":512,\"caption\":\"Depureco USA\"}]}<\/script>\n<meta property=\"product:price:currency\" content=\"USD\" \/>\n<meta property=\"og:availability\" content=\"instock\" \/>\n<meta property=\"product:availability\" content=\"instock\" \/>\n<meta property=\"product:condition\" content=\"new\" \/>\n<meta name=\"geo.placename\" content=\"KYLE\" \/>\n<meta name=\"geo.position\" content=\"30.024973508015663;-97.86156736732772\" \/>\n<meta name=\"geo.region\" content=\"Estados Unidos (EEUU)\" \/>\n<!-- \/ Yoast SEO Premium plugin. -->","yoast_head_json":{"title":"Vac\u00edo industrial antideflagrante BL45 ATEX ASPIRADORA INDUSTRIAL A PRUEBA DE EXPOLOSI\u00d3N - Depureco USA","description":"Las aspiradoras industriales con certificaci\u00f3n ATEX son famosas por su seguridad en entornos peligrosos. Uno de estos modelos es el BL 45 Z22, una aspiradora compacta perteneciente a la gama Depureco con certificaci\u00f3n ATEX.","robots":{"index":"index","follow":"follow","max-snippet":"max-snippet:-1","max-image-preview":"max-image-preview:large","max-video-preview":"max-video-preview:-1"},"canonical":"https:\/\/depurecousa.com\/es\/producto\/bl45-atex-aspiradora-industrial-prueba-expolosion\/","og_locale":"es_ES","og_type":"article","og_title":"BL45 ATEX ASPIRADORA INDUSTRIAL A PRUEBA DE EXPOLOSI\u00d3N","og_description":"Las aspiradoras industriales con certificaci\u00f3n ATEX son famosas por su seguridad en entornos peligrosos. Uno de estos modelos es el BL 45 Z22, una aspiradora compacta perteneciente a la gama Depureco con certificaci\u00f3n ATEX.","og_url":"https:\/\/depurecousa.com\/es\/producto\/bl45-atex-aspiradora-industrial-prueba-expolosion\/","og_site_name":"Depureco USA","article_modified_time":"2024-10-17T10:21:05+00:00","og_image":[{"width":960,"height":960,"url":"https:\/\/depurecousa.com\/app\/uploads\/2023\/06\/bl_45_z22_new_ridotta.webp","type":"image\/webp"}],"twitter_card":"summary_large_image","twitter_misc":{"Precio":"","Disponibilidad":"Disponible"},"schema":{"@context":"https:\/\/schema.org","@graph":[{"@type":["WebPage","ItemPage"],"@id":"https:\/\/depurecousa.com\/es\/producto\/bl45-atex-aspiradora-industrial-prueba-expolosion\/","url":"https:\/\/depurecousa.com\/es\/producto\/bl45-atex-aspiradora-industrial-prueba-expolosion\/","name":"Vac\u00edo industrial antideflagrante BL45 ATEX ASPIRADORA INDUSTRIAL A PRUEBA DE EXPOLOSI\u00d3N - Depureco USA","isPartOf":{"@id":"https:\/\/depurecousa.com\/#website"},"primaryImageOfPage":{"@id":"https:\/\/depurecousa.com\/es\/producto\/bl45-atex-aspiradora-industrial-prueba-expolosion\/#primaryimage"},"image":{"@id":"https:\/\/depurecousa.com\/es\/producto\/bl45-atex-aspiradora-industrial-prueba-expolosion\/#primaryimage"},"thumbnailUrl":"https:\/\/depurecousa.com\/app\/uploads\/2023\/06\/bl_45_z22_new_ridotta.webp","datePublished":"2023-03-03T14:25:45+00:00","dateModified":"2024-10-17T10:21:05+00:00","description":"Las aspiradoras industriales con certificaci\u00f3n ATEX son famosas por su seguridad en entornos peligrosos. Uno de estos modelos es el BL 45 Z22, una aspiradora compacta perteneciente a la gama Depureco con certificaci\u00f3n ATEX.","breadcrumb":{"@id":"https:\/\/depurecousa.com\/es\/producto\/bl45-atex-aspiradora-industrial-prueba-expolosion\/#breadcrumb"},"inLanguage":"es","potentialAction":[{"@type":"ReadAction","target":["https:\/\/depurecousa.com\/es\/producto\/bl45-atex-aspiradora-industrial-prueba-expolosion\/"]}]},{"@type":"ImageObject","inLanguage":"es","@id":"https:\/\/depurecousa.com\/es\/producto\/bl45-atex-aspiradora-industrial-prueba-expolosion\/#primaryimage","url":"https:\/\/depurecousa.com\/app\/uploads\/2023\/06\/bl_45_z22_new_ridotta.webp","contentUrl":"https:\/\/depurecousa.com\/app\/uploads\/2023\/06\/bl_45_z22_new_ridotta.webp","width":960,"height":960,"caption":"BL45"},{"@type":"BreadcrumbList","@id":"https:\/\/depurecousa.com\/es\/producto\/bl45-atex-aspiradora-industrial-prueba-expolosion\/#breadcrumb","itemListElement":[{"@type":"ListItem","position":1,"name":"Home","item":"https:\/\/depurecousa.com\/es\/hogar\/"},{"@type":"ListItem","position":2,"name":"Products","item":"https:\/\/depurecousa.com\/shop\/"},{"@type":"ListItem","position":3,"name":"EXPLOSION PROOF INDUSTRIAL VACUUMS","item":"https:\/\/depurecousa.com\/product-category\/explosion-proof-industrial-vacuums\/"},{"@type":"ListItem","position":4,"name":"BL45 ATEX ASPIRADORA INDUSTRIAL A PRUEBA DE EXPOLOSI\u00d3N"}]},{"@type":"WebSite","@id":"https:\/\/depurecousa.com\/#website","url":"https:\/\/depurecousa.com\/","name":"Depureco USA","description":"Aspiradoras industriales y sistemas centralizados","publisher":{"@id":"https:\/\/depurecousa.com\/#organization"},"potentialAction":[{"@type":"SearchAction","target":{"@type":"EntryPoint","urlTemplate":"https:\/\/depurecousa.com\/?s={search_term_string}"},"query-input":{"@type":"PropertyValueSpecification","valueRequired":true,"valueName":"search_term_string"}}],"inLanguage":"es"},{"@type":["Organization","Place"],"@id":"https:\/\/depurecousa.com\/#organization","name":"Depureco USA","url":"https:\/\/depurecousa.com\/","logo":{"@id":"https:\/\/depurecousa.com\/es\/producto\/bl45-atex-aspiradora-industrial-prueba-expolosion\/#local-main-organization-logo"},"image":{"@id":"https:\/\/depurecousa.com\/es\/producto\/bl45-atex-aspiradora-industrial-prueba-expolosion\/#local-main-organization-logo"},"address":{"@id":"https:\/\/depurecousa.com\/es\/producto\/bl45-atex-aspiradora-industrial-prueba-expolosion\/#local-main-place-address"},"geo":{"@type":"GeoCoordinates","latitude":"30.024973508015663","longitude":"-97.86156736732772"},"telephone":["7377044347"],"contactPoint":{"@type":"ContactPoint","telephone":"7377044347","email":"simone.bacciu@depurecousa.com"},"openingHoursSpecification":[{"@type":"OpeningHoursSpecification","dayOfWeek":["Monday","Tuesday","Wednesday","Thursday","Friday","Saturday","Sunday"],"opens":"09:00","closes":"17:00"}],"email":"info@depurecousa.com","faxNumber":"Depureco Industrial Vacuums Corp","areaServed":"United States","globalLocationNumber":"24FQ+X9 Kyle, Texas"},{"@type":"PostalAddress","@id":"https:\/\/depurecousa.com\/es\/producto\/bl45-atex-aspiradora-industrial-prueba-expolosion\/#local-main-place-address","streetAddress":"19121 Marketplace Avenue, Building 1, Suite 165","addressLocality":"KYLE","postalCode":"78640","addressRegion":"TX","addressCountry":"US"},{"@type":"ImageObject","inLanguage":"es","@id":"https:\/\/depurecousa.com\/es\/producto\/bl45-atex-aspiradora-industrial-prueba-expolosion\/#local-main-organization-logo","url":"https:\/\/depurecousa.com\/app\/uploads\/2023\/06\/depureco-logo-ico.png","contentUrl":"https:\/\/depurecousa.com\/app\/uploads\/2023\/06\/depureco-logo-ico.png","width":512,"height":512,"caption":"Depureco USA"}]},"product_price_currency":"USD","og_availability":"instock","product_availability":"instock","product_condition":"new","geo.placename":"KYLE","geo.position":{"lat":"30.024973508015663","long":"-97.86156736732772"},"geo.region":"Estados Unidos (EEUU)"},"_links":{"self":[{"href":"https:\/\/depurecousa.com\/es\/wp-json\/wp\/v2\/product\/7846","targetHints":{"allow":["GET"]}}],"collection":[{"href":"https:\/\/depurecousa.com\/es\/wp-json\/wp\/v2\/product"}],"about":[{"href":"https:\/\/depurecousa.com\/es\/wp-json\/wp\/v2\/types\/product"}],"wp:featuredmedia":[{"embeddable":true,"href":"https:\/\/depurecousa.com\/es\/wp-json\/wp\/v2\/media\/4241"}],"wp:attachment":[{"href":"https:\/\/depurecousa.com\/es\/wp-json\/wp\/v2\/media?parent=7846"}],"wp:term":[{"taxonomy":"product_brand","embeddable":true,"href":"https:\/\/depurecousa.com\/es\/wp-json\/wp\/v2\/product_brand?post=7846"},{"taxonomy":"product_cat","embeddable":true,"href":"https:\/\/depurecousa.com\/es\/wp-json\/wp\/v2\/product_cat?post=7846"},{"taxonomy":"product_tag","embeddable":true,"href":"https:\/\/depurecousa.com\/es\/wp-json\/wp\/v2\/product_tag?post=7846"}],"curies":[{"name":"wp","href":"https:\/\/api.w.org\/{rel}","templated":true}]}}