{"id":7847,"date":"2023-02-02T06:38:59","date_gmt":"2023-02-02T13:38:59","guid":{"rendered":"https:\/\/depurecousa.com\/product\/bl-20-jc-atex\/"},"modified":"2024-10-17T04:28:15","modified_gmt":"2024-10-17T10:28:15","slug":"bl-20-jc-atex-aspiradora-prueba-de-explosion","status":"publish","type":"product","link":"https:\/\/depurecousa.com\/es\/producto\/bl-20-jc-atex-aspiradora-prueba-de-explosion\/","title":{"rendered":"BL 20 JC ATEX <br>ASPIRADORA A PRUEBA DE EXPLOSI\u00d3N"},"content":{"rendered":"<div class=\"flex-shrink-0 flex flex-col relative items-end\">\n<div class=\"w-[30px]\">\n<div class=\"relative p-1 rounded-sm h-[30px] w-[30px] text-white flex items-center justify-center\">La aspiradora industrial BL 20 JC Z22 destaca por ser uno de los modelos m\u00e1s compactos de la gama Depureco. Funciona con un motor sin escobillas de alto rendimiento, que proporciona una potente succi\u00f3n y un funcionamiento silencioso. La aspiradora industrial BL 20 JC Z22 est\u00e1 equipada con un filtro de superficie de generosas dimensiones, que mide 5,4 pulg2, certificado en clase M para una eficacia de filtraci\u00f3n superior de part\u00edculas tan peque\u00f1as como 1 micra. Bajo pedido, se puede instalar un filtro absoluto opcional H14 para poder aspirar incluso las part\u00edculas de polvo m\u00e1s finas. Adem\u00e1s, esta aspiradora cuenta con un sistema semiautom\u00e1tico de limpieza del filtro JetClean\u00ae que permite realizar el mantenimiento del filtro sin interrumpir el proceso de succi\u00f3n. El material recogido se almacena en un contenedor de acero inoxidable AISI 304 de 5,3 galones equipado con ruedas para facilitar su movilidad.<\/div>\n<\/div>\n<div><\/div>\n<\/div>\n<div>\n<p><iframe title=\"BL 20 JC Z22 | BL 45 JC Z22 | BL 45 Z22 | EXPLOSION PROOF VACUUM CLEANERS\" width=\"800\" height=\"450\" src=\"https:\/\/www.youtube.com\/embed\/A59h6cACgtw?feature=oembed\" frameborder=\"0\" allow=\"accelerometer; autoplay; clipboard-write; encrypted-media; gyroscope; picture-in-picture; web-share\" referrerpolicy=\"strict-origin-when-cross-origin\" allowfullscreen><\/iframe><\/p>\n<\/div>\n<div><\/div>\n","protected":false},"excerpt":{"rendered":"<p>La aspiradora industrial BL 20 JC Z22 destaca por ser uno de los modelos m\u00e1s compactos de la gama Depureco. Funciona con un motor sin escobillas de alto rendimiento, que proporciona una potente succi\u00f3n y un funcionamiento silencioso. La aspiradora industrial BL 20 JC Z22 est\u00e1 equipada con un filtro de superficie de generosas dimensiones, [&hellip;]<\/p>\n","protected":false},"featured_media":4208,"template":"","meta":{"_acf_changed":false,"content-type":"","inline_featured_image":false},"product_brand":[],"product_cat":[184],"product_tag":[],"class_list":{"0":"post-7847","1":"product","2":"type-product","3":"status-publish","4":"has-post-thumbnail","6":"product_cat-aspiradoras-industriales-antideflagrantes","8":"first","9":"instock","10":"shipping-taxable","11":"product-type-simple"},"acf":[],"yoast_head":"<!-- This site is optimized with the Yoast SEO Premium plugin v27.0 (Yoast SEO v27.3) - https:\/\/yoast.com\/product\/yoast-seo-premium-wordpress\/ -->\n<title>Vac\u00edo industrial antideflagrante BL 20 JC ATEX ASPIRADORA A PRUEBA DE EXPLOSI\u00d3N - Depureco USA<\/title>\n<meta name=\"description\" content=\"La aspiradora industrial BL 20 JC Z22 destaca por ser uno de los modelos m\u00e1s compactos de la gama Depureco. Funciona con un motor sin escobillas de alto rendimiento, que proporciona una potente succi\u00f3n y un funcionamiento silencioso.\" \/>\n<meta name=\"robots\" content=\"index, follow, max-snippet:-1, max-image-preview:large, max-video-preview:-1\" \/>\n<link rel=\"canonical\" href=\"https:\/\/depurecousa.com\/es\/product\/bl-20-jc-atex-aspiradora-prueba-de-explosion\/\" \/>\n<meta property=\"og:locale\" content=\"es_ES\" \/>\n<meta property=\"og:type\" content=\"article\" \/>\n<meta property=\"og:title\" content=\"BL 20 JC ATEX ASPIRADORA A PRUEBA DE EXPLOSI\u00d3N\" \/>\n<meta property=\"og:description\" content=\"La aspiradora industrial BL 20 JC Z22 destaca por ser uno de los modelos m\u00e1s compactos de la gama Depureco. Funciona con un motor sin escobillas de alto rendimiento, que proporciona una potente succi\u00f3n y un funcionamiento silencioso.\" \/>\n<meta property=\"og:url\" content=\"https:\/\/depurecousa.com\/es\/product\/bl-20-jc-atex-aspiradora-prueba-de-explosion\/\" \/>\n<meta property=\"og:site_name\" content=\"Depureco USA\" \/>\n<meta property=\"article:modified_time\" content=\"2024-10-17T10:28:15+00:00\" \/>\n<meta property=\"og:image\" content=\"https:\/\/depurecousa.com\/app\/uploads\/2023\/06\/BL-20-JC-Z22.webp\" \/>\n\t<meta property=\"og:image:width\" content=\"800\" \/>\n\t<meta property=\"og:image:height\" content=\"800\" \/>\n\t<meta property=\"og:image:type\" content=\"image\/webp\" \/>\n<meta name=\"twitter:card\" content=\"summary_large_image\" \/>\n<meta name=\"twitter:label1\" content=\"Precio\" \/>\n\t<meta name=\"twitter:data1\" content=\"\" \/>\n\t<meta name=\"twitter:label2\" content=\"Disponibilidad\" \/>\n\t<meta name=\"twitter:data2\" content=\"Disponible\" \/>\n<script type=\"application\/ld+json\" class=\"yoast-schema-graph\">{\"@context\":\"https:\\\/\\\/schema.org\",\"@graph\":[{\"@type\":[\"WebPage\",\"ItemPage\"],\"@id\":\"https:\\\/\\\/depurecousa.com\\\/es\\\/product\\\/bl-20-jc-atex-aspiradora-prueba-de-explosion\\\/\",\"url\":\"https:\\\/\\\/depurecousa.com\\\/es\\\/product\\\/bl-20-jc-atex-aspiradora-prueba-de-explosion\\\/\",\"name\":\"Vac\u00edo industrial antideflagrante BL 20 JC ATEX ASPIRADORA A PRUEBA DE EXPLOSI\u00d3N - Depureco USA\",\"isPartOf\":{\"@id\":\"https:\\\/\\\/depurecousa.com\\\/#website\"},\"primaryImageOfPage\":{\"@id\":\"https:\\\/\\\/depurecousa.com\\\/es\\\/product\\\/bl-20-jc-atex-aspiradora-prueba-de-explosion\\\/#primaryimage\"},\"image\":{\"@id\":\"https:\\\/\\\/depurecousa.com\\\/es\\\/product\\\/bl-20-jc-atex-aspiradora-prueba-de-explosion\\\/#primaryimage\"},\"thumbnailUrl\":\"https:\\\/\\\/depurecousa.com\\\/app\\\/uploads\\\/2023\\\/06\\\/BL-20-JC-Z22.webp\",\"datePublished\":\"2023-02-02T13:38:59+00:00\",\"dateModified\":\"2024-10-17T10:28:15+00:00\",\"description\":\"La aspiradora industrial BL 20 JC Z22 destaca por ser uno de los modelos m\u00e1s compactos de la gama Depureco. Funciona con un motor sin escobillas de alto rendimiento, que proporciona una potente succi\u00f3n y un funcionamiento silencioso.\",\"breadcrumb\":{\"@id\":\"https:\\\/\\\/depurecousa.com\\\/es\\\/product\\\/bl-20-jc-atex-aspiradora-prueba-de-explosion\\\/#breadcrumb\"},\"inLanguage\":\"es\",\"potentialAction\":[{\"@type\":\"ReadAction\",\"target\":[\"https:\\\/\\\/depurecousa.com\\\/es\\\/product\\\/bl-20-jc-atex-aspiradora-prueba-de-explosion\\\/\"]}]},{\"@type\":\"ImageObject\",\"inLanguage\":\"es\",\"@id\":\"https:\\\/\\\/depurecousa.com\\\/es\\\/product\\\/bl-20-jc-atex-aspiradora-prueba-de-explosion\\\/#primaryimage\",\"url\":\"https:\\\/\\\/depurecousa.com\\\/app\\\/uploads\\\/2023\\\/06\\\/BL-20-JC-Z22.webp\",\"contentUrl\":\"https:\\\/\\\/depurecousa.com\\\/app\\\/uploads\\\/2023\\\/06\\\/BL-20-JC-Z22.webp\",\"width\":800,\"height\":800,\"caption\":\"BL-20-JC\"},{\"@type\":\"BreadcrumbList\",\"@id\":\"https:\\\/\\\/depurecousa.com\\\/es\\\/product\\\/bl-20-jc-atex-aspiradora-prueba-de-explosion\\\/#breadcrumb\",\"itemListElement\":[{\"@type\":\"ListItem\",\"position\":1,\"name\":\"Home\",\"item\":\"https:\\\/\\\/depurecousa.com\\\/es\\\/hogar\\\/\"},{\"@type\":\"ListItem\",\"position\":2,\"name\":\"Products\",\"item\":\"https:\\\/\\\/depurecousa.com\\\/shop\\\/\"},{\"@type\":\"ListItem\",\"position\":3,\"name\":\"EXPLOSION PROOF INDUSTRIAL VACUUMS\",\"item\":\"https:\\\/\\\/depurecousa.com\\\/product-category\\\/explosion-proof-industrial-vacuums\\\/\"},{\"@type\":\"ListItem\",\"position\":4,\"name\":\"BL 20 JC ATEX ASPIRADORA A PRUEBA DE EXPLOSI\u00d3N\"}]},{\"@type\":\"WebSite\",\"@id\":\"https:\\\/\\\/depurecousa.com\\\/#website\",\"url\":\"https:\\\/\\\/depurecousa.com\\\/\",\"name\":\"Depureco USA\",\"description\":\"Aspiradoras industriales y sistemas centralizados\",\"publisher\":{\"@id\":\"https:\\\/\\\/depurecousa.com\\\/#organization\"},\"potentialAction\":[{\"@type\":\"SearchAction\",\"target\":{\"@type\":\"EntryPoint\",\"urlTemplate\":\"https:\\\/\\\/depurecousa.com\\\/?s={search_term_string}\"},\"query-input\":{\"@type\":\"PropertyValueSpecification\",\"valueRequired\":true,\"valueName\":\"search_term_string\"}}],\"inLanguage\":\"es\"},{\"@type\":[\"Organization\",\"Place\"],\"@id\":\"https:\\\/\\\/depurecousa.com\\\/#organization\",\"name\":\"Depureco USA\",\"url\":\"https:\\\/\\\/depurecousa.com\\\/\",\"logo\":{\"@id\":\"https:\\\/\\\/depurecousa.com\\\/es\\\/product\\\/bl-20-jc-atex-aspiradora-prueba-de-explosion\\\/#local-main-organization-logo\"},\"image\":{\"@id\":\"https:\\\/\\\/depurecousa.com\\\/es\\\/product\\\/bl-20-jc-atex-aspiradora-prueba-de-explosion\\\/#local-main-organization-logo\"},\"address\":{\"@id\":\"https:\\\/\\\/depurecousa.com\\\/es\\\/product\\\/bl-20-jc-atex-aspiradora-prueba-de-explosion\\\/#local-main-place-address\"},\"geo\":{\"@type\":\"GeoCoordinates\",\"latitude\":\"30.024973508015663\",\"longitude\":\"-97.86156736732772\"},\"telephone\":[\"7377044347\"],\"contactPoint\":{\"@type\":\"ContactPoint\",\"telephone\":\"7377044347\",\"email\":\"simone.bacciu@depurecousa.com\"},\"openingHoursSpecification\":[{\"@type\":\"OpeningHoursSpecification\",\"dayOfWeek\":[\"Monday\",\"Tuesday\",\"Wednesday\",\"Thursday\",\"Friday\",\"Saturday\",\"Sunday\"],\"opens\":\"09:00\",\"closes\":\"17:00\"}],\"email\":\"info@depurecousa.com\",\"faxNumber\":\"Depureco Industrial Vacuums Corp\",\"areaServed\":\"United States\",\"globalLocationNumber\":\"24FQ+X9 Kyle, Texas\"},{\"@type\":\"PostalAddress\",\"@id\":\"https:\\\/\\\/depurecousa.com\\\/es\\\/product\\\/bl-20-jc-atex-aspiradora-prueba-de-explosion\\\/#local-main-place-address\",\"streetAddress\":\"19121 Marketplace Avenue, Building 1, Suite 165\",\"addressLocality\":\"KYLE\",\"postalCode\":\"78640\",\"addressRegion\":\"TX\",\"addressCountry\":\"US\"},{\"@type\":\"ImageObject\",\"inLanguage\":\"es\",\"@id\":\"https:\\\/\\\/depurecousa.com\\\/es\\\/product\\\/bl-20-jc-atex-aspiradora-prueba-de-explosion\\\/#local-main-organization-logo\",\"url\":\"https:\\\/\\\/depurecousa.com\\\/app\\\/uploads\\\/2023\\\/06\\\/depureco-logo-ico.png\",\"contentUrl\":\"https:\\\/\\\/depurecousa.com\\\/app\\\/uploads\\\/2023\\\/06\\\/depureco-logo-ico.png\",\"width\":512,\"height\":512,\"caption\":\"Depureco USA\"}]}<\/script>\n<meta property=\"product:price:currency\" content=\"USD\" \/>\n<meta property=\"og:availability\" content=\"instock\" \/>\n<meta property=\"product:availability\" content=\"instock\" \/>\n<meta property=\"product:condition\" content=\"new\" \/>\n<meta name=\"geo.placename\" content=\"KYLE\" \/>\n<meta name=\"geo.position\" content=\"30.024973508015663;-97.86156736732772\" \/>\n<meta name=\"geo.region\" content=\"Estados Unidos (EEUU)\" \/>\n<!-- \/ Yoast SEO Premium plugin. -->","yoast_head_json":{"title":"Vac\u00edo industrial antideflagrante BL 20 JC ATEX ASPIRADORA A PRUEBA DE EXPLOSI\u00d3N - Depureco USA","description":"La aspiradora industrial BL 20 JC Z22 destaca por ser uno de los modelos m\u00e1s compactos de la gama Depureco. Funciona con un motor sin escobillas de alto rendimiento, que proporciona una potente succi\u00f3n y un funcionamiento silencioso.","robots":{"index":"index","follow":"follow","max-snippet":"max-snippet:-1","max-image-preview":"max-image-preview:large","max-video-preview":"max-video-preview:-1"},"canonical":"https:\/\/depurecousa.com\/es\/product\/bl-20-jc-atex-aspiradora-prueba-de-explosion\/","og_locale":"es_ES","og_type":"article","og_title":"BL 20 JC ATEX ASPIRADORA A PRUEBA DE EXPLOSI\u00d3N","og_description":"La aspiradora industrial BL 20 JC Z22 destaca por ser uno de los modelos m\u00e1s compactos de la gama Depureco. Funciona con un motor sin escobillas de alto rendimiento, que proporciona una potente succi\u00f3n y un funcionamiento silencioso.","og_url":"https:\/\/depurecousa.com\/es\/product\/bl-20-jc-atex-aspiradora-prueba-de-explosion\/","og_site_name":"Depureco USA","article_modified_time":"2024-10-17T10:28:15+00:00","og_image":[{"width":800,"height":800,"url":"https:\/\/depurecousa.com\/app\/uploads\/2023\/06\/BL-20-JC-Z22.webp","type":"image\/webp"}],"twitter_card":"summary_large_image","twitter_misc":{"Precio":"","Disponibilidad":"Disponible"},"schema":{"@context":"https:\/\/schema.org","@graph":[{"@type":["WebPage","ItemPage"],"@id":"https:\/\/depurecousa.com\/es\/product\/bl-20-jc-atex-aspiradora-prueba-de-explosion\/","url":"https:\/\/depurecousa.com\/es\/product\/bl-20-jc-atex-aspiradora-prueba-de-explosion\/","name":"Vac\u00edo industrial antideflagrante BL 20 JC ATEX ASPIRADORA A PRUEBA DE EXPLOSI\u00d3N - Depureco USA","isPartOf":{"@id":"https:\/\/depurecousa.com\/#website"},"primaryImageOfPage":{"@id":"https:\/\/depurecousa.com\/es\/product\/bl-20-jc-atex-aspiradora-prueba-de-explosion\/#primaryimage"},"image":{"@id":"https:\/\/depurecousa.com\/es\/product\/bl-20-jc-atex-aspiradora-prueba-de-explosion\/#primaryimage"},"thumbnailUrl":"https:\/\/depurecousa.com\/app\/uploads\/2023\/06\/BL-20-JC-Z22.webp","datePublished":"2023-02-02T13:38:59+00:00","dateModified":"2024-10-17T10:28:15+00:00","description":"La aspiradora industrial BL 20 JC Z22 destaca por ser uno de los modelos m\u00e1s compactos de la gama Depureco. Funciona con un motor sin escobillas de alto rendimiento, que proporciona una potente succi\u00f3n y un funcionamiento silencioso.","breadcrumb":{"@id":"https:\/\/depurecousa.com\/es\/product\/bl-20-jc-atex-aspiradora-prueba-de-explosion\/#breadcrumb"},"inLanguage":"es","potentialAction":[{"@type":"ReadAction","target":["https:\/\/depurecousa.com\/es\/product\/bl-20-jc-atex-aspiradora-prueba-de-explosion\/"]}]},{"@type":"ImageObject","inLanguage":"es","@id":"https:\/\/depurecousa.com\/es\/product\/bl-20-jc-atex-aspiradora-prueba-de-explosion\/#primaryimage","url":"https:\/\/depurecousa.com\/app\/uploads\/2023\/06\/BL-20-JC-Z22.webp","contentUrl":"https:\/\/depurecousa.com\/app\/uploads\/2023\/06\/BL-20-JC-Z22.webp","width":800,"height":800,"caption":"BL-20-JC"},{"@type":"BreadcrumbList","@id":"https:\/\/depurecousa.com\/es\/product\/bl-20-jc-atex-aspiradora-prueba-de-explosion\/#breadcrumb","itemListElement":[{"@type":"ListItem","position":1,"name":"Home","item":"https:\/\/depurecousa.com\/es\/hogar\/"},{"@type":"ListItem","position":2,"name":"Products","item":"https:\/\/depurecousa.com\/shop\/"},{"@type":"ListItem","position":3,"name":"EXPLOSION PROOF INDUSTRIAL VACUUMS","item":"https:\/\/depurecousa.com\/product-category\/explosion-proof-industrial-vacuums\/"},{"@type":"ListItem","position":4,"name":"BL 20 JC ATEX ASPIRADORA A PRUEBA DE EXPLOSI\u00d3N"}]},{"@type":"WebSite","@id":"https:\/\/depurecousa.com\/#website","url":"https:\/\/depurecousa.com\/","name":"Depureco USA","description":"Aspiradoras industriales y sistemas centralizados","publisher":{"@id":"https:\/\/depurecousa.com\/#organization"},"potentialAction":[{"@type":"SearchAction","target":{"@type":"EntryPoint","urlTemplate":"https:\/\/depurecousa.com\/?s={search_term_string}"},"query-input":{"@type":"PropertyValueSpecification","valueRequired":true,"valueName":"search_term_string"}}],"inLanguage":"es"},{"@type":["Organization","Place"],"@id":"https:\/\/depurecousa.com\/#organization","name":"Depureco USA","url":"https:\/\/depurecousa.com\/","logo":{"@id":"https:\/\/depurecousa.com\/es\/product\/bl-20-jc-atex-aspiradora-prueba-de-explosion\/#local-main-organization-logo"},"image":{"@id":"https:\/\/depurecousa.com\/es\/product\/bl-20-jc-atex-aspiradora-prueba-de-explosion\/#local-main-organization-logo"},"address":{"@id":"https:\/\/depurecousa.com\/es\/product\/bl-20-jc-atex-aspiradora-prueba-de-explosion\/#local-main-place-address"},"geo":{"@type":"GeoCoordinates","latitude":"30.024973508015663","longitude":"-97.86156736732772"},"telephone":["7377044347"],"contactPoint":{"@type":"ContactPoint","telephone":"7377044347","email":"simone.bacciu@depurecousa.com"},"openingHoursSpecification":[{"@type":"OpeningHoursSpecification","dayOfWeek":["Monday","Tuesday","Wednesday","Thursday","Friday","Saturday","Sunday"],"opens":"09:00","closes":"17:00"}],"email":"info@depurecousa.com","faxNumber":"Depureco Industrial Vacuums Corp","areaServed":"United States","globalLocationNumber":"24FQ+X9 Kyle, Texas"},{"@type":"PostalAddress","@id":"https:\/\/depurecousa.com\/es\/product\/bl-20-jc-atex-aspiradora-prueba-de-explosion\/#local-main-place-address","streetAddress":"19121 Marketplace Avenue, Building 1, Suite 165","addressLocality":"KYLE","postalCode":"78640","addressRegion":"TX","addressCountry":"US"},{"@type":"ImageObject","inLanguage":"es","@id":"https:\/\/depurecousa.com\/es\/product\/bl-20-jc-atex-aspiradora-prueba-de-explosion\/#local-main-organization-logo","url":"https:\/\/depurecousa.com\/app\/uploads\/2023\/06\/depureco-logo-ico.png","contentUrl":"https:\/\/depurecousa.com\/app\/uploads\/2023\/06\/depureco-logo-ico.png","width":512,"height":512,"caption":"Depureco USA"}]},"product_price_currency":"USD","og_availability":"instock","product_availability":"instock","product_condition":"new","geo.placename":"KYLE","geo.position":{"lat":"30.024973508015663","long":"-97.86156736732772"},"geo.region":"Estados Unidos (EEUU)"},"_links":{"self":[{"href":"https:\/\/depurecousa.com\/es\/wp-json\/wp\/v2\/product\/7847","targetHints":{"allow":["GET"]}}],"collection":[{"href":"https:\/\/depurecousa.com\/es\/wp-json\/wp\/v2\/product"}],"about":[{"href":"https:\/\/depurecousa.com\/es\/wp-json\/wp\/v2\/types\/product"}],"wp:featuredmedia":[{"embeddable":true,"href":"https:\/\/depurecousa.com\/es\/wp-json\/wp\/v2\/media\/4208"}],"wp:attachment":[{"href":"https:\/\/depurecousa.com\/es\/wp-json\/wp\/v2\/media?parent=7847"}],"wp:term":[{"taxonomy":"product_brand","embeddable":true,"href":"https:\/\/depurecousa.com\/es\/wp-json\/wp\/v2\/product_brand?post=7847"},{"taxonomy":"product_cat","embeddable":true,"href":"https:\/\/depurecousa.com\/es\/wp-json\/wp\/v2\/product_cat?post=7847"},{"taxonomy":"product_tag","embeddable":true,"href":"https:\/\/depurecousa.com\/es\/wp-json\/wp\/v2\/product_tag?post=7847"}],"curies":[{"name":"wp","href":"https:\/\/api.w.org\/{rel}","templated":true}]}}