{"id":7848,"date":"2023-01-01T04:29:31","date_gmt":"2023-01-01T11:29:31","guid":{"rendered":"https:\/\/depurecousa.com\/product\/bl-pro-atex\/"},"modified":"2024-10-17T04:34:26","modified_gmt":"2024-10-17T10:34:26","slug":"bl-pro-atex-aspiradora-brushless","status":"publish","type":"product","link":"https:\/\/depurecousa.com\/es\/producto\/bl-pro-atex-aspiradora-brushless\/","title":{"rendered":"BL PRO ATEX <br>ASPIRADORA BRUSHLESS"},"content":{"rendered":"<p>El BL PRO, dentro de la gama Depureco, es la aspiradora sin escobillas m\u00e1s compacta del mercado. Cuenta con un potente motor sin escobillas que permite una limpieza r\u00e1pida y eficaz, especialmente cuando se trata de part\u00edculas de polvo extremadamente finas. Para una filtraci\u00f3n \u00f3ptima, la aspiradora industrial BL PRO incorpora un filtro primario de poli\u00e9ster antiest\u00e1tico certificado en Clase M. Adem\u00e1s, se puede instalar un filtro HEPA 14 opcional para capturar hasta las part\u00edculas m\u00e1s diminutas durante el proceso de aspiraci\u00f3n. Todos los residuos recogidos se acumulan en un contenedor de 11 galones de capacidad fabricado en acero inoxidable AISI 304.<\/p>\n<p>&nbsp;<\/p>\n<p><iframe title=\"Depureco BL PRO Z22\" width=\"800\" height=\"450\" src=\"https:\/\/www.youtube.com\/embed\/IWKX2Ovw8Wg?feature=oembed\" frameborder=\"0\" allow=\"accelerometer; autoplay; clipboard-write; encrypted-media; gyroscope; picture-in-picture; web-share\" referrerpolicy=\"strict-origin-when-cross-origin\" allowfullscreen><\/iframe><\/p>\n","protected":false},"excerpt":{"rendered":"<p>El BL PRO, dentro de la gama Depureco, es la aspiradora sin escobillas m\u00e1s compacta del mercado. Cuenta con un potente motor sin escobillas que permite una limpieza r\u00e1pida y eficaz, especialmente cuando se trata de part\u00edculas de polvo extremadamente finas. Para una filtraci\u00f3n \u00f3ptima, la aspiradora industrial BL PRO incorpora un filtro primario de [&hellip;]<\/p>\n","protected":false},"featured_media":4177,"template":"","meta":{"_acf_changed":false,"content-type":"","inline_featured_image":false},"product_brand":[],"product_cat":[184],"product_tag":[],"class_list":{"0":"post-7848","1":"product","2":"type-product","3":"status-publish","4":"has-post-thumbnail","6":"product_cat-aspiradoras-industriales-antideflagrantes","8":"first","9":"instock","10":"shipping-taxable","11":"product-type-simple"},"acf":[],"yoast_head":"<!-- This site is optimized with the Yoast SEO Premium plugin v27.0 (Yoast SEO v27.3) - https:\/\/yoast.com\/product\/yoast-seo-premium-wordpress\/ -->\n<title>Vac\u00edo industrial antideflagrante BL PRO ATEX ASPIRADORA BRUSHLESS - Depureco USA<\/title>\n<meta name=\"description\" content=\"El BL PRO, dentro de la gama Depureco, es la aspiradora sin escobillas m\u00e1s compacta del mercado.\" \/>\n<meta name=\"robots\" content=\"index, follow, max-snippet:-1, max-image-preview:large, max-video-preview:-1\" \/>\n<link rel=\"canonical\" href=\"https:\/\/depurecousa.com\/es\/producto\/bl-pro-atex-aspiradora-brushless\/\" \/>\n<meta property=\"og:locale\" content=\"es_ES\" \/>\n<meta property=\"og:type\" content=\"article\" \/>\n<meta property=\"og:title\" content=\"BL PRO ATEX ASPIRADORA BRUSHLESS\" \/>\n<meta property=\"og:description\" content=\"El BL PRO, dentro de la gama Depureco, es la aspiradora sin escobillas m\u00e1s compacta del mercado.\" \/>\n<meta property=\"og:url\" content=\"https:\/\/depurecousa.com\/es\/producto\/bl-pro-atex-aspiradora-brushless\/\" \/>\n<meta property=\"og:site_name\" content=\"Depureco USA\" \/>\n<meta property=\"article:modified_time\" content=\"2024-10-17T10:34:26+00:00\" \/>\n<meta property=\"og:image\" content=\"https:\/\/depurecousa.com\/app\/uploads\/2023\/06\/bl_pro_45_ridotta-20220408-1424.webp\" \/>\n\t<meta property=\"og:image:width\" content=\"600\" \/>\n\t<meta property=\"og:image:height\" content=\"600\" \/>\n\t<meta property=\"og:image:type\" content=\"image\/webp\" \/>\n<meta name=\"twitter:card\" content=\"summary_large_image\" \/>\n<meta name=\"twitter:label1\" content=\"Precio\" \/>\n\t<meta name=\"twitter:data1\" content=\"\" \/>\n\t<meta name=\"twitter:label2\" content=\"Disponibilidad\" \/>\n\t<meta name=\"twitter:data2\" content=\"Disponible\" \/>\n<script type=\"application\/ld+json\" class=\"yoast-schema-graph\">{\"@context\":\"https:\\\/\\\/schema.org\",\"@graph\":[{\"@type\":[\"WebPage\",\"ItemPage\"],\"@id\":\"https:\\\/\\\/depurecousa.com\\\/es\\\/producto\\\/bl-pro-atex-aspiradora-brushless\\\/\",\"url\":\"https:\\\/\\\/depurecousa.com\\\/es\\\/producto\\\/bl-pro-atex-aspiradora-brushless\\\/\",\"name\":\"Vac\u00edo industrial antideflagrante BL PRO ATEX ASPIRADORA BRUSHLESS - Depureco USA\",\"isPartOf\":{\"@id\":\"https:\\\/\\\/depurecousa.com\\\/#website\"},\"primaryImageOfPage\":{\"@id\":\"https:\\\/\\\/depurecousa.com\\\/es\\\/producto\\\/bl-pro-atex-aspiradora-brushless\\\/#primaryimage\"},\"image\":{\"@id\":\"https:\\\/\\\/depurecousa.com\\\/es\\\/producto\\\/bl-pro-atex-aspiradora-brushless\\\/#primaryimage\"},\"thumbnailUrl\":\"https:\\\/\\\/depurecousa.com\\\/app\\\/uploads\\\/2023\\\/06\\\/bl_pro_45_ridotta-20220408-1424.webp\",\"datePublished\":\"2023-01-01T11:29:31+00:00\",\"dateModified\":\"2024-10-17T10:34:26+00:00\",\"description\":\"El BL PRO, dentro de la gama Depureco, es la aspiradora sin escobillas m\u00e1s compacta del mercado.\",\"breadcrumb\":{\"@id\":\"https:\\\/\\\/depurecousa.com\\\/es\\\/producto\\\/bl-pro-atex-aspiradora-brushless\\\/#breadcrumb\"},\"inLanguage\":\"es\",\"potentialAction\":[{\"@type\":\"ReadAction\",\"target\":[\"https:\\\/\\\/depurecousa.com\\\/es\\\/producto\\\/bl-pro-atex-aspiradora-brushless\\\/\"]}]},{\"@type\":\"ImageObject\",\"inLanguage\":\"es\",\"@id\":\"https:\\\/\\\/depurecousa.com\\\/es\\\/producto\\\/bl-pro-atex-aspiradora-brushless\\\/#primaryimage\",\"url\":\"https:\\\/\\\/depurecousa.com\\\/app\\\/uploads\\\/2023\\\/06\\\/bl_pro_45_ridotta-20220408-1424.webp\",\"contentUrl\":\"https:\\\/\\\/depurecousa.com\\\/app\\\/uploads\\\/2023\\\/06\\\/bl_pro_45_ridotta-20220408-1424.webp\",\"width\":600,\"height\":600,\"caption\":\"bl pro\"},{\"@type\":\"BreadcrumbList\",\"@id\":\"https:\\\/\\\/depurecousa.com\\\/es\\\/producto\\\/bl-pro-atex-aspiradora-brushless\\\/#breadcrumb\",\"itemListElement\":[{\"@type\":\"ListItem\",\"position\":1,\"name\":\"Home\",\"item\":\"https:\\\/\\\/depurecousa.com\\\/es\\\/hogar\\\/\"},{\"@type\":\"ListItem\",\"position\":2,\"name\":\"Products\",\"item\":\"https:\\\/\\\/depurecousa.com\\\/shop\\\/\"},{\"@type\":\"ListItem\",\"position\":3,\"name\":\"EXPLOSION PROOF INDUSTRIAL VACUUMS\",\"item\":\"https:\\\/\\\/depurecousa.com\\\/product-category\\\/explosion-proof-industrial-vacuums\\\/\"},{\"@type\":\"ListItem\",\"position\":4,\"name\":\"BL PRO ATEX ASPIRADORA BRUSHLESS\"}]},{\"@type\":\"WebSite\",\"@id\":\"https:\\\/\\\/depurecousa.com\\\/#website\",\"url\":\"https:\\\/\\\/depurecousa.com\\\/\",\"name\":\"Depureco USA\",\"description\":\"Aspiradoras industriales y sistemas centralizados\",\"publisher\":{\"@id\":\"https:\\\/\\\/depurecousa.com\\\/#organization\"},\"potentialAction\":[{\"@type\":\"SearchAction\",\"target\":{\"@type\":\"EntryPoint\",\"urlTemplate\":\"https:\\\/\\\/depurecousa.com\\\/?s={search_term_string}\"},\"query-input\":{\"@type\":\"PropertyValueSpecification\",\"valueRequired\":true,\"valueName\":\"search_term_string\"}}],\"inLanguage\":\"es\"},{\"@type\":[\"Organization\",\"Place\"],\"@id\":\"https:\\\/\\\/depurecousa.com\\\/#organization\",\"name\":\"Depureco USA\",\"url\":\"https:\\\/\\\/depurecousa.com\\\/\",\"logo\":{\"@id\":\"https:\\\/\\\/depurecousa.com\\\/es\\\/producto\\\/bl-pro-atex-aspiradora-brushless\\\/#local-main-organization-logo\"},\"image\":{\"@id\":\"https:\\\/\\\/depurecousa.com\\\/es\\\/producto\\\/bl-pro-atex-aspiradora-brushless\\\/#local-main-organization-logo\"},\"address\":{\"@id\":\"https:\\\/\\\/depurecousa.com\\\/es\\\/producto\\\/bl-pro-atex-aspiradora-brushless\\\/#local-main-place-address\"},\"geo\":{\"@type\":\"GeoCoordinates\",\"latitude\":\"30.024973508015663\",\"longitude\":\"-97.86156736732772\"},\"telephone\":[\"7377044347\"],\"contactPoint\":{\"@type\":\"ContactPoint\",\"telephone\":\"7377044347\",\"email\":\"simone.bacciu@depurecousa.com\"},\"openingHoursSpecification\":[{\"@type\":\"OpeningHoursSpecification\",\"dayOfWeek\":[\"Monday\",\"Tuesday\",\"Wednesday\",\"Thursday\",\"Friday\",\"Saturday\",\"Sunday\"],\"opens\":\"09:00\",\"closes\":\"17:00\"}],\"email\":\"info@depurecousa.com\",\"faxNumber\":\"Depureco Industrial Vacuums Corp\",\"areaServed\":\"United States\",\"globalLocationNumber\":\"24FQ+X9 Kyle, Texas\"},{\"@type\":\"PostalAddress\",\"@id\":\"https:\\\/\\\/depurecousa.com\\\/es\\\/producto\\\/bl-pro-atex-aspiradora-brushless\\\/#local-main-place-address\",\"streetAddress\":\"19121 Marketplace Avenue, Building 1, Suite 165\",\"addressLocality\":\"KYLE\",\"postalCode\":\"78640\",\"addressRegion\":\"TX\",\"addressCountry\":\"US\"},{\"@type\":\"ImageObject\",\"inLanguage\":\"es\",\"@id\":\"https:\\\/\\\/depurecousa.com\\\/es\\\/producto\\\/bl-pro-atex-aspiradora-brushless\\\/#local-main-organization-logo\",\"url\":\"https:\\\/\\\/depurecousa.com\\\/app\\\/uploads\\\/2023\\\/06\\\/depureco-logo-ico.png\",\"contentUrl\":\"https:\\\/\\\/depurecousa.com\\\/app\\\/uploads\\\/2023\\\/06\\\/depureco-logo-ico.png\",\"width\":512,\"height\":512,\"caption\":\"Depureco USA\"}]}<\/script>\n<meta property=\"product:price:currency\" content=\"USD\" \/>\n<meta property=\"og:availability\" content=\"instock\" \/>\n<meta property=\"product:availability\" content=\"instock\" \/>\n<meta property=\"product:condition\" content=\"new\" \/>\n<meta name=\"geo.placename\" content=\"KYLE\" \/>\n<meta name=\"geo.position\" content=\"30.024973508015663;-97.86156736732772\" \/>\n<meta name=\"geo.region\" content=\"Estados Unidos (EEUU)\" \/>\n<!-- \/ Yoast SEO Premium plugin. -->","yoast_head_json":{"title":"Vac\u00edo industrial antideflagrante BL PRO ATEX ASPIRADORA BRUSHLESS - Depureco USA","description":"El BL PRO, dentro de la gama Depureco, es la aspiradora sin escobillas m\u00e1s compacta del mercado.","robots":{"index":"index","follow":"follow","max-snippet":"max-snippet:-1","max-image-preview":"max-image-preview:large","max-video-preview":"max-video-preview:-1"},"canonical":"https:\/\/depurecousa.com\/es\/producto\/bl-pro-atex-aspiradora-brushless\/","og_locale":"es_ES","og_type":"article","og_title":"BL PRO ATEX ASPIRADORA BRUSHLESS","og_description":"El BL PRO, dentro de la gama Depureco, es la aspiradora sin escobillas m\u00e1s compacta del mercado.","og_url":"https:\/\/depurecousa.com\/es\/producto\/bl-pro-atex-aspiradora-brushless\/","og_site_name":"Depureco USA","article_modified_time":"2024-10-17T10:34:26+00:00","og_image":[{"width":600,"height":600,"url":"https:\/\/depurecousa.com\/app\/uploads\/2023\/06\/bl_pro_45_ridotta-20220408-1424.webp","type":"image\/webp"}],"twitter_card":"summary_large_image","twitter_misc":{"Precio":"","Disponibilidad":"Disponible"},"schema":{"@context":"https:\/\/schema.org","@graph":[{"@type":["WebPage","ItemPage"],"@id":"https:\/\/depurecousa.com\/es\/producto\/bl-pro-atex-aspiradora-brushless\/","url":"https:\/\/depurecousa.com\/es\/producto\/bl-pro-atex-aspiradora-brushless\/","name":"Vac\u00edo industrial antideflagrante BL PRO ATEX ASPIRADORA BRUSHLESS - Depureco USA","isPartOf":{"@id":"https:\/\/depurecousa.com\/#website"},"primaryImageOfPage":{"@id":"https:\/\/depurecousa.com\/es\/producto\/bl-pro-atex-aspiradora-brushless\/#primaryimage"},"image":{"@id":"https:\/\/depurecousa.com\/es\/producto\/bl-pro-atex-aspiradora-brushless\/#primaryimage"},"thumbnailUrl":"https:\/\/depurecousa.com\/app\/uploads\/2023\/06\/bl_pro_45_ridotta-20220408-1424.webp","datePublished":"2023-01-01T11:29:31+00:00","dateModified":"2024-10-17T10:34:26+00:00","description":"El BL PRO, dentro de la gama Depureco, es la aspiradora sin escobillas m\u00e1s compacta del mercado.","breadcrumb":{"@id":"https:\/\/depurecousa.com\/es\/producto\/bl-pro-atex-aspiradora-brushless\/#breadcrumb"},"inLanguage":"es","potentialAction":[{"@type":"ReadAction","target":["https:\/\/depurecousa.com\/es\/producto\/bl-pro-atex-aspiradora-brushless\/"]}]},{"@type":"ImageObject","inLanguage":"es","@id":"https:\/\/depurecousa.com\/es\/producto\/bl-pro-atex-aspiradora-brushless\/#primaryimage","url":"https:\/\/depurecousa.com\/app\/uploads\/2023\/06\/bl_pro_45_ridotta-20220408-1424.webp","contentUrl":"https:\/\/depurecousa.com\/app\/uploads\/2023\/06\/bl_pro_45_ridotta-20220408-1424.webp","width":600,"height":600,"caption":"bl pro"},{"@type":"BreadcrumbList","@id":"https:\/\/depurecousa.com\/es\/producto\/bl-pro-atex-aspiradora-brushless\/#breadcrumb","itemListElement":[{"@type":"ListItem","position":1,"name":"Home","item":"https:\/\/depurecousa.com\/es\/hogar\/"},{"@type":"ListItem","position":2,"name":"Products","item":"https:\/\/depurecousa.com\/shop\/"},{"@type":"ListItem","position":3,"name":"EXPLOSION PROOF INDUSTRIAL VACUUMS","item":"https:\/\/depurecousa.com\/product-category\/explosion-proof-industrial-vacuums\/"},{"@type":"ListItem","position":4,"name":"BL PRO ATEX ASPIRADORA BRUSHLESS"}]},{"@type":"WebSite","@id":"https:\/\/depurecousa.com\/#website","url":"https:\/\/depurecousa.com\/","name":"Depureco USA","description":"Aspiradoras industriales y sistemas centralizados","publisher":{"@id":"https:\/\/depurecousa.com\/#organization"},"potentialAction":[{"@type":"SearchAction","target":{"@type":"EntryPoint","urlTemplate":"https:\/\/depurecousa.com\/?s={search_term_string}"},"query-input":{"@type":"PropertyValueSpecification","valueRequired":true,"valueName":"search_term_string"}}],"inLanguage":"es"},{"@type":["Organization","Place"],"@id":"https:\/\/depurecousa.com\/#organization","name":"Depureco USA","url":"https:\/\/depurecousa.com\/","logo":{"@id":"https:\/\/depurecousa.com\/es\/producto\/bl-pro-atex-aspiradora-brushless\/#local-main-organization-logo"},"image":{"@id":"https:\/\/depurecousa.com\/es\/producto\/bl-pro-atex-aspiradora-brushless\/#local-main-organization-logo"},"address":{"@id":"https:\/\/depurecousa.com\/es\/producto\/bl-pro-atex-aspiradora-brushless\/#local-main-place-address"},"geo":{"@type":"GeoCoordinates","latitude":"30.024973508015663","longitude":"-97.86156736732772"},"telephone":["7377044347"],"contactPoint":{"@type":"ContactPoint","telephone":"7377044347","email":"simone.bacciu@depurecousa.com"},"openingHoursSpecification":[{"@type":"OpeningHoursSpecification","dayOfWeek":["Monday","Tuesday","Wednesday","Thursday","Friday","Saturday","Sunday"],"opens":"09:00","closes":"17:00"}],"email":"info@depurecousa.com","faxNumber":"Depureco Industrial Vacuums Corp","areaServed":"United States","globalLocationNumber":"24FQ+X9 Kyle, Texas"},{"@type":"PostalAddress","@id":"https:\/\/depurecousa.com\/es\/producto\/bl-pro-atex-aspiradora-brushless\/#local-main-place-address","streetAddress":"19121 Marketplace Avenue, Building 1, Suite 165","addressLocality":"KYLE","postalCode":"78640","addressRegion":"TX","addressCountry":"US"},{"@type":"ImageObject","inLanguage":"es","@id":"https:\/\/depurecousa.com\/es\/producto\/bl-pro-atex-aspiradora-brushless\/#local-main-organization-logo","url":"https:\/\/depurecousa.com\/app\/uploads\/2023\/06\/depureco-logo-ico.png","contentUrl":"https:\/\/depurecousa.com\/app\/uploads\/2023\/06\/depureco-logo-ico.png","width":512,"height":512,"caption":"Depureco USA"}]},"product_price_currency":"USD","og_availability":"instock","product_availability":"instock","product_condition":"new","geo.placename":"KYLE","geo.position":{"lat":"30.024973508015663","long":"-97.86156736732772"},"geo.region":"Estados Unidos (EEUU)"},"_links":{"self":[{"href":"https:\/\/depurecousa.com\/es\/wp-json\/wp\/v2\/product\/7848","targetHints":{"allow":["GET"]}}],"collection":[{"href":"https:\/\/depurecousa.com\/es\/wp-json\/wp\/v2\/product"}],"about":[{"href":"https:\/\/depurecousa.com\/es\/wp-json\/wp\/v2\/types\/product"}],"wp:featuredmedia":[{"embeddable":true,"href":"https:\/\/depurecousa.com\/es\/wp-json\/wp\/v2\/media\/4177"}],"wp:attachment":[{"href":"https:\/\/depurecousa.com\/es\/wp-json\/wp\/v2\/media?parent=7848"}],"wp:term":[{"taxonomy":"product_brand","embeddable":true,"href":"https:\/\/depurecousa.com\/es\/wp-json\/wp\/v2\/product_brand?post=7848"},{"taxonomy":"product_cat","embeddable":true,"href":"https:\/\/depurecousa.com\/es\/wp-json\/wp\/v2\/product_cat?post=7848"},{"taxonomy":"product_tag","embeddable":true,"href":"https:\/\/depurecousa.com\/es\/wp-json\/wp\/v2\/product_tag?post=7848"}],"curies":[{"name":"wp","href":"https:\/\/api.w.org\/{rel}","templated":true}]}}