{"id":7849,"date":"2023-03-03T04:15:51","date_gmt":"2023-03-03T11:15:51","guid":{"rendered":"https:\/\/depurecousa.com\/product\/m100-lp\/"},"modified":"2024-12-04T03:36:49","modified_gmt":"2024-12-04T10:36:49","slug":"m100-lp","status":"publish","type":"product","link":"https:\/\/depurecousa.com\/es\/producto\/m100-lp\/","title":{"rendered":"M100 LP"},"content":{"rendered":"<p>La aspiradora M100 LP se erige como el ep\u00edtome de la potencia dentro de la gama de aspiradoras industriales monof\u00e1sicas de Depureco. Sus excepcionales prestaciones se derivan de la presencia de 3 motores By-Pass, que le confieren una impresionante potencia de 3,3 CV. Dise\u00f1ada para sobresalir en diversas condiciones, la M100 LP se enfrenta sin esfuerzo al polvo, las virutas y los materiales dif\u00edciles, y admite tubos de varios metros de longitud.<\/p>\n<p>Equipado con un robusto filtro de bolsillo de poli\u00e9ster con una generosa superficie de 3720,01 in2, esta aspiradora cuenta con la apreciada certificaci\u00f3n M Class de BIA (Berufsgenossenschaftliches Institut f\u00fcr Arbeitssicherheit), que atestigua su notable eficacia de filtraci\u00f3n de 1\u00b5. Adem\u00e1s, el filtro puede adaptarse a aplicaciones espec\u00edficas, con opciones como filtros antiest\u00e1ticos para combatir las cargas electrost\u00e1ticas y filtros con tratamiento nanotecnol\u00f3gico PTFE para las part\u00edculas de polvo m\u00e1s exigentes.<\/p>\n<p>Para un mantenimiento \u00f3ptimo del rendimiento, la aspiradora industrial M100 LP integra un sistema de limpieza manual del filtro f\u00e1cil de usar. Con una c\u00f3moda palanca situada en el lateral de la aspiradora, el filtro puede agitarse sin esfuerzo para desalojar y eliminar los residuos acumulados.<\/p>\n<p>Adem\u00e1s, la aspiradora M100 LP incorpora un sistema de ensacado directo, que agiliza el proceso de eliminaci\u00f3n al permitir ensacar directamente los materiales sin necesidad de manipularlos o transferirlos manualmente.<\/p>\n","protected":false},"excerpt":{"rendered":"<p>La aspiradora M100 LP se erige como el ep\u00edtome de la potencia dentro de la gama de aspiradoras industriales monof\u00e1sicas de Depureco. Sus excepcionales prestaciones se derivan de la presencia de 3 motores By-Pass, que le confieren una impresionante potencia de 3,3 CV. Dise\u00f1ada para sobresalir en diversas condiciones, la M100 LP se enfrenta sin [&hellip;]<\/p>\n","protected":false},"featured_media":8414,"template":"","meta":{"_acf_changed":false,"content-type":"","inline_featured_image":false},"product_brand":[],"product_cat":[187],"product_tag":[],"class_list":{"0":"post-7849","1":"product","2":"type-product","3":"status-publish","4":"has-post-thumbnail","6":"product_cat-extractores-de-polvo-hepa","8":"first","9":"instock","10":"shipping-taxable","11":"product-type-simple"},"acf":[],"yoast_head":"<!-- This site is optimized with the Yoast SEO Premium plugin v27.0 (Yoast SEO v27.3) - https:\/\/yoast.com\/product\/yoast-seo-premium-wordpress\/ -->\n<title>Aspiradoras Hepa M100 LP - Depureco USA<\/title>\n<meta name=\"description\" content=\"La aspiradora M100 LP se erige como el ep\u00edtome de la potencia dentro de la gama de aspiradoras industriales monof\u00e1sicas de Depureco.\" \/>\n<meta name=\"robots\" content=\"index, follow, max-snippet:-1, max-image-preview:large, max-video-preview:-1\" \/>\n<link rel=\"canonical\" href=\"https:\/\/depurecousa.com\/es\/producto\/m100-lp\/\" \/>\n<meta property=\"og:locale\" content=\"es_ES\" \/>\n<meta property=\"og:type\" content=\"article\" \/>\n<meta property=\"og:title\" content=\"M100 LP\" \/>\n<meta property=\"og:description\" content=\"La aspiradora M100 LP se erige como el ep\u00edtome de la potencia dentro de la gama de aspiradoras industriales monof\u00e1sicas de Depureco.\" \/>\n<meta property=\"og:url\" content=\"https:\/\/depurecousa.com\/es\/producto\/m100-lp\/\" \/>\n<meta property=\"og:site_name\" content=\"Depureco USA\" \/>\n<meta property=\"article:modified_time\" content=\"2024-12-04T10:36:49+00:00\" \/>\n<meta property=\"og:image\" content=\"https:\/\/depurecousa.com\/app\/uploads\/2023\/03\/M-100-LP-usa.png\" \/>\n\t<meta property=\"og:image:width\" content=\"250\" \/>\n\t<meta property=\"og:image:height\" content=\"333\" \/>\n\t<meta property=\"og:image:type\" content=\"image\/png\" \/>\n<meta name=\"twitter:card\" content=\"summary_large_image\" \/>\n<meta name=\"twitter:label1\" content=\"Precio\" \/>\n\t<meta name=\"twitter:data1\" content=\"\" \/>\n\t<meta name=\"twitter:label2\" content=\"Disponibilidad\" \/>\n\t<meta name=\"twitter:data2\" content=\"Disponible\" \/>\n<script type=\"application\/ld+json\" class=\"yoast-schema-graph\">{\"@context\":\"https:\\\/\\\/schema.org\",\"@graph\":[{\"@type\":[\"WebPage\",\"ItemPage\"],\"@id\":\"https:\\\/\\\/depurecousa.com\\\/es\\\/producto\\\/m100-lp\\\/\",\"url\":\"https:\\\/\\\/depurecousa.com\\\/es\\\/producto\\\/m100-lp\\\/\",\"name\":\"Aspiradoras Hepa M100 LP - Depureco USA\",\"isPartOf\":{\"@id\":\"https:\\\/\\\/depurecousa.com\\\/#website\"},\"primaryImageOfPage\":{\"@id\":\"https:\\\/\\\/depurecousa.com\\\/es\\\/producto\\\/m100-lp\\\/#primaryimage\"},\"image\":{\"@id\":\"https:\\\/\\\/depurecousa.com\\\/es\\\/producto\\\/m100-lp\\\/#primaryimage\"},\"thumbnailUrl\":\"https:\\\/\\\/depurecousa.com\\\/app\\\/uploads\\\/2023\\\/03\\\/M-100-LP-usa.png\",\"datePublished\":\"2023-03-03T11:15:51+00:00\",\"dateModified\":\"2024-12-04T10:36:49+00:00\",\"description\":\"La aspiradora M100 LP se erige como el ep\u00edtome de la potencia dentro de la gama de aspiradoras industriales monof\u00e1sicas de Depureco.\",\"breadcrumb\":{\"@id\":\"https:\\\/\\\/depurecousa.com\\\/es\\\/producto\\\/m100-lp\\\/#breadcrumb\"},\"inLanguage\":\"es\",\"potentialAction\":[{\"@type\":\"ReadAction\",\"target\":[\"https:\\\/\\\/depurecousa.com\\\/es\\\/producto\\\/m100-lp\\\/\"]}]},{\"@type\":\"ImageObject\",\"inLanguage\":\"es\",\"@id\":\"https:\\\/\\\/depurecousa.com\\\/es\\\/producto\\\/m100-lp\\\/#primaryimage\",\"url\":\"https:\\\/\\\/depurecousa.com\\\/app\\\/uploads\\\/2023\\\/03\\\/M-100-LP-usa.png\",\"contentUrl\":\"https:\\\/\\\/depurecousa.com\\\/app\\\/uploads\\\/2023\\\/03\\\/M-100-LP-usa.png\",\"width\":250,\"height\":333},{\"@type\":\"BreadcrumbList\",\"@id\":\"https:\\\/\\\/depurecousa.com\\\/es\\\/producto\\\/m100-lp\\\/#breadcrumb\",\"itemListElement\":[{\"@type\":\"ListItem\",\"position\":1,\"name\":\"Home\",\"item\":\"https:\\\/\\\/depurecousa.com\\\/es\\\/hogar\\\/\"},{\"@type\":\"ListItem\",\"position\":2,\"name\":\"Products\",\"item\":\"https:\\\/\\\/depurecousa.com\\\/shop\\\/\"},{\"@type\":\"ListItem\",\"position\":3,\"name\":\"HEPA DUST EXTRACTORS\",\"item\":\"https:\\\/\\\/depurecousa.com\\\/product-category\\\/hepa-dust-extractors\\\/\"},{\"@type\":\"ListItem\",\"position\":4,\"name\":\"M100 LP\"}]},{\"@type\":\"WebSite\",\"@id\":\"https:\\\/\\\/depurecousa.com\\\/#website\",\"url\":\"https:\\\/\\\/depurecousa.com\\\/\",\"name\":\"Depureco USA\",\"description\":\"Aspiradoras industriales y sistemas centralizados\",\"publisher\":{\"@id\":\"https:\\\/\\\/depurecousa.com\\\/#organization\"},\"potentialAction\":[{\"@type\":\"SearchAction\",\"target\":{\"@type\":\"EntryPoint\",\"urlTemplate\":\"https:\\\/\\\/depurecousa.com\\\/?s={search_term_string}\"},\"query-input\":{\"@type\":\"PropertyValueSpecification\",\"valueRequired\":true,\"valueName\":\"search_term_string\"}}],\"inLanguage\":\"es\"},{\"@type\":[\"Organization\",\"Place\"],\"@id\":\"https:\\\/\\\/depurecousa.com\\\/#organization\",\"name\":\"Depureco USA\",\"url\":\"https:\\\/\\\/depurecousa.com\\\/\",\"logo\":{\"@id\":\"https:\\\/\\\/depurecousa.com\\\/es\\\/producto\\\/m100-lp\\\/#local-main-organization-logo\"},\"image\":{\"@id\":\"https:\\\/\\\/depurecousa.com\\\/es\\\/producto\\\/m100-lp\\\/#local-main-organization-logo\"},\"address\":{\"@id\":\"https:\\\/\\\/depurecousa.com\\\/es\\\/producto\\\/m100-lp\\\/#local-main-place-address\"},\"geo\":{\"@type\":\"GeoCoordinates\",\"latitude\":\"30.024973508015663\",\"longitude\":\"-97.86156736732772\"},\"telephone\":[\"7377044347\"],\"contactPoint\":{\"@type\":\"ContactPoint\",\"telephone\":\"7377044347\",\"email\":\"simone.bacciu@depurecousa.com\"},\"openingHoursSpecification\":[{\"@type\":\"OpeningHoursSpecification\",\"dayOfWeek\":[\"Monday\",\"Tuesday\",\"Wednesday\",\"Thursday\",\"Friday\",\"Saturday\",\"Sunday\"],\"opens\":\"09:00\",\"closes\":\"17:00\"}],\"email\":\"info@depurecousa.com\",\"faxNumber\":\"Depureco Industrial Vacuums Corp\",\"areaServed\":\"United States\",\"globalLocationNumber\":\"24FQ+X9 Kyle, Texas\"},{\"@type\":\"PostalAddress\",\"@id\":\"https:\\\/\\\/depurecousa.com\\\/es\\\/producto\\\/m100-lp\\\/#local-main-place-address\",\"streetAddress\":\"19121 Marketplace Avenue, Building 1, Suite 165\",\"addressLocality\":\"KYLE\",\"postalCode\":\"78640\",\"addressRegion\":\"TX\",\"addressCountry\":\"US\"},{\"@type\":\"ImageObject\",\"inLanguage\":\"es\",\"@id\":\"https:\\\/\\\/depurecousa.com\\\/es\\\/producto\\\/m100-lp\\\/#local-main-organization-logo\",\"url\":\"https:\\\/\\\/depurecousa.com\\\/app\\\/uploads\\\/2023\\\/06\\\/depureco-logo-ico.png\",\"contentUrl\":\"https:\\\/\\\/depurecousa.com\\\/app\\\/uploads\\\/2023\\\/06\\\/depureco-logo-ico.png\",\"width\":512,\"height\":512,\"caption\":\"Depureco USA\"}]}<\/script>\n<meta property=\"product:price:currency\" content=\"USD\" \/>\n<meta property=\"og:availability\" content=\"instock\" \/>\n<meta property=\"product:availability\" content=\"instock\" \/>\n<meta property=\"product:condition\" content=\"new\" \/>\n<meta name=\"geo.placename\" content=\"KYLE\" \/>\n<meta name=\"geo.position\" content=\"30.024973508015663;-97.86156736732772\" \/>\n<meta name=\"geo.region\" content=\"Estados Unidos (EEUU)\" \/>\n<!-- \/ Yoast SEO Premium plugin. -->","yoast_head_json":{"title":"Aspiradoras Hepa M100 LP - Depureco USA","description":"La aspiradora M100 LP se erige como el ep\u00edtome de la potencia dentro de la gama de aspiradoras industriales monof\u00e1sicas de Depureco.","robots":{"index":"index","follow":"follow","max-snippet":"max-snippet:-1","max-image-preview":"max-image-preview:large","max-video-preview":"max-video-preview:-1"},"canonical":"https:\/\/depurecousa.com\/es\/producto\/m100-lp\/","og_locale":"es_ES","og_type":"article","og_title":"M100 LP","og_description":"La aspiradora M100 LP se erige como el ep\u00edtome de la potencia dentro de la gama de aspiradoras industriales monof\u00e1sicas de Depureco.","og_url":"https:\/\/depurecousa.com\/es\/producto\/m100-lp\/","og_site_name":"Depureco USA","article_modified_time":"2024-12-04T10:36:49+00:00","og_image":[{"width":250,"height":333,"url":"https:\/\/depurecousa.com\/app\/uploads\/2023\/03\/M-100-LP-usa.png","type":"image\/png"}],"twitter_card":"summary_large_image","twitter_misc":{"Precio":"","Disponibilidad":"Disponible"},"schema":{"@context":"https:\/\/schema.org","@graph":[{"@type":["WebPage","ItemPage"],"@id":"https:\/\/depurecousa.com\/es\/producto\/m100-lp\/","url":"https:\/\/depurecousa.com\/es\/producto\/m100-lp\/","name":"Aspiradoras Hepa M100 LP - Depureco USA","isPartOf":{"@id":"https:\/\/depurecousa.com\/#website"},"primaryImageOfPage":{"@id":"https:\/\/depurecousa.com\/es\/producto\/m100-lp\/#primaryimage"},"image":{"@id":"https:\/\/depurecousa.com\/es\/producto\/m100-lp\/#primaryimage"},"thumbnailUrl":"https:\/\/depurecousa.com\/app\/uploads\/2023\/03\/M-100-LP-usa.png","datePublished":"2023-03-03T11:15:51+00:00","dateModified":"2024-12-04T10:36:49+00:00","description":"La aspiradora M100 LP se erige como el ep\u00edtome de la potencia dentro de la gama de aspiradoras industriales monof\u00e1sicas de Depureco.","breadcrumb":{"@id":"https:\/\/depurecousa.com\/es\/producto\/m100-lp\/#breadcrumb"},"inLanguage":"es","potentialAction":[{"@type":"ReadAction","target":["https:\/\/depurecousa.com\/es\/producto\/m100-lp\/"]}]},{"@type":"ImageObject","inLanguage":"es","@id":"https:\/\/depurecousa.com\/es\/producto\/m100-lp\/#primaryimage","url":"https:\/\/depurecousa.com\/app\/uploads\/2023\/03\/M-100-LP-usa.png","contentUrl":"https:\/\/depurecousa.com\/app\/uploads\/2023\/03\/M-100-LP-usa.png","width":250,"height":333},{"@type":"BreadcrumbList","@id":"https:\/\/depurecousa.com\/es\/producto\/m100-lp\/#breadcrumb","itemListElement":[{"@type":"ListItem","position":1,"name":"Home","item":"https:\/\/depurecousa.com\/es\/hogar\/"},{"@type":"ListItem","position":2,"name":"Products","item":"https:\/\/depurecousa.com\/shop\/"},{"@type":"ListItem","position":3,"name":"HEPA DUST EXTRACTORS","item":"https:\/\/depurecousa.com\/product-category\/hepa-dust-extractors\/"},{"@type":"ListItem","position":4,"name":"M100 LP"}]},{"@type":"WebSite","@id":"https:\/\/depurecousa.com\/#website","url":"https:\/\/depurecousa.com\/","name":"Depureco USA","description":"Aspiradoras industriales y sistemas centralizados","publisher":{"@id":"https:\/\/depurecousa.com\/#organization"},"potentialAction":[{"@type":"SearchAction","target":{"@type":"EntryPoint","urlTemplate":"https:\/\/depurecousa.com\/?s={search_term_string}"},"query-input":{"@type":"PropertyValueSpecification","valueRequired":true,"valueName":"search_term_string"}}],"inLanguage":"es"},{"@type":["Organization","Place"],"@id":"https:\/\/depurecousa.com\/#organization","name":"Depureco USA","url":"https:\/\/depurecousa.com\/","logo":{"@id":"https:\/\/depurecousa.com\/es\/producto\/m100-lp\/#local-main-organization-logo"},"image":{"@id":"https:\/\/depurecousa.com\/es\/producto\/m100-lp\/#local-main-organization-logo"},"address":{"@id":"https:\/\/depurecousa.com\/es\/producto\/m100-lp\/#local-main-place-address"},"geo":{"@type":"GeoCoordinates","latitude":"30.024973508015663","longitude":"-97.86156736732772"},"telephone":["7377044347"],"contactPoint":{"@type":"ContactPoint","telephone":"7377044347","email":"simone.bacciu@depurecousa.com"},"openingHoursSpecification":[{"@type":"OpeningHoursSpecification","dayOfWeek":["Monday","Tuesday","Wednesday","Thursday","Friday","Saturday","Sunday"],"opens":"09:00","closes":"17:00"}],"email":"info@depurecousa.com","faxNumber":"Depureco Industrial Vacuums Corp","areaServed":"United States","globalLocationNumber":"24FQ+X9 Kyle, Texas"},{"@type":"PostalAddress","@id":"https:\/\/depurecousa.com\/es\/producto\/m100-lp\/#local-main-place-address","streetAddress":"19121 Marketplace Avenue, Building 1, Suite 165","addressLocality":"KYLE","postalCode":"78640","addressRegion":"TX","addressCountry":"US"},{"@type":"ImageObject","inLanguage":"es","@id":"https:\/\/depurecousa.com\/es\/producto\/m100-lp\/#local-main-organization-logo","url":"https:\/\/depurecousa.com\/app\/uploads\/2023\/06\/depureco-logo-ico.png","contentUrl":"https:\/\/depurecousa.com\/app\/uploads\/2023\/06\/depureco-logo-ico.png","width":512,"height":512,"caption":"Depureco USA"}]},"product_price_currency":"USD","og_availability":"instock","product_availability":"instock","product_condition":"new","geo.placename":"KYLE","geo.position":{"lat":"30.024973508015663","long":"-97.86156736732772"},"geo.region":"Estados Unidos (EEUU)"},"_links":{"self":[{"href":"https:\/\/depurecousa.com\/es\/wp-json\/wp\/v2\/product\/7849","targetHints":{"allow":["GET"]}}],"collection":[{"href":"https:\/\/depurecousa.com\/es\/wp-json\/wp\/v2\/product"}],"about":[{"href":"https:\/\/depurecousa.com\/es\/wp-json\/wp\/v2\/types\/product"}],"wp:featuredmedia":[{"embeddable":true,"href":"https:\/\/depurecousa.com\/es\/wp-json\/wp\/v2\/media\/8414"}],"wp:attachment":[{"href":"https:\/\/depurecousa.com\/es\/wp-json\/wp\/v2\/media?parent=7849"}],"wp:term":[{"taxonomy":"product_brand","embeddable":true,"href":"https:\/\/depurecousa.com\/es\/wp-json\/wp\/v2\/product_brand?post=7849"},{"taxonomy":"product_cat","embeddable":true,"href":"https:\/\/depurecousa.com\/es\/wp-json\/wp\/v2\/product_cat?post=7849"},{"taxonomy":"product_tag","embeddable":true,"href":"https:\/\/depurecousa.com\/es\/wp-json\/wp\/v2\/product_tag?post=7849"}],"curies":[{"name":"wp","href":"https:\/\/api.w.org\/{rel}","templated":true}]}}