{"id":7850,"date":"2023-01-01T03:28:09","date_gmt":"2023-01-01T10:28:09","guid":{"rendered":"https:\/\/depurecousa.com\/product\/xm35-jc-lp\/"},"modified":"2026-01-13T02:48:35","modified_gmt":"2026-01-13T09:48:35","slug":"xm35-jc-lp","status":"publish","type":"product","link":"https:\/\/depurecousa.com\/es\/producto\/xm35-jc-lp\/","title":{"rendered":"XM35 JC LP"},"content":{"rendered":"<p>El XM35 Jet Clean\u00ae LP es una aspiradora industrial muy robusta y segura que ofrece una f\u00e1cil portabilidad, gracias al carro montado sobre ruedas industriales. La potencia de succi\u00f3n es generada por dos potentes motores By-Pass, alojados inteligentemente dentro de una carcasa met\u00e1lica insonorizada. La capacidad de aspiraci\u00f3n profesional de esta aspiradora es notablemente superior a la de otras aspiradoras de su categor\u00eda disponibles en el mercado.<\/p>\n<p>Esta aspiradora incorpora un filtro de cartucho situado debajo de la c\u00e1mara de filtraci\u00f3n, que est\u00e1 certificado por el BIA (Berufsgenossenschaftliches Institut f\u00fcr Arbeitssicherheit) como Clase M, lo que garantiza una eficacia de filtraci\u00f3n de 1\u00b5. Con una superficie filtrante de 5425,01 pulg2, esta aspiradora puede manejar importantes cantidades de polvo sin obstruir el filtro, priorizando as\u00ed la seguridad del operario.<\/p>\n<p>La gama monof\u00e1sica de aspiradoras industriales Depureco incluye un sistema de limpieza del filtro JetClean\u00ae, que limpia eficazmente el filtro utilizando la diferencia de presi\u00f3n entre el interior y el exterior de la aspiradora. El filtro puede limpiarse sin parar los motores de aspiraci\u00f3n ni desconectar el tubo de aspiraci\u00f3n.<\/p>\n<p>Para aumentar a\u00fan m\u00e1s la seguridad del usuario, esta aspiradora est\u00e1 equipada con el sistema Longopac\u00ae, que permite embolsar directamente el material sin que haya contacto entre el operario y el producto aspirado.<\/p>\n<p>&nbsp;<\/p>\n<p><iframe title=\"XM 35 LP | Brushless Dust Extractor with Longopac\u00ae Endless Bag [Demo]\" width=\"800\" height=\"450\" src=\"https:\/\/www.youtube.com\/embed\/XqI4BOORKKw?feature=oembed\" frameborder=\"0\" allow=\"accelerometer; autoplay; clipboard-write; encrypted-media; gyroscope; picture-in-picture; web-share\" referrerpolicy=\"strict-origin-when-cross-origin\" allowfullscreen><\/iframe><\/p>\n<p>&nbsp;<\/p>\n","protected":false},"excerpt":{"rendered":"<p>El XM35 Jet Clean\u00ae LP es una aspiradora industrial muy robusta y segura que ofrece una f\u00e1cil portabilidad, gracias al carro montado sobre ruedas industriales. La potencia de succi\u00f3n es generada por dos potentes motores By-Pass, alojados inteligentemente dentro de una carcasa met\u00e1lica insonorizada. La capacidad de aspiraci\u00f3n profesional de esta aspiradora es notablemente superior [&hellip;]<\/p>\n","protected":false},"featured_media":4164,"template":"","meta":{"_acf_changed":false,"content-type":"","inline_featured_image":false},"product_brand":[],"product_cat":[187],"product_tag":[],"class_list":{"0":"post-7850","1":"product","2":"type-product","3":"status-publish","4":"has-post-thumbnail","6":"product_cat-extractores-de-polvo-hepa","8":"first","9":"instock","10":"shipping-taxable","11":"product-type-simple"},"acf":[],"yoast_head":"<!-- This site is optimized with the Yoast SEO Premium plugin v27.0 (Yoast SEO v27.3) - https:\/\/yoast.com\/product\/yoast-seo-premium-wordpress\/ -->\n<title>Extractores de Polvo HepaXM35 JC LP - Depureco USA<\/title>\n<meta name=\"description\" content=\"El XM35 Jet Clean\u00ae LP es una aspiradora industrial muy robusta y segura que ofrece una f\u00e1cil portabilidad, gracias al carro montado sobre ruedas industriales.\" \/>\n<meta name=\"robots\" content=\"index, follow, max-snippet:-1, max-image-preview:large, max-video-preview:-1\" \/>\n<link rel=\"canonical\" href=\"https:\/\/depurecousa.com\/es\/producto\/xm35-jc-lp\/\" \/>\n<meta property=\"og:locale\" content=\"es_ES\" \/>\n<meta property=\"og:type\" content=\"article\" \/>\n<meta property=\"og:title\" content=\"XM35 JC LP\" \/>\n<meta property=\"og:description\" content=\"El XM35 Jet Clean\u00ae LP es una aspiradora industrial muy robusta y segura que ofrece una f\u00e1cil portabilidad, gracias al carro montado sobre ruedas industriales.\" \/>\n<meta property=\"og:url\" content=\"https:\/\/depurecousa.com\/es\/producto\/xm35-jc-lp\/\" \/>\n<meta property=\"og:site_name\" content=\"Depureco USA\" \/>\n<meta property=\"article:modified_time\" content=\"2026-01-13T09:48:35+00:00\" \/>\n<meta property=\"og:image\" content=\"https:\/\/depurecousa.com\/app\/uploads\/2023\/06\/XM-35-JC-LP.webp\" \/>\n\t<meta property=\"og:image:width\" content=\"800\" \/>\n\t<meta property=\"og:image:height\" content=\"800\" \/>\n\t<meta property=\"og:image:type\" content=\"image\/webp\" \/>\n<meta name=\"twitter:card\" content=\"summary_large_image\" \/>\n<meta name=\"twitter:label1\" content=\"Precio\" \/>\n\t<meta name=\"twitter:data1\" content=\"\" \/>\n\t<meta name=\"twitter:label2\" content=\"Disponibilidad\" \/>\n\t<meta name=\"twitter:data2\" content=\"Disponible\" \/>\n<script type=\"application\/ld+json\" class=\"yoast-schema-graph\">{\"@context\":\"https:\\\/\\\/schema.org\",\"@graph\":[{\"@type\":[\"WebPage\",\"ItemPage\"],\"@id\":\"https:\\\/\\\/depurecousa.com\\\/es\\\/producto\\\/xm35-jc-lp\\\/\",\"url\":\"https:\\\/\\\/depurecousa.com\\\/es\\\/producto\\\/xm35-jc-lp\\\/\",\"name\":\"Extractores de Polvo HepaXM35 JC LP - Depureco USA\",\"isPartOf\":{\"@id\":\"https:\\\/\\\/depurecousa.com\\\/#website\"},\"primaryImageOfPage\":{\"@id\":\"https:\\\/\\\/depurecousa.com\\\/es\\\/producto\\\/xm35-jc-lp\\\/#primaryimage\"},\"image\":{\"@id\":\"https:\\\/\\\/depurecousa.com\\\/es\\\/producto\\\/xm35-jc-lp\\\/#primaryimage\"},\"thumbnailUrl\":\"https:\\\/\\\/depurecousa.com\\\/app\\\/uploads\\\/2023\\\/06\\\/XM-35-JC-LP.webp\",\"datePublished\":\"2023-01-01T10:28:09+00:00\",\"dateModified\":\"2026-01-13T09:48:35+00:00\",\"description\":\"El XM35 Jet Clean\u00ae LP es una aspiradora industrial muy robusta y segura que ofrece una f\u00e1cil portabilidad, gracias al carro montado sobre ruedas industriales.\",\"breadcrumb\":{\"@id\":\"https:\\\/\\\/depurecousa.com\\\/es\\\/producto\\\/xm35-jc-lp\\\/#breadcrumb\"},\"inLanguage\":\"es\",\"potentialAction\":[{\"@type\":\"ReadAction\",\"target\":[\"https:\\\/\\\/depurecousa.com\\\/es\\\/producto\\\/xm35-jc-lp\\\/\"]}]},{\"@type\":\"ImageObject\",\"inLanguage\":\"es\",\"@id\":\"https:\\\/\\\/depurecousa.com\\\/es\\\/producto\\\/xm35-jc-lp\\\/#primaryimage\",\"url\":\"https:\\\/\\\/depurecousa.com\\\/app\\\/uploads\\\/2023\\\/06\\\/XM-35-JC-LP.webp\",\"contentUrl\":\"https:\\\/\\\/depurecousa.com\\\/app\\\/uploads\\\/2023\\\/06\\\/XM-35-JC-LP.webp\",\"width\":800,\"height\":800,\"caption\":\"BUILT TO LAST \u2014 285 CFM of H14-filtered power keeps grinders cutting while JetClean auto-pulse and Longopac bag swaps slash downtime. Dealer pricing, factory direct.\"},{\"@type\":\"BreadcrumbList\",\"@id\":\"https:\\\/\\\/depurecousa.com\\\/es\\\/producto\\\/xm35-jc-lp\\\/#breadcrumb\",\"itemListElement\":[{\"@type\":\"ListItem\",\"position\":1,\"name\":\"Home\",\"item\":\"https:\\\/\\\/depurecousa.com\\\/es\\\/hogar\\\/\"},{\"@type\":\"ListItem\",\"position\":2,\"name\":\"Products\",\"item\":\"https:\\\/\\\/depurecousa.com\\\/shop\\\/\"},{\"@type\":\"ListItem\",\"position\":3,\"name\":\"EXTRACTORES DE POLVO HEPA\",\"item\":\"https:\\\/\\\/depurecousa.com\\\/es\\\/categoria-producto\\\/extractores-de-polvo-hepa\\\/\"},{\"@type\":\"ListItem\",\"position\":4,\"name\":\"XM35 JC LP\"}]},{\"@type\":\"WebSite\",\"@id\":\"https:\\\/\\\/depurecousa.com\\\/#website\",\"url\":\"https:\\\/\\\/depurecousa.com\\\/\",\"name\":\"Depureco USA\",\"description\":\"Aspiradoras industriales y sistemas centralizados\",\"publisher\":{\"@id\":\"https:\\\/\\\/depurecousa.com\\\/#organization\"},\"potentialAction\":[{\"@type\":\"SearchAction\",\"target\":{\"@type\":\"EntryPoint\",\"urlTemplate\":\"https:\\\/\\\/depurecousa.com\\\/?s={search_term_string}\"},\"query-input\":{\"@type\":\"PropertyValueSpecification\",\"valueRequired\":true,\"valueName\":\"search_term_string\"}}],\"inLanguage\":\"es\"},{\"@type\":[\"Organization\",\"Place\"],\"@id\":\"https:\\\/\\\/depurecousa.com\\\/#organization\",\"name\":\"Depureco USA\",\"url\":\"https:\\\/\\\/depurecousa.com\\\/\",\"logo\":{\"@id\":\"https:\\\/\\\/depurecousa.com\\\/es\\\/producto\\\/xm35-jc-lp\\\/#local-main-organization-logo\"},\"image\":{\"@id\":\"https:\\\/\\\/depurecousa.com\\\/es\\\/producto\\\/xm35-jc-lp\\\/#local-main-organization-logo\"},\"address\":{\"@id\":\"https:\\\/\\\/depurecousa.com\\\/es\\\/producto\\\/xm35-jc-lp\\\/#local-main-place-address\"},\"geo\":{\"@type\":\"GeoCoordinates\",\"latitude\":\"30.024973508015663\",\"longitude\":\"-97.86156736732772\"},\"telephone\":[\"7377044347\"],\"contactPoint\":{\"@type\":\"ContactPoint\",\"telephone\":\"7377044347\",\"email\":\"simone.bacciu@depurecousa.com\"},\"openingHoursSpecification\":[{\"@type\":\"OpeningHoursSpecification\",\"dayOfWeek\":[\"Monday\",\"Tuesday\",\"Wednesday\",\"Thursday\",\"Friday\",\"Saturday\",\"Sunday\"],\"opens\":\"09:00\",\"closes\":\"17:00\"}],\"email\":\"info@depurecousa.com\",\"faxNumber\":\"Depureco Industrial Vacuums Corp\",\"areaServed\":\"United States\",\"globalLocationNumber\":\"24FQ+X9 Kyle, Texas\"},{\"@type\":\"PostalAddress\",\"@id\":\"https:\\\/\\\/depurecousa.com\\\/es\\\/producto\\\/xm35-jc-lp\\\/#local-main-place-address\",\"streetAddress\":\"19121 Marketplace Avenue, Building 1, Suite 165\",\"addressLocality\":\"KYLE\",\"postalCode\":\"78640\",\"addressRegion\":\"TX\",\"addressCountry\":\"US\"},{\"@type\":\"ImageObject\",\"inLanguage\":\"es\",\"@id\":\"https:\\\/\\\/depurecousa.com\\\/es\\\/producto\\\/xm35-jc-lp\\\/#local-main-organization-logo\",\"url\":\"https:\\\/\\\/depurecousa.com\\\/app\\\/uploads\\\/2023\\\/06\\\/depureco-logo-ico.png\",\"contentUrl\":\"https:\\\/\\\/depurecousa.com\\\/app\\\/uploads\\\/2023\\\/06\\\/depureco-logo-ico.png\",\"width\":512,\"height\":512,\"caption\":\"Depureco USA\"}]}<\/script>\n<meta property=\"product:price:currency\" content=\"USD\" \/>\n<meta property=\"og:availability\" content=\"instock\" \/>\n<meta property=\"product:availability\" content=\"instock\" \/>\n<meta property=\"product:condition\" content=\"new\" \/>\n<meta name=\"geo.placename\" content=\"KYLE\" \/>\n<meta name=\"geo.position\" content=\"30.024973508015663;-97.86156736732772\" \/>\n<meta name=\"geo.region\" content=\"Estados Unidos (EEUU)\" \/>\n<!-- \/ Yoast SEO Premium plugin. -->","yoast_head_json":{"title":"Extractores de Polvo HepaXM35 JC LP - Depureco USA","description":"El XM35 Jet Clean\u00ae LP es una aspiradora industrial muy robusta y segura que ofrece una f\u00e1cil portabilidad, gracias al carro montado sobre ruedas industriales.","robots":{"index":"index","follow":"follow","max-snippet":"max-snippet:-1","max-image-preview":"max-image-preview:large","max-video-preview":"max-video-preview:-1"},"canonical":"https:\/\/depurecousa.com\/es\/producto\/xm35-jc-lp\/","og_locale":"es_ES","og_type":"article","og_title":"XM35 JC LP","og_description":"El XM35 Jet Clean\u00ae LP es una aspiradora industrial muy robusta y segura que ofrece una f\u00e1cil portabilidad, gracias al carro montado sobre ruedas industriales.","og_url":"https:\/\/depurecousa.com\/es\/producto\/xm35-jc-lp\/","og_site_name":"Depureco USA","article_modified_time":"2026-01-13T09:48:35+00:00","og_image":[{"width":800,"height":800,"url":"https:\/\/depurecousa.com\/app\/uploads\/2023\/06\/XM-35-JC-LP.webp","type":"image\/webp"}],"twitter_card":"summary_large_image","twitter_misc":{"Precio":"","Disponibilidad":"Disponible"},"schema":{"@context":"https:\/\/schema.org","@graph":[{"@type":["WebPage","ItemPage"],"@id":"https:\/\/depurecousa.com\/es\/producto\/xm35-jc-lp\/","url":"https:\/\/depurecousa.com\/es\/producto\/xm35-jc-lp\/","name":"Extractores de Polvo HepaXM35 JC LP - Depureco USA","isPartOf":{"@id":"https:\/\/depurecousa.com\/#website"},"primaryImageOfPage":{"@id":"https:\/\/depurecousa.com\/es\/producto\/xm35-jc-lp\/#primaryimage"},"image":{"@id":"https:\/\/depurecousa.com\/es\/producto\/xm35-jc-lp\/#primaryimage"},"thumbnailUrl":"https:\/\/depurecousa.com\/app\/uploads\/2023\/06\/XM-35-JC-LP.webp","datePublished":"2023-01-01T10:28:09+00:00","dateModified":"2026-01-13T09:48:35+00:00","description":"El XM35 Jet Clean\u00ae LP es una aspiradora industrial muy robusta y segura que ofrece una f\u00e1cil portabilidad, gracias al carro montado sobre ruedas industriales.","breadcrumb":{"@id":"https:\/\/depurecousa.com\/es\/producto\/xm35-jc-lp\/#breadcrumb"},"inLanguage":"es","potentialAction":[{"@type":"ReadAction","target":["https:\/\/depurecousa.com\/es\/producto\/xm35-jc-lp\/"]}]},{"@type":"ImageObject","inLanguage":"es","@id":"https:\/\/depurecousa.com\/es\/producto\/xm35-jc-lp\/#primaryimage","url":"https:\/\/depurecousa.com\/app\/uploads\/2023\/06\/XM-35-JC-LP.webp","contentUrl":"https:\/\/depurecousa.com\/app\/uploads\/2023\/06\/XM-35-JC-LP.webp","width":800,"height":800,"caption":"BUILT TO LAST \u2014 285 CFM of H14-filtered power keeps grinders cutting while JetClean auto-pulse and Longopac bag swaps slash downtime. Dealer pricing, factory direct."},{"@type":"BreadcrumbList","@id":"https:\/\/depurecousa.com\/es\/producto\/xm35-jc-lp\/#breadcrumb","itemListElement":[{"@type":"ListItem","position":1,"name":"Home","item":"https:\/\/depurecousa.com\/es\/hogar\/"},{"@type":"ListItem","position":2,"name":"Products","item":"https:\/\/depurecousa.com\/shop\/"},{"@type":"ListItem","position":3,"name":"EXTRACTORES DE POLVO HEPA","item":"https:\/\/depurecousa.com\/es\/categoria-producto\/extractores-de-polvo-hepa\/"},{"@type":"ListItem","position":4,"name":"XM35 JC LP"}]},{"@type":"WebSite","@id":"https:\/\/depurecousa.com\/#website","url":"https:\/\/depurecousa.com\/","name":"Depureco USA","description":"Aspiradoras industriales y sistemas centralizados","publisher":{"@id":"https:\/\/depurecousa.com\/#organization"},"potentialAction":[{"@type":"SearchAction","target":{"@type":"EntryPoint","urlTemplate":"https:\/\/depurecousa.com\/?s={search_term_string}"},"query-input":{"@type":"PropertyValueSpecification","valueRequired":true,"valueName":"search_term_string"}}],"inLanguage":"es"},{"@type":["Organization","Place"],"@id":"https:\/\/depurecousa.com\/#organization","name":"Depureco USA","url":"https:\/\/depurecousa.com\/","logo":{"@id":"https:\/\/depurecousa.com\/es\/producto\/xm35-jc-lp\/#local-main-organization-logo"},"image":{"@id":"https:\/\/depurecousa.com\/es\/producto\/xm35-jc-lp\/#local-main-organization-logo"},"address":{"@id":"https:\/\/depurecousa.com\/es\/producto\/xm35-jc-lp\/#local-main-place-address"},"geo":{"@type":"GeoCoordinates","latitude":"30.024973508015663","longitude":"-97.86156736732772"},"telephone":["7377044347"],"contactPoint":{"@type":"ContactPoint","telephone":"7377044347","email":"simone.bacciu@depurecousa.com"},"openingHoursSpecification":[{"@type":"OpeningHoursSpecification","dayOfWeek":["Monday","Tuesday","Wednesday","Thursday","Friday","Saturday","Sunday"],"opens":"09:00","closes":"17:00"}],"email":"info@depurecousa.com","faxNumber":"Depureco Industrial Vacuums Corp","areaServed":"United States","globalLocationNumber":"24FQ+X9 Kyle, Texas"},{"@type":"PostalAddress","@id":"https:\/\/depurecousa.com\/es\/producto\/xm35-jc-lp\/#local-main-place-address","streetAddress":"19121 Marketplace Avenue, Building 1, Suite 165","addressLocality":"KYLE","postalCode":"78640","addressRegion":"TX","addressCountry":"US"},{"@type":"ImageObject","inLanguage":"es","@id":"https:\/\/depurecousa.com\/es\/producto\/xm35-jc-lp\/#local-main-organization-logo","url":"https:\/\/depurecousa.com\/app\/uploads\/2023\/06\/depureco-logo-ico.png","contentUrl":"https:\/\/depurecousa.com\/app\/uploads\/2023\/06\/depureco-logo-ico.png","width":512,"height":512,"caption":"Depureco USA"}]},"product_price_currency":"USD","og_availability":"instock","product_availability":"instock","product_condition":"new","geo.placename":"KYLE","geo.position":{"lat":"30.024973508015663","long":"-97.86156736732772"},"geo.region":"Estados Unidos (EEUU)"},"_links":{"self":[{"href":"https:\/\/depurecousa.com\/es\/wp-json\/wp\/v2\/product\/7850","targetHints":{"allow":["GET"]}}],"collection":[{"href":"https:\/\/depurecousa.com\/es\/wp-json\/wp\/v2\/product"}],"about":[{"href":"https:\/\/depurecousa.com\/es\/wp-json\/wp\/v2\/types\/product"}],"wp:featuredmedia":[{"embeddable":true,"href":"https:\/\/depurecousa.com\/es\/wp-json\/wp\/v2\/media\/4164"}],"wp:attachment":[{"href":"https:\/\/depurecousa.com\/es\/wp-json\/wp\/v2\/media?parent=7850"}],"wp:term":[{"taxonomy":"product_brand","embeddable":true,"href":"https:\/\/depurecousa.com\/es\/wp-json\/wp\/v2\/product_brand?post=7850"},{"taxonomy":"product_cat","embeddable":true,"href":"https:\/\/depurecousa.com\/es\/wp-json\/wp\/v2\/product_cat?post=7850"},{"taxonomy":"product_tag","embeddable":true,"href":"https:\/\/depurecousa.com\/es\/wp-json\/wp\/v2\/product_tag?post=7850"}],"curies":[{"name":"wp","href":"https:\/\/api.w.org\/{rel}","templated":true}]}}