{"id":7851,"date":"2023-06-20T02:36:57","date_gmt":"2023-06-20T08:36:57","guid":{"rendered":"https:\/\/depurecousa.com\/product\/wd-air\/"},"modified":"2026-01-14T01:08:23","modified_gmt":"2026-01-14T08:08:23","slug":"wd-air-aspiradora-neumatica-recogida-liquidos","status":"publish","type":"product","link":"https:\/\/depurecousa.com\/es\/producto\/wd-air-aspiradora-neumatica-recogida-liquidos\/","title":{"rendered":"WD AIR <br>ASPIRADORA INDUSTRIAL NEUM\u00c1TICA PARA LA RECOGIDA DE L\u00cdQUIDOS"},"content":{"rendered":"<p>WD AIR es una robusta aspiradora industrial de la l\u00ednea Depureco, dise\u00f1ada espec\u00edficamente para utilizar aire comprimido para la aspiraci\u00f3n eficaz de l\u00edquidos, incluidos los contaminados con residuos y lodos ligeros. Esta aspiradora de l\u00edquidos incorpora dos eyectores paralelos que trabajan juntos para garantizar un rendimiento \u00f3ptimo. Cada eyector puede ajustarse en funci\u00f3n de las necesidades espec\u00edficas, permitiendo un mayor caudal de aire o una mayor potencia de aspiraci\u00f3n. La aspiradora industrial WD AIR de Depureco est\u00e1 equipada con dos filtros de bolsa, de poli\u00e9ster o polipropileno, que pueden elegirse en funci\u00f3n de las necesidades de la aplicaci\u00f3n. Estos filtros separan eficazmente los materiales s\u00f3lidos de los l\u00edquidos que se aspiran. Con un contenedor de 34 galones de capacidad, esta unidad facilita la aspiraci\u00f3n sin esfuerzo de grandes vol\u00famenes de material, y la descarga posterior se realiza c\u00f3modamente mediante un desag\u00fce situado en la parte inferior del contenedor. Para controlar el nivel de l\u00edquido dentro del vac\u00edo industrial, se instala un tubo transparente en la parte delantera. Para mayor seguridad, se puede instalar un flotador en el contenedor, lo que garantiza la seguridad de las operaciones de aspiraci\u00f3n.<\/p>\n","protected":false},"excerpt":{"rendered":"<p>WD AIR es una robusta aspiradora industrial de la l\u00ednea Depureco, dise\u00f1ada espec\u00edficamente para utilizar aire comprimido para la aspiraci\u00f3n eficaz de l\u00edquidos, incluidos los contaminados con residuos y lodos ligeros. Esta aspiradora de l\u00edquidos incorpora dos eyectores paralelos que trabajan juntos para garantizar un rendimiento \u00f3ptimo. Cada eyector puede ajustarse en funci\u00f3n de las [&hellip;]<\/p>\n","protected":false},"featured_media":4159,"template":"","meta":{"_acf_changed":false,"content-type":"","inline_featured_image":false},"product_brand":[],"product_cat":[181],"product_tag":[],"class_list":{"0":"post-7851","1":"product","2":"type-product","3":"status-publish","4":"has-post-thumbnail","6":"product_cat-aspiradoras-industriales-neumaticas","8":"first","9":"instock","10":"shipping-taxable","11":"product-type-simple"},"acf":[],"yoast_head":"<!-- This site is optimized with the Yoast SEO Premium plugin v27.4 (Yoast SEO v27.4) - https:\/\/yoast.com\/product\/yoast-seo-premium-wordpress\/ -->\n<title>Aspiradoras Industriales Neum\u00e1ticasWD AIR ASPIRADORA INDUSTRIAL NEUM\u00c1TICA PARA LA RECOGIDA DE L\u00cdQUIDOS - Depureco USA<\/title>\n<meta name=\"description\" content=\"WD AIR es una robusta aspiradora industrial fabricada por Depureco, meticulosamente dise\u00f1ada para aprovechar la potencia del aire comprimido para una aspiraci\u00f3n altamente eficaz de l\u00edquidos, incluso los que contienen residuos y lodos ligeros.\" \/>\n<meta name=\"robots\" content=\"index, follow, max-snippet:-1, max-image-preview:large, max-video-preview:-1\" \/>\n<link rel=\"canonical\" href=\"https:\/\/depurecousa.com\/es\/producto\/wd-air-aspiradora-neumatica-recogida-liquidos\/\" \/>\n<meta property=\"og:locale\" content=\"es_ES\" \/>\n<meta property=\"og:type\" content=\"article\" \/>\n<meta property=\"og:title\" content=\"WD AIR ASPIRADORA INDUSTRIAL NEUM\u00c1TICA PARA LA RECOGIDA DE L\u00cdQUIDOS\" \/>\n<meta property=\"og:description\" content=\"WD AIR es una robusta aspiradora industrial fabricada por Depureco, meticulosamente dise\u00f1ada para aprovechar la potencia del aire comprimido para una aspiraci\u00f3n altamente eficaz de l\u00edquidos, incluso los que contienen residuos y lodos ligeros.\" \/>\n<meta property=\"og:url\" content=\"https:\/\/depurecousa.com\/es\/producto\/wd-air-aspiradora-neumatica-recogida-liquidos\/\" \/>\n<meta property=\"og:site_name\" content=\"Depureco USA\" \/>\n<meta property=\"article:publisher\" content=\"https:\/\/www.facebook.com\/DepurecoUSA\/\" \/>\n<meta property=\"article:modified_time\" content=\"2026-01-14T08:08:23+00:00\" \/>\n<meta property=\"og:image\" content=\"https:\/\/depurecousa.com\/app\/uploads\/2023\/06\/wd_air_2_copia.webp\" \/>\n\t<meta property=\"og:image:width\" content=\"960\" \/>\n\t<meta property=\"og:image:height\" content=\"960\" \/>\n\t<meta property=\"og:image:type\" content=\"image\/webp\" \/>\n<meta name=\"twitter:card\" content=\"summary_large_image\" \/>\n<script type=\"application\/ld+json\" class=\"yoast-schema-graph\">{\"@context\":\"https:\\\/\\\/schema.org\",\"@graph\":[{\"@type\":[\"WebPage\",\"ItemPage\"],\"@id\":\"https:\\\/\\\/depurecousa.com\\\/es\\\/producto\\\/wd-air-aspiradora-neumatica-recogida-liquidos\\\/\",\"url\":\"https:\\\/\\\/depurecousa.com\\\/es\\\/producto\\\/wd-air-aspiradora-neumatica-recogida-liquidos\\\/\",\"name\":\"Aspiradoras Industriales Neum\u00e1ticasWD AIR ASPIRADORA INDUSTRIAL NEUM\u00c1TICA PARA LA RECOGIDA DE L\u00cdQUIDOS - Depureco USA\",\"isPartOf\":{\"@id\":\"https:\\\/\\\/depurecousa.com\\\/es\\\/#website\"},\"primaryImageOfPage\":{\"@id\":\"https:\\\/\\\/depurecousa.com\\\/es\\\/producto\\\/wd-air-aspiradora-neumatica-recogida-liquidos\\\/#primaryimage\"},\"image\":{\"@id\":\"https:\\\/\\\/depurecousa.com\\\/es\\\/producto\\\/wd-air-aspiradora-neumatica-recogida-liquidos\\\/#primaryimage\"},\"thumbnailUrl\":\"https:\\\/\\\/depurecousa.com\\\/app\\\/uploads\\\/2023\\\/06\\\/wd_air_2_copia.webp\",\"datePublished\":\"2023-06-20T08:36:57+00:00\",\"dateModified\":\"2026-01-14T08:08:23+00:00\",\"description\":\"WD AIR es una robusta aspiradora industrial fabricada por Depureco, meticulosamente dise\u00f1ada para aprovechar la potencia del aire comprimido para una aspiraci\u00f3n altamente eficaz de l\u00edquidos, incluso los que contienen residuos y lodos ligeros.\",\"breadcrumb\":{\"@id\":\"https:\\\/\\\/depurecousa.com\\\/es\\\/producto\\\/wd-air-aspiradora-neumatica-recogida-liquidos\\\/#breadcrumb\"},\"inLanguage\":\"es\",\"potentialAction\":[{\"@type\":\"ReadAction\",\"target\":[\"https:\\\/\\\/depurecousa.com\\\/es\\\/producto\\\/wd-air-aspiradora-neumatica-recogida-liquidos\\\/\"]}]},{\"@type\":\"ImageObject\",\"inLanguage\":\"es\",\"@id\":\"https:\\\/\\\/depurecousa.com\\\/es\\\/producto\\\/wd-air-aspiradora-neumatica-recogida-liquidos\\\/#primaryimage\",\"url\":\"https:\\\/\\\/depurecousa.com\\\/app\\\/uploads\\\/2023\\\/06\\\/wd_air_2_copia.webp\",\"contentUrl\":\"https:\\\/\\\/depurecousa.com\\\/app\\\/uploads\\\/2023\\\/06\\\/wd_air_2_copia.webp\",\"width\":960,\"height\":960,\"caption\":\"WD AIR air powered industrial vacuum for liquids, debris, and light sludge recovery.\"},{\"@type\":\"BreadcrumbList\",\"@id\":\"https:\\\/\\\/depurecousa.com\\\/es\\\/producto\\\/wd-air-aspiradora-neumatica-recogida-liquidos\\\/#breadcrumb\",\"itemListElement\":[{\"@type\":\"ListItem\",\"position\":1,\"name\":\"Home\",\"item\":\"https:\\\/\\\/depurecousa.com\\\/es\\\/hogar\\\/\"},{\"@type\":\"ListItem\",\"position\":2,\"name\":\"Productos\",\"item\":\"https:\\\/\\\/depurecousa.com\\\/es\\\/shop\\\/\"},{\"@type\":\"ListItem\",\"position\":3,\"name\":\"ASPIRADORAS INDUSTRIALES NEUM\u00c1TICAS\",\"item\":\"https:\\\/\\\/depurecousa.com\\\/es\\\/product-category\\\/aspiradoras-industriales-neumaticas\\\/\"},{\"@type\":\"ListItem\",\"position\":4,\"name\":\"WD AIR ASPIRADORA INDUSTRIAL NEUM\u00c1TICA PARA LA RECOGIDA DE L\u00cdQUIDOS\"}]},{\"@type\":\"WebSite\",\"@id\":\"https:\\\/\\\/depurecousa.com\\\/es\\\/#website\",\"url\":\"https:\\\/\\\/depurecousa.com\\\/es\\\/\",\"name\":\"Depureco USA\",\"description\":\"Aspiradoras industriales y sistemas centralizados\",\"publisher\":{\"@id\":\"https:\\\/\\\/depurecousa.com\\\/es\\\/#organization\"},\"potentialAction\":[{\"@type\":\"SearchAction\",\"target\":{\"@type\":\"EntryPoint\",\"urlTemplate\":\"https:\\\/\\\/depurecousa.com\\\/es\\\/?s={search_term_string}\"},\"query-input\":{\"@type\":\"PropertyValueSpecification\",\"valueRequired\":true,\"valueName\":\"search_term_string\"}}],\"inLanguage\":\"es\"},{\"@type\":[\"Organization\",\"Place\"],\"@id\":\"https:\\\/\\\/depurecousa.com\\\/es\\\/#organization\",\"name\":\"Depureco USA\",\"alternateName\":\"Depureco Industrial Vacuums\",\"url\":\"https:\\\/\\\/depurecousa.com\\\/es\\\/\",\"logo\":{\"@id\":\"https:\\\/\\\/depurecousa.com\\\/es\\\/producto\\\/wd-air-aspiradora-neumatica-recogida-liquidos\\\/#local-main-organization-logo\"},\"image\":{\"@id\":\"https:\\\/\\\/depurecousa.com\\\/es\\\/producto\\\/wd-air-aspiradora-neumatica-recogida-liquidos\\\/#local-main-organization-logo\"},\"sameAs\":[\"https:\\\/\\\/www.facebook.com\\\/DepurecoUSA\\\/\",\"https:\\\/\\\/www.youtube.com\\\/@depurecousa\",\"https:\\\/\\\/www.linkedin.com\\\/company\\\/depureco-usa\\\/\",\"https:\\\/\\\/www.thomasnet.com\\\/company\\\/depureco-industrial-vacuums-usa-30990947\\\/profile?cov=NA&which=comp&what=depureco&coverage_area=NA&card_position=1&suppliers_in_page=1&page_number=1&headingList=16410201,0,25120189,26781609,26791905,89931042,41260373,45621323,46152609,89920243&isNationalSearch=false\"],\"legalName\":\"Depureco Industrial Vacuums Corp\",\"numberOfEmployees\":{\"@type\":\"QuantitativeValue\",\"minValue\":\"11\",\"maxValue\":\"50\"},\"address\":{\"@id\":\"https:\\\/\\\/depurecousa.com\\\/es\\\/producto\\\/wd-air-aspiradora-neumatica-recogida-liquidos\\\/#local-main-place-address\"},\"geo\":{\"@type\":\"GeoCoordinates\",\"latitude\":\"30.024973508015663\",\"longitude\":\"-97.86156736732772\"},\"telephone\":[\"7377044347\"],\"contactPoint\":{\"@type\":\"ContactPoint\",\"telephone\":\"7377044347\",\"email\":\"simone.bacciu@depurecousa.com\"},\"openingHoursSpecification\":[{\"@type\":\"OpeningHoursSpecification\",\"dayOfWeek\":[\"Monday\",\"Tuesday\",\"Wednesday\",\"Thursday\",\"Friday\",\"Saturday\",\"Sunday\"],\"opens\":\"09:00\",\"closes\":\"17:00\"}],\"email\":\"info@depurecousa.com\",\"faxNumber\":\"Depureco Industrial Vacuums Corp\",\"areaServed\":\"United States\",\"globalLocationNumber\":\"24FQ+X9 Kyle, Texas\"},{\"@type\":\"PostalAddress\",\"@id\":\"https:\\\/\\\/depurecousa.com\\\/es\\\/producto\\\/wd-air-aspiradora-neumatica-recogida-liquidos\\\/#local-main-place-address\",\"streetAddress\":\"19121 Marketplace Avenue, Building 1, Suite 165\",\"addressLocality\":\"KYLE\",\"postalCode\":\"78640\",\"addressRegion\":\"TX\",\"addressCountry\":\"US\"},{\"@type\":\"ImageObject\",\"inLanguage\":\"es\",\"@id\":\"https:\\\/\\\/depurecousa.com\\\/es\\\/producto\\\/wd-air-aspiradora-neumatica-recogida-liquidos\\\/#local-main-organization-logo\",\"url\":\"https:\\\/\\\/depurecousa.com\\\/app\\\/uploads\\\/2023\\\/06\\\/depureco-logo-ico.png\",\"contentUrl\":\"https:\\\/\\\/depurecousa.com\\\/app\\\/uploads\\\/2023\\\/06\\\/depureco-logo-ico.png\",\"width\":512,\"height\":512,\"caption\":\"Depureco USA\"}]}<\/script>\n<meta property=\"product:price:currency\" content=\"USD\" \/>\n<meta property=\"og:availability\" content=\"instock\" \/>\n<meta property=\"product:availability\" content=\"instock\" \/>\n<meta property=\"product:condition\" content=\"new\" \/>\n<meta name=\"geo.placename\" content=\"KYLE\" \/>\n<meta name=\"geo.position\" content=\"30.024973508015663;-97.86156736732772\" \/>\n<meta name=\"geo.region\" content=\"Estados Unidos (EEUU)\" \/>\n<!-- \/ Yoast SEO Premium plugin. -->","yoast_head_json":{"title":"Aspiradoras Industriales Neum\u00e1ticasWD AIR ASPIRADORA INDUSTRIAL NEUM\u00c1TICA PARA LA RECOGIDA DE L\u00cdQUIDOS - Depureco USA","description":"WD AIR es una robusta aspiradora industrial fabricada por Depureco, meticulosamente dise\u00f1ada para aprovechar la potencia del aire comprimido para una aspiraci\u00f3n altamente eficaz de l\u00edquidos, incluso los que contienen residuos y lodos ligeros.","robots":{"index":"index","follow":"follow","max-snippet":"max-snippet:-1","max-image-preview":"max-image-preview:large","max-video-preview":"max-video-preview:-1"},"canonical":"https:\/\/depurecousa.com\/es\/producto\/wd-air-aspiradora-neumatica-recogida-liquidos\/","og_locale":"es_ES","og_type":"article","og_title":"WD AIR ASPIRADORA INDUSTRIAL NEUM\u00c1TICA PARA LA RECOGIDA DE L\u00cdQUIDOS","og_description":"WD AIR es una robusta aspiradora industrial fabricada por Depureco, meticulosamente dise\u00f1ada para aprovechar la potencia del aire comprimido para una aspiraci\u00f3n altamente eficaz de l\u00edquidos, incluso los que contienen residuos y lodos ligeros.","og_url":"https:\/\/depurecousa.com\/es\/producto\/wd-air-aspiradora-neumatica-recogida-liquidos\/","og_site_name":"Depureco USA","article_publisher":"https:\/\/www.facebook.com\/DepurecoUSA\/","article_modified_time":"2026-01-14T08:08:23+00:00","og_image":[{"width":960,"height":960,"url":"https:\/\/depurecousa.com\/app\/uploads\/2023\/06\/wd_air_2_copia.webp","type":"image\/webp"}],"twitter_card":"summary_large_image","schema":{"@context":"https:\/\/schema.org","@graph":[{"@type":["WebPage","ItemPage"],"@id":"https:\/\/depurecousa.com\/es\/producto\/wd-air-aspiradora-neumatica-recogida-liquidos\/","url":"https:\/\/depurecousa.com\/es\/producto\/wd-air-aspiradora-neumatica-recogida-liquidos\/","name":"Aspiradoras Industriales Neum\u00e1ticasWD AIR ASPIRADORA INDUSTRIAL NEUM\u00c1TICA PARA LA RECOGIDA DE L\u00cdQUIDOS - Depureco USA","isPartOf":{"@id":"https:\/\/depurecousa.com\/es\/#website"},"primaryImageOfPage":{"@id":"https:\/\/depurecousa.com\/es\/producto\/wd-air-aspiradora-neumatica-recogida-liquidos\/#primaryimage"},"image":{"@id":"https:\/\/depurecousa.com\/es\/producto\/wd-air-aspiradora-neumatica-recogida-liquidos\/#primaryimage"},"thumbnailUrl":"https:\/\/depurecousa.com\/app\/uploads\/2023\/06\/wd_air_2_copia.webp","datePublished":"2023-06-20T08:36:57+00:00","dateModified":"2026-01-14T08:08:23+00:00","description":"WD AIR es una robusta aspiradora industrial fabricada por Depureco, meticulosamente dise\u00f1ada para aprovechar la potencia del aire comprimido para una aspiraci\u00f3n altamente eficaz de l\u00edquidos, incluso los que contienen residuos y lodos ligeros.","breadcrumb":{"@id":"https:\/\/depurecousa.com\/es\/producto\/wd-air-aspiradora-neumatica-recogida-liquidos\/#breadcrumb"},"inLanguage":"es","potentialAction":[{"@type":"ReadAction","target":["https:\/\/depurecousa.com\/es\/producto\/wd-air-aspiradora-neumatica-recogida-liquidos\/"]}]},{"@type":"ImageObject","inLanguage":"es","@id":"https:\/\/depurecousa.com\/es\/producto\/wd-air-aspiradora-neumatica-recogida-liquidos\/#primaryimage","url":"https:\/\/depurecousa.com\/app\/uploads\/2023\/06\/wd_air_2_copia.webp","contentUrl":"https:\/\/depurecousa.com\/app\/uploads\/2023\/06\/wd_air_2_copia.webp","width":960,"height":960,"caption":"WD AIR air powered industrial vacuum for liquids, debris, and light sludge recovery."},{"@type":"BreadcrumbList","@id":"https:\/\/depurecousa.com\/es\/producto\/wd-air-aspiradora-neumatica-recogida-liquidos\/#breadcrumb","itemListElement":[{"@type":"ListItem","position":1,"name":"Home","item":"https:\/\/depurecousa.com\/es\/hogar\/"},{"@type":"ListItem","position":2,"name":"Productos","item":"https:\/\/depurecousa.com\/es\/shop\/"},{"@type":"ListItem","position":3,"name":"ASPIRADORAS INDUSTRIALES NEUM\u00c1TICAS","item":"https:\/\/depurecousa.com\/es\/product-category\/aspiradoras-industriales-neumaticas\/"},{"@type":"ListItem","position":4,"name":"WD AIR ASPIRADORA INDUSTRIAL NEUM\u00c1TICA PARA LA RECOGIDA DE L\u00cdQUIDOS"}]},{"@type":"WebSite","@id":"https:\/\/depurecousa.com\/es\/#website","url":"https:\/\/depurecousa.com\/es\/","name":"Depureco USA","description":"Aspiradoras industriales y sistemas centralizados","publisher":{"@id":"https:\/\/depurecousa.com\/es\/#organization"},"potentialAction":[{"@type":"SearchAction","target":{"@type":"EntryPoint","urlTemplate":"https:\/\/depurecousa.com\/es\/?s={search_term_string}"},"query-input":{"@type":"PropertyValueSpecification","valueRequired":true,"valueName":"search_term_string"}}],"inLanguage":"es"},{"@type":["Organization","Place"],"@id":"https:\/\/depurecousa.com\/es\/#organization","name":"Depureco USA","alternateName":"Depureco Industrial Vacuums","url":"https:\/\/depurecousa.com\/es\/","logo":{"@id":"https:\/\/depurecousa.com\/es\/producto\/wd-air-aspiradora-neumatica-recogida-liquidos\/#local-main-organization-logo"},"image":{"@id":"https:\/\/depurecousa.com\/es\/producto\/wd-air-aspiradora-neumatica-recogida-liquidos\/#local-main-organization-logo"},"sameAs":["https:\/\/www.facebook.com\/DepurecoUSA\/","https:\/\/www.youtube.com\/@depurecousa","https:\/\/www.linkedin.com\/company\/depureco-usa\/","https:\/\/www.thomasnet.com\/company\/depureco-industrial-vacuums-usa-30990947\/profile?cov=NA&which=comp&what=depureco&coverage_area=NA&card_position=1&suppliers_in_page=1&page_number=1&headingList=16410201,0,25120189,26781609,26791905,89931042,41260373,45621323,46152609,89920243&isNationalSearch=false"],"legalName":"Depureco Industrial Vacuums Corp","numberOfEmployees":{"@type":"QuantitativeValue","minValue":"11","maxValue":"50"},"address":{"@id":"https:\/\/depurecousa.com\/es\/producto\/wd-air-aspiradora-neumatica-recogida-liquidos\/#local-main-place-address"},"geo":{"@type":"GeoCoordinates","latitude":"30.024973508015663","longitude":"-97.86156736732772"},"telephone":["7377044347"],"contactPoint":{"@type":"ContactPoint","telephone":"7377044347","email":"simone.bacciu@depurecousa.com"},"openingHoursSpecification":[{"@type":"OpeningHoursSpecification","dayOfWeek":["Monday","Tuesday","Wednesday","Thursday","Friday","Saturday","Sunday"],"opens":"09:00","closes":"17:00"}],"email":"info@depurecousa.com","faxNumber":"Depureco Industrial Vacuums Corp","areaServed":"United States","globalLocationNumber":"24FQ+X9 Kyle, Texas"},{"@type":"PostalAddress","@id":"https:\/\/depurecousa.com\/es\/producto\/wd-air-aspiradora-neumatica-recogida-liquidos\/#local-main-place-address","streetAddress":"19121 Marketplace Avenue, Building 1, Suite 165","addressLocality":"KYLE","postalCode":"78640","addressRegion":"TX","addressCountry":"US"},{"@type":"ImageObject","inLanguage":"es","@id":"https:\/\/depurecousa.com\/es\/producto\/wd-air-aspiradora-neumatica-recogida-liquidos\/#local-main-organization-logo","url":"https:\/\/depurecousa.com\/app\/uploads\/2023\/06\/depureco-logo-ico.png","contentUrl":"https:\/\/depurecousa.com\/app\/uploads\/2023\/06\/depureco-logo-ico.png","width":512,"height":512,"caption":"Depureco USA"}]},"product_price_currency":"USD","og_availability":"instock","product_availability":"instock","product_condition":"new","geo.placename":"KYLE","geo.position":{"lat":"30.024973508015663","long":"-97.86156736732772"},"geo.region":"Estados Unidos (EEUU)"},"_links":{"self":[{"href":"https:\/\/depurecousa.com\/es\/wp-json\/wp\/v2\/product\/7851","targetHints":{"allow":["GET"]}}],"collection":[{"href":"https:\/\/depurecousa.com\/es\/wp-json\/wp\/v2\/product"}],"about":[{"href":"https:\/\/depurecousa.com\/es\/wp-json\/wp\/v2\/types\/product"}],"wp:featuredmedia":[{"embeddable":true,"href":"https:\/\/depurecousa.com\/es\/wp-json\/wp\/v2\/media\/4159"}],"wp:attachment":[{"href":"https:\/\/depurecousa.com\/es\/wp-json\/wp\/v2\/media?parent=7851"}],"wp:term":[{"taxonomy":"product_brand","embeddable":true,"href":"https:\/\/depurecousa.com\/es\/wp-json\/wp\/v2\/product_brand?post=7851"},{"taxonomy":"product_cat","embeddable":true,"href":"https:\/\/depurecousa.com\/es\/wp-json\/wp\/v2\/product_cat?post=7851"},{"taxonomy":"product_tag","embeddable":true,"href":"https:\/\/depurecousa.com\/es\/wp-json\/wp\/v2\/product_tag?post=7851"}],"curies":[{"name":"wp","href":"https:\/\/api.w.org\/{rel}","templated":true}]}}