{"id":7852,"date":"2023-02-02T06:50:56","date_gmt":"2023-02-02T13:50:56","guid":{"rendered":"https:\/\/depurecousa.com\/product\/xm-35-floor-preparation-lp\/"},"modified":"2024-10-17T04:27:52","modified_gmt":"2024-10-17T10:27:52","slug":"xm-35-floor-preparation-lp","status":"publish","type":"product","link":"https:\/\/depurecousa.com\/es\/producto\/xm-35-floor-preparation-lp\/","title":{"rendered":"XM 35 Floor Preparation LP"},"content":{"rendered":"<p>El XM35 Jet Clean\u00ae representa una aspiradora industrial de gran potencia y seguridad, con una f\u00e1cil portabilidad gracias al carro equipado con ruedas pivotantes. La aspiraci\u00f3n se genera de forma eficiente mediante dos robustos motores By-Pass alojados dentro de una cubierta met\u00e1lica que reduce el ruido. Su capacidad de aspiraci\u00f3n profesional supera con creces la de otras aspiradoras de su categor\u00eda disponibles actualmente en el mercado. En el interior de esta aspiradora hay un cartucho filtrante de clase M con certificaci\u00f3n BIA (Berufsgenossenschaftliches Institut f\u00fcr Arbeitssicherheit), que ofrece una eficacia de filtraci\u00f3n de 1\u00b5. Adem\u00e1s, con su amplia superficie filtrante de 5425,01 pulg2, puede manejar cantidades significativas de polvo sin obstruir el filtro, lo que garantiza la seguridad del operario.<\/p>\n<p>La aspiradora industrial monof\u00e1sica de Depureco est\u00e1 equipada con el innovador sistema de limpieza de filtros JetClean\u00ae. Este sistema permite limpiar el filtro aprovechando la diferencia de presi\u00f3n entre el interior y el exterior de la aspiradora, todo ello sin necesidad de apagar los motores de aspiraci\u00f3n ni desconectar el tubo de aspiraci\u00f3n. Para mayor facilidad y seguridad, esta aspiradora est\u00e1 equipada con un contenedor desmontable de 12 galones de capacidad en la parte inferior, que permite desechar el material recogido sin esfuerzo.<\/p>\n","protected":false},"excerpt":{"rendered":"<p>El XM35 Jet Clean\u00ae representa una aspiradora industrial de gran potencia y seguridad, con una f\u00e1cil portabilidad gracias al carro equipado con ruedas pivotantes. La aspiraci\u00f3n se genera de forma eficiente mediante dos robustos motores By-Pass alojados dentro de una cubierta met\u00e1lica que reduce el ruido. Su capacidad de aspiraci\u00f3n profesional supera con creces la [&hellip;]<\/p>\n","protected":false},"featured_media":4122,"template":"","meta":{"_acf_changed":false,"content-type":"","inline_featured_image":false},"product_brand":[],"product_cat":[187],"product_tag":[],"class_list":{"0":"post-7852","1":"product","2":"type-product","3":"status-publish","4":"has-post-thumbnail","6":"product_cat-extractores-de-polvo-hepa","8":"first","9":"instock","10":"shipping-taxable","11":"product-type-simple"},"acf":[],"yoast_head":"<!-- This site is optimized with the Yoast SEO Premium plugin v27.0 (Yoast SEO v27.3) - https:\/\/yoast.com\/product\/yoast-seo-premium-wordpress\/ -->\n<title>XM 35 Floor Preparation LP - Depureco USA<\/title>\n<meta name=\"description\" content=\"El XM35 Jet Clean\u00ae representa una aspiradora industrial de gran potencia y seguridad, con una f\u00e1cil portabilidad gracias al carro equipado con ruedas pivotantes. La aspiraci\u00f3n se genera de forma eficiente mediante dos robustos motores By-Pass alojados dentro de una cubierta met\u00e1lica que reduce el ruido.\" \/>\n<meta name=\"robots\" content=\"index, follow, max-snippet:-1, max-image-preview:large, max-video-preview:-1\" \/>\n<link rel=\"canonical\" href=\"https:\/\/depurecousa.com\/es\/producto\/xm-35-floor-preparation-lp\/\" \/>\n<meta property=\"og:locale\" content=\"es_ES\" \/>\n<meta property=\"og:type\" content=\"article\" \/>\n<meta property=\"og:title\" content=\"XM 35 Floor Preparation LP\" \/>\n<meta property=\"og:description\" content=\"El XM35 Jet Clean\u00ae representa una aspiradora industrial de gran potencia y seguridad, con una f\u00e1cil portabilidad gracias al carro equipado con ruedas pivotantes. La aspiraci\u00f3n se genera de forma eficiente mediante dos robustos motores By-Pass alojados dentro de una cubierta met\u00e1lica que reduce el ruido.\" \/>\n<meta property=\"og:url\" content=\"https:\/\/depurecousa.com\/es\/producto\/xm-35-floor-preparation-lp\/\" \/>\n<meta property=\"og:site_name\" content=\"Depureco USA\" \/>\n<meta property=\"article:modified_time\" content=\"2024-10-17T10:27:52+00:00\" \/>\n<meta property=\"og:image\" content=\"https:\/\/depurecousa.com\/app\/uploads\/2023\/06\/xm_35_fp_lp_dx.webp\" \/>\n\t<meta property=\"og:image:width\" content=\"400\" \/>\n\t<meta property=\"og:image:height\" content=\"400\" \/>\n\t<meta property=\"og:image:type\" content=\"image\/webp\" \/>\n<meta name=\"twitter:card\" content=\"summary_large_image\" \/>\n<meta name=\"twitter:label1\" content=\"Precio\" \/>\n\t<meta name=\"twitter:data1\" content=\"\" \/>\n\t<meta name=\"twitter:label2\" content=\"Disponibilidad\" \/>\n\t<meta name=\"twitter:data2\" content=\"Disponible\" \/>\n<script type=\"application\/ld+json\" class=\"yoast-schema-graph\">{\"@context\":\"https:\\\/\\\/schema.org\",\"@graph\":[{\"@type\":[\"WebPage\",\"ItemPage\"],\"@id\":\"https:\\\/\\\/depurecousa.com\\\/es\\\/producto\\\/xm-35-floor-preparation-lp\\\/\",\"url\":\"https:\\\/\\\/depurecousa.com\\\/es\\\/producto\\\/xm-35-floor-preparation-lp\\\/\",\"name\":\"XM 35 Floor Preparation LP - Depureco USA\",\"isPartOf\":{\"@id\":\"https:\\\/\\\/depurecousa.com\\\/#website\"},\"primaryImageOfPage\":{\"@id\":\"https:\\\/\\\/depurecousa.com\\\/es\\\/producto\\\/xm-35-floor-preparation-lp\\\/#primaryimage\"},\"image\":{\"@id\":\"https:\\\/\\\/depurecousa.com\\\/es\\\/producto\\\/xm-35-floor-preparation-lp\\\/#primaryimage\"},\"thumbnailUrl\":\"https:\\\/\\\/depurecousa.com\\\/app\\\/uploads\\\/2023\\\/06\\\/xm_35_fp_lp_dx.webp\",\"datePublished\":\"2023-02-02T13:50:56+00:00\",\"dateModified\":\"2024-10-17T10:27:52+00:00\",\"description\":\"El XM35 Jet Clean\u00ae representa una aspiradora industrial de gran potencia y seguridad, con una f\u00e1cil portabilidad gracias al carro equipado con ruedas pivotantes. La aspiraci\u00f3n se genera de forma eficiente mediante dos robustos motores By-Pass alojados dentro de una cubierta met\u00e1lica que reduce el ruido.\",\"breadcrumb\":{\"@id\":\"https:\\\/\\\/depurecousa.com\\\/es\\\/producto\\\/xm-35-floor-preparation-lp\\\/#breadcrumb\"},\"inLanguage\":\"es\",\"potentialAction\":[{\"@type\":\"ReadAction\",\"target\":[\"https:\\\/\\\/depurecousa.com\\\/es\\\/producto\\\/xm-35-floor-preparation-lp\\\/\"]}]},{\"@type\":\"ImageObject\",\"inLanguage\":\"es\",\"@id\":\"https:\\\/\\\/depurecousa.com\\\/es\\\/producto\\\/xm-35-floor-preparation-lp\\\/#primaryimage\",\"url\":\"https:\\\/\\\/depurecousa.com\\\/app\\\/uploads\\\/2023\\\/06\\\/xm_35_fp_lp_dx.webp\",\"contentUrl\":\"https:\\\/\\\/depurecousa.com\\\/app\\\/uploads\\\/2023\\\/06\\\/xm_35_fp_lp_dx.webp\",\"width\":400,\"height\":400,\"caption\":\"XM 35 FLOOR PREPARATION\"},{\"@type\":\"BreadcrumbList\",\"@id\":\"https:\\\/\\\/depurecousa.com\\\/es\\\/producto\\\/xm-35-floor-preparation-lp\\\/#breadcrumb\",\"itemListElement\":[{\"@type\":\"ListItem\",\"position\":1,\"name\":\"Home\",\"item\":\"https:\\\/\\\/depurecousa.com\\\/es\\\/hogar\\\/\"},{\"@type\":\"ListItem\",\"position\":2,\"name\":\"Products\",\"item\":\"https:\\\/\\\/depurecousa.com\\\/shop\\\/\"},{\"@type\":\"ListItem\",\"position\":3,\"name\":\"EXTRACTORES DE POLVO HEPA\",\"item\":\"https:\\\/\\\/depurecousa.com\\\/es\\\/categoria-producto\\\/extractores-de-polvo-hepa\\\/\"},{\"@type\":\"ListItem\",\"position\":4,\"name\":\"XM 35 Floor Preparation LP\"}]},{\"@type\":\"WebSite\",\"@id\":\"https:\\\/\\\/depurecousa.com\\\/#website\",\"url\":\"https:\\\/\\\/depurecousa.com\\\/\",\"name\":\"Depureco USA\",\"description\":\"Aspiradoras industriales y sistemas centralizados\",\"publisher\":{\"@id\":\"https:\\\/\\\/depurecousa.com\\\/#organization\"},\"potentialAction\":[{\"@type\":\"SearchAction\",\"target\":{\"@type\":\"EntryPoint\",\"urlTemplate\":\"https:\\\/\\\/depurecousa.com\\\/?s={search_term_string}\"},\"query-input\":{\"@type\":\"PropertyValueSpecification\",\"valueRequired\":true,\"valueName\":\"search_term_string\"}}],\"inLanguage\":\"es\"},{\"@type\":[\"Organization\",\"Place\"],\"@id\":\"https:\\\/\\\/depurecousa.com\\\/#organization\",\"name\":\"Depureco USA\",\"url\":\"https:\\\/\\\/depurecousa.com\\\/\",\"logo\":{\"@id\":\"https:\\\/\\\/depurecousa.com\\\/es\\\/producto\\\/xm-35-floor-preparation-lp\\\/#local-main-organization-logo\"},\"image\":{\"@id\":\"https:\\\/\\\/depurecousa.com\\\/es\\\/producto\\\/xm-35-floor-preparation-lp\\\/#local-main-organization-logo\"},\"address\":{\"@id\":\"https:\\\/\\\/depurecousa.com\\\/es\\\/producto\\\/xm-35-floor-preparation-lp\\\/#local-main-place-address\"},\"geo\":{\"@type\":\"GeoCoordinates\",\"latitude\":\"30.024973508015663\",\"longitude\":\"-97.86156736732772\"},\"telephone\":[\"7377044347\"],\"contactPoint\":{\"@type\":\"ContactPoint\",\"telephone\":\"7377044347\",\"email\":\"simone.bacciu@depurecousa.com\"},\"openingHoursSpecification\":[{\"@type\":\"OpeningHoursSpecification\",\"dayOfWeek\":[\"Monday\",\"Tuesday\",\"Wednesday\",\"Thursday\",\"Friday\",\"Saturday\",\"Sunday\"],\"opens\":\"09:00\",\"closes\":\"17:00\"}],\"email\":\"info@depurecousa.com\",\"faxNumber\":\"Depureco Industrial Vacuums Corp\",\"areaServed\":\"United States\",\"globalLocationNumber\":\"24FQ+X9 Kyle, Texas\"},{\"@type\":\"PostalAddress\",\"@id\":\"https:\\\/\\\/depurecousa.com\\\/es\\\/producto\\\/xm-35-floor-preparation-lp\\\/#local-main-place-address\",\"streetAddress\":\"19121 Marketplace Avenue, Building 1, Suite 165\",\"addressLocality\":\"KYLE\",\"postalCode\":\"78640\",\"addressRegion\":\"TX\",\"addressCountry\":\"US\"},{\"@type\":\"ImageObject\",\"inLanguage\":\"es\",\"@id\":\"https:\\\/\\\/depurecousa.com\\\/es\\\/producto\\\/xm-35-floor-preparation-lp\\\/#local-main-organization-logo\",\"url\":\"https:\\\/\\\/depurecousa.com\\\/app\\\/uploads\\\/2023\\\/06\\\/depureco-logo-ico.png\",\"contentUrl\":\"https:\\\/\\\/depurecousa.com\\\/app\\\/uploads\\\/2023\\\/06\\\/depureco-logo-ico.png\",\"width\":512,\"height\":512,\"caption\":\"Depureco USA\"}]}<\/script>\n<meta property=\"product:price:currency\" content=\"USD\" \/>\n<meta property=\"og:availability\" content=\"instock\" \/>\n<meta property=\"product:availability\" content=\"instock\" \/>\n<meta property=\"product:condition\" content=\"new\" \/>\n<meta name=\"geo.placename\" content=\"KYLE\" \/>\n<meta name=\"geo.position\" content=\"30.024973508015663;-97.86156736732772\" \/>\n<meta name=\"geo.region\" content=\"Estados Unidos (EEUU)\" \/>\n<!-- \/ Yoast SEO Premium plugin. -->","yoast_head_json":{"title":"XM 35 Floor Preparation LP - Depureco USA","description":"El XM35 Jet Clean\u00ae representa una aspiradora industrial de gran potencia y seguridad, con una f\u00e1cil portabilidad gracias al carro equipado con ruedas pivotantes. La aspiraci\u00f3n se genera de forma eficiente mediante dos robustos motores By-Pass alojados dentro de una cubierta met\u00e1lica que reduce el ruido.","robots":{"index":"index","follow":"follow","max-snippet":"max-snippet:-1","max-image-preview":"max-image-preview:large","max-video-preview":"max-video-preview:-1"},"canonical":"https:\/\/depurecousa.com\/es\/producto\/xm-35-floor-preparation-lp\/","og_locale":"es_ES","og_type":"article","og_title":"XM 35 Floor Preparation LP","og_description":"El XM35 Jet Clean\u00ae representa una aspiradora industrial de gran potencia y seguridad, con una f\u00e1cil portabilidad gracias al carro equipado con ruedas pivotantes. La aspiraci\u00f3n se genera de forma eficiente mediante dos robustos motores By-Pass alojados dentro de una cubierta met\u00e1lica que reduce el ruido.","og_url":"https:\/\/depurecousa.com\/es\/producto\/xm-35-floor-preparation-lp\/","og_site_name":"Depureco USA","article_modified_time":"2024-10-17T10:27:52+00:00","og_image":[{"width":400,"height":400,"url":"https:\/\/depurecousa.com\/app\/uploads\/2023\/06\/xm_35_fp_lp_dx.webp","type":"image\/webp"}],"twitter_card":"summary_large_image","twitter_misc":{"Precio":"","Disponibilidad":"Disponible"},"schema":{"@context":"https:\/\/schema.org","@graph":[{"@type":["WebPage","ItemPage"],"@id":"https:\/\/depurecousa.com\/es\/producto\/xm-35-floor-preparation-lp\/","url":"https:\/\/depurecousa.com\/es\/producto\/xm-35-floor-preparation-lp\/","name":"XM 35 Floor Preparation LP - Depureco USA","isPartOf":{"@id":"https:\/\/depurecousa.com\/#website"},"primaryImageOfPage":{"@id":"https:\/\/depurecousa.com\/es\/producto\/xm-35-floor-preparation-lp\/#primaryimage"},"image":{"@id":"https:\/\/depurecousa.com\/es\/producto\/xm-35-floor-preparation-lp\/#primaryimage"},"thumbnailUrl":"https:\/\/depurecousa.com\/app\/uploads\/2023\/06\/xm_35_fp_lp_dx.webp","datePublished":"2023-02-02T13:50:56+00:00","dateModified":"2024-10-17T10:27:52+00:00","description":"El XM35 Jet Clean\u00ae representa una aspiradora industrial de gran potencia y seguridad, con una f\u00e1cil portabilidad gracias al carro equipado con ruedas pivotantes. La aspiraci\u00f3n se genera de forma eficiente mediante dos robustos motores By-Pass alojados dentro de una cubierta met\u00e1lica que reduce el ruido.","breadcrumb":{"@id":"https:\/\/depurecousa.com\/es\/producto\/xm-35-floor-preparation-lp\/#breadcrumb"},"inLanguage":"es","potentialAction":[{"@type":"ReadAction","target":["https:\/\/depurecousa.com\/es\/producto\/xm-35-floor-preparation-lp\/"]}]},{"@type":"ImageObject","inLanguage":"es","@id":"https:\/\/depurecousa.com\/es\/producto\/xm-35-floor-preparation-lp\/#primaryimage","url":"https:\/\/depurecousa.com\/app\/uploads\/2023\/06\/xm_35_fp_lp_dx.webp","contentUrl":"https:\/\/depurecousa.com\/app\/uploads\/2023\/06\/xm_35_fp_lp_dx.webp","width":400,"height":400,"caption":"XM 35 FLOOR PREPARATION"},{"@type":"BreadcrumbList","@id":"https:\/\/depurecousa.com\/es\/producto\/xm-35-floor-preparation-lp\/#breadcrumb","itemListElement":[{"@type":"ListItem","position":1,"name":"Home","item":"https:\/\/depurecousa.com\/es\/hogar\/"},{"@type":"ListItem","position":2,"name":"Products","item":"https:\/\/depurecousa.com\/shop\/"},{"@type":"ListItem","position":3,"name":"EXTRACTORES DE POLVO HEPA","item":"https:\/\/depurecousa.com\/es\/categoria-producto\/extractores-de-polvo-hepa\/"},{"@type":"ListItem","position":4,"name":"XM 35 Floor Preparation LP"}]},{"@type":"WebSite","@id":"https:\/\/depurecousa.com\/#website","url":"https:\/\/depurecousa.com\/","name":"Depureco USA","description":"Aspiradoras industriales y sistemas centralizados","publisher":{"@id":"https:\/\/depurecousa.com\/#organization"},"potentialAction":[{"@type":"SearchAction","target":{"@type":"EntryPoint","urlTemplate":"https:\/\/depurecousa.com\/?s={search_term_string}"},"query-input":{"@type":"PropertyValueSpecification","valueRequired":true,"valueName":"search_term_string"}}],"inLanguage":"es"},{"@type":["Organization","Place"],"@id":"https:\/\/depurecousa.com\/#organization","name":"Depureco USA","url":"https:\/\/depurecousa.com\/","logo":{"@id":"https:\/\/depurecousa.com\/es\/producto\/xm-35-floor-preparation-lp\/#local-main-organization-logo"},"image":{"@id":"https:\/\/depurecousa.com\/es\/producto\/xm-35-floor-preparation-lp\/#local-main-organization-logo"},"address":{"@id":"https:\/\/depurecousa.com\/es\/producto\/xm-35-floor-preparation-lp\/#local-main-place-address"},"geo":{"@type":"GeoCoordinates","latitude":"30.024973508015663","longitude":"-97.86156736732772"},"telephone":["7377044347"],"contactPoint":{"@type":"ContactPoint","telephone":"7377044347","email":"simone.bacciu@depurecousa.com"},"openingHoursSpecification":[{"@type":"OpeningHoursSpecification","dayOfWeek":["Monday","Tuesday","Wednesday","Thursday","Friday","Saturday","Sunday"],"opens":"09:00","closes":"17:00"}],"email":"info@depurecousa.com","faxNumber":"Depureco Industrial Vacuums Corp","areaServed":"United States","globalLocationNumber":"24FQ+X9 Kyle, Texas"},{"@type":"PostalAddress","@id":"https:\/\/depurecousa.com\/es\/producto\/xm-35-floor-preparation-lp\/#local-main-place-address","streetAddress":"19121 Marketplace Avenue, Building 1, Suite 165","addressLocality":"KYLE","postalCode":"78640","addressRegion":"TX","addressCountry":"US"},{"@type":"ImageObject","inLanguage":"es","@id":"https:\/\/depurecousa.com\/es\/producto\/xm-35-floor-preparation-lp\/#local-main-organization-logo","url":"https:\/\/depurecousa.com\/app\/uploads\/2023\/06\/depureco-logo-ico.png","contentUrl":"https:\/\/depurecousa.com\/app\/uploads\/2023\/06\/depureco-logo-ico.png","width":512,"height":512,"caption":"Depureco USA"}]},"product_price_currency":"USD","og_availability":"instock","product_availability":"instock","product_condition":"new","geo.placename":"KYLE","geo.position":{"lat":"30.024973508015663","long":"-97.86156736732772"},"geo.region":"Estados Unidos (EEUU)"},"_links":{"self":[{"href":"https:\/\/depurecousa.com\/es\/wp-json\/wp\/v2\/product\/7852","targetHints":{"allow":["GET"]}}],"collection":[{"href":"https:\/\/depurecousa.com\/es\/wp-json\/wp\/v2\/product"}],"about":[{"href":"https:\/\/depurecousa.com\/es\/wp-json\/wp\/v2\/types\/product"}],"wp:featuredmedia":[{"embeddable":true,"href":"https:\/\/depurecousa.com\/es\/wp-json\/wp\/v2\/media\/4122"}],"wp:attachment":[{"href":"https:\/\/depurecousa.com\/es\/wp-json\/wp\/v2\/media?parent=7852"}],"wp:term":[{"taxonomy":"product_brand","embeddable":true,"href":"https:\/\/depurecousa.com\/es\/wp-json\/wp\/v2\/product_brand?post=7852"},{"taxonomy":"product_cat","embeddable":true,"href":"https:\/\/depurecousa.com\/es\/wp-json\/wp\/v2\/product_cat?post=7852"},{"taxonomy":"product_tag","embeddable":true,"href":"https:\/\/depurecousa.com\/es\/wp-json\/wp\/v2\/product_tag?post=7852"}],"curies":[{"name":"wp","href":"https:\/\/api.w.org\/{rel}","templated":true}]}}