{"id":7853,"date":"2023-06-16T03:59:50","date_gmt":"2023-06-16T09:59:50","guid":{"rendered":"https:\/\/depurecousa.com\/product\/xm-torch\/"},"modified":"2024-10-16T07:21:10","modified_gmt":"2024-10-16T13:21:10","slug":"xm-torch-aspiradora-humos-soldadura","status":"publish","type":"product","link":"https:\/\/depurecousa.com\/es\/producto\/xm-torch-aspiradora-humos-soldadura\/","title":{"rendered":"XM TORCH <br>ASPIRADORA DE HUMOS DE SOLDADURA"},"content":{"rendered":"<p>La aspiradora industrial XM Torch, ofrecida por Depureco en su gama de humos de soldadura, proporciona una soluci\u00f3n excelente para extraer los humos directamente de la antorcha de soldadura. Esta aspiradora est\u00e1 dise\u00f1ada espec\u00edficamente para este fin. Dispone de uno o dos potentes motores By-Pass y el control de esta aspiradora industrial est\u00e1 perfectamente integrado en la propia m\u00e1quina de soldar. Para garantizar la seguridad y la eficacia, un sofisticado sensor se coloca estrat\u00e9gicamente en la aspiradora para detectar el flujo de corriente en el cable de tierra, que se sujeta a un clip especial. La aspiradora industrial XM Torch de Depureco est\u00e1 equipada con un filtro de celulosa que garantiza la filtraci\u00f3n de los humos de soldadura manteniendo un alto nivel de seguridad. Adem\u00e1s, si se solicita, se puede instalar un filtro H14 para una capacidad de filtraci\u00f3n a\u00fan m\u00e1s avanzada.<\/p>\n","protected":false},"excerpt":{"rendered":"<p>La aspiradora industrial XM Torch, ofrecida por Depureco en su gama de humos de soldadura, proporciona una soluci\u00f3n excelente para extraer los humos directamente de la antorcha de soldadura. Esta aspiradora est\u00e1 dise\u00f1ada espec\u00edficamente para este fin. Dispone de uno o dos potentes motores By-Pass y el control de esta aspiradora industrial est\u00e1 perfectamente integrado [&hellip;]<\/p>\n","protected":false},"featured_media":4096,"template":"","meta":{"_acf_changed":false,"content-type":"","inline_featured_image":false},"product_brand":[],"product_cat":[190],"product_tag":[],"class_list":{"0":"post-7853","1":"product","2":"type-product","3":"status-publish","4":"has-post-thumbnail","6":"product_cat-extractores-de-humo-de-soldadura","8":"first","9":"instock","10":"shipping-taxable","11":"product-type-simple"},"acf":[],"yoast_head":"<!-- This site is optimized with the Yoast SEO Premium plugin v27.4 (Yoast SEO v27.4) - https:\/\/yoast.com\/product\/yoast-seo-premium-wordpress\/ -->\n<title>Humos de soldadura - XM TORCH ASPIRADORA DE HUMOS DE SOLDADURA | Depureco USA<\/title>\n<meta name=\"description\" content=\"La aspiradora industrial XM Torch, ofrecida por Depureco en su gama de humos de soldadura, proporciona una soluci\u00f3n excelente para extraer los humos directamente de la antorcha de soldadura.\" \/>\n<meta name=\"robots\" content=\"index, follow, max-snippet:-1, max-image-preview:large, max-video-preview:-1\" \/>\n<link rel=\"canonical\" href=\"https:\/\/depurecousa.com\/es\/producto\/xm-torch-aspiradora-humos-soldadura\/\" \/>\n<meta property=\"og:locale\" content=\"es_ES\" \/>\n<meta property=\"og:type\" content=\"article\" \/>\n<meta property=\"og:title\" content=\"XM TORCH ASPIRADORA DE HUMOS DE SOLDADURA\" \/>\n<meta property=\"og:description\" content=\"La aspiradora industrial XM Torch, ofrecida por Depureco en su gama de humos de soldadura, proporciona una soluci\u00f3n excelente para extraer los humos directamente de la antorcha de soldadura.\" \/>\n<meta property=\"og:url\" content=\"https:\/\/depurecousa.com\/es\/producto\/xm-torch-aspiradora-humos-soldadura\/\" \/>\n<meta property=\"og:site_name\" content=\"Depureco USA\" \/>\n<meta property=\"article:publisher\" content=\"https:\/\/www.facebook.com\/DepurecoUSA\/\" \/>\n<meta property=\"article:modified_time\" content=\"2024-10-16T13:21:10+00:00\" \/>\n<meta property=\"og:image\" content=\"https:\/\/depurecousa.com\/app\/uploads\/2023\/06\/xmtorch_ridotta-20220407-1251.webp\" \/>\n\t<meta property=\"og:image:width\" content=\"600\" \/>\n\t<meta property=\"og:image:height\" content=\"599\" \/>\n\t<meta property=\"og:image:type\" content=\"image\/webp\" \/>\n<meta name=\"twitter:card\" content=\"summary_large_image\" \/>\n<script type=\"application\/ld+json\" class=\"yoast-schema-graph\">{\"@context\":\"https:\\\/\\\/schema.org\",\"@graph\":[{\"@type\":[\"WebPage\",\"ItemPage\"],\"@id\":\"https:\\\/\\\/depurecousa.com\\\/es\\\/producto\\\/xm-torch-aspiradora-humos-soldadura\\\/\",\"url\":\"https:\\\/\\\/depurecousa.com\\\/es\\\/producto\\\/xm-torch-aspiradora-humos-soldadura\\\/\",\"name\":\"Humos de soldadura - XM TORCH ASPIRADORA DE HUMOS DE SOLDADURA | Depureco USA\",\"isPartOf\":{\"@id\":\"https:\\\/\\\/depurecousa.com\\\/es\\\/#website\"},\"primaryImageOfPage\":{\"@id\":\"https:\\\/\\\/depurecousa.com\\\/es\\\/producto\\\/xm-torch-aspiradora-humos-soldadura\\\/#primaryimage\"},\"image\":{\"@id\":\"https:\\\/\\\/depurecousa.com\\\/es\\\/producto\\\/xm-torch-aspiradora-humos-soldadura\\\/#primaryimage\"},\"thumbnailUrl\":\"https:\\\/\\\/depurecousa.com\\\/app\\\/uploads\\\/2023\\\/06\\\/xmtorch_ridotta-20220407-1251.webp\",\"datePublished\":\"2023-06-16T09:59:50+00:00\",\"dateModified\":\"2024-10-16T13:21:10+00:00\",\"description\":\"La aspiradora industrial XM Torch, ofrecida por Depureco en su gama de humos de soldadura, proporciona una soluci\u00f3n excelente para extraer los humos directamente de la antorcha de soldadura.\",\"breadcrumb\":{\"@id\":\"https:\\\/\\\/depurecousa.com\\\/es\\\/producto\\\/xm-torch-aspiradora-humos-soldadura\\\/#breadcrumb\"},\"inLanguage\":\"es\",\"potentialAction\":[{\"@type\":\"ReadAction\",\"target\":[\"https:\\\/\\\/depurecousa.com\\\/es\\\/producto\\\/xm-torch-aspiradora-humos-soldadura\\\/\"]}]},{\"@type\":\"ImageObject\",\"inLanguage\":\"es\",\"@id\":\"https:\\\/\\\/depurecousa.com\\\/es\\\/producto\\\/xm-torch-aspiradora-humos-soldadura\\\/#primaryimage\",\"url\":\"https:\\\/\\\/depurecousa.com\\\/app\\\/uploads\\\/2023\\\/06\\\/xmtorch_ridotta-20220407-1251.webp\",\"contentUrl\":\"https:\\\/\\\/depurecousa.com\\\/app\\\/uploads\\\/2023\\\/06\\\/xmtorch_ridotta-20220407-1251.webp\",\"width\":600,\"height\":599,\"caption\":\"xmtorch\"},{\"@type\":\"BreadcrumbList\",\"@id\":\"https:\\\/\\\/depurecousa.com\\\/es\\\/producto\\\/xm-torch-aspiradora-humos-soldadura\\\/#breadcrumb\",\"itemListElement\":[{\"@type\":\"ListItem\",\"position\":1,\"name\":\"Home\",\"item\":\"https:\\\/\\\/depurecousa.com\\\/es\\\/hogar\\\/\"},{\"@type\":\"ListItem\",\"position\":2,\"name\":\"Productos\",\"item\":\"https:\\\/\\\/depurecousa.com\\\/es\\\/shop\\\/\"},{\"@type\":\"ListItem\",\"position\":3,\"name\":\"EXTRACTORES DE HUMO DE SOLDADURA\",\"item\":\"https:\\\/\\\/depurecousa.com\\\/es\\\/product-category\\\/extractores-de-humo-de-soldadura\\\/\"},{\"@type\":\"ListItem\",\"position\":4,\"name\":\"XM TORCH ASPIRADORA DE HUMOS DE SOLDADURA\"}]},{\"@type\":\"WebSite\",\"@id\":\"https:\\\/\\\/depurecousa.com\\\/es\\\/#website\",\"url\":\"https:\\\/\\\/depurecousa.com\\\/es\\\/\",\"name\":\"Depureco USA\",\"description\":\"Aspiradoras industriales y sistemas centralizados\",\"publisher\":{\"@id\":\"https:\\\/\\\/depurecousa.com\\\/es\\\/#organization\"},\"alternateName\":\"Depureco Industrial Vacuums\",\"potentialAction\":[{\"@type\":\"SearchAction\",\"target\":{\"@type\":\"EntryPoint\",\"urlTemplate\":\"https:\\\/\\\/depurecousa.com\\\/es\\\/?s={search_term_string}\"},\"query-input\":{\"@type\":\"PropertyValueSpecification\",\"valueRequired\":true,\"valueName\":\"search_term_string\"}}],\"inLanguage\":\"es\"},{\"@type\":[\"Organization\",\"Place\"],\"@id\":\"https:\\\/\\\/depurecousa.com\\\/es\\\/#organization\",\"name\":\"Depureco USA\",\"alternateName\":\"Depureco Industrial Vacuums\",\"url\":\"https:\\\/\\\/depurecousa.com\\\/es\\\/\",\"logo\":{\"@id\":\"https:\\\/\\\/depurecousa.com\\\/es\\\/producto\\\/xm-torch-aspiradora-humos-soldadura\\\/#local-main-organization-logo\"},\"image\":{\"@id\":\"https:\\\/\\\/depurecousa.com\\\/es\\\/producto\\\/xm-torch-aspiradora-humos-soldadura\\\/#local-main-organization-logo\"},\"sameAs\":[\"https:\\\/\\\/www.facebook.com\\\/DepurecoUSA\\\/\",\"https:\\\/\\\/www.youtube.com\\\/@depurecousa\",\"https:\\\/\\\/www.linkedin.com\\\/company\\\/depureco-usa\\\/\",\"https:\\\/\\\/www.thomasnet.com\\\/company\\\/depureco-industrial-vacuums-usa-30990947\\\/profile?cov=NA&which=comp&what=depureco&coverage_area=NA&card_position=1&suppliers_in_page=1&page_number=1&headingList=16410201,0,25120189,26781609,26791905,89931042,41260373,45621323,46152609,89920243&isNationalSearch=false\"],\"legalName\":\"Depureco Industrial Vacuums Corp\",\"numberOfEmployees\":{\"@type\":\"QuantitativeValue\",\"minValue\":\"11\",\"maxValue\":\"50\"},\"address\":{\"@id\":\"https:\\\/\\\/depurecousa.com\\\/es\\\/producto\\\/xm-torch-aspiradora-humos-soldadura\\\/#local-main-place-address\"},\"geo\":{\"@type\":\"GeoCoordinates\",\"latitude\":\"30.024973508015663\",\"longitude\":\"-97.86156736732772\"},\"telephone\":[\"7377044347\"],\"contactPoint\":{\"@type\":\"ContactPoint\",\"telephone\":\"7377044347\",\"email\":\"simone.bacciu@depurecousa.com\"},\"openingHoursSpecification\":[{\"@type\":\"OpeningHoursSpecification\",\"dayOfWeek\":[\"Monday\",\"Tuesday\",\"Wednesday\",\"Thursday\",\"Friday\",\"Saturday\",\"Sunday\"],\"opens\":\"09:00\",\"closes\":\"17:00\"}],\"email\":\"info@depurecousa.com\",\"faxNumber\":\"Depureco Industrial Vacuums Corp\",\"areaServed\":\"United States\",\"globalLocationNumber\":\"24FQ+X9 Kyle, Texas\"},{\"@type\":\"PostalAddress\",\"@id\":\"https:\\\/\\\/depurecousa.com\\\/es\\\/producto\\\/xm-torch-aspiradora-humos-soldadura\\\/#local-main-place-address\",\"streetAddress\":\"19121 Marketplace Avenue, Building 1, Suite 165\",\"addressLocality\":\"KYLE\",\"postalCode\":\"78640\",\"addressRegion\":\"TX\",\"addressCountry\":\"US\"},{\"@type\":\"ImageObject\",\"inLanguage\":\"es\",\"@id\":\"https:\\\/\\\/depurecousa.com\\\/es\\\/producto\\\/xm-torch-aspiradora-humos-soldadura\\\/#local-main-organization-logo\",\"url\":\"https:\\\/\\\/depurecousa.com\\\/app\\\/uploads\\\/2023\\\/06\\\/depureco-logo-ico.png\",\"contentUrl\":\"https:\\\/\\\/depurecousa.com\\\/app\\\/uploads\\\/2023\\\/06\\\/depureco-logo-ico.png\",\"width\":512,\"height\":512,\"caption\":\"Depureco USA\"}]}<\/script>\n<meta property=\"product:price:currency\" content=\"USD\" \/>\n<meta property=\"og:availability\" content=\"instock\" \/>\n<meta property=\"product:availability\" content=\"instock\" \/>\n<meta property=\"product:condition\" content=\"new\" \/>\n<meta name=\"geo.placename\" content=\"KYLE\" \/>\n<meta name=\"geo.position\" content=\"30.024973508015663;-97.86156736732772\" \/>\n<meta name=\"geo.region\" content=\"Estados Unidos (EEUU)\" \/>\n<!-- \/ Yoast SEO Premium plugin. -->","yoast_head_json":{"title":"Humos de soldadura - XM TORCH ASPIRADORA DE HUMOS DE SOLDADURA | Depureco USA","description":"La aspiradora industrial XM Torch, ofrecida por Depureco en su gama de humos de soldadura, proporciona una soluci\u00f3n excelente para extraer los humos directamente de la antorcha de soldadura.","robots":{"index":"index","follow":"follow","max-snippet":"max-snippet:-1","max-image-preview":"max-image-preview:large","max-video-preview":"max-video-preview:-1"},"canonical":"https:\/\/depurecousa.com\/es\/producto\/xm-torch-aspiradora-humos-soldadura\/","og_locale":"es_ES","og_type":"article","og_title":"XM TORCH ASPIRADORA DE HUMOS DE SOLDADURA","og_description":"La aspiradora industrial XM Torch, ofrecida por Depureco en su gama de humos de soldadura, proporciona una soluci\u00f3n excelente para extraer los humos directamente de la antorcha de soldadura.","og_url":"https:\/\/depurecousa.com\/es\/producto\/xm-torch-aspiradora-humos-soldadura\/","og_site_name":"Depureco USA","article_publisher":"https:\/\/www.facebook.com\/DepurecoUSA\/","article_modified_time":"2024-10-16T13:21:10+00:00","og_image":[{"width":600,"height":599,"url":"https:\/\/depurecousa.com\/app\/uploads\/2023\/06\/xmtorch_ridotta-20220407-1251.webp","type":"image\/webp"}],"twitter_card":"summary_large_image","schema":{"@context":"https:\/\/schema.org","@graph":[{"@type":["WebPage","ItemPage"],"@id":"https:\/\/depurecousa.com\/es\/producto\/xm-torch-aspiradora-humos-soldadura\/","url":"https:\/\/depurecousa.com\/es\/producto\/xm-torch-aspiradora-humos-soldadura\/","name":"Humos de soldadura - XM TORCH ASPIRADORA DE HUMOS DE SOLDADURA | Depureco USA","isPartOf":{"@id":"https:\/\/depurecousa.com\/es\/#website"},"primaryImageOfPage":{"@id":"https:\/\/depurecousa.com\/es\/producto\/xm-torch-aspiradora-humos-soldadura\/#primaryimage"},"image":{"@id":"https:\/\/depurecousa.com\/es\/producto\/xm-torch-aspiradora-humos-soldadura\/#primaryimage"},"thumbnailUrl":"https:\/\/depurecousa.com\/app\/uploads\/2023\/06\/xmtorch_ridotta-20220407-1251.webp","datePublished":"2023-06-16T09:59:50+00:00","dateModified":"2024-10-16T13:21:10+00:00","description":"La aspiradora industrial XM Torch, ofrecida por Depureco en su gama de humos de soldadura, proporciona una soluci\u00f3n excelente para extraer los humos directamente de la antorcha de soldadura.","breadcrumb":{"@id":"https:\/\/depurecousa.com\/es\/producto\/xm-torch-aspiradora-humos-soldadura\/#breadcrumb"},"inLanguage":"es","potentialAction":[{"@type":"ReadAction","target":["https:\/\/depurecousa.com\/es\/producto\/xm-torch-aspiradora-humos-soldadura\/"]}]},{"@type":"ImageObject","inLanguage":"es","@id":"https:\/\/depurecousa.com\/es\/producto\/xm-torch-aspiradora-humos-soldadura\/#primaryimage","url":"https:\/\/depurecousa.com\/app\/uploads\/2023\/06\/xmtorch_ridotta-20220407-1251.webp","contentUrl":"https:\/\/depurecousa.com\/app\/uploads\/2023\/06\/xmtorch_ridotta-20220407-1251.webp","width":600,"height":599,"caption":"xmtorch"},{"@type":"BreadcrumbList","@id":"https:\/\/depurecousa.com\/es\/producto\/xm-torch-aspiradora-humos-soldadura\/#breadcrumb","itemListElement":[{"@type":"ListItem","position":1,"name":"Home","item":"https:\/\/depurecousa.com\/es\/hogar\/"},{"@type":"ListItem","position":2,"name":"Productos","item":"https:\/\/depurecousa.com\/es\/shop\/"},{"@type":"ListItem","position":3,"name":"EXTRACTORES DE HUMO DE SOLDADURA","item":"https:\/\/depurecousa.com\/es\/product-category\/extractores-de-humo-de-soldadura\/"},{"@type":"ListItem","position":4,"name":"XM TORCH ASPIRADORA DE HUMOS DE SOLDADURA"}]},{"@type":"WebSite","@id":"https:\/\/depurecousa.com\/es\/#website","url":"https:\/\/depurecousa.com\/es\/","name":"Depureco USA","description":"Aspiradoras industriales y sistemas centralizados","publisher":{"@id":"https:\/\/depurecousa.com\/es\/#organization"},"alternateName":"Depureco Industrial Vacuums","potentialAction":[{"@type":"SearchAction","target":{"@type":"EntryPoint","urlTemplate":"https:\/\/depurecousa.com\/es\/?s={search_term_string}"},"query-input":{"@type":"PropertyValueSpecification","valueRequired":true,"valueName":"search_term_string"}}],"inLanguage":"es"},{"@type":["Organization","Place"],"@id":"https:\/\/depurecousa.com\/es\/#organization","name":"Depureco USA","alternateName":"Depureco Industrial Vacuums","url":"https:\/\/depurecousa.com\/es\/","logo":{"@id":"https:\/\/depurecousa.com\/es\/producto\/xm-torch-aspiradora-humos-soldadura\/#local-main-organization-logo"},"image":{"@id":"https:\/\/depurecousa.com\/es\/producto\/xm-torch-aspiradora-humos-soldadura\/#local-main-organization-logo"},"sameAs":["https:\/\/www.facebook.com\/DepurecoUSA\/","https:\/\/www.youtube.com\/@depurecousa","https:\/\/www.linkedin.com\/company\/depureco-usa\/","https:\/\/www.thomasnet.com\/company\/depureco-industrial-vacuums-usa-30990947\/profile?cov=NA&which=comp&what=depureco&coverage_area=NA&card_position=1&suppliers_in_page=1&page_number=1&headingList=16410201,0,25120189,26781609,26791905,89931042,41260373,45621323,46152609,89920243&isNationalSearch=false"],"legalName":"Depureco Industrial Vacuums Corp","numberOfEmployees":{"@type":"QuantitativeValue","minValue":"11","maxValue":"50"},"address":{"@id":"https:\/\/depurecousa.com\/es\/producto\/xm-torch-aspiradora-humos-soldadura\/#local-main-place-address"},"geo":{"@type":"GeoCoordinates","latitude":"30.024973508015663","longitude":"-97.86156736732772"},"telephone":["7377044347"],"contactPoint":{"@type":"ContactPoint","telephone":"7377044347","email":"simone.bacciu@depurecousa.com"},"openingHoursSpecification":[{"@type":"OpeningHoursSpecification","dayOfWeek":["Monday","Tuesday","Wednesday","Thursday","Friday","Saturday","Sunday"],"opens":"09:00","closes":"17:00"}],"email":"info@depurecousa.com","faxNumber":"Depureco Industrial Vacuums Corp","areaServed":"United States","globalLocationNumber":"24FQ+X9 Kyle, Texas"},{"@type":"PostalAddress","@id":"https:\/\/depurecousa.com\/es\/producto\/xm-torch-aspiradora-humos-soldadura\/#local-main-place-address","streetAddress":"19121 Marketplace Avenue, Building 1, Suite 165","addressLocality":"KYLE","postalCode":"78640","addressRegion":"TX","addressCountry":"US"},{"@type":"ImageObject","inLanguage":"es","@id":"https:\/\/depurecousa.com\/es\/producto\/xm-torch-aspiradora-humos-soldadura\/#local-main-organization-logo","url":"https:\/\/depurecousa.com\/app\/uploads\/2023\/06\/depureco-logo-ico.png","contentUrl":"https:\/\/depurecousa.com\/app\/uploads\/2023\/06\/depureco-logo-ico.png","width":512,"height":512,"caption":"Depureco USA"}]},"product_price_currency":"USD","og_availability":"instock","product_availability":"instock","product_condition":"new","geo.placename":"KYLE","geo.position":{"lat":"30.024973508015663","long":"-97.86156736732772"},"geo.region":"Estados Unidos (EEUU)"},"_links":{"self":[{"href":"https:\/\/depurecousa.com\/es\/wp-json\/wp\/v2\/product\/7853","targetHints":{"allow":["GET"]}}],"collection":[{"href":"https:\/\/depurecousa.com\/es\/wp-json\/wp\/v2\/product"}],"about":[{"href":"https:\/\/depurecousa.com\/es\/wp-json\/wp\/v2\/types\/product"}],"wp:featuredmedia":[{"embeddable":true,"href":"https:\/\/depurecousa.com\/es\/wp-json\/wp\/v2\/media\/4096"}],"wp:attachment":[{"href":"https:\/\/depurecousa.com\/es\/wp-json\/wp\/v2\/media?parent=7853"}],"wp:term":[{"taxonomy":"product_brand","embeddable":true,"href":"https:\/\/depurecousa.com\/es\/wp-json\/wp\/v2\/product_brand?post=7853"},{"taxonomy":"product_cat","embeddable":true,"href":"https:\/\/depurecousa.com\/es\/wp-json\/wp\/v2\/product_cat?post=7853"},{"taxonomy":"product_tag","embeddable":true,"href":"https:\/\/depurecousa.com\/es\/wp-json\/wp\/v2\/product_tag?post=7853"}],"curies":[{"name":"wp","href":"https:\/\/api.w.org\/{rel}","templated":true}]}}