{"id":7857,"date":"2023-02-02T07:59:33","date_gmt":"2023-02-02T14:59:33","guid":{"rendered":"https:\/\/depurecousa.com\/product\/ac-z2-22\/"},"modified":"2026-01-14T01:27:34","modified_gmt":"2026-01-14T08:27:34","slug":"ac-z2-22-aspiradora-industrial-seguridad-intrinseca","status":"publish","type":"product","link":"https:\/\/depurecousa.com\/es\/producto\/ac-z2-22-aspiradora-industrial-seguridad-intrinseca\/","title":{"rendered":"AC Z2-22 <br>ASPIRADORA INDUSTRIAL CON SEGURIDAD INTR\u00cdNSECA"},"content":{"rendered":"<p>El AC 100 Z22 es la aspiradora industrial intr\u00ednsecamente segura m\u00e1s potente de la gama Depureco, dise\u00f1ada para funcionar con aire comprimido. Con la utilizaci\u00f3n de un tubo venturi de alto rendimiento, alcanza niveles impresionantes de presi\u00f3n de vac\u00edo. La AC 100 Z22 es capaz de funcionar en diversas condiciones, manipulando eficazmente polvos, virutas, l\u00edquidos y materiales dif\u00edciles con el uso de tubos prolongados. En el interior de la aspiradora hay un filtro de gran superficie fabricado con material de poli\u00e9ster antiest\u00e1tico, certificado como clase M con una eficacia de filtraci\u00f3n de 1 micra, que garantiza la eliminaci\u00f3n segura del polvo cargado electrost\u00e1ticamente. Para un mantenimiento c\u00f3modo, el aspirador industrial est\u00e1 equipado con un sistema de limpieza manual del filtro, que incorpora una pr\u00e1ctica palanca en el cabezal de aspiraci\u00f3n que permite sacudir el filtro de forma f\u00e1cil y eficaz. La aspiradora va acompa\u00f1ada de un pr\u00e1ctico contenedor de descarga con ruedas, que facilita la recogida y eliminaci\u00f3n de los materiales aspirados. El contenedor est\u00e1 disponible en 26 galones de capacidad, construido en acero AISI 304 y equipado con cuatro robustas ruedas giratorias que permiten maniobrar sin esfuerzo, incluso cuando est\u00e1 completamente cargado.<\/p>\n","protected":false},"excerpt":{"rendered":"<p>El AC 100 Z22 es la aspiradora industrial intr\u00ednsecamente segura m\u00e1s potente de la gama Depureco, dise\u00f1ada para funcionar con aire comprimido. Con la utilizaci\u00f3n de un tubo venturi de alto rendimiento, alcanza niveles impresionantes de presi\u00f3n de vac\u00edo. La AC 100 Z22 es capaz de funcionar en diversas condiciones, manipulando eficazmente polvos, virutas, l\u00edquidos [&hellip;]<\/p>\n","protected":false},"featured_media":4080,"template":"","meta":{"_acf_changed":false,"content-type":"","inline_featured_image":false},"product_brand":[],"product_cat":[184],"product_tag":[],"class_list":{"0":"post-7857","1":"product","2":"type-product","3":"status-publish","4":"has-post-thumbnail","6":"product_cat-aspiradoras-industriales-antideflagrantes","8":"first","9":"instock","10":"shipping-taxable","11":"product-type-simple"},"acf":[],"yoast_head":"<!-- This site is optimized with the Yoast SEO Premium plugin v27.0 (Yoast SEO v27.3) - https:\/\/yoast.com\/product\/yoast-seo-premium-wordpress\/ -->\n<title>AC Z2-22 ASPIRADORA INDUSTRIAL CON SEGURIDAD INTR\u00cdNSECA - Depureco USA<\/title>\n<meta name=\"description\" content=\"El AC 100 Z2-22 es la aspiradora ATEX intr\u00ednsecamente segura m\u00e1s potente de la gama Depureco, dise\u00f1ada para funcionar con aire comprimido. Con la utilizaci\u00f3n de un tubo venturi de alto rendimiento, alcanza niveles notables de presi\u00f3n de vac\u00edo.\" \/>\n<meta name=\"robots\" content=\"index, follow, max-snippet:-1, max-image-preview:large, max-video-preview:-1\" \/>\n<link rel=\"canonical\" href=\"https:\/\/depurecousa.com\/es\/producto\/ac-z2-22-aspiradora-industrial-seguridad-intrinseca\/\" \/>\n<meta property=\"og:locale\" content=\"es_ES\" \/>\n<meta property=\"og:type\" content=\"article\" \/>\n<meta property=\"og:title\" content=\"AC Z2-22 ASPIRADORA INDUSTRIAL CON SEGURIDAD INTR\u00cdNSECA\" \/>\n<meta property=\"og:description\" content=\"El AC 100 Z2-22 es la aspiradora ATEX intr\u00ednsecamente segura m\u00e1s potente de la gama Depureco, dise\u00f1ada para funcionar con aire comprimido. Con la utilizaci\u00f3n de un tubo venturi de alto rendimiento, alcanza niveles notables de presi\u00f3n de vac\u00edo.\" \/>\n<meta property=\"og:url\" content=\"https:\/\/depurecousa.com\/es\/producto\/ac-z2-22-aspiradora-industrial-seguridad-intrinseca\/\" \/>\n<meta property=\"og:site_name\" content=\"Depureco USA\" \/>\n<meta property=\"article:modified_time\" content=\"2026-01-14T08:27:34+00:00\" \/>\n<meta property=\"og:image\" content=\"https:\/\/depurecousa.com\/app\/uploads\/2023\/06\/ac_100_z22_nero.webp\" \/>\n\t<meta property=\"og:image:width\" content=\"400\" \/>\n\t<meta property=\"og:image:height\" content=\"400\" \/>\n\t<meta property=\"og:image:type\" content=\"image\/webp\" \/>\n<meta name=\"twitter:card\" content=\"summary_large_image\" \/>\n<meta name=\"twitter:label1\" content=\"Precio\" \/>\n\t<meta name=\"twitter:data1\" content=\"\" \/>\n\t<meta name=\"twitter:label2\" content=\"Disponibilidad\" \/>\n\t<meta name=\"twitter:data2\" content=\"Disponible\" \/>\n<script type=\"application\/ld+json\" class=\"yoast-schema-graph\">{\"@context\":\"https:\\\/\\\/schema.org\",\"@graph\":[{\"@type\":[\"WebPage\",\"ItemPage\"],\"@id\":\"https:\\\/\\\/depurecousa.com\\\/es\\\/producto\\\/ac-z2-22-aspiradora-industrial-seguridad-intrinseca\\\/\",\"url\":\"https:\\\/\\\/depurecousa.com\\\/es\\\/producto\\\/ac-z2-22-aspiradora-industrial-seguridad-intrinseca\\\/\",\"name\":\"AC Z2-22 ASPIRADORA INDUSTRIAL CON SEGURIDAD INTR\u00cdNSECA - Depureco USA\",\"isPartOf\":{\"@id\":\"https:\\\/\\\/depurecousa.com\\\/#website\"},\"primaryImageOfPage\":{\"@id\":\"https:\\\/\\\/depurecousa.com\\\/es\\\/producto\\\/ac-z2-22-aspiradora-industrial-seguridad-intrinseca\\\/#primaryimage\"},\"image\":{\"@id\":\"https:\\\/\\\/depurecousa.com\\\/es\\\/producto\\\/ac-z2-22-aspiradora-industrial-seguridad-intrinseca\\\/#primaryimage\"},\"thumbnailUrl\":\"https:\\\/\\\/depurecousa.com\\\/app\\\/uploads\\\/2023\\\/06\\\/ac_100_z22_nero.webp\",\"datePublished\":\"2023-02-02T14:59:33+00:00\",\"dateModified\":\"2026-01-14T08:27:34+00:00\",\"description\":\"El AC 100 Z2-22 es la aspiradora ATEX intr\u00ednsecamente segura m\u00e1s potente de la gama Depureco, dise\u00f1ada para funcionar con aire comprimido. Con la utilizaci\u00f3n de un tubo venturi de alto rendimiento, alcanza niveles notables de presi\u00f3n de vac\u00edo.\",\"breadcrumb\":{\"@id\":\"https:\\\/\\\/depurecousa.com\\\/es\\\/producto\\\/ac-z2-22-aspiradora-industrial-seguridad-intrinseca\\\/#breadcrumb\"},\"inLanguage\":\"es\",\"potentialAction\":[{\"@type\":\"ReadAction\",\"target\":[\"https:\\\/\\\/depurecousa.com\\\/es\\\/producto\\\/ac-z2-22-aspiradora-industrial-seguridad-intrinseca\\\/\"]}]},{\"@type\":\"ImageObject\",\"inLanguage\":\"es\",\"@id\":\"https:\\\/\\\/depurecousa.com\\\/es\\\/producto\\\/ac-z2-22-aspiradora-industrial-seguridad-intrinseca\\\/#primaryimage\",\"url\":\"https:\\\/\\\/depurecousa.com\\\/app\\\/uploads\\\/2023\\\/06\\\/ac_100_z22_nero.webp\",\"contentUrl\":\"https:\\\/\\\/depurecousa.com\\\/app\\\/uploads\\\/2023\\\/06\\\/ac_100_z22_nero.webp\",\"width\":400,\"height\":400},{\"@type\":\"BreadcrumbList\",\"@id\":\"https:\\\/\\\/depurecousa.com\\\/es\\\/producto\\\/ac-z2-22-aspiradora-industrial-seguridad-intrinseca\\\/#breadcrumb\",\"itemListElement\":[{\"@type\":\"ListItem\",\"position\":1,\"name\":\"Home\",\"item\":\"https:\\\/\\\/depurecousa.com\\\/es\\\/hogar\\\/\"},{\"@type\":\"ListItem\",\"position\":2,\"name\":\"Products\",\"item\":\"https:\\\/\\\/depurecousa.com\\\/shop\\\/\"},{\"@type\":\"ListItem\",\"position\":3,\"name\":\"EXPLOSION PROOF INDUSTRIAL VACUUMS\",\"item\":\"https:\\\/\\\/depurecousa.com\\\/product-category\\\/explosion-proof-industrial-vacuums\\\/\"},{\"@type\":\"ListItem\",\"position\":4,\"name\":\"AC Z2-22 ASPIRADORA INDUSTRIAL CON SEGURIDAD INTR\u00cdNSECA\"}]},{\"@type\":\"WebSite\",\"@id\":\"https:\\\/\\\/depurecousa.com\\\/#website\",\"url\":\"https:\\\/\\\/depurecousa.com\\\/\",\"name\":\"Depureco USA\",\"description\":\"Aspiradoras industriales y sistemas centralizados\",\"publisher\":{\"@id\":\"https:\\\/\\\/depurecousa.com\\\/#organization\"},\"potentialAction\":[{\"@type\":\"SearchAction\",\"target\":{\"@type\":\"EntryPoint\",\"urlTemplate\":\"https:\\\/\\\/depurecousa.com\\\/?s={search_term_string}\"},\"query-input\":{\"@type\":\"PropertyValueSpecification\",\"valueRequired\":true,\"valueName\":\"search_term_string\"}}],\"inLanguage\":\"es\"},{\"@type\":[\"Organization\",\"Place\"],\"@id\":\"https:\\\/\\\/depurecousa.com\\\/#organization\",\"name\":\"Depureco USA\",\"url\":\"https:\\\/\\\/depurecousa.com\\\/\",\"logo\":{\"@id\":\"https:\\\/\\\/depurecousa.com\\\/es\\\/producto\\\/ac-z2-22-aspiradora-industrial-seguridad-intrinseca\\\/#local-main-organization-logo\"},\"image\":{\"@id\":\"https:\\\/\\\/depurecousa.com\\\/es\\\/producto\\\/ac-z2-22-aspiradora-industrial-seguridad-intrinseca\\\/#local-main-organization-logo\"},\"address\":{\"@id\":\"https:\\\/\\\/depurecousa.com\\\/es\\\/producto\\\/ac-z2-22-aspiradora-industrial-seguridad-intrinseca\\\/#local-main-place-address\"},\"geo\":{\"@type\":\"GeoCoordinates\",\"latitude\":\"30.024973508015663\",\"longitude\":\"-97.86156736732772\"},\"telephone\":[\"7377044347\"],\"contactPoint\":{\"@type\":\"ContactPoint\",\"telephone\":\"7377044347\",\"email\":\"simone.bacciu@depurecousa.com\"},\"openingHoursSpecification\":[{\"@type\":\"OpeningHoursSpecification\",\"dayOfWeek\":[\"Monday\",\"Tuesday\",\"Wednesday\",\"Thursday\",\"Friday\",\"Saturday\",\"Sunday\"],\"opens\":\"09:00\",\"closes\":\"17:00\"}],\"email\":\"info@depurecousa.com\",\"faxNumber\":\"Depureco Industrial Vacuums Corp\",\"areaServed\":\"United States\",\"globalLocationNumber\":\"24FQ+X9 Kyle, Texas\"},{\"@type\":\"PostalAddress\",\"@id\":\"https:\\\/\\\/depurecousa.com\\\/es\\\/producto\\\/ac-z2-22-aspiradora-industrial-seguridad-intrinseca\\\/#local-main-place-address\",\"streetAddress\":\"19121 Marketplace Avenue, Building 1, Suite 165\",\"addressLocality\":\"KYLE\",\"postalCode\":\"78640\",\"addressRegion\":\"TX\",\"addressCountry\":\"US\"},{\"@type\":\"ImageObject\",\"inLanguage\":\"es\",\"@id\":\"https:\\\/\\\/depurecousa.com\\\/es\\\/producto\\\/ac-z2-22-aspiradora-industrial-seguridad-intrinseca\\\/#local-main-organization-logo\",\"url\":\"https:\\\/\\\/depurecousa.com\\\/app\\\/uploads\\\/2023\\\/06\\\/depureco-logo-ico.png\",\"contentUrl\":\"https:\\\/\\\/depurecousa.com\\\/app\\\/uploads\\\/2023\\\/06\\\/depureco-logo-ico.png\",\"width\":512,\"height\":512,\"caption\":\"Depureco USA\"}]}<\/script>\n<meta property=\"product:price:currency\" content=\"USD\" \/>\n<meta property=\"og:availability\" content=\"instock\" \/>\n<meta property=\"product:availability\" content=\"instock\" \/>\n<meta property=\"product:condition\" content=\"new\" \/>\n<meta name=\"geo.placename\" content=\"KYLE\" \/>\n<meta name=\"geo.position\" content=\"30.024973508015663;-97.86156736732772\" \/>\n<meta name=\"geo.region\" content=\"Estados Unidos (EEUU)\" \/>\n<!-- \/ Yoast SEO Premium plugin. -->","yoast_head_json":{"title":"AC Z2-22 ASPIRADORA INDUSTRIAL CON SEGURIDAD INTR\u00cdNSECA - Depureco USA","description":"El AC 100 Z2-22 es la aspiradora ATEX intr\u00ednsecamente segura m\u00e1s potente de la gama Depureco, dise\u00f1ada para funcionar con aire comprimido. Con la utilizaci\u00f3n de un tubo venturi de alto rendimiento, alcanza niveles notables de presi\u00f3n de vac\u00edo.","robots":{"index":"index","follow":"follow","max-snippet":"max-snippet:-1","max-image-preview":"max-image-preview:large","max-video-preview":"max-video-preview:-1"},"canonical":"https:\/\/depurecousa.com\/es\/producto\/ac-z2-22-aspiradora-industrial-seguridad-intrinseca\/","og_locale":"es_ES","og_type":"article","og_title":"AC Z2-22 ASPIRADORA INDUSTRIAL CON SEGURIDAD INTR\u00cdNSECA","og_description":"El AC 100 Z2-22 es la aspiradora ATEX intr\u00ednsecamente segura m\u00e1s potente de la gama Depureco, dise\u00f1ada para funcionar con aire comprimido. Con la utilizaci\u00f3n de un tubo venturi de alto rendimiento, alcanza niveles notables de presi\u00f3n de vac\u00edo.","og_url":"https:\/\/depurecousa.com\/es\/producto\/ac-z2-22-aspiradora-industrial-seguridad-intrinseca\/","og_site_name":"Depureco USA","article_modified_time":"2026-01-14T08:27:34+00:00","og_image":[{"width":400,"height":400,"url":"https:\/\/depurecousa.com\/app\/uploads\/2023\/06\/ac_100_z22_nero.webp","type":"image\/webp"}],"twitter_card":"summary_large_image","twitter_misc":{"Precio":"","Disponibilidad":"Disponible"},"schema":{"@context":"https:\/\/schema.org","@graph":[{"@type":["WebPage","ItemPage"],"@id":"https:\/\/depurecousa.com\/es\/producto\/ac-z2-22-aspiradora-industrial-seguridad-intrinseca\/","url":"https:\/\/depurecousa.com\/es\/producto\/ac-z2-22-aspiradora-industrial-seguridad-intrinseca\/","name":"AC Z2-22 ASPIRADORA INDUSTRIAL CON SEGURIDAD INTR\u00cdNSECA - Depureco USA","isPartOf":{"@id":"https:\/\/depurecousa.com\/#website"},"primaryImageOfPage":{"@id":"https:\/\/depurecousa.com\/es\/producto\/ac-z2-22-aspiradora-industrial-seguridad-intrinseca\/#primaryimage"},"image":{"@id":"https:\/\/depurecousa.com\/es\/producto\/ac-z2-22-aspiradora-industrial-seguridad-intrinseca\/#primaryimage"},"thumbnailUrl":"https:\/\/depurecousa.com\/app\/uploads\/2023\/06\/ac_100_z22_nero.webp","datePublished":"2023-02-02T14:59:33+00:00","dateModified":"2026-01-14T08:27:34+00:00","description":"El AC 100 Z2-22 es la aspiradora ATEX intr\u00ednsecamente segura m\u00e1s potente de la gama Depureco, dise\u00f1ada para funcionar con aire comprimido. Con la utilizaci\u00f3n de un tubo venturi de alto rendimiento, alcanza niveles notables de presi\u00f3n de vac\u00edo.","breadcrumb":{"@id":"https:\/\/depurecousa.com\/es\/producto\/ac-z2-22-aspiradora-industrial-seguridad-intrinseca\/#breadcrumb"},"inLanguage":"es","potentialAction":[{"@type":"ReadAction","target":["https:\/\/depurecousa.com\/es\/producto\/ac-z2-22-aspiradora-industrial-seguridad-intrinseca\/"]}]},{"@type":"ImageObject","inLanguage":"es","@id":"https:\/\/depurecousa.com\/es\/producto\/ac-z2-22-aspiradora-industrial-seguridad-intrinseca\/#primaryimage","url":"https:\/\/depurecousa.com\/app\/uploads\/2023\/06\/ac_100_z22_nero.webp","contentUrl":"https:\/\/depurecousa.com\/app\/uploads\/2023\/06\/ac_100_z22_nero.webp","width":400,"height":400},{"@type":"BreadcrumbList","@id":"https:\/\/depurecousa.com\/es\/producto\/ac-z2-22-aspiradora-industrial-seguridad-intrinseca\/#breadcrumb","itemListElement":[{"@type":"ListItem","position":1,"name":"Home","item":"https:\/\/depurecousa.com\/es\/hogar\/"},{"@type":"ListItem","position":2,"name":"Products","item":"https:\/\/depurecousa.com\/shop\/"},{"@type":"ListItem","position":3,"name":"EXPLOSION PROOF INDUSTRIAL VACUUMS","item":"https:\/\/depurecousa.com\/product-category\/explosion-proof-industrial-vacuums\/"},{"@type":"ListItem","position":4,"name":"AC Z2-22 ASPIRADORA INDUSTRIAL CON SEGURIDAD INTR\u00cdNSECA"}]},{"@type":"WebSite","@id":"https:\/\/depurecousa.com\/#website","url":"https:\/\/depurecousa.com\/","name":"Depureco USA","description":"Aspiradoras industriales y sistemas centralizados","publisher":{"@id":"https:\/\/depurecousa.com\/#organization"},"potentialAction":[{"@type":"SearchAction","target":{"@type":"EntryPoint","urlTemplate":"https:\/\/depurecousa.com\/?s={search_term_string}"},"query-input":{"@type":"PropertyValueSpecification","valueRequired":true,"valueName":"search_term_string"}}],"inLanguage":"es"},{"@type":["Organization","Place"],"@id":"https:\/\/depurecousa.com\/#organization","name":"Depureco USA","url":"https:\/\/depurecousa.com\/","logo":{"@id":"https:\/\/depurecousa.com\/es\/producto\/ac-z2-22-aspiradora-industrial-seguridad-intrinseca\/#local-main-organization-logo"},"image":{"@id":"https:\/\/depurecousa.com\/es\/producto\/ac-z2-22-aspiradora-industrial-seguridad-intrinseca\/#local-main-organization-logo"},"address":{"@id":"https:\/\/depurecousa.com\/es\/producto\/ac-z2-22-aspiradora-industrial-seguridad-intrinseca\/#local-main-place-address"},"geo":{"@type":"GeoCoordinates","latitude":"30.024973508015663","longitude":"-97.86156736732772"},"telephone":["7377044347"],"contactPoint":{"@type":"ContactPoint","telephone":"7377044347","email":"simone.bacciu@depurecousa.com"},"openingHoursSpecification":[{"@type":"OpeningHoursSpecification","dayOfWeek":["Monday","Tuesday","Wednesday","Thursday","Friday","Saturday","Sunday"],"opens":"09:00","closes":"17:00"}],"email":"info@depurecousa.com","faxNumber":"Depureco Industrial Vacuums Corp","areaServed":"United States","globalLocationNumber":"24FQ+X9 Kyle, Texas"},{"@type":"PostalAddress","@id":"https:\/\/depurecousa.com\/es\/producto\/ac-z2-22-aspiradora-industrial-seguridad-intrinseca\/#local-main-place-address","streetAddress":"19121 Marketplace Avenue, Building 1, Suite 165","addressLocality":"KYLE","postalCode":"78640","addressRegion":"TX","addressCountry":"US"},{"@type":"ImageObject","inLanguage":"es","@id":"https:\/\/depurecousa.com\/es\/producto\/ac-z2-22-aspiradora-industrial-seguridad-intrinseca\/#local-main-organization-logo","url":"https:\/\/depurecousa.com\/app\/uploads\/2023\/06\/depureco-logo-ico.png","contentUrl":"https:\/\/depurecousa.com\/app\/uploads\/2023\/06\/depureco-logo-ico.png","width":512,"height":512,"caption":"Depureco USA"}]},"product_price_currency":"USD","og_availability":"instock","product_availability":"instock","product_condition":"new","geo.placename":"KYLE","geo.position":{"lat":"30.024973508015663","long":"-97.86156736732772"},"geo.region":"Estados Unidos (EEUU)"},"_links":{"self":[{"href":"https:\/\/depurecousa.com\/es\/wp-json\/wp\/v2\/product\/7857","targetHints":{"allow":["GET"]}}],"collection":[{"href":"https:\/\/depurecousa.com\/es\/wp-json\/wp\/v2\/product"}],"about":[{"href":"https:\/\/depurecousa.com\/es\/wp-json\/wp\/v2\/types\/product"}],"wp:featuredmedia":[{"embeddable":true,"href":"https:\/\/depurecousa.com\/es\/wp-json\/wp\/v2\/media\/4080"}],"wp:attachment":[{"href":"https:\/\/depurecousa.com\/es\/wp-json\/wp\/v2\/media?parent=7857"}],"wp:term":[{"taxonomy":"product_brand","embeddable":true,"href":"https:\/\/depurecousa.com\/es\/wp-json\/wp\/v2\/product_brand?post=7857"},{"taxonomy":"product_cat","embeddable":true,"href":"https:\/\/depurecousa.com\/es\/wp-json\/wp\/v2\/product_cat?post=7857"},{"taxonomy":"product_tag","embeddable":true,"href":"https:\/\/depurecousa.com\/es\/wp-json\/wp\/v2\/product_tag?post=7857"}],"curies":[{"name":"wp","href":"https:\/\/api.w.org\/{rel}","templated":true}]}}