{"id":7859,"date":"2023-02-02T07:11:58","date_gmt":"2023-02-02T14:11:58","guid":{"rendered":"https:\/\/depurecousa.com\/product\/ac-100\/"},"modified":"2026-01-14T01:01:11","modified_gmt":"2026-01-14T08:01:11","slug":"ac-100-aspiradora-industrial-neumatica","status":"publish","type":"product","link":"https:\/\/depurecousa.com\/es\/producto\/ac-100-aspiradora-industrial-neumatica\/","title":{"rendered":"AC 100 <br>ASPIRADORA INDUSTRIAL NEUM\u00c1TICA"},"content":{"rendered":"<p>El AC 100, la aspiradora industrial m\u00e1s potente de la gama de accionamiento neum\u00e1tico, es una aspiradora AIR excepcional con unas capacidades impresionantes gracias a su tubo Venturi de alto rendimiento. El AC 100 est\u00e1 dise\u00f1ado para trabajar en diversas condiciones, como polvo, s\u00f3lidos, virutas, l\u00edquidos y materiales dif\u00edciles, con capacidad para tubos de longitud considerable. Como caracter\u00edstica est\u00e1ndar, esta aspiradora est\u00e1 equipada con un filtro de bolsillo de poli\u00e9ster de 3,800 in\u00b2 que est\u00e1 certificado como Clase M por BIA (Berufsgenossenschaftliches Institut f\u00fcr Arbeitssicherheit) y tiene una eficacia de filtraci\u00f3n de 1\u00b5. El filtro puede adaptarse a aplicaciones espec\u00edficas. Entre las opciones adicionales para la AC 100 se incluyen filtros antiest\u00e1ticos para evitar cargas electrost\u00e1ticas, filtros NOMEX para resistencia a altas temperaturas (hasta 250\u00b0C), filtros recubiertos de tefl\u00f3n para materiales h\u00famedos y filtros con tratamiento nanotecnol\u00f3gico PTFE para los tipos de polvo m\u00e1s dif\u00edciles. La aspiradora AC 100 tambi\u00e9n incorpora un sistema de limpieza manual del filtro, que permite sacudirlo de forma f\u00e1cil y eficaz mediante la palanca situada en el lateral de la aspiradora. Para facilitar la recogida y eliminaci\u00f3n del material, la aspiradora est\u00e1 equipada con un contenedor desmontable con ruedas. El contenedor tiene una capacidad de 26 galones y ambos cuentan con un soporte exterior reforzado para las cuatro ruedas giratorias que garantizan una manipulaci\u00f3n segura incluso cuando contienen un peso considerable de material. Se puede solicitar un kit basculante para contenedores.<\/p>\n","protected":false},"excerpt":{"rendered":"<p>El AC 100, la aspiradora industrial m\u00e1s potente de la gama de accionamiento neum\u00e1tico, es una aspiradora AIR excepcional con unas capacidades impresionantes gracias a su tubo Venturi de alto rendimiento. El AC 100 est\u00e1 dise\u00f1ado para trabajar en diversas condiciones, como polvo, s\u00f3lidos, virutas, l\u00edquidos y materiales dif\u00edciles, con capacidad para tubos de longitud [&hellip;]<\/p>\n","protected":false},"featured_media":4055,"template":"","meta":{"_acf_changed":false,"content-type":"","inline_featured_image":false},"product_brand":[],"product_cat":[181],"product_tag":[],"class_list":{"0":"post-7859","1":"product","2":"type-product","3":"status-publish","4":"has-post-thumbnail","6":"product_cat-aspiradoras-industriales-neumaticas","8":"first","9":"instock","10":"shipping-taxable","11":"product-type-simple"},"acf":[],"yoast_head":"<!-- This site is optimized with the Yoast SEO Premium plugin v27.4 (Yoast SEO v27.4) - https:\/\/yoast.com\/product\/yoast-seo-premium-wordpress\/ -->\n<title>AC 100 ASPIRADORA INDUSTRIAL NEUM\u00c1TICA - Depureco USA<\/title>\n<meta name=\"description\" content=\"El AC 100, la aspiradora industrial m\u00e1s potente de la gama de accionamiento neum\u00e1tico, es una aspiradora AIR excepcional con unas capacidades impresionantes gracias a su tubo Venturi de alto rendimiento.\" \/>\n<meta name=\"robots\" content=\"index, follow, max-snippet:-1, max-image-preview:large, max-video-preview:-1\" \/>\n<link rel=\"canonical\" href=\"https:\/\/depurecousa.com\/es\/producto\/ac-100-aspiradora-industrial-neumatica\/\" \/>\n<meta property=\"og:locale\" content=\"es_ES\" \/>\n<meta property=\"og:type\" content=\"article\" \/>\n<meta property=\"og:title\" content=\"AC 100 ASPIRADORA INDUSTRIAL NEUM\u00c1TICA\" \/>\n<meta property=\"og:description\" content=\"El AC 100, la aspiradora industrial m\u00e1s potente de la gama de accionamiento neum\u00e1tico, es una aspiradora AIR excepcional con unas capacidades impresionantes gracias a su tubo Venturi de alto rendimiento.\" \/>\n<meta property=\"og:url\" content=\"https:\/\/depurecousa.com\/es\/producto\/ac-100-aspiradora-industrial-neumatica\/\" \/>\n<meta property=\"og:site_name\" content=\"Depureco USA\" \/>\n<meta property=\"article:publisher\" content=\"https:\/\/www.facebook.com\/DepurecoUSA\/\" \/>\n<meta property=\"article:modified_time\" content=\"2026-01-14T08:01:11+00:00\" \/>\n<meta property=\"og:image\" content=\"https:\/\/depurecousa.com\/app\/uploads\/2023\/06\/ac_100_std_lato_sx.webp\" \/>\n\t<meta property=\"og:image:width\" content=\"400\" \/>\n\t<meta property=\"og:image:height\" content=\"400\" \/>\n\t<meta property=\"og:image:type\" content=\"image\/webp\" \/>\n<meta name=\"twitter:card\" content=\"summary_large_image\" \/>\n<script type=\"application\/ld+json\" class=\"yoast-schema-graph\">{\"@context\":\"https:\\\/\\\/schema.org\",\"@graph\":[{\"@type\":[\"WebPage\",\"ItemPage\"],\"@id\":\"https:\\\/\\\/depurecousa.com\\\/es\\\/producto\\\/ac-100-aspiradora-industrial-neumatica\\\/\",\"url\":\"https:\\\/\\\/depurecousa.com\\\/es\\\/producto\\\/ac-100-aspiradora-industrial-neumatica\\\/\",\"name\":\"AC 100 ASPIRADORA INDUSTRIAL NEUM\u00c1TICA - Depureco USA\",\"isPartOf\":{\"@id\":\"https:\\\/\\\/depurecousa.com\\\/es\\\/#website\"},\"primaryImageOfPage\":{\"@id\":\"https:\\\/\\\/depurecousa.com\\\/es\\\/producto\\\/ac-100-aspiradora-industrial-neumatica\\\/#primaryimage\"},\"image\":{\"@id\":\"https:\\\/\\\/depurecousa.com\\\/es\\\/producto\\\/ac-100-aspiradora-industrial-neumatica\\\/#primaryimage\"},\"thumbnailUrl\":\"https:\\\/\\\/depurecousa.com\\\/app\\\/uploads\\\/2023\\\/06\\\/ac_100_std_lato_sx.webp\",\"datePublished\":\"2023-02-02T14:11:58+00:00\",\"dateModified\":\"2026-01-14T08:01:11+00:00\",\"description\":\"El AC 100, la aspiradora industrial m\u00e1s potente de la gama de accionamiento neum\u00e1tico, es una aspiradora AIR excepcional con unas capacidades impresionantes gracias a su tubo Venturi de alto rendimiento.\",\"breadcrumb\":{\"@id\":\"https:\\\/\\\/depurecousa.com\\\/es\\\/producto\\\/ac-100-aspiradora-industrial-neumatica\\\/#breadcrumb\"},\"inLanguage\":\"es\",\"potentialAction\":[{\"@type\":\"ReadAction\",\"target\":[\"https:\\\/\\\/depurecousa.com\\\/es\\\/producto\\\/ac-100-aspiradora-industrial-neumatica\\\/\"]}]},{\"@type\":\"ImageObject\",\"inLanguage\":\"es\",\"@id\":\"https:\\\/\\\/depurecousa.com\\\/es\\\/producto\\\/ac-100-aspiradora-industrial-neumatica\\\/#primaryimage\",\"url\":\"https:\\\/\\\/depurecousa.com\\\/app\\\/uploads\\\/2023\\\/06\\\/ac_100_std_lato_sx.webp\",\"contentUrl\":\"https:\\\/\\\/depurecousa.com\\\/app\\\/uploads\\\/2023\\\/06\\\/ac_100_std_lato_sx.webp\",\"width\":400,\"height\":400},{\"@type\":\"BreadcrumbList\",\"@id\":\"https:\\\/\\\/depurecousa.com\\\/es\\\/producto\\\/ac-100-aspiradora-industrial-neumatica\\\/#breadcrumb\",\"itemListElement\":[{\"@type\":\"ListItem\",\"position\":1,\"name\":\"Home\",\"item\":\"https:\\\/\\\/depurecousa.com\\\/es\\\/hogar\\\/\"},{\"@type\":\"ListItem\",\"position\":2,\"name\":\"Productos\",\"item\":\"https:\\\/\\\/depurecousa.com\\\/es\\\/shop\\\/\"},{\"@type\":\"ListItem\",\"position\":3,\"name\":\"ASPIRADORAS INDUSTRIALES NEUM\u00c1TICAS\",\"item\":\"https:\\\/\\\/depurecousa.com\\\/es\\\/product-category\\\/aspiradoras-industriales-neumaticas\\\/\"},{\"@type\":\"ListItem\",\"position\":4,\"name\":\"AC 100 ASPIRADORA INDUSTRIAL NEUM\u00c1TICA\"}]},{\"@type\":\"WebSite\",\"@id\":\"https:\\\/\\\/depurecousa.com\\\/es\\\/#website\",\"url\":\"https:\\\/\\\/depurecousa.com\\\/es\\\/\",\"name\":\"Depureco USA\",\"description\":\"Aspiradoras industriales y sistemas centralizados\",\"publisher\":{\"@id\":\"https:\\\/\\\/depurecousa.com\\\/es\\\/#organization\"},\"potentialAction\":[{\"@type\":\"SearchAction\",\"target\":{\"@type\":\"EntryPoint\",\"urlTemplate\":\"https:\\\/\\\/depurecousa.com\\\/es\\\/?s={search_term_string}\"},\"query-input\":{\"@type\":\"PropertyValueSpecification\",\"valueRequired\":true,\"valueName\":\"search_term_string\"}}],\"inLanguage\":\"es\"},{\"@type\":[\"Organization\",\"Place\"],\"@id\":\"https:\\\/\\\/depurecousa.com\\\/es\\\/#organization\",\"name\":\"Depureco USA\",\"alternateName\":\"Depureco Industrial Vacuums\",\"url\":\"https:\\\/\\\/depurecousa.com\\\/es\\\/\",\"logo\":{\"@id\":\"https:\\\/\\\/depurecousa.com\\\/es\\\/producto\\\/ac-100-aspiradora-industrial-neumatica\\\/#local-main-organization-logo\"},\"image\":{\"@id\":\"https:\\\/\\\/depurecousa.com\\\/es\\\/producto\\\/ac-100-aspiradora-industrial-neumatica\\\/#local-main-organization-logo\"},\"sameAs\":[\"https:\\\/\\\/www.facebook.com\\\/DepurecoUSA\\\/\",\"https:\\\/\\\/www.youtube.com\\\/@depurecousa\",\"https:\\\/\\\/www.linkedin.com\\\/company\\\/depureco-usa\\\/\",\"https:\\\/\\\/www.thomasnet.com\\\/company\\\/depureco-industrial-vacuums-usa-30990947\\\/profile?cov=NA&which=comp&what=depureco&coverage_area=NA&card_position=1&suppliers_in_page=1&page_number=1&headingList=16410201,0,25120189,26781609,26791905,89931042,41260373,45621323,46152609,89920243&isNationalSearch=false\"],\"legalName\":\"Depureco Industrial Vacuums Corp\",\"numberOfEmployees\":{\"@type\":\"QuantitativeValue\",\"minValue\":\"11\",\"maxValue\":\"50\"},\"address\":{\"@id\":\"https:\\\/\\\/depurecousa.com\\\/es\\\/producto\\\/ac-100-aspiradora-industrial-neumatica\\\/#local-main-place-address\"},\"geo\":{\"@type\":\"GeoCoordinates\",\"latitude\":\"30.024973508015663\",\"longitude\":\"-97.86156736732772\"},\"telephone\":[\"7377044347\"],\"contactPoint\":{\"@type\":\"ContactPoint\",\"telephone\":\"7377044347\",\"email\":\"simone.bacciu@depurecousa.com\"},\"openingHoursSpecification\":[{\"@type\":\"OpeningHoursSpecification\",\"dayOfWeek\":[\"Monday\",\"Tuesday\",\"Wednesday\",\"Thursday\",\"Friday\",\"Saturday\",\"Sunday\"],\"opens\":\"09:00\",\"closes\":\"17:00\"}],\"email\":\"info@depurecousa.com\",\"faxNumber\":\"Depureco Industrial Vacuums Corp\",\"areaServed\":\"United States\",\"globalLocationNumber\":\"24FQ+X9 Kyle, Texas\"},{\"@type\":\"PostalAddress\",\"@id\":\"https:\\\/\\\/depurecousa.com\\\/es\\\/producto\\\/ac-100-aspiradora-industrial-neumatica\\\/#local-main-place-address\",\"streetAddress\":\"19121 Marketplace Avenue, Building 1, Suite 165\",\"addressLocality\":\"KYLE\",\"postalCode\":\"78640\",\"addressRegion\":\"TX\",\"addressCountry\":\"US\"},{\"@type\":\"ImageObject\",\"inLanguage\":\"es\",\"@id\":\"https:\\\/\\\/depurecousa.com\\\/es\\\/producto\\\/ac-100-aspiradora-industrial-neumatica\\\/#local-main-organization-logo\",\"url\":\"https:\\\/\\\/depurecousa.com\\\/app\\\/uploads\\\/2023\\\/06\\\/depureco-logo-ico.png\",\"contentUrl\":\"https:\\\/\\\/depurecousa.com\\\/app\\\/uploads\\\/2023\\\/06\\\/depureco-logo-ico.png\",\"width\":512,\"height\":512,\"caption\":\"Depureco USA\"}]}<\/script>\n<meta property=\"product:price:currency\" content=\"USD\" \/>\n<meta property=\"og:availability\" content=\"instock\" \/>\n<meta property=\"product:availability\" content=\"instock\" \/>\n<meta property=\"product:condition\" content=\"new\" \/>\n<meta name=\"geo.placename\" content=\"KYLE\" \/>\n<meta name=\"geo.position\" content=\"30.024973508015663;-97.86156736732772\" \/>\n<meta name=\"geo.region\" content=\"Estados Unidos (EEUU)\" \/>\n<!-- \/ Yoast SEO Premium plugin. -->","yoast_head_json":{"title":"AC 100 ASPIRADORA INDUSTRIAL NEUM\u00c1TICA - Depureco USA","description":"El AC 100, la aspiradora industrial m\u00e1s potente de la gama de accionamiento neum\u00e1tico, es una aspiradora AIR excepcional con unas capacidades impresionantes gracias a su tubo Venturi de alto rendimiento.","robots":{"index":"index","follow":"follow","max-snippet":"max-snippet:-1","max-image-preview":"max-image-preview:large","max-video-preview":"max-video-preview:-1"},"canonical":"https:\/\/depurecousa.com\/es\/producto\/ac-100-aspiradora-industrial-neumatica\/","og_locale":"es_ES","og_type":"article","og_title":"AC 100 ASPIRADORA INDUSTRIAL NEUM\u00c1TICA","og_description":"El AC 100, la aspiradora industrial m\u00e1s potente de la gama de accionamiento neum\u00e1tico, es una aspiradora AIR excepcional con unas capacidades impresionantes gracias a su tubo Venturi de alto rendimiento.","og_url":"https:\/\/depurecousa.com\/es\/producto\/ac-100-aspiradora-industrial-neumatica\/","og_site_name":"Depureco USA","article_publisher":"https:\/\/www.facebook.com\/DepurecoUSA\/","article_modified_time":"2026-01-14T08:01:11+00:00","og_image":[{"width":400,"height":400,"url":"https:\/\/depurecousa.com\/app\/uploads\/2023\/06\/ac_100_std_lato_sx.webp","type":"image\/webp"}],"twitter_card":"summary_large_image","schema":{"@context":"https:\/\/schema.org","@graph":[{"@type":["WebPage","ItemPage"],"@id":"https:\/\/depurecousa.com\/es\/producto\/ac-100-aspiradora-industrial-neumatica\/","url":"https:\/\/depurecousa.com\/es\/producto\/ac-100-aspiradora-industrial-neumatica\/","name":"AC 100 ASPIRADORA INDUSTRIAL NEUM\u00c1TICA - Depureco USA","isPartOf":{"@id":"https:\/\/depurecousa.com\/es\/#website"},"primaryImageOfPage":{"@id":"https:\/\/depurecousa.com\/es\/producto\/ac-100-aspiradora-industrial-neumatica\/#primaryimage"},"image":{"@id":"https:\/\/depurecousa.com\/es\/producto\/ac-100-aspiradora-industrial-neumatica\/#primaryimage"},"thumbnailUrl":"https:\/\/depurecousa.com\/app\/uploads\/2023\/06\/ac_100_std_lato_sx.webp","datePublished":"2023-02-02T14:11:58+00:00","dateModified":"2026-01-14T08:01:11+00:00","description":"El AC 100, la aspiradora industrial m\u00e1s potente de la gama de accionamiento neum\u00e1tico, es una aspiradora AIR excepcional con unas capacidades impresionantes gracias a su tubo Venturi de alto rendimiento.","breadcrumb":{"@id":"https:\/\/depurecousa.com\/es\/producto\/ac-100-aspiradora-industrial-neumatica\/#breadcrumb"},"inLanguage":"es","potentialAction":[{"@type":"ReadAction","target":["https:\/\/depurecousa.com\/es\/producto\/ac-100-aspiradora-industrial-neumatica\/"]}]},{"@type":"ImageObject","inLanguage":"es","@id":"https:\/\/depurecousa.com\/es\/producto\/ac-100-aspiradora-industrial-neumatica\/#primaryimage","url":"https:\/\/depurecousa.com\/app\/uploads\/2023\/06\/ac_100_std_lato_sx.webp","contentUrl":"https:\/\/depurecousa.com\/app\/uploads\/2023\/06\/ac_100_std_lato_sx.webp","width":400,"height":400},{"@type":"BreadcrumbList","@id":"https:\/\/depurecousa.com\/es\/producto\/ac-100-aspiradora-industrial-neumatica\/#breadcrumb","itemListElement":[{"@type":"ListItem","position":1,"name":"Home","item":"https:\/\/depurecousa.com\/es\/hogar\/"},{"@type":"ListItem","position":2,"name":"Productos","item":"https:\/\/depurecousa.com\/es\/shop\/"},{"@type":"ListItem","position":3,"name":"ASPIRADORAS INDUSTRIALES NEUM\u00c1TICAS","item":"https:\/\/depurecousa.com\/es\/product-category\/aspiradoras-industriales-neumaticas\/"},{"@type":"ListItem","position":4,"name":"AC 100 ASPIRADORA INDUSTRIAL NEUM\u00c1TICA"}]},{"@type":"WebSite","@id":"https:\/\/depurecousa.com\/es\/#website","url":"https:\/\/depurecousa.com\/es\/","name":"Depureco USA","description":"Aspiradoras industriales y sistemas centralizados","publisher":{"@id":"https:\/\/depurecousa.com\/es\/#organization"},"potentialAction":[{"@type":"SearchAction","target":{"@type":"EntryPoint","urlTemplate":"https:\/\/depurecousa.com\/es\/?s={search_term_string}"},"query-input":{"@type":"PropertyValueSpecification","valueRequired":true,"valueName":"search_term_string"}}],"inLanguage":"es"},{"@type":["Organization","Place"],"@id":"https:\/\/depurecousa.com\/es\/#organization","name":"Depureco USA","alternateName":"Depureco Industrial Vacuums","url":"https:\/\/depurecousa.com\/es\/","logo":{"@id":"https:\/\/depurecousa.com\/es\/producto\/ac-100-aspiradora-industrial-neumatica\/#local-main-organization-logo"},"image":{"@id":"https:\/\/depurecousa.com\/es\/producto\/ac-100-aspiradora-industrial-neumatica\/#local-main-organization-logo"},"sameAs":["https:\/\/www.facebook.com\/DepurecoUSA\/","https:\/\/www.youtube.com\/@depurecousa","https:\/\/www.linkedin.com\/company\/depureco-usa\/","https:\/\/www.thomasnet.com\/company\/depureco-industrial-vacuums-usa-30990947\/profile?cov=NA&which=comp&what=depureco&coverage_area=NA&card_position=1&suppliers_in_page=1&page_number=1&headingList=16410201,0,25120189,26781609,26791905,89931042,41260373,45621323,46152609,89920243&isNationalSearch=false"],"legalName":"Depureco Industrial Vacuums Corp","numberOfEmployees":{"@type":"QuantitativeValue","minValue":"11","maxValue":"50"},"address":{"@id":"https:\/\/depurecousa.com\/es\/producto\/ac-100-aspiradora-industrial-neumatica\/#local-main-place-address"},"geo":{"@type":"GeoCoordinates","latitude":"30.024973508015663","longitude":"-97.86156736732772"},"telephone":["7377044347"],"contactPoint":{"@type":"ContactPoint","telephone":"7377044347","email":"simone.bacciu@depurecousa.com"},"openingHoursSpecification":[{"@type":"OpeningHoursSpecification","dayOfWeek":["Monday","Tuesday","Wednesday","Thursday","Friday","Saturday","Sunday"],"opens":"09:00","closes":"17:00"}],"email":"info@depurecousa.com","faxNumber":"Depureco Industrial Vacuums Corp","areaServed":"United States","globalLocationNumber":"24FQ+X9 Kyle, Texas"},{"@type":"PostalAddress","@id":"https:\/\/depurecousa.com\/es\/producto\/ac-100-aspiradora-industrial-neumatica\/#local-main-place-address","streetAddress":"19121 Marketplace Avenue, Building 1, Suite 165","addressLocality":"KYLE","postalCode":"78640","addressRegion":"TX","addressCountry":"US"},{"@type":"ImageObject","inLanguage":"es","@id":"https:\/\/depurecousa.com\/es\/producto\/ac-100-aspiradora-industrial-neumatica\/#local-main-organization-logo","url":"https:\/\/depurecousa.com\/app\/uploads\/2023\/06\/depureco-logo-ico.png","contentUrl":"https:\/\/depurecousa.com\/app\/uploads\/2023\/06\/depureco-logo-ico.png","width":512,"height":512,"caption":"Depureco USA"}]},"product_price_currency":"USD","og_availability":"instock","product_availability":"instock","product_condition":"new","geo.placename":"KYLE","geo.position":{"lat":"30.024973508015663","long":"-97.86156736732772"},"geo.region":"Estados Unidos (EEUU)"},"_links":{"self":[{"href":"https:\/\/depurecousa.com\/es\/wp-json\/wp\/v2\/product\/7859","targetHints":{"allow":["GET"]}}],"collection":[{"href":"https:\/\/depurecousa.com\/es\/wp-json\/wp\/v2\/product"}],"about":[{"href":"https:\/\/depurecousa.com\/es\/wp-json\/wp\/v2\/types\/product"}],"wp:featuredmedia":[{"embeddable":true,"href":"https:\/\/depurecousa.com\/es\/wp-json\/wp\/v2\/media\/4055"}],"wp:attachment":[{"href":"https:\/\/depurecousa.com\/es\/wp-json\/wp\/v2\/media?parent=7859"}],"wp:term":[{"taxonomy":"product_brand","embeddable":true,"href":"https:\/\/depurecousa.com\/es\/wp-json\/wp\/v2\/product_brand?post=7859"},{"taxonomy":"product_cat","embeddable":true,"href":"https:\/\/depurecousa.com\/es\/wp-json\/wp\/v2\/product_cat?post=7859"},{"taxonomy":"product_tag","embeddable":true,"href":"https:\/\/depurecousa.com\/es\/wp-json\/wp\/v2\/product_tag?post=7859"}],"curies":[{"name":"wp","href":"https:\/\/api.w.org\/{rel}","templated":true}]}}