{"id":7864,"date":"2023-06-14T03:25:39","date_gmt":"2023-06-14T09:25:39","guid":{"rendered":"https:\/\/depurecousa.com\/product\/puma\/"},"modified":"2024-10-16T07:23:21","modified_gmt":"2024-10-16T13:23:21","slug":"puma-aspiradora-industrial-alta-potencia","status":"publish","type":"product","link":"https:\/\/depurecousa.com\/es\/producto\/puma-aspiradora-industrial-alta-potencia\/","title":{"rendered":"PUMA <br>ASPIRADORA INDUSTRIAL DE ALTA POTENCIA"},"content":{"rendered":"<p>Depureco ofrece la serie Puma como parte de su gama de aspiradoras industriales trif\u00e1sicas de potencia media-grande. Estas aspiradoras cuentan con sopladores de canal lateral de doble etapa de alta calidad fabricados en Italia, que garantizan un caudal m\u00e1ximo de 1500 CFM para un flujo de aire excepcional. La v\u00e1lvula de seguridad rompevac\u00edo es una caracter\u00edstica est\u00e1ndar. Con un dise\u00f1o de aspiraci\u00f3n tangencial y un robusto cicl\u00f3n soldado en el interior de la c\u00e1mara del filtro, las aspiradoras Puma garantizan una excelente eficacia, incluso con las part\u00edculas de polvo m\u00e1s finas. Este dise\u00f1o protege el filtro de los materiales aspirados reduciendo la velocidad y dirigiendo el material hacia el contenedor mediante la fricci\u00f3n generada por el cicl\u00f3n.<\/p>\n<p>Las aspiradoras Puma utilizan filtros de poli\u00e9ster de alto gramaje de clase M, certificados por el BIA Berufsgenossenschaftliches Institut f\u00fcr Arbeitssicherheit, que proporcionan una eficacia de filtraci\u00f3n de 1\u00b5. Estos filtros pueden personalizarse para aplicaciones espec\u00edficas. Adem\u00e1s, las aspiradoras ofrecen varias opciones de filtros, como filtros antiest\u00e1ticos para evitar cargas electrost\u00e1ticas, filtros NOMEX capaces de soportar altas temperaturas (hasta 482\u00b0F), filtros recubiertos de tefl\u00f3n para trabajar con materiales h\u00famedos y filtros tratados con nanotecnolog\u00eda PTFE para manejar el polvo m\u00e1s dif\u00edcil.<\/p>\n<p>Las aspiradoras industriales vienen equipadas con un sistema de limpieza manual del filtro, que permite sacudirlo f\u00e1cil y eficazmente mediante la palanca situada en la parte superior de la aspiradora. Como alternativa, se puede configurar un sistema autom\u00e1tico de limpieza del filtro en funci\u00f3n de la demanda. Las opciones incluyen limpieza por impulsos de chorro, sacudidores de filtros de pist\u00f3n electroneum\u00e1ticos o sacudidores de filtros el\u00e9ctricos.<\/p>\n<p>Las aspiradoras Puma de Depureco incorporan un pr\u00e1ctico y robusto contenedor de 46 galones, equipado con un sistema de liberaci\u00f3n para recoger y desechar c\u00f3modamente los materiales aspirados. Para facilitar la manipulaci\u00f3n, el contenedor est\u00e1 equipado con cuatro ruedas giratorias montadas sobre soportes reforzados, que garantizan una f\u00e1cil maniobrabilidad incluso cuando se transportan varios kilos de material. Adem\u00e1s, se dispone de un kit a la carta para manipular y descargar el contenedor con una carretilla elevadora, lo que aporta mayor comodidad y eficacia.<\/p>\n","protected":false},"excerpt":{"rendered":"<p>Depureco ofrece la serie Puma como parte de su gama de aspiradoras industriales trif\u00e1sicas de potencia media-grande. Estas aspiradoras cuentan con sopladores de canal lateral de doble etapa de alta calidad fabricados en Italia, que garantizan un caudal m\u00e1ximo de 1500 CFM para un flujo de aire excepcional. La v\u00e1lvula de seguridad rompevac\u00edo es una [&hellip;]<\/p>\n","protected":false},"featured_media":4048,"template":"","meta":{"_acf_changed":false,"content-type":"","inline_featured_image":false},"product_brand":[],"product_cat":[188],"product_tag":[],"class_list":{"0":"post-7864","1":"product","2":"type-product","3":"status-publish","4":"has-post-thumbnail","6":"product_cat-aspiradoras-industriales-de-alta-potencia","8":"first","9":"instock","10":"shipping-taxable","11":"product-type-simple"},"acf":[],"yoast_head":"<!-- This site is optimized with the Yoast SEO Premium plugin v27.4 (Yoast SEO v27.4) - https:\/\/yoast.com\/product\/yoast-seo-premium-wordpress\/ -->\n<title>Aspiradoras Industriales de Alta PotenciaPUMA ASPIRADORA INDUSTRIAL DE ALTA POTENCIA - Depureco USA<\/title>\n<meta name=\"description\" content=\"Depureco ofrece la serie Puma como parte de su gama de aspiradoras industriales trif\u00e1sicas de potencia media-grande.\" \/>\n<meta name=\"robots\" content=\"index, follow, max-snippet:-1, max-image-preview:large, max-video-preview:-1\" \/>\n<link rel=\"canonical\" href=\"https:\/\/depurecousa.com\/es\/producto\/puma-aspiradora-industrial-alta-potencia\/\" \/>\n<meta property=\"og:locale\" content=\"es_ES\" \/>\n<meta property=\"og:type\" content=\"article\" \/>\n<meta property=\"og:title\" content=\"PUMA ASPIRADORA INDUSTRIAL DE ALTA POTENCIA\" \/>\n<meta property=\"og:description\" content=\"Depureco ofrece la serie Puma como parte de su gama de aspiradoras industriales trif\u00e1sicas de potencia media-grande.\" \/>\n<meta property=\"og:url\" content=\"https:\/\/depurecousa.com\/es\/producto\/puma-aspiradora-industrial-alta-potencia\/\" \/>\n<meta property=\"og:site_name\" content=\"Depureco USA\" \/>\n<meta property=\"article:publisher\" content=\"https:\/\/www.facebook.com\/DepurecoUSA\/\" \/>\n<meta property=\"article:modified_time\" content=\"2024-10-16T13:23:21+00:00\" \/>\n<meta property=\"og:image\" content=\"https:\/\/depurecousa.com\/app\/uploads\/2023\/06\/puma_10_15_18_20_25_ridotta-20220408-0753.webp\" \/>\n\t<meta property=\"og:image:width\" content=\"960\" \/>\n\t<meta property=\"og:image:height\" content=\"960\" \/>\n\t<meta property=\"og:image:type\" content=\"image\/webp\" \/>\n<meta name=\"twitter:card\" content=\"summary_large_image\" \/>\n<script type=\"application\/ld+json\" class=\"yoast-schema-graph\">{\"@context\":\"https:\\\/\\\/schema.org\",\"@graph\":[{\"@type\":[\"WebPage\",\"ItemPage\"],\"@id\":\"https:\\\/\\\/depurecousa.com\\\/es\\\/producto\\\/puma-aspiradora-industrial-alta-potencia\\\/\",\"url\":\"https:\\\/\\\/depurecousa.com\\\/es\\\/producto\\\/puma-aspiradora-industrial-alta-potencia\\\/\",\"name\":\"Aspiradoras Industriales de Alta PotenciaPUMA ASPIRADORA INDUSTRIAL DE ALTA POTENCIA - Depureco USA\",\"isPartOf\":{\"@id\":\"https:\\\/\\\/depurecousa.com\\\/es\\\/#website\"},\"primaryImageOfPage\":{\"@id\":\"https:\\\/\\\/depurecousa.com\\\/es\\\/producto\\\/puma-aspiradora-industrial-alta-potencia\\\/#primaryimage\"},\"image\":{\"@id\":\"https:\\\/\\\/depurecousa.com\\\/es\\\/producto\\\/puma-aspiradora-industrial-alta-potencia\\\/#primaryimage\"},\"thumbnailUrl\":\"https:\\\/\\\/depurecousa.com\\\/app\\\/uploads\\\/2023\\\/06\\\/puma_10_15_18_20_25_ridotta-20220408-0753.webp\",\"datePublished\":\"2023-06-14T09:25:39+00:00\",\"dateModified\":\"2024-10-16T13:23:21+00:00\",\"description\":\"Depureco ofrece la serie Puma como parte de su gama de aspiradoras industriales trif\u00e1sicas de potencia media-grande.\",\"breadcrumb\":{\"@id\":\"https:\\\/\\\/depurecousa.com\\\/es\\\/producto\\\/puma-aspiradora-industrial-alta-potencia\\\/#breadcrumb\"},\"inLanguage\":\"es\",\"potentialAction\":[{\"@type\":\"ReadAction\",\"target\":[\"https:\\\/\\\/depurecousa.com\\\/es\\\/producto\\\/puma-aspiradora-industrial-alta-potencia\\\/\"]}]},{\"@type\":\"ImageObject\",\"inLanguage\":\"es\",\"@id\":\"https:\\\/\\\/depurecousa.com\\\/es\\\/producto\\\/puma-aspiradora-industrial-alta-potencia\\\/#primaryimage\",\"url\":\"https:\\\/\\\/depurecousa.com\\\/app\\\/uploads\\\/2023\\\/06\\\/puma_10_15_18_20_25_ridotta-20220408-0753.webp\",\"contentUrl\":\"https:\\\/\\\/depurecousa.com\\\/app\\\/uploads\\\/2023\\\/06\\\/puma_10_15_18_20_25_ridotta-20220408-0753.webp\",\"width\":960,\"height\":960},{\"@type\":\"BreadcrumbList\",\"@id\":\"https:\\\/\\\/depurecousa.com\\\/es\\\/producto\\\/puma-aspiradora-industrial-alta-potencia\\\/#breadcrumb\",\"itemListElement\":[{\"@type\":\"ListItem\",\"position\":1,\"name\":\"Home\",\"item\":\"https:\\\/\\\/depurecousa.com\\\/es\\\/hogar\\\/\"},{\"@type\":\"ListItem\",\"position\":2,\"name\":\"Productos\",\"item\":\"https:\\\/\\\/depurecousa.com\\\/es\\\/shop\\\/\"},{\"@type\":\"ListItem\",\"position\":3,\"name\":\"ASPIRADORAS INDUSTRIALES DE ALTA POTENCIA\",\"item\":\"https:\\\/\\\/depurecousa.com\\\/es\\\/product-category\\\/aspiradoras-industriales-de-alta-potencia\\\/\"},{\"@type\":\"ListItem\",\"position\":4,\"name\":\"PUMA ASPIRADORA INDUSTRIAL DE ALTA POTENCIA\"}]},{\"@type\":\"WebSite\",\"@id\":\"https:\\\/\\\/depurecousa.com\\\/es\\\/#website\",\"url\":\"https:\\\/\\\/depurecousa.com\\\/es\\\/\",\"name\":\"Depureco USA\",\"description\":\"Aspiradoras industriales y sistemas centralizados\",\"publisher\":{\"@id\":\"https:\\\/\\\/depurecousa.com\\\/es\\\/#organization\"},\"potentialAction\":[{\"@type\":\"SearchAction\",\"target\":{\"@type\":\"EntryPoint\",\"urlTemplate\":\"https:\\\/\\\/depurecousa.com\\\/es\\\/?s={search_term_string}\"},\"query-input\":{\"@type\":\"PropertyValueSpecification\",\"valueRequired\":true,\"valueName\":\"search_term_string\"}}],\"inLanguage\":\"es\"},{\"@type\":[\"Organization\",\"Place\"],\"@id\":\"https:\\\/\\\/depurecousa.com\\\/es\\\/#organization\",\"name\":\"Depureco USA\",\"alternateName\":\"Depureco Industrial Vacuums\",\"url\":\"https:\\\/\\\/depurecousa.com\\\/es\\\/\",\"logo\":{\"@id\":\"https:\\\/\\\/depurecousa.com\\\/es\\\/producto\\\/puma-aspiradora-industrial-alta-potencia\\\/#local-main-organization-logo\"},\"image\":{\"@id\":\"https:\\\/\\\/depurecousa.com\\\/es\\\/producto\\\/puma-aspiradora-industrial-alta-potencia\\\/#local-main-organization-logo\"},\"sameAs\":[\"https:\\\/\\\/www.facebook.com\\\/DepurecoUSA\\\/\",\"https:\\\/\\\/www.youtube.com\\\/@depurecousa\",\"https:\\\/\\\/www.linkedin.com\\\/company\\\/depureco-usa\\\/\",\"https:\\\/\\\/www.thomasnet.com\\\/company\\\/depureco-industrial-vacuums-usa-30990947\\\/profile?cov=NA&which=comp&what=depureco&coverage_area=NA&card_position=1&suppliers_in_page=1&page_number=1&headingList=16410201,0,25120189,26781609,26791905,89931042,41260373,45621323,46152609,89920243&isNationalSearch=false\"],\"legalName\":\"Depureco Industrial Vacuums Corp\",\"numberOfEmployees\":{\"@type\":\"QuantitativeValue\",\"minValue\":\"11\",\"maxValue\":\"50\"},\"address\":{\"@id\":\"https:\\\/\\\/depurecousa.com\\\/es\\\/producto\\\/puma-aspiradora-industrial-alta-potencia\\\/#local-main-place-address\"},\"geo\":{\"@type\":\"GeoCoordinates\",\"latitude\":\"30.024973508015663\",\"longitude\":\"-97.86156736732772\"},\"telephone\":[\"7377044347\"],\"contactPoint\":{\"@type\":\"ContactPoint\",\"telephone\":\"7377044347\",\"email\":\"simone.bacciu@depurecousa.com\"},\"openingHoursSpecification\":[{\"@type\":\"OpeningHoursSpecification\",\"dayOfWeek\":[\"Monday\",\"Tuesday\",\"Wednesday\",\"Thursday\",\"Friday\",\"Saturday\",\"Sunday\"],\"opens\":\"09:00\",\"closes\":\"17:00\"}],\"email\":\"info@depurecousa.com\",\"faxNumber\":\"Depureco Industrial Vacuums Corp\",\"areaServed\":\"United States\",\"globalLocationNumber\":\"24FQ+X9 Kyle, Texas\"},{\"@type\":\"PostalAddress\",\"@id\":\"https:\\\/\\\/depurecousa.com\\\/es\\\/producto\\\/puma-aspiradora-industrial-alta-potencia\\\/#local-main-place-address\",\"streetAddress\":\"19121 Marketplace Avenue, Building 1, Suite 165\",\"addressLocality\":\"KYLE\",\"postalCode\":\"78640\",\"addressRegion\":\"TX\",\"addressCountry\":\"US\"},{\"@type\":\"ImageObject\",\"inLanguage\":\"es\",\"@id\":\"https:\\\/\\\/depurecousa.com\\\/es\\\/producto\\\/puma-aspiradora-industrial-alta-potencia\\\/#local-main-organization-logo\",\"url\":\"https:\\\/\\\/depurecousa.com\\\/app\\\/uploads\\\/2023\\\/06\\\/depureco-logo-ico.png\",\"contentUrl\":\"https:\\\/\\\/depurecousa.com\\\/app\\\/uploads\\\/2023\\\/06\\\/depureco-logo-ico.png\",\"width\":512,\"height\":512,\"caption\":\"Depureco USA\"}]}<\/script>\n<meta property=\"product:price:currency\" content=\"USD\" \/>\n<meta property=\"og:availability\" content=\"instock\" \/>\n<meta property=\"product:availability\" content=\"instock\" \/>\n<meta property=\"product:condition\" content=\"new\" \/>\n<meta name=\"geo.placename\" content=\"KYLE\" \/>\n<meta name=\"geo.position\" content=\"30.024973508015663;-97.86156736732772\" \/>\n<meta name=\"geo.region\" content=\"Estados Unidos (EEUU)\" \/>\n<!-- \/ Yoast SEO Premium plugin. -->","yoast_head_json":{"title":"Aspiradoras Industriales de Alta PotenciaPUMA ASPIRADORA INDUSTRIAL DE ALTA POTENCIA - Depureco USA","description":"Depureco ofrece la serie Puma como parte de su gama de aspiradoras industriales trif\u00e1sicas de potencia media-grande.","robots":{"index":"index","follow":"follow","max-snippet":"max-snippet:-1","max-image-preview":"max-image-preview:large","max-video-preview":"max-video-preview:-1"},"canonical":"https:\/\/depurecousa.com\/es\/producto\/puma-aspiradora-industrial-alta-potencia\/","og_locale":"es_ES","og_type":"article","og_title":"PUMA ASPIRADORA INDUSTRIAL DE ALTA POTENCIA","og_description":"Depureco ofrece la serie Puma como parte de su gama de aspiradoras industriales trif\u00e1sicas de potencia media-grande.","og_url":"https:\/\/depurecousa.com\/es\/producto\/puma-aspiradora-industrial-alta-potencia\/","og_site_name":"Depureco USA","article_publisher":"https:\/\/www.facebook.com\/DepurecoUSA\/","article_modified_time":"2024-10-16T13:23:21+00:00","og_image":[{"width":960,"height":960,"url":"https:\/\/depurecousa.com\/app\/uploads\/2023\/06\/puma_10_15_18_20_25_ridotta-20220408-0753.webp","type":"image\/webp"}],"twitter_card":"summary_large_image","schema":{"@context":"https:\/\/schema.org","@graph":[{"@type":["WebPage","ItemPage"],"@id":"https:\/\/depurecousa.com\/es\/producto\/puma-aspiradora-industrial-alta-potencia\/","url":"https:\/\/depurecousa.com\/es\/producto\/puma-aspiradora-industrial-alta-potencia\/","name":"Aspiradoras Industriales de Alta PotenciaPUMA ASPIRADORA INDUSTRIAL DE ALTA POTENCIA - Depureco USA","isPartOf":{"@id":"https:\/\/depurecousa.com\/es\/#website"},"primaryImageOfPage":{"@id":"https:\/\/depurecousa.com\/es\/producto\/puma-aspiradora-industrial-alta-potencia\/#primaryimage"},"image":{"@id":"https:\/\/depurecousa.com\/es\/producto\/puma-aspiradora-industrial-alta-potencia\/#primaryimage"},"thumbnailUrl":"https:\/\/depurecousa.com\/app\/uploads\/2023\/06\/puma_10_15_18_20_25_ridotta-20220408-0753.webp","datePublished":"2023-06-14T09:25:39+00:00","dateModified":"2024-10-16T13:23:21+00:00","description":"Depureco ofrece la serie Puma como parte de su gama de aspiradoras industriales trif\u00e1sicas de potencia media-grande.","breadcrumb":{"@id":"https:\/\/depurecousa.com\/es\/producto\/puma-aspiradora-industrial-alta-potencia\/#breadcrumb"},"inLanguage":"es","potentialAction":[{"@type":"ReadAction","target":["https:\/\/depurecousa.com\/es\/producto\/puma-aspiradora-industrial-alta-potencia\/"]}]},{"@type":"ImageObject","inLanguage":"es","@id":"https:\/\/depurecousa.com\/es\/producto\/puma-aspiradora-industrial-alta-potencia\/#primaryimage","url":"https:\/\/depurecousa.com\/app\/uploads\/2023\/06\/puma_10_15_18_20_25_ridotta-20220408-0753.webp","contentUrl":"https:\/\/depurecousa.com\/app\/uploads\/2023\/06\/puma_10_15_18_20_25_ridotta-20220408-0753.webp","width":960,"height":960},{"@type":"BreadcrumbList","@id":"https:\/\/depurecousa.com\/es\/producto\/puma-aspiradora-industrial-alta-potencia\/#breadcrumb","itemListElement":[{"@type":"ListItem","position":1,"name":"Home","item":"https:\/\/depurecousa.com\/es\/hogar\/"},{"@type":"ListItem","position":2,"name":"Productos","item":"https:\/\/depurecousa.com\/es\/shop\/"},{"@type":"ListItem","position":3,"name":"ASPIRADORAS INDUSTRIALES DE ALTA POTENCIA","item":"https:\/\/depurecousa.com\/es\/product-category\/aspiradoras-industriales-de-alta-potencia\/"},{"@type":"ListItem","position":4,"name":"PUMA ASPIRADORA INDUSTRIAL DE ALTA POTENCIA"}]},{"@type":"WebSite","@id":"https:\/\/depurecousa.com\/es\/#website","url":"https:\/\/depurecousa.com\/es\/","name":"Depureco USA","description":"Aspiradoras industriales y sistemas centralizados","publisher":{"@id":"https:\/\/depurecousa.com\/es\/#organization"},"potentialAction":[{"@type":"SearchAction","target":{"@type":"EntryPoint","urlTemplate":"https:\/\/depurecousa.com\/es\/?s={search_term_string}"},"query-input":{"@type":"PropertyValueSpecification","valueRequired":true,"valueName":"search_term_string"}}],"inLanguage":"es"},{"@type":["Organization","Place"],"@id":"https:\/\/depurecousa.com\/es\/#organization","name":"Depureco USA","alternateName":"Depureco Industrial Vacuums","url":"https:\/\/depurecousa.com\/es\/","logo":{"@id":"https:\/\/depurecousa.com\/es\/producto\/puma-aspiradora-industrial-alta-potencia\/#local-main-organization-logo"},"image":{"@id":"https:\/\/depurecousa.com\/es\/producto\/puma-aspiradora-industrial-alta-potencia\/#local-main-organization-logo"},"sameAs":["https:\/\/www.facebook.com\/DepurecoUSA\/","https:\/\/www.youtube.com\/@depurecousa","https:\/\/www.linkedin.com\/company\/depureco-usa\/","https:\/\/www.thomasnet.com\/company\/depureco-industrial-vacuums-usa-30990947\/profile?cov=NA&which=comp&what=depureco&coverage_area=NA&card_position=1&suppliers_in_page=1&page_number=1&headingList=16410201,0,25120189,26781609,26791905,89931042,41260373,45621323,46152609,89920243&isNationalSearch=false"],"legalName":"Depureco Industrial Vacuums Corp","numberOfEmployees":{"@type":"QuantitativeValue","minValue":"11","maxValue":"50"},"address":{"@id":"https:\/\/depurecousa.com\/es\/producto\/puma-aspiradora-industrial-alta-potencia\/#local-main-place-address"},"geo":{"@type":"GeoCoordinates","latitude":"30.024973508015663","longitude":"-97.86156736732772"},"telephone":["7377044347"],"contactPoint":{"@type":"ContactPoint","telephone":"7377044347","email":"simone.bacciu@depurecousa.com"},"openingHoursSpecification":[{"@type":"OpeningHoursSpecification","dayOfWeek":["Monday","Tuesday","Wednesday","Thursday","Friday","Saturday","Sunday"],"opens":"09:00","closes":"17:00"}],"email":"info@depurecousa.com","faxNumber":"Depureco Industrial Vacuums Corp","areaServed":"United States","globalLocationNumber":"24FQ+X9 Kyle, Texas"},{"@type":"PostalAddress","@id":"https:\/\/depurecousa.com\/es\/producto\/puma-aspiradora-industrial-alta-potencia\/#local-main-place-address","streetAddress":"19121 Marketplace Avenue, Building 1, Suite 165","addressLocality":"KYLE","postalCode":"78640","addressRegion":"TX","addressCountry":"US"},{"@type":"ImageObject","inLanguage":"es","@id":"https:\/\/depurecousa.com\/es\/producto\/puma-aspiradora-industrial-alta-potencia\/#local-main-organization-logo","url":"https:\/\/depurecousa.com\/app\/uploads\/2023\/06\/depureco-logo-ico.png","contentUrl":"https:\/\/depurecousa.com\/app\/uploads\/2023\/06\/depureco-logo-ico.png","width":512,"height":512,"caption":"Depureco USA"}]},"product_price_currency":"USD","og_availability":"instock","product_availability":"instock","product_condition":"new","geo.placename":"KYLE","geo.position":{"lat":"30.024973508015663","long":"-97.86156736732772"},"geo.region":"Estados Unidos (EEUU)"},"_links":{"self":[{"href":"https:\/\/depurecousa.com\/es\/wp-json\/wp\/v2\/product\/7864","targetHints":{"allow":["GET"]}}],"collection":[{"href":"https:\/\/depurecousa.com\/es\/wp-json\/wp\/v2\/product"}],"about":[{"href":"https:\/\/depurecousa.com\/es\/wp-json\/wp\/v2\/types\/product"}],"wp:featuredmedia":[{"embeddable":true,"href":"https:\/\/depurecousa.com\/es\/wp-json\/wp\/v2\/media\/4048"}],"wp:attachment":[{"href":"https:\/\/depurecousa.com\/es\/wp-json\/wp\/v2\/media?parent=7864"}],"wp:term":[{"taxonomy":"product_brand","embeddable":true,"href":"https:\/\/depurecousa.com\/es\/wp-json\/wp\/v2\/product_brand?post=7864"},{"taxonomy":"product_cat","embeddable":true,"href":"https:\/\/depurecousa.com\/es\/wp-json\/wp\/v2\/product_cat?post=7864"},{"taxonomy":"product_tag","embeddable":true,"href":"https:\/\/depurecousa.com\/es\/wp-json\/wp\/v2\/product_tag?post=7864"}],"curies":[{"name":"wp","href":"https:\/\/api.w.org\/{rel}","templated":true}]}}