{"id":7867,"date":"2023-06-14T01:45:56","date_gmt":"2023-06-14T07:45:56","guid":{"rendered":"https:\/\/depurecousa.com\/product\/as\/"},"modified":"2024-10-16T07:24:10","modified_gmt":"2024-10-16T13:24:10","slug":"as-aspiradoras-industriales-recogida-de-residuos","status":"publish","type":"product","link":"https:\/\/depurecousa.com\/es\/producto\/as-aspiradoras-industriales-recogida-de-residuos\/","title":{"rendered":"AS <br>ASPIRADORAS INDUSTRIALES RECOGIDA DE RESIDUOS"},"content":{"rendered":"<p>La aspiradora industrial AS est\u00e1 dise\u00f1ada espec\u00edficamente para la recogida de recortes de producci\u00f3n. Forma parte de la gama de vac\u00edo Depureco dise\u00f1ada para la industria alimentaria y farmac\u00e9utica, con una turbina de canal lateral situada debajo de la c\u00e1mara de recogida. El mecanismo de aspiraci\u00f3n funciona desde la parte inferior, dirigiendo el material aspirado directamente a una bolsa filtrante. Esta configuraci\u00f3n permite la recuperaci\u00f3n eficaz de una amplia gama de materiales ligeros, como papel, pl\u00e1stico y recortes de envases. Adem\u00e1s, la cubierta superior de la aspiradora incluye una ventana de inspecci\u00f3n, lo que proporciona al operario una forma c\u00f3moda de controlar el nivel de material dentro del contenedor.<\/p>\n","protected":false},"excerpt":{"rendered":"<p>La aspiradora industrial AS est\u00e1 dise\u00f1ada espec\u00edficamente para la recogida de recortes de producci\u00f3n. Forma parte de la gama de vac\u00edo Depureco dise\u00f1ada para la industria alimentaria y farmac\u00e9utica, con una turbina de canal lateral situada debajo de la c\u00e1mara de recogida. El mecanismo de aspiraci\u00f3n funciona desde la parte inferior, dirigiendo el material aspirado [&hellip;]<\/p>\n","protected":false},"featured_media":4017,"template":"","meta":{"_acf_changed":false,"content-type":"","inline_featured_image":false},"product_brand":[],"product_cat":[185],"product_tag":[],"class_list":{"0":"post-7867","1":"product","2":"type-product","3":"status-publish","4":"has-post-thumbnail","6":"product_cat-aspiradoras-industriales-oem-farmaco-alimentarias","8":"first","9":"instock","10":"shipping-taxable","11":"product-type-simple"},"acf":[],"yoast_head":"<!-- This site is optimized with the Yoast SEO Premium plugin v27.3 (Yoast SEO v27.3) - https:\/\/yoast.com\/product\/yoast-seo-premium-wordpress\/ -->\n<title>AS ASPIRADORAS INDUSTRIALES RECOGIDA DE RESIDUOS - Depureco USA<\/title>\n<meta name=\"description\" content=\"La aspiradora industrial AS est\u00e1 dise\u00f1ada espec\u00edficamente para la recogida de recortes de producci\u00f3n.\" \/>\n<meta name=\"robots\" content=\"index, follow, max-snippet:-1, max-image-preview:large, max-video-preview:-1\" \/>\n<link rel=\"canonical\" href=\"https:\/\/depurecousa.com\/es\/producto\/as-aspiradoras-industriales-recogida-de-residuos\/\" \/>\n<meta property=\"og:locale\" content=\"es_ES\" \/>\n<meta property=\"og:type\" content=\"article\" \/>\n<meta property=\"og:title\" content=\"AS ASPIRADORAS INDUSTRIALES RECOGIDA DE RESIDUOS\" \/>\n<meta property=\"og:description\" content=\"La aspiradora industrial AS est\u00e1 dise\u00f1ada espec\u00edficamente para la recogida de recortes de producci\u00f3n.\" \/>\n<meta property=\"og:url\" content=\"https:\/\/depurecousa.com\/es\/producto\/as-aspiradoras-industriales-recogida-de-residuos\/\" \/>\n<meta property=\"og:site_name\" content=\"Depureco USA\" \/>\n<meta property=\"article:publisher\" content=\"https:\/\/www.facebook.com\/DepurecoUSA\/\" \/>\n<meta property=\"article:modified_time\" content=\"2024-10-16T13:24:10+00:00\" \/>\n<meta property=\"og:image\" content=\"https:\/\/depurecousa.com\/app\/uploads\/2023\/06\/as_220_ridotta-20220408-1217.webp\" \/>\n\t<meta property=\"og:image:width\" content=\"800\" \/>\n\t<meta property=\"og:image:height\" content=\"800\" \/>\n\t<meta property=\"og:image:type\" content=\"image\/webp\" \/>\n<meta name=\"twitter:card\" content=\"summary_large_image\" \/>\n<meta name=\"twitter:label1\" content=\"Precio\" \/>\n\t<meta name=\"twitter:data1\" content=\"\" \/>\n\t<meta name=\"twitter:label2\" content=\"Disponibilidad\" \/>\n\t<meta name=\"twitter:data2\" content=\"Disponible\" \/>\n<script type=\"application\/ld+json\" class=\"yoast-schema-graph\">{\"@context\":\"https:\\\/\\\/schema.org\",\"@graph\":[{\"@type\":[\"WebPage\",\"ItemPage\"],\"@id\":\"https:\\\/\\\/depurecousa.com\\\/es\\\/producto\\\/as-aspiradoras-industriales-recogida-de-residuos\\\/\",\"url\":\"https:\\\/\\\/depurecousa.com\\\/es\\\/producto\\\/as-aspiradoras-industriales-recogida-de-residuos\\\/\",\"name\":\"AS ASPIRADORAS INDUSTRIALES RECOGIDA DE RESIDUOS - Depureco USA\",\"isPartOf\":{\"@id\":\"https:\\\/\\\/depurecousa.com\\\/es\\\/#website\"},\"primaryImageOfPage\":{\"@id\":\"https:\\\/\\\/depurecousa.com\\\/es\\\/producto\\\/as-aspiradoras-industriales-recogida-de-residuos\\\/#primaryimage\"},\"image\":{\"@id\":\"https:\\\/\\\/depurecousa.com\\\/es\\\/producto\\\/as-aspiradoras-industriales-recogida-de-residuos\\\/#primaryimage\"},\"thumbnailUrl\":\"https:\\\/\\\/depurecousa.com\\\/app\\\/uploads\\\/2023\\\/06\\\/as_220_ridotta-20220408-1217.webp\",\"datePublished\":\"2023-06-14T07:45:56+00:00\",\"dateModified\":\"2024-10-16T13:24:10+00:00\",\"description\":\"La aspiradora industrial AS est\u00e1 dise\u00f1ada espec\u00edficamente para la recogida de recortes de producci\u00f3n.\",\"breadcrumb\":{\"@id\":\"https:\\\/\\\/depurecousa.com\\\/es\\\/producto\\\/as-aspiradoras-industriales-recogida-de-residuos\\\/#breadcrumb\"},\"inLanguage\":\"es\",\"potentialAction\":[{\"@type\":\"ReadAction\",\"target\":[\"https:\\\/\\\/depurecousa.com\\\/es\\\/producto\\\/as-aspiradoras-industriales-recogida-de-residuos\\\/\"]}]},{\"@type\":\"ImageObject\",\"inLanguage\":\"es\",\"@id\":\"https:\\\/\\\/depurecousa.com\\\/es\\\/producto\\\/as-aspiradoras-industriales-recogida-de-residuos\\\/#primaryimage\",\"url\":\"https:\\\/\\\/depurecousa.com\\\/app\\\/uploads\\\/2023\\\/06\\\/as_220_ridotta-20220408-1217.webp\",\"contentUrl\":\"https:\\\/\\\/depurecousa.com\\\/app\\\/uploads\\\/2023\\\/06\\\/as_220_ridotta-20220408-1217.webp\",\"width\":800,\"height\":800},{\"@type\":\"BreadcrumbList\",\"@id\":\"https:\\\/\\\/depurecousa.com\\\/es\\\/producto\\\/as-aspiradoras-industriales-recogida-de-residuos\\\/#breadcrumb\",\"itemListElement\":[{\"@type\":\"ListItem\",\"position\":1,\"name\":\"Home\",\"item\":\"https:\\\/\\\/depurecousa.com\\\/es\\\/hogar\\\/\"},{\"@type\":\"ListItem\",\"position\":2,\"name\":\"Productos\",\"item\":\"https:\\\/\\\/depurecousa.com\\\/es\\\/shop\\\/\"},{\"@type\":\"ListItem\",\"position\":3,\"name\":\"ASPIRADORAS INDUSTRIALES OEM F\u00c1RMACO ALIMENTARIAS\",\"item\":\"https:\\\/\\\/depurecousa.com\\\/es\\\/product-category\\\/aspiradoras-industriales-oem-farmaco-alimentarias\\\/\"},{\"@type\":\"ListItem\",\"position\":4,\"name\":\"AS ASPIRADORAS INDUSTRIALES RECOGIDA DE RESIDUOS\"}]},{\"@type\":\"WebSite\",\"@id\":\"https:\\\/\\\/depurecousa.com\\\/es\\\/#website\",\"url\":\"https:\\\/\\\/depurecousa.com\\\/es\\\/\",\"name\":\"Depureco USA\",\"description\":\"Aspiradoras industriales y sistemas centralizados\",\"publisher\":{\"@id\":\"https:\\\/\\\/depurecousa.com\\\/es\\\/#organization\"},\"potentialAction\":[{\"@type\":\"SearchAction\",\"target\":{\"@type\":\"EntryPoint\",\"urlTemplate\":\"https:\\\/\\\/depurecousa.com\\\/es\\\/?s={search_term_string}\"},\"query-input\":{\"@type\":\"PropertyValueSpecification\",\"valueRequired\":true,\"valueName\":\"search_term_string\"}}],\"inLanguage\":\"es\"},{\"@type\":[\"Organization\",\"Place\"],\"@id\":\"https:\\\/\\\/depurecousa.com\\\/es\\\/#organization\",\"name\":\"Depureco USA\",\"alternateName\":\"Depureco Industrial Vacuums\",\"url\":\"https:\\\/\\\/depurecousa.com\\\/es\\\/\",\"logo\":{\"@id\":\"https:\\\/\\\/depurecousa.com\\\/es\\\/producto\\\/as-aspiradoras-industriales-recogida-de-residuos\\\/#local-main-organization-logo\"},\"image\":{\"@id\":\"https:\\\/\\\/depurecousa.com\\\/es\\\/producto\\\/as-aspiradoras-industriales-recogida-de-residuos\\\/#local-main-organization-logo\"},\"sameAs\":[\"https:\\\/\\\/www.facebook.com\\\/DepurecoUSA\\\/\",\"https:\\\/\\\/www.youtube.com\\\/@depurecousa\",\"https:\\\/\\\/www.linkedin.com\\\/company\\\/depureco-usa\\\/\",\"https:\\\/\\\/www.thomasnet.com\\\/company\\\/depureco-industrial-vacuums-usa-30990947\\\/profile?cov=NA&which=comp&what=depureco&coverage_area=NA&card_position=1&suppliers_in_page=1&page_number=1&headingList=16410201,0,25120189,26781609,26791905,89931042,41260373,45621323,46152609,89920243&isNationalSearch=false\"],\"legalName\":\"Depureco Industrial Vacuums Corp\",\"numberOfEmployees\":{\"@type\":\"QuantitativeValue\",\"minValue\":\"11\",\"maxValue\":\"50\"},\"address\":{\"@id\":\"https:\\\/\\\/depurecousa.com\\\/es\\\/producto\\\/as-aspiradoras-industriales-recogida-de-residuos\\\/#local-main-place-address\"},\"geo\":{\"@type\":\"GeoCoordinates\",\"latitude\":\"30.024973508015663\",\"longitude\":\"-97.86156736732772\"},\"telephone\":[\"7377044347\"],\"contactPoint\":{\"@type\":\"ContactPoint\",\"telephone\":\"7377044347\",\"email\":\"simone.bacciu@depurecousa.com\"},\"openingHoursSpecification\":[{\"@type\":\"OpeningHoursSpecification\",\"dayOfWeek\":[\"Monday\",\"Tuesday\",\"Wednesday\",\"Thursday\",\"Friday\",\"Saturday\",\"Sunday\"],\"opens\":\"09:00\",\"closes\":\"17:00\"}],\"email\":\"info@depurecousa.com\",\"faxNumber\":\"Depureco Industrial Vacuums Corp\",\"areaServed\":\"United States\",\"globalLocationNumber\":\"24FQ+X9 Kyle, Texas\"},{\"@type\":\"PostalAddress\",\"@id\":\"https:\\\/\\\/depurecousa.com\\\/es\\\/producto\\\/as-aspiradoras-industriales-recogida-de-residuos\\\/#local-main-place-address\",\"streetAddress\":\"19121 Marketplace Avenue, Building 1, Suite 165\",\"addressLocality\":\"KYLE\",\"postalCode\":\"78640\",\"addressRegion\":\"TX\",\"addressCountry\":\"US\"},{\"@type\":\"ImageObject\",\"inLanguage\":\"es\",\"@id\":\"https:\\\/\\\/depurecousa.com\\\/es\\\/producto\\\/as-aspiradoras-industriales-recogida-de-residuos\\\/#local-main-organization-logo\",\"url\":\"https:\\\/\\\/depurecousa.com\\\/app\\\/uploads\\\/2023\\\/06\\\/depureco-logo-ico.png\",\"contentUrl\":\"https:\\\/\\\/depurecousa.com\\\/app\\\/uploads\\\/2023\\\/06\\\/depureco-logo-ico.png\",\"width\":512,\"height\":512,\"caption\":\"Depureco USA\"}]}<\/script>\n<meta property=\"product:price:currency\" content=\"USD\" \/>\n<meta property=\"og:availability\" content=\"instock\" \/>\n<meta property=\"product:availability\" content=\"instock\" \/>\n<meta property=\"product:condition\" content=\"new\" \/>\n<meta name=\"geo.placename\" content=\"KYLE\" \/>\n<meta name=\"geo.position\" content=\"30.024973508015663;-97.86156736732772\" \/>\n<meta name=\"geo.region\" content=\"Estados Unidos (EEUU)\" \/>\n<!-- \/ Yoast SEO Premium plugin. -->","yoast_head_json":{"title":"AS ASPIRADORAS INDUSTRIALES RECOGIDA DE RESIDUOS - Depureco USA","description":"La aspiradora industrial AS est\u00e1 dise\u00f1ada espec\u00edficamente para la recogida de recortes de producci\u00f3n.","robots":{"index":"index","follow":"follow","max-snippet":"max-snippet:-1","max-image-preview":"max-image-preview:large","max-video-preview":"max-video-preview:-1"},"canonical":"https:\/\/depurecousa.com\/es\/producto\/as-aspiradoras-industriales-recogida-de-residuos\/","og_locale":"es_ES","og_type":"article","og_title":"AS ASPIRADORAS INDUSTRIALES RECOGIDA DE RESIDUOS","og_description":"La aspiradora industrial AS est\u00e1 dise\u00f1ada espec\u00edficamente para la recogida de recortes de producci\u00f3n.","og_url":"https:\/\/depurecousa.com\/es\/producto\/as-aspiradoras-industriales-recogida-de-residuos\/","og_site_name":"Depureco USA","article_publisher":"https:\/\/www.facebook.com\/DepurecoUSA\/","article_modified_time":"2024-10-16T13:24:10+00:00","og_image":[{"width":800,"height":800,"url":"https:\/\/depurecousa.com\/app\/uploads\/2023\/06\/as_220_ridotta-20220408-1217.webp","type":"image\/webp"}],"twitter_card":"summary_large_image","twitter_misc":{"Precio":"","Disponibilidad":"Disponible"},"schema":{"@context":"https:\/\/schema.org","@graph":[{"@type":["WebPage","ItemPage"],"@id":"https:\/\/depurecousa.com\/es\/producto\/as-aspiradoras-industriales-recogida-de-residuos\/","url":"https:\/\/depurecousa.com\/es\/producto\/as-aspiradoras-industriales-recogida-de-residuos\/","name":"AS ASPIRADORAS INDUSTRIALES RECOGIDA DE RESIDUOS - Depureco USA","isPartOf":{"@id":"https:\/\/depurecousa.com\/es\/#website"},"primaryImageOfPage":{"@id":"https:\/\/depurecousa.com\/es\/producto\/as-aspiradoras-industriales-recogida-de-residuos\/#primaryimage"},"image":{"@id":"https:\/\/depurecousa.com\/es\/producto\/as-aspiradoras-industriales-recogida-de-residuos\/#primaryimage"},"thumbnailUrl":"https:\/\/depurecousa.com\/app\/uploads\/2023\/06\/as_220_ridotta-20220408-1217.webp","datePublished":"2023-06-14T07:45:56+00:00","dateModified":"2024-10-16T13:24:10+00:00","description":"La aspiradora industrial AS est\u00e1 dise\u00f1ada espec\u00edficamente para la recogida de recortes de producci\u00f3n.","breadcrumb":{"@id":"https:\/\/depurecousa.com\/es\/producto\/as-aspiradoras-industriales-recogida-de-residuos\/#breadcrumb"},"inLanguage":"es","potentialAction":[{"@type":"ReadAction","target":["https:\/\/depurecousa.com\/es\/producto\/as-aspiradoras-industriales-recogida-de-residuos\/"]}]},{"@type":"ImageObject","inLanguage":"es","@id":"https:\/\/depurecousa.com\/es\/producto\/as-aspiradoras-industriales-recogida-de-residuos\/#primaryimage","url":"https:\/\/depurecousa.com\/app\/uploads\/2023\/06\/as_220_ridotta-20220408-1217.webp","contentUrl":"https:\/\/depurecousa.com\/app\/uploads\/2023\/06\/as_220_ridotta-20220408-1217.webp","width":800,"height":800},{"@type":"BreadcrumbList","@id":"https:\/\/depurecousa.com\/es\/producto\/as-aspiradoras-industriales-recogida-de-residuos\/#breadcrumb","itemListElement":[{"@type":"ListItem","position":1,"name":"Home","item":"https:\/\/depurecousa.com\/es\/hogar\/"},{"@type":"ListItem","position":2,"name":"Productos","item":"https:\/\/depurecousa.com\/es\/shop\/"},{"@type":"ListItem","position":3,"name":"ASPIRADORAS INDUSTRIALES OEM F\u00c1RMACO ALIMENTARIAS","item":"https:\/\/depurecousa.com\/es\/product-category\/aspiradoras-industriales-oem-farmaco-alimentarias\/"},{"@type":"ListItem","position":4,"name":"AS ASPIRADORAS INDUSTRIALES RECOGIDA DE RESIDUOS"}]},{"@type":"WebSite","@id":"https:\/\/depurecousa.com\/es\/#website","url":"https:\/\/depurecousa.com\/es\/","name":"Depureco USA","description":"Aspiradoras industriales y sistemas centralizados","publisher":{"@id":"https:\/\/depurecousa.com\/es\/#organization"},"potentialAction":[{"@type":"SearchAction","target":{"@type":"EntryPoint","urlTemplate":"https:\/\/depurecousa.com\/es\/?s={search_term_string}"},"query-input":{"@type":"PropertyValueSpecification","valueRequired":true,"valueName":"search_term_string"}}],"inLanguage":"es"},{"@type":["Organization","Place"],"@id":"https:\/\/depurecousa.com\/es\/#organization","name":"Depureco USA","alternateName":"Depureco Industrial Vacuums","url":"https:\/\/depurecousa.com\/es\/","logo":{"@id":"https:\/\/depurecousa.com\/es\/producto\/as-aspiradoras-industriales-recogida-de-residuos\/#local-main-organization-logo"},"image":{"@id":"https:\/\/depurecousa.com\/es\/producto\/as-aspiradoras-industriales-recogida-de-residuos\/#local-main-organization-logo"},"sameAs":["https:\/\/www.facebook.com\/DepurecoUSA\/","https:\/\/www.youtube.com\/@depurecousa","https:\/\/www.linkedin.com\/company\/depureco-usa\/","https:\/\/www.thomasnet.com\/company\/depureco-industrial-vacuums-usa-30990947\/profile?cov=NA&which=comp&what=depureco&coverage_area=NA&card_position=1&suppliers_in_page=1&page_number=1&headingList=16410201,0,25120189,26781609,26791905,89931042,41260373,45621323,46152609,89920243&isNationalSearch=false"],"legalName":"Depureco Industrial Vacuums Corp","numberOfEmployees":{"@type":"QuantitativeValue","minValue":"11","maxValue":"50"},"address":{"@id":"https:\/\/depurecousa.com\/es\/producto\/as-aspiradoras-industriales-recogida-de-residuos\/#local-main-place-address"},"geo":{"@type":"GeoCoordinates","latitude":"30.024973508015663","longitude":"-97.86156736732772"},"telephone":["7377044347"],"contactPoint":{"@type":"ContactPoint","telephone":"7377044347","email":"simone.bacciu@depurecousa.com"},"openingHoursSpecification":[{"@type":"OpeningHoursSpecification","dayOfWeek":["Monday","Tuesday","Wednesday","Thursday","Friday","Saturday","Sunday"],"opens":"09:00","closes":"17:00"}],"email":"info@depurecousa.com","faxNumber":"Depureco Industrial Vacuums Corp","areaServed":"United States","globalLocationNumber":"24FQ+X9 Kyle, Texas"},{"@type":"PostalAddress","@id":"https:\/\/depurecousa.com\/es\/producto\/as-aspiradoras-industriales-recogida-de-residuos\/#local-main-place-address","streetAddress":"19121 Marketplace Avenue, Building 1, Suite 165","addressLocality":"KYLE","postalCode":"78640","addressRegion":"TX","addressCountry":"US"},{"@type":"ImageObject","inLanguage":"es","@id":"https:\/\/depurecousa.com\/es\/producto\/as-aspiradoras-industriales-recogida-de-residuos\/#local-main-organization-logo","url":"https:\/\/depurecousa.com\/app\/uploads\/2023\/06\/depureco-logo-ico.png","contentUrl":"https:\/\/depurecousa.com\/app\/uploads\/2023\/06\/depureco-logo-ico.png","width":512,"height":512,"caption":"Depureco USA"}]},"product_price_currency":"USD","og_availability":"instock","product_availability":"instock","product_condition":"new","geo.placename":"KYLE","geo.position":{"lat":"30.024973508015663","long":"-97.86156736732772"},"geo.region":"Estados Unidos (EEUU)"},"_links":{"self":[{"href":"https:\/\/depurecousa.com\/es\/wp-json\/wp\/v2\/product\/7867","targetHints":{"allow":["GET"]}}],"collection":[{"href":"https:\/\/depurecousa.com\/es\/wp-json\/wp\/v2\/product"}],"about":[{"href":"https:\/\/depurecousa.com\/es\/wp-json\/wp\/v2\/types\/product"}],"wp:featuredmedia":[{"embeddable":true,"href":"https:\/\/depurecousa.com\/es\/wp-json\/wp\/v2\/media\/4017"}],"wp:attachment":[{"href":"https:\/\/depurecousa.com\/es\/wp-json\/wp\/v2\/media?parent=7867"}],"wp:term":[{"taxonomy":"product_brand","embeddable":true,"href":"https:\/\/depurecousa.com\/es\/wp-json\/wp\/v2\/product_brand?post=7867"},{"taxonomy":"product_cat","embeddable":true,"href":"https:\/\/depurecousa.com\/es\/wp-json\/wp\/v2\/product_cat?post=7867"},{"taxonomy":"product_tag","embeddable":true,"href":"https:\/\/depurecousa.com\/es\/wp-json\/wp\/v2\/product_tag?post=7867"}],"curies":[{"name":"wp","href":"https:\/\/api.w.org\/{rel}","templated":true}]}}