{"id":7869,"date":"2023-01-01T01:05:15","date_gmt":"2023-01-01T08:05:15","guid":{"rendered":"https:\/\/depurecousa.com\/product\/df-075-df-22\/"},"modified":"2024-10-17T04:36:48","modified_gmt":"2024-10-17T10:36:48","slug":"df-075-df-22-colector-polvo-compacto","status":"publish","type":"product","link":"https:\/\/depurecousa.com\/es\/producto\/df-075-df-22-colector-polvo-compacto\/","title":{"rendered":"DF 075 | DF 22 <br>COLECTOR DE POLVO COMPACTO"},"content":{"rendered":"<p>El DF 075 y el DF 22 son aspiradoras industriales port\u00e1tiles con ventilador trif\u00e1sico, dise\u00f1adas espec\u00edficamente para la aspiraci\u00f3n de polvo en suspensi\u00f3n o para su conexi\u00f3n a una m\u00e1quina de corte de aluminio y PVC. Pertenecen a la colecci\u00f3n de colectores de polvo Depureco y est\u00e1n equipados con una superficie filtrante de gran eficacia que alcanza una eficiencia de filtraci\u00f3n de clase M de 1 micra. Como caracter\u00edstica est\u00e1ndar, estas aspiradoras industriales incluyen un sistema de limpieza manual del filtro muy eficaz. Utilizando una palanca situada fuera de la c\u00e1mara del filtro, el operario puede sacudir f\u00e1cilmente el filtro, haciendo que el polvo caiga directamente al contenedor. Adem\u00e1s, si se solicita, se puede instalar un sistema autom\u00e1tico de sacudida del filtro de pist\u00f3n o un sistema de limpieza del filtro por impulsos de chorro.<\/p>\n","protected":false},"excerpt":{"rendered":"<p>El DF 075 y el DF 22 son aspiradoras industriales port\u00e1tiles con ventilador trif\u00e1sico, dise\u00f1adas espec\u00edficamente para la aspiraci\u00f3n de polvo en suspensi\u00f3n o para su conexi\u00f3n a una m\u00e1quina de corte de aluminio y PVC. Pertenecen a la colecci\u00f3n de colectores de polvo Depureco y est\u00e1n equipados con una superficie filtrante de gran eficacia [&hellip;]<\/p>\n","protected":false},"featured_media":4979,"template":"","meta":{"_acf_changed":false,"content-type":"","inline_featured_image":false},"product_brand":[],"product_cat":[183],"product_tag":[],"class_list":{"0":"post-7869","1":"product","2":"type-product","3":"status-publish","4":"has-post-thumbnail","6":"product_cat-aspiradoras-de-polvo","8":"first","9":"instock","10":"shipping-taxable","11":"product-type-simple"},"acf":[],"yoast_head":"<!-- This site is optimized with the Yoast SEO Premium plugin v27.4 (Yoast SEO v27.4) - https:\/\/yoast.com\/product\/yoast-seo-premium-wordpress\/ -->\n<title>Colectores de polvo - DF 075 | DF 22 COLECTOR DE POLVO COMPACTO | Depureco USA<\/title>\n<meta name=\"description\" content=\"Los modelos DF 075 y 22 son dos aspiradoras industriales port\u00e1tiles con ventilador trif\u00e1sico, dise\u00f1adas espec\u00edficamente para la aspiraci\u00f3n de polvo en suspensi\u00f3n o para su conexi\u00f3n a una m\u00e1quina de corte de aluminio y PVC.\" \/>\n<meta name=\"robots\" content=\"index, follow, max-snippet:-1, max-image-preview:large, max-video-preview:-1\" \/>\n<link rel=\"canonical\" href=\"https:\/\/depurecousa.com\/es\/producto\/df-075-df-22-colector-polvo-compacto\/\" \/>\n<meta property=\"og:locale\" content=\"es_ES\" \/>\n<meta property=\"og:type\" content=\"article\" \/>\n<meta property=\"og:title\" content=\"DF 075 | DF 22 COLECTOR DE POLVO COMPACTO\" \/>\n<meta property=\"og:description\" content=\"Los modelos DF 075 y 22 son dos aspiradoras industriales port\u00e1tiles con ventilador trif\u00e1sico, dise\u00f1adas espec\u00edficamente para la aspiraci\u00f3n de polvo en suspensi\u00f3n o para su conexi\u00f3n a una m\u00e1quina de corte de aluminio y PVC.\" \/>\n<meta property=\"og:url\" content=\"https:\/\/depurecousa.com\/es\/producto\/df-075-df-22-colector-polvo-compacto\/\" \/>\n<meta property=\"og:site_name\" content=\"Depureco USA\" \/>\n<meta property=\"article:publisher\" content=\"https:\/\/www.facebook.com\/DepurecoUSA\/\" \/>\n<meta property=\"article:modified_time\" content=\"2024-10-17T10:36:48+00:00\" \/>\n<meta property=\"og:image\" content=\"https:\/\/depurecousa.com\/app\/uploads\/2023\/05\/DF-075.png\" \/>\n\t<meta property=\"og:image:width\" content=\"600\" \/>\n\t<meta property=\"og:image:height\" content=\"600\" \/>\n\t<meta property=\"og:image:type\" content=\"image\/png\" \/>\n<meta name=\"twitter:card\" content=\"summary_large_image\" \/>\n<script type=\"application\/ld+json\" class=\"yoast-schema-graph\">{\"@context\":\"https:\\\/\\\/schema.org\",\"@graph\":[{\"@type\":[\"WebPage\",\"ItemPage\"],\"@id\":\"https:\\\/\\\/depurecousa.com\\\/es\\\/producto\\\/df-075-df-22-colector-polvo-compacto\\\/\",\"url\":\"https:\\\/\\\/depurecousa.com\\\/es\\\/producto\\\/df-075-df-22-colector-polvo-compacto\\\/\",\"name\":\"Colectores de polvo - DF 075 | DF 22 COLECTOR DE POLVO COMPACTO | Depureco USA\",\"isPartOf\":{\"@id\":\"https:\\\/\\\/depurecousa.com\\\/es\\\/#website\"},\"primaryImageOfPage\":{\"@id\":\"https:\\\/\\\/depurecousa.com\\\/es\\\/producto\\\/df-075-df-22-colector-polvo-compacto\\\/#primaryimage\"},\"image\":{\"@id\":\"https:\\\/\\\/depurecousa.com\\\/es\\\/producto\\\/df-075-df-22-colector-polvo-compacto\\\/#primaryimage\"},\"thumbnailUrl\":\"https:\\\/\\\/depurecousa.com\\\/app\\\/uploads\\\/2023\\\/05\\\/DF-075.png\",\"datePublished\":\"2023-01-01T08:05:15+00:00\",\"dateModified\":\"2024-10-17T10:36:48+00:00\",\"description\":\"Los modelos DF 075 y 22 son dos aspiradoras industriales port\u00e1tiles con ventilador trif\u00e1sico, dise\u00f1adas espec\u00edficamente para la aspiraci\u00f3n de polvo en suspensi\u00f3n o para su conexi\u00f3n a una m\u00e1quina de corte de aluminio y PVC.\",\"breadcrumb\":{\"@id\":\"https:\\\/\\\/depurecousa.com\\\/es\\\/producto\\\/df-075-df-22-colector-polvo-compacto\\\/#breadcrumb\"},\"inLanguage\":\"es\",\"potentialAction\":[{\"@type\":\"ReadAction\",\"target\":[\"https:\\\/\\\/depurecousa.com\\\/es\\\/producto\\\/df-075-df-22-colector-polvo-compacto\\\/\"]}]},{\"@type\":\"ImageObject\",\"inLanguage\":\"es\",\"@id\":\"https:\\\/\\\/depurecousa.com\\\/es\\\/producto\\\/df-075-df-22-colector-polvo-compacto\\\/#primaryimage\",\"url\":\"https:\\\/\\\/depurecousa.com\\\/app\\\/uploads\\\/2023\\\/05\\\/DF-075.png\",\"contentUrl\":\"https:\\\/\\\/depurecousa.com\\\/app\\\/uploads\\\/2023\\\/05\\\/DF-075.png\",\"width\":600,\"height\":600},{\"@type\":\"BreadcrumbList\",\"@id\":\"https:\\\/\\\/depurecousa.com\\\/es\\\/producto\\\/df-075-df-22-colector-polvo-compacto\\\/#breadcrumb\",\"itemListElement\":[{\"@type\":\"ListItem\",\"position\":1,\"name\":\"Home\",\"item\":\"https:\\\/\\\/depurecousa.com\\\/es\\\/hogar\\\/\"},{\"@type\":\"ListItem\",\"position\":2,\"name\":\"Productos\",\"item\":\"https:\\\/\\\/depurecousa.com\\\/es\\\/shop\\\/\"},{\"@type\":\"ListItem\",\"position\":3,\"name\":\"ASPIRADORAS DE POLVO\",\"item\":\"https:\\\/\\\/depurecousa.com\\\/es\\\/product-category\\\/aspiradoras-de-polvo\\\/\"},{\"@type\":\"ListItem\",\"position\":4,\"name\":\"DF 075 | DF 22 COLECTOR DE POLVO COMPACTO\"}]},{\"@type\":\"WebSite\",\"@id\":\"https:\\\/\\\/depurecousa.com\\\/es\\\/#website\",\"url\":\"https:\\\/\\\/depurecousa.com\\\/es\\\/\",\"name\":\"Depureco USA\",\"description\":\"Aspiradoras industriales y sistemas centralizados\",\"publisher\":{\"@id\":\"https:\\\/\\\/depurecousa.com\\\/es\\\/#organization\"},\"alternateName\":\"Depureco Industrial Vacuums\",\"potentialAction\":[{\"@type\":\"SearchAction\",\"target\":{\"@type\":\"EntryPoint\",\"urlTemplate\":\"https:\\\/\\\/depurecousa.com\\\/es\\\/?s={search_term_string}\"},\"query-input\":{\"@type\":\"PropertyValueSpecification\",\"valueRequired\":true,\"valueName\":\"search_term_string\"}}],\"inLanguage\":\"es\"},{\"@type\":[\"Organization\",\"Place\"],\"@id\":\"https:\\\/\\\/depurecousa.com\\\/es\\\/#organization\",\"name\":\"Depureco USA\",\"alternateName\":\"Depureco Industrial Vacuums\",\"url\":\"https:\\\/\\\/depurecousa.com\\\/es\\\/\",\"logo\":{\"@id\":\"https:\\\/\\\/depurecousa.com\\\/es\\\/producto\\\/df-075-df-22-colector-polvo-compacto\\\/#local-main-organization-logo\"},\"image\":{\"@id\":\"https:\\\/\\\/depurecousa.com\\\/es\\\/producto\\\/df-075-df-22-colector-polvo-compacto\\\/#local-main-organization-logo\"},\"sameAs\":[\"https:\\\/\\\/www.facebook.com\\\/DepurecoUSA\\\/\",\"https:\\\/\\\/www.youtube.com\\\/@depurecousa\",\"https:\\\/\\\/www.linkedin.com\\\/company\\\/depureco-usa\\\/\",\"https:\\\/\\\/www.thomasnet.com\\\/company\\\/depureco-industrial-vacuums-usa-30990947\\\/profile?cov=NA&which=comp&what=depureco&coverage_area=NA&card_position=1&suppliers_in_page=1&page_number=1&headingList=16410201,0,25120189,26781609,26791905,89931042,41260373,45621323,46152609,89920243&isNationalSearch=false\"],\"legalName\":\"Depureco Industrial Vacuums Corp\",\"numberOfEmployees\":{\"@type\":\"QuantitativeValue\",\"minValue\":\"11\",\"maxValue\":\"50\"},\"address\":{\"@id\":\"https:\\\/\\\/depurecousa.com\\\/es\\\/producto\\\/df-075-df-22-colector-polvo-compacto\\\/#local-main-place-address\"},\"geo\":{\"@type\":\"GeoCoordinates\",\"latitude\":\"30.024973508015663\",\"longitude\":\"-97.86156736732772\"},\"telephone\":[\"7377044347\"],\"contactPoint\":{\"@type\":\"ContactPoint\",\"telephone\":\"7377044347\",\"email\":\"simone.bacciu@depurecousa.com\"},\"openingHoursSpecification\":[{\"@type\":\"OpeningHoursSpecification\",\"dayOfWeek\":[\"Monday\",\"Tuesday\",\"Wednesday\",\"Thursday\",\"Friday\",\"Saturday\",\"Sunday\"],\"opens\":\"09:00\",\"closes\":\"17:00\"}],\"email\":\"info@depurecousa.com\",\"faxNumber\":\"Depureco Industrial Vacuums Corp\",\"areaServed\":\"United States\",\"globalLocationNumber\":\"24FQ+X9 Kyle, Texas\"},{\"@type\":\"PostalAddress\",\"@id\":\"https:\\\/\\\/depurecousa.com\\\/es\\\/producto\\\/df-075-df-22-colector-polvo-compacto\\\/#local-main-place-address\",\"streetAddress\":\"19121 Marketplace Avenue, Building 1, Suite 165\",\"addressLocality\":\"KYLE\",\"postalCode\":\"78640\",\"addressRegion\":\"TX\",\"addressCountry\":\"US\"},{\"@type\":\"ImageObject\",\"inLanguage\":\"es\",\"@id\":\"https:\\\/\\\/depurecousa.com\\\/es\\\/producto\\\/df-075-df-22-colector-polvo-compacto\\\/#local-main-organization-logo\",\"url\":\"https:\\\/\\\/depurecousa.com\\\/app\\\/uploads\\\/2023\\\/06\\\/depureco-logo-ico.png\",\"contentUrl\":\"https:\\\/\\\/depurecousa.com\\\/app\\\/uploads\\\/2023\\\/06\\\/depureco-logo-ico.png\",\"width\":512,\"height\":512,\"caption\":\"Depureco USA\"}]}<\/script>\n<meta property=\"product:price:currency\" content=\"USD\" \/>\n<meta property=\"og:availability\" content=\"instock\" \/>\n<meta property=\"product:availability\" content=\"instock\" \/>\n<meta property=\"product:condition\" content=\"new\" \/>\n<meta name=\"geo.placename\" content=\"KYLE\" \/>\n<meta name=\"geo.position\" content=\"30.024973508015663;-97.86156736732772\" \/>\n<meta name=\"geo.region\" content=\"Estados Unidos (EEUU)\" \/>\n<!-- \/ Yoast SEO Premium plugin. -->","yoast_head_json":{"title":"Colectores de polvo - DF 075 | DF 22 COLECTOR DE POLVO COMPACTO | Depureco USA","description":"Los modelos DF 075 y 22 son dos aspiradoras industriales port\u00e1tiles con ventilador trif\u00e1sico, dise\u00f1adas espec\u00edficamente para la aspiraci\u00f3n de polvo en suspensi\u00f3n o para su conexi\u00f3n a una m\u00e1quina de corte de aluminio y PVC.","robots":{"index":"index","follow":"follow","max-snippet":"max-snippet:-1","max-image-preview":"max-image-preview:large","max-video-preview":"max-video-preview:-1"},"canonical":"https:\/\/depurecousa.com\/es\/producto\/df-075-df-22-colector-polvo-compacto\/","og_locale":"es_ES","og_type":"article","og_title":"DF 075 | DF 22 COLECTOR DE POLVO COMPACTO","og_description":"Los modelos DF 075 y 22 son dos aspiradoras industriales port\u00e1tiles con ventilador trif\u00e1sico, dise\u00f1adas espec\u00edficamente para la aspiraci\u00f3n de polvo en suspensi\u00f3n o para su conexi\u00f3n a una m\u00e1quina de corte de aluminio y PVC.","og_url":"https:\/\/depurecousa.com\/es\/producto\/df-075-df-22-colector-polvo-compacto\/","og_site_name":"Depureco USA","article_publisher":"https:\/\/www.facebook.com\/DepurecoUSA\/","article_modified_time":"2024-10-17T10:36:48+00:00","og_image":[{"width":600,"height":600,"url":"https:\/\/depurecousa.com\/app\/uploads\/2023\/05\/DF-075.png","type":"image\/png"}],"twitter_card":"summary_large_image","schema":{"@context":"https:\/\/schema.org","@graph":[{"@type":["WebPage","ItemPage"],"@id":"https:\/\/depurecousa.com\/es\/producto\/df-075-df-22-colector-polvo-compacto\/","url":"https:\/\/depurecousa.com\/es\/producto\/df-075-df-22-colector-polvo-compacto\/","name":"Colectores de polvo - DF 075 | DF 22 COLECTOR DE POLVO COMPACTO | Depureco USA","isPartOf":{"@id":"https:\/\/depurecousa.com\/es\/#website"},"primaryImageOfPage":{"@id":"https:\/\/depurecousa.com\/es\/producto\/df-075-df-22-colector-polvo-compacto\/#primaryimage"},"image":{"@id":"https:\/\/depurecousa.com\/es\/producto\/df-075-df-22-colector-polvo-compacto\/#primaryimage"},"thumbnailUrl":"https:\/\/depurecousa.com\/app\/uploads\/2023\/05\/DF-075.png","datePublished":"2023-01-01T08:05:15+00:00","dateModified":"2024-10-17T10:36:48+00:00","description":"Los modelos DF 075 y 22 son dos aspiradoras industriales port\u00e1tiles con ventilador trif\u00e1sico, dise\u00f1adas espec\u00edficamente para la aspiraci\u00f3n de polvo en suspensi\u00f3n o para su conexi\u00f3n a una m\u00e1quina de corte de aluminio y PVC.","breadcrumb":{"@id":"https:\/\/depurecousa.com\/es\/producto\/df-075-df-22-colector-polvo-compacto\/#breadcrumb"},"inLanguage":"es","potentialAction":[{"@type":"ReadAction","target":["https:\/\/depurecousa.com\/es\/producto\/df-075-df-22-colector-polvo-compacto\/"]}]},{"@type":"ImageObject","inLanguage":"es","@id":"https:\/\/depurecousa.com\/es\/producto\/df-075-df-22-colector-polvo-compacto\/#primaryimage","url":"https:\/\/depurecousa.com\/app\/uploads\/2023\/05\/DF-075.png","contentUrl":"https:\/\/depurecousa.com\/app\/uploads\/2023\/05\/DF-075.png","width":600,"height":600},{"@type":"BreadcrumbList","@id":"https:\/\/depurecousa.com\/es\/producto\/df-075-df-22-colector-polvo-compacto\/#breadcrumb","itemListElement":[{"@type":"ListItem","position":1,"name":"Home","item":"https:\/\/depurecousa.com\/es\/hogar\/"},{"@type":"ListItem","position":2,"name":"Productos","item":"https:\/\/depurecousa.com\/es\/shop\/"},{"@type":"ListItem","position":3,"name":"ASPIRADORAS DE POLVO","item":"https:\/\/depurecousa.com\/es\/product-category\/aspiradoras-de-polvo\/"},{"@type":"ListItem","position":4,"name":"DF 075 | DF 22 COLECTOR DE POLVO COMPACTO"}]},{"@type":"WebSite","@id":"https:\/\/depurecousa.com\/es\/#website","url":"https:\/\/depurecousa.com\/es\/","name":"Depureco USA","description":"Aspiradoras industriales y sistemas centralizados","publisher":{"@id":"https:\/\/depurecousa.com\/es\/#organization"},"alternateName":"Depureco Industrial Vacuums","potentialAction":[{"@type":"SearchAction","target":{"@type":"EntryPoint","urlTemplate":"https:\/\/depurecousa.com\/es\/?s={search_term_string}"},"query-input":{"@type":"PropertyValueSpecification","valueRequired":true,"valueName":"search_term_string"}}],"inLanguage":"es"},{"@type":["Organization","Place"],"@id":"https:\/\/depurecousa.com\/es\/#organization","name":"Depureco USA","alternateName":"Depureco Industrial Vacuums","url":"https:\/\/depurecousa.com\/es\/","logo":{"@id":"https:\/\/depurecousa.com\/es\/producto\/df-075-df-22-colector-polvo-compacto\/#local-main-organization-logo"},"image":{"@id":"https:\/\/depurecousa.com\/es\/producto\/df-075-df-22-colector-polvo-compacto\/#local-main-organization-logo"},"sameAs":["https:\/\/www.facebook.com\/DepurecoUSA\/","https:\/\/www.youtube.com\/@depurecousa","https:\/\/www.linkedin.com\/company\/depureco-usa\/","https:\/\/www.thomasnet.com\/company\/depureco-industrial-vacuums-usa-30990947\/profile?cov=NA&which=comp&what=depureco&coverage_area=NA&card_position=1&suppliers_in_page=1&page_number=1&headingList=16410201,0,25120189,26781609,26791905,89931042,41260373,45621323,46152609,89920243&isNationalSearch=false"],"legalName":"Depureco Industrial Vacuums Corp","numberOfEmployees":{"@type":"QuantitativeValue","minValue":"11","maxValue":"50"},"address":{"@id":"https:\/\/depurecousa.com\/es\/producto\/df-075-df-22-colector-polvo-compacto\/#local-main-place-address"},"geo":{"@type":"GeoCoordinates","latitude":"30.024973508015663","longitude":"-97.86156736732772"},"telephone":["7377044347"],"contactPoint":{"@type":"ContactPoint","telephone":"7377044347","email":"simone.bacciu@depurecousa.com"},"openingHoursSpecification":[{"@type":"OpeningHoursSpecification","dayOfWeek":["Monday","Tuesday","Wednesday","Thursday","Friday","Saturday","Sunday"],"opens":"09:00","closes":"17:00"}],"email":"info@depurecousa.com","faxNumber":"Depureco Industrial Vacuums Corp","areaServed":"United States","globalLocationNumber":"24FQ+X9 Kyle, Texas"},{"@type":"PostalAddress","@id":"https:\/\/depurecousa.com\/es\/producto\/df-075-df-22-colector-polvo-compacto\/#local-main-place-address","streetAddress":"19121 Marketplace Avenue, Building 1, Suite 165","addressLocality":"KYLE","postalCode":"78640","addressRegion":"TX","addressCountry":"US"},{"@type":"ImageObject","inLanguage":"es","@id":"https:\/\/depurecousa.com\/es\/producto\/df-075-df-22-colector-polvo-compacto\/#local-main-organization-logo","url":"https:\/\/depurecousa.com\/app\/uploads\/2023\/06\/depureco-logo-ico.png","contentUrl":"https:\/\/depurecousa.com\/app\/uploads\/2023\/06\/depureco-logo-ico.png","width":512,"height":512,"caption":"Depureco USA"}]},"product_price_currency":"USD","og_availability":"instock","product_availability":"instock","product_condition":"new","geo.placename":"KYLE","geo.position":{"lat":"30.024973508015663","long":"-97.86156736732772"},"geo.region":"Estados Unidos (EEUU)"},"_links":{"self":[{"href":"https:\/\/depurecousa.com\/es\/wp-json\/wp\/v2\/product\/7869","targetHints":{"allow":["GET"]}}],"collection":[{"href":"https:\/\/depurecousa.com\/es\/wp-json\/wp\/v2\/product"}],"about":[{"href":"https:\/\/depurecousa.com\/es\/wp-json\/wp\/v2\/types\/product"}],"wp:featuredmedia":[{"embeddable":true,"href":"https:\/\/depurecousa.com\/es\/wp-json\/wp\/v2\/media\/4979"}],"wp:attachment":[{"href":"https:\/\/depurecousa.com\/es\/wp-json\/wp\/v2\/media?parent=7869"}],"wp:term":[{"taxonomy":"product_brand","embeddable":true,"href":"https:\/\/depurecousa.com\/es\/wp-json\/wp\/v2\/product_brand?post=7869"},{"taxonomy":"product_cat","embeddable":true,"href":"https:\/\/depurecousa.com\/es\/wp-json\/wp\/v2\/product_cat?post=7869"},{"taxonomy":"product_tag","embeddable":true,"href":"https:\/\/depurecousa.com\/es\/wp-json\/wp\/v2\/product_tag?post=7869"}],"curies":[{"name":"wp","href":"https:\/\/api.w.org\/{rel}","templated":true}]}}