{"id":7873,"date":"2023-06-09T09:15:47","date_gmt":"2023-06-09T15:15:47","guid":{"rendered":"https:\/\/depurecousa.com\/product\/tolva-filtrante-800\/"},"modified":"2025-05-07T09:56:00","modified_gmt":"2025-05-07T15:56:00","slug":"tolva-filtrante-800","status":"publish","type":"product","link":"https:\/\/depurecousa.com\/es\/producto\/tolva-filtrante-800\/","title":{"rendered":"Tolva Filtrante 800"},"content":{"rendered":"<p>El separador filtrante ofrece una conexi\u00f3n perfecta y totalmente segura a una unidad de aspiraci\u00f3n, lo que permite una filtraci\u00f3n eficaz de materiales s\u00f3lidos y polvo. Viene equipada con un filtro de generosas dimensiones y gran superficie. El sistema de filtrado consta de cartuchos filtrantes de poli\u00e9ster aluminizado, certificados como clase M con una eficacia de filtraci\u00f3n de 1 micra. El sistema de cartuchos permite una limpieza eficaz a contracorriente, lo que garantiza una limpieza a fondo del filtro sin interrumpir el proceso de aspiraci\u00f3n. Para la descarga, se dispone de varias opciones, incluida la descarga autom\u00e1tica en big bags, contenedores abiertos o cintas de proceso, lo que proporciona flexibilidad en funci\u00f3n de las necesidades y requisitos espec\u00edficos.<\/p>\n","protected":false},"excerpt":{"rendered":"<p>El separador filtrante ofrece una conexi\u00f3n perfecta y totalmente segura a una unidad de aspiraci\u00f3n, lo que permite una filtraci\u00f3n eficaz de materiales s\u00f3lidos y polvo. Viene equipada con un filtro de generosas dimensiones y gran superficie. El sistema de filtrado consta de cartuchos filtrantes de poli\u00e9ster aluminizado, certificados como clase M con una eficacia [&hellip;]<\/p>\n","protected":false},"featured_media":3999,"template":"","meta":{"_acf_changed":false,"content-type":"","inline_featured_image":false},"product_brand":[],"product_cat":[182],"product_tag":[],"class_list":{"0":"post-7873","1":"product","2":"type-product","3":"status-publish","4":"has-post-thumbnail","6":"product_cat-sistemas-de-aspiracion-centralizada","8":"first","9":"instock","10":"shipping-taxable","11":"product-type-simple"},"acf":[],"yoast_head":"<!-- This site is optimized with the Yoast SEO Premium plugin v27.0 (Yoast SEO v27.3) - https:\/\/yoast.com\/product\/yoast-seo-premium-wordpress\/ -->\n<title>Tolva Filtrante 800 | Sistema de Filtraci\u00f3n Industrial | Depureco USA<\/title>\n<meta name=\"description\" content=\"La Tolva Filtrante 800 ofrece una conexi\u00f3n segura a unidades de aspiraci\u00f3n, filtrando eficazmente s\u00f3lidos y polvo. Con cartuchos de filtro de clase M y opci\u00f3n de descarga autom\u00e1tica, es ideal para procesos de producci\u00f3n continuos.\" \/>\n<meta name=\"robots\" content=\"index, follow, max-snippet:-1, max-image-preview:large, max-video-preview:-1\" \/>\n<link rel=\"canonical\" href=\"https:\/\/depurecousa.com\/es\/producto\/tolva-filtrante-800\/\" \/>\n<meta property=\"og:locale\" content=\"es_ES\" \/>\n<meta property=\"og:type\" content=\"article\" \/>\n<meta property=\"og:title\" content=\"Tolva Filtrante 800\" \/>\n<meta property=\"og:description\" content=\"La Tolva Filtrante 800 ofrece una conexi\u00f3n segura a unidades de aspiraci\u00f3n, filtrando eficazmente s\u00f3lidos y polvo. Con cartuchos de filtro de clase M y opci\u00f3n de descarga autom\u00e1tica, es ideal para procesos de producci\u00f3n continuos.\" \/>\n<meta property=\"og:url\" content=\"https:\/\/depurecousa.com\/es\/producto\/tolva-filtrante-800\/\" \/>\n<meta property=\"og:site_name\" content=\"Depureco USA\" \/>\n<meta property=\"article:modified_time\" content=\"2025-05-07T15:56:00+00:00\" \/>\n<meta property=\"og:image\" content=\"https:\/\/depurecousa.com\/app\/uploads\/2023\/06\/separatore_filtrante_a_tramoggia_ridotta-20220408-1159.webp\" \/>\n\t<meta property=\"og:image:width\" content=\"817\" \/>\n\t<meta property=\"og:image:height\" content=\"817\" \/>\n\t<meta property=\"og:image:type\" content=\"image\/webp\" \/>\n<meta name=\"twitter:card\" content=\"summary_large_image\" \/>\n<meta name=\"twitter:label1\" content=\"Precio\" \/>\n\t<meta name=\"twitter:data1\" content=\"\" \/>\n\t<meta name=\"twitter:label2\" content=\"Disponibilidad\" \/>\n\t<meta name=\"twitter:data2\" content=\"Disponible\" \/>\n<script type=\"application\/ld+json\" class=\"yoast-schema-graph\">{\"@context\":\"https:\\\/\\\/schema.org\",\"@graph\":[{\"@type\":[\"WebPage\",\"ItemPage\"],\"@id\":\"https:\\\/\\\/depurecousa.com\\\/es\\\/producto\\\/tolva-filtrante-800\\\/\",\"url\":\"https:\\\/\\\/depurecousa.com\\\/es\\\/producto\\\/tolva-filtrante-800\\\/\",\"name\":\"Tolva Filtrante 800 | Sistema de Filtraci\u00f3n Industrial | Depureco USA\",\"isPartOf\":{\"@id\":\"https:\\\/\\\/depurecousa.com\\\/#website\"},\"primaryImageOfPage\":{\"@id\":\"https:\\\/\\\/depurecousa.com\\\/es\\\/producto\\\/tolva-filtrante-800\\\/#primaryimage\"},\"image\":{\"@id\":\"https:\\\/\\\/depurecousa.com\\\/es\\\/producto\\\/tolva-filtrante-800\\\/#primaryimage\"},\"thumbnailUrl\":\"https:\\\/\\\/depurecousa.com\\\/app\\\/uploads\\\/2023\\\/06\\\/separatore_filtrante_a_tramoggia_ridotta-20220408-1159.webp\",\"datePublished\":\"2023-06-09T15:15:47+00:00\",\"dateModified\":\"2025-05-07T15:56:00+00:00\",\"description\":\"La Tolva Filtrante 800 ofrece una conexi\u00f3n segura a unidades de aspiraci\u00f3n, filtrando eficazmente s\u00f3lidos y polvo. Con cartuchos de filtro de clase M y opci\u00f3n de descarga autom\u00e1tica, es ideal para procesos de producci\u00f3n continuos.\",\"breadcrumb\":{\"@id\":\"https:\\\/\\\/depurecousa.com\\\/es\\\/producto\\\/tolva-filtrante-800\\\/#breadcrumb\"},\"inLanguage\":\"es\",\"potentialAction\":[{\"@type\":\"ReadAction\",\"target\":[\"https:\\\/\\\/depurecousa.com\\\/es\\\/producto\\\/tolva-filtrante-800\\\/\"]}]},{\"@type\":\"ImageObject\",\"inLanguage\":\"es\",\"@id\":\"https:\\\/\\\/depurecousa.com\\\/es\\\/producto\\\/tolva-filtrante-800\\\/#primaryimage\",\"url\":\"https:\\\/\\\/depurecousa.com\\\/app\\\/uploads\\\/2023\\\/06\\\/separatore_filtrante_a_tramoggia_ridotta-20220408-1159.webp\",\"contentUrl\":\"https:\\\/\\\/depurecousa.com\\\/app\\\/uploads\\\/2023\\\/06\\\/separatore_filtrante_a_tramoggia_ridotta-20220408-1159.webp\",\"width\":817,\"height\":817},{\"@type\":\"BreadcrumbList\",\"@id\":\"https:\\\/\\\/depurecousa.com\\\/es\\\/producto\\\/tolva-filtrante-800\\\/#breadcrumb\",\"itemListElement\":[{\"@type\":\"ListItem\",\"position\":1,\"name\":\"Home\",\"item\":\"https:\\\/\\\/depurecousa.com\\\/es\\\/hogar\\\/\"},{\"@type\":\"ListItem\",\"position\":2,\"name\":\"Products\",\"item\":\"https:\\\/\\\/depurecousa.com\\\/shop\\\/\"},{\"@type\":\"ListItem\",\"position\":3,\"name\":\"CENTRAL VACUUM SYSTEMS\",\"item\":\"https:\\\/\\\/depurecousa.com\\\/product-category\\\/central-vacuum-systems\\\/\"},{\"@type\":\"ListItem\",\"position\":4,\"name\":\"Tolva Filtrante 800\"}]},{\"@type\":\"WebSite\",\"@id\":\"https:\\\/\\\/depurecousa.com\\\/#website\",\"url\":\"https:\\\/\\\/depurecousa.com\\\/\",\"name\":\"Depureco USA\",\"description\":\"Aspiradoras industriales y sistemas centralizados\",\"publisher\":{\"@id\":\"https:\\\/\\\/depurecousa.com\\\/#organization\"},\"potentialAction\":[{\"@type\":\"SearchAction\",\"target\":{\"@type\":\"EntryPoint\",\"urlTemplate\":\"https:\\\/\\\/depurecousa.com\\\/?s={search_term_string}\"},\"query-input\":{\"@type\":\"PropertyValueSpecification\",\"valueRequired\":true,\"valueName\":\"search_term_string\"}}],\"inLanguage\":\"es\"},{\"@type\":[\"Organization\",\"Place\"],\"@id\":\"https:\\\/\\\/depurecousa.com\\\/#organization\",\"name\":\"Depureco USA\",\"url\":\"https:\\\/\\\/depurecousa.com\\\/\",\"logo\":{\"@id\":\"https:\\\/\\\/depurecousa.com\\\/es\\\/producto\\\/tolva-filtrante-800\\\/#local-main-organization-logo\"},\"image\":{\"@id\":\"https:\\\/\\\/depurecousa.com\\\/es\\\/producto\\\/tolva-filtrante-800\\\/#local-main-organization-logo\"},\"address\":{\"@id\":\"https:\\\/\\\/depurecousa.com\\\/es\\\/producto\\\/tolva-filtrante-800\\\/#local-main-place-address\"},\"geo\":{\"@type\":\"GeoCoordinates\",\"latitude\":\"30.024973508015663\",\"longitude\":\"-97.86156736732772\"},\"telephone\":[\"7377044347\"],\"contactPoint\":{\"@type\":\"ContactPoint\",\"telephone\":\"7377044347\",\"email\":\"simone.bacciu@depurecousa.com\"},\"openingHoursSpecification\":[{\"@type\":\"OpeningHoursSpecification\",\"dayOfWeek\":[\"Monday\",\"Tuesday\",\"Wednesday\",\"Thursday\",\"Friday\",\"Saturday\",\"Sunday\"],\"opens\":\"09:00\",\"closes\":\"17:00\"}],\"email\":\"info@depurecousa.com\",\"faxNumber\":\"Depureco Industrial Vacuums Corp\",\"areaServed\":\"United States\",\"globalLocationNumber\":\"24FQ+X9 Kyle, Texas\"},{\"@type\":\"PostalAddress\",\"@id\":\"https:\\\/\\\/depurecousa.com\\\/es\\\/producto\\\/tolva-filtrante-800\\\/#local-main-place-address\",\"streetAddress\":\"19121 Marketplace Avenue, Building 1, Suite 165\",\"addressLocality\":\"KYLE\",\"postalCode\":\"78640\",\"addressRegion\":\"TX\",\"addressCountry\":\"US\"},{\"@type\":\"ImageObject\",\"inLanguage\":\"es\",\"@id\":\"https:\\\/\\\/depurecousa.com\\\/es\\\/producto\\\/tolva-filtrante-800\\\/#local-main-organization-logo\",\"url\":\"https:\\\/\\\/depurecousa.com\\\/app\\\/uploads\\\/2023\\\/06\\\/depureco-logo-ico.png\",\"contentUrl\":\"https:\\\/\\\/depurecousa.com\\\/app\\\/uploads\\\/2023\\\/06\\\/depureco-logo-ico.png\",\"width\":512,\"height\":512,\"caption\":\"Depureco USA\"}]}<\/script>\n<meta property=\"product:price:currency\" content=\"USD\" \/>\n<meta property=\"og:availability\" content=\"instock\" \/>\n<meta property=\"product:availability\" content=\"instock\" \/>\n<meta property=\"product:condition\" content=\"new\" \/>\n<meta name=\"geo.placename\" content=\"KYLE\" \/>\n<meta name=\"geo.position\" content=\"30.024973508015663;-97.86156736732772\" \/>\n<meta name=\"geo.region\" content=\"Estados Unidos (EEUU)\" \/>\n<!-- \/ Yoast SEO Premium plugin. -->","yoast_head_json":{"title":"Tolva Filtrante 800 | Sistema de Filtraci\u00f3n Industrial | Depureco USA","description":"La Tolva Filtrante 800 ofrece una conexi\u00f3n segura a unidades de aspiraci\u00f3n, filtrando eficazmente s\u00f3lidos y polvo. Con cartuchos de filtro de clase M y opci\u00f3n de descarga autom\u00e1tica, es ideal para procesos de producci\u00f3n continuos.","robots":{"index":"index","follow":"follow","max-snippet":"max-snippet:-1","max-image-preview":"max-image-preview:large","max-video-preview":"max-video-preview:-1"},"canonical":"https:\/\/depurecousa.com\/es\/producto\/tolva-filtrante-800\/","og_locale":"es_ES","og_type":"article","og_title":"Tolva Filtrante 800","og_description":"La Tolva Filtrante 800 ofrece una conexi\u00f3n segura a unidades de aspiraci\u00f3n, filtrando eficazmente s\u00f3lidos y polvo. Con cartuchos de filtro de clase M y opci\u00f3n de descarga autom\u00e1tica, es ideal para procesos de producci\u00f3n continuos.","og_url":"https:\/\/depurecousa.com\/es\/producto\/tolva-filtrante-800\/","og_site_name":"Depureco USA","article_modified_time":"2025-05-07T15:56:00+00:00","og_image":[{"width":817,"height":817,"url":"https:\/\/depurecousa.com\/app\/uploads\/2023\/06\/separatore_filtrante_a_tramoggia_ridotta-20220408-1159.webp","type":"image\/webp"}],"twitter_card":"summary_large_image","twitter_misc":{"Precio":"","Disponibilidad":"Disponible"},"schema":{"@context":"https:\/\/schema.org","@graph":[{"@type":["WebPage","ItemPage"],"@id":"https:\/\/depurecousa.com\/es\/producto\/tolva-filtrante-800\/","url":"https:\/\/depurecousa.com\/es\/producto\/tolva-filtrante-800\/","name":"Tolva Filtrante 800 | Sistema de Filtraci\u00f3n Industrial | Depureco USA","isPartOf":{"@id":"https:\/\/depurecousa.com\/#website"},"primaryImageOfPage":{"@id":"https:\/\/depurecousa.com\/es\/producto\/tolva-filtrante-800\/#primaryimage"},"image":{"@id":"https:\/\/depurecousa.com\/es\/producto\/tolva-filtrante-800\/#primaryimage"},"thumbnailUrl":"https:\/\/depurecousa.com\/app\/uploads\/2023\/06\/separatore_filtrante_a_tramoggia_ridotta-20220408-1159.webp","datePublished":"2023-06-09T15:15:47+00:00","dateModified":"2025-05-07T15:56:00+00:00","description":"La Tolva Filtrante 800 ofrece una conexi\u00f3n segura a unidades de aspiraci\u00f3n, filtrando eficazmente s\u00f3lidos y polvo. Con cartuchos de filtro de clase M y opci\u00f3n de descarga autom\u00e1tica, es ideal para procesos de producci\u00f3n continuos.","breadcrumb":{"@id":"https:\/\/depurecousa.com\/es\/producto\/tolva-filtrante-800\/#breadcrumb"},"inLanguage":"es","potentialAction":[{"@type":"ReadAction","target":["https:\/\/depurecousa.com\/es\/producto\/tolva-filtrante-800\/"]}]},{"@type":"ImageObject","inLanguage":"es","@id":"https:\/\/depurecousa.com\/es\/producto\/tolva-filtrante-800\/#primaryimage","url":"https:\/\/depurecousa.com\/app\/uploads\/2023\/06\/separatore_filtrante_a_tramoggia_ridotta-20220408-1159.webp","contentUrl":"https:\/\/depurecousa.com\/app\/uploads\/2023\/06\/separatore_filtrante_a_tramoggia_ridotta-20220408-1159.webp","width":817,"height":817},{"@type":"BreadcrumbList","@id":"https:\/\/depurecousa.com\/es\/producto\/tolva-filtrante-800\/#breadcrumb","itemListElement":[{"@type":"ListItem","position":1,"name":"Home","item":"https:\/\/depurecousa.com\/es\/hogar\/"},{"@type":"ListItem","position":2,"name":"Products","item":"https:\/\/depurecousa.com\/shop\/"},{"@type":"ListItem","position":3,"name":"CENTRAL VACUUM SYSTEMS","item":"https:\/\/depurecousa.com\/product-category\/central-vacuum-systems\/"},{"@type":"ListItem","position":4,"name":"Tolva Filtrante 800"}]},{"@type":"WebSite","@id":"https:\/\/depurecousa.com\/#website","url":"https:\/\/depurecousa.com\/","name":"Depureco USA","description":"Aspiradoras industriales y sistemas centralizados","publisher":{"@id":"https:\/\/depurecousa.com\/#organization"},"potentialAction":[{"@type":"SearchAction","target":{"@type":"EntryPoint","urlTemplate":"https:\/\/depurecousa.com\/?s={search_term_string}"},"query-input":{"@type":"PropertyValueSpecification","valueRequired":true,"valueName":"search_term_string"}}],"inLanguage":"es"},{"@type":["Organization","Place"],"@id":"https:\/\/depurecousa.com\/#organization","name":"Depureco USA","url":"https:\/\/depurecousa.com\/","logo":{"@id":"https:\/\/depurecousa.com\/es\/producto\/tolva-filtrante-800\/#local-main-organization-logo"},"image":{"@id":"https:\/\/depurecousa.com\/es\/producto\/tolva-filtrante-800\/#local-main-organization-logo"},"address":{"@id":"https:\/\/depurecousa.com\/es\/producto\/tolva-filtrante-800\/#local-main-place-address"},"geo":{"@type":"GeoCoordinates","latitude":"30.024973508015663","longitude":"-97.86156736732772"},"telephone":["7377044347"],"contactPoint":{"@type":"ContactPoint","telephone":"7377044347","email":"simone.bacciu@depurecousa.com"},"openingHoursSpecification":[{"@type":"OpeningHoursSpecification","dayOfWeek":["Monday","Tuesday","Wednesday","Thursday","Friday","Saturday","Sunday"],"opens":"09:00","closes":"17:00"}],"email":"info@depurecousa.com","faxNumber":"Depureco Industrial Vacuums Corp","areaServed":"United States","globalLocationNumber":"24FQ+X9 Kyle, Texas"},{"@type":"PostalAddress","@id":"https:\/\/depurecousa.com\/es\/producto\/tolva-filtrante-800\/#local-main-place-address","streetAddress":"19121 Marketplace Avenue, Building 1, Suite 165","addressLocality":"KYLE","postalCode":"78640","addressRegion":"TX","addressCountry":"US"},{"@type":"ImageObject","inLanguage":"es","@id":"https:\/\/depurecousa.com\/es\/producto\/tolva-filtrante-800\/#local-main-organization-logo","url":"https:\/\/depurecousa.com\/app\/uploads\/2023\/06\/depureco-logo-ico.png","contentUrl":"https:\/\/depurecousa.com\/app\/uploads\/2023\/06\/depureco-logo-ico.png","width":512,"height":512,"caption":"Depureco USA"}]},"product_price_currency":"USD","og_availability":"instock","product_availability":"instock","product_condition":"new","geo.placename":"KYLE","geo.position":{"lat":"30.024973508015663","long":"-97.86156736732772"},"geo.region":"Estados Unidos (EEUU)"},"_links":{"self":[{"href":"https:\/\/depurecousa.com\/es\/wp-json\/wp\/v2\/product\/7873","targetHints":{"allow":["GET"]}}],"collection":[{"href":"https:\/\/depurecousa.com\/es\/wp-json\/wp\/v2\/product"}],"about":[{"href":"https:\/\/depurecousa.com\/es\/wp-json\/wp\/v2\/types\/product"}],"wp:featuredmedia":[{"embeddable":true,"href":"https:\/\/depurecousa.com\/es\/wp-json\/wp\/v2\/media\/3999"}],"wp:attachment":[{"href":"https:\/\/depurecousa.com\/es\/wp-json\/wp\/v2\/media?parent=7873"}],"wp:term":[{"taxonomy":"product_brand","embeddable":true,"href":"https:\/\/depurecousa.com\/es\/wp-json\/wp\/v2\/product_brand?post=7873"},{"taxonomy":"product_cat","embeddable":true,"href":"https:\/\/depurecousa.com\/es\/wp-json\/wp\/v2\/product_cat?post=7873"},{"taxonomy":"product_tag","embeddable":true,"href":"https:\/\/depurecousa.com\/es\/wp-json\/wp\/v2\/product_tag?post=7873"}],"curies":[{"name":"wp","href":"https:\/\/api.w.org\/{rel}","templated":true}]}}