{"id":7878,"date":"2023-06-09T08:35:55","date_gmt":"2023-06-09T14:35:55","guid":{"rendered":"https:\/\/depurecousa.com\/product\/dv-air-800\/"},"modified":"2025-05-07T09:57:17","modified_gmt":"2025-05-07T15:57:17","slug":"dv-air-800-tolva-telescopica","status":"publish","type":"product","link":"https:\/\/depurecousa.com\/es\/producto\/dv-air-800-tolva-telescopica\/","title":{"rendered":"DV AIR 800 <br>TOLVA TELESC\u00d3PICA"},"content":{"rendered":"<p>El DV-AIR 800 es la unidad de filtrado dise\u00f1ada espec\u00edficamente para sistemas centralizados, que proporciona una limpieza eficaz de las l\u00edneas de producci\u00f3n, suelos y equipos durante todo el ciclo de producci\u00f3n y m\u00e1s all\u00e1. Con los sistemas centralizados, varios puntos de una empresa pueden ser operados simult\u00e1neamente por distintos operarios, lo que facilita el movimiento de grandes cantidades de materiales a distancias considerables. Por ejemplo, en las empresas de producci\u00f3n y tratamiento de cereales, el sistema centralizado elimina eficazmente una cantidad importante de cereales de las m\u00e1quinas de procesamiento, lo que evita el tiempo de inactividad de las m\u00e1quinas. El DV-AIR 800 hace gala de una flexibilidad excepcional y emplea un sistema de filtraci\u00f3n en seco con cartuchos o mangas para purificar el aire de part\u00edculas s\u00f3lidas. Este vers\u00e1til sistema puede tratar una amplia gama de contaminantes, incluso en entornos de alta temperatura y humedad. Al garantizar la eficacia y la limpieza a lo largo de las l\u00edneas de producci\u00f3n, mantener una calidad del aire superior en el entorno de producci\u00f3n y salvaguardar el bienestar de los trabajadores, el DV-AIR 800 ofrece una soluci\u00f3n integral para sistemas centralizados.<\/p>\n","protected":false},"excerpt":{"rendered":"<p>El DV-AIR 800 es la unidad de filtrado dise\u00f1ada espec\u00edficamente para sistemas centralizados, que proporciona una limpieza eficaz de las l\u00edneas de producci\u00f3n, suelos y equipos durante todo el ciclo de producci\u00f3n y m\u00e1s all\u00e1. Con los sistemas centralizados, varios puntos de una empresa pueden ser operados simult\u00e1neamente por distintos operarios, lo que facilita el [&hellip;]<\/p>\n","protected":false},"featured_media":3978,"template":"","meta":{"_acf_changed":false,"content-type":"","inline_featured_image":false},"product_brand":[],"product_cat":[182],"product_tag":[],"class_list":{"0":"post-7878","1":"product","2":"type-product","3":"status-publish","4":"has-post-thumbnail","6":"product_cat-sistemas-de-aspiracion-centralizada","8":"first","9":"instock","10":"shipping-taxable","11":"product-type-simple"},"acf":[],"yoast_head":"<!-- This site is optimized with the Yoast SEO Premium plugin v27.0 (Yoast SEO v27.3) - https:\/\/yoast.com\/product\/yoast-seo-premium-wordpress\/ -->\n<title>DV AIR 800 Tolva Telesc\u00f3pica | Sistema Centralizado | Depureco USA<\/title>\n<meta name=\"description\" content=\"El DV AIR 800 es una unidad de filtrado para sistemas centralizados que limpia eficazmente l\u00edneas de producci\u00f3n y equipos. Ofrece flexibilidad, maneja diversos contaminantes y garantiza aire limpio en entornos de producci\u00f3n.\" \/>\n<meta name=\"robots\" content=\"index, follow, max-snippet:-1, max-image-preview:large, max-video-preview:-1\" \/>\n<link rel=\"canonical\" href=\"https:\/\/depurecousa.com\/es\/producto\/dv-air-800-tolva-telescopica\/\" \/>\n<meta property=\"og:locale\" content=\"es_ES\" \/>\n<meta property=\"og:type\" content=\"article\" \/>\n<meta property=\"og:title\" content=\"DV AIR 800 TOLVA TELESC\u00d3PICA\" \/>\n<meta property=\"og:description\" content=\"El DV AIR 800 es una unidad de filtrado para sistemas centralizados que limpia eficazmente l\u00edneas de producci\u00f3n y equipos. Ofrece flexibilidad, maneja diversos contaminantes y garantiza aire limpio en entornos de producci\u00f3n.\" \/>\n<meta property=\"og:url\" content=\"https:\/\/depurecousa.com\/es\/producto\/dv-air-800-tolva-telescopica\/\" \/>\n<meta property=\"og:site_name\" content=\"Depureco USA\" \/>\n<meta property=\"article:modified_time\" content=\"2025-05-07T15:57:17+00:00\" \/>\n<meta property=\"og:image\" content=\"https:\/\/depurecousa.com\/app\/uploads\/2023\/06\/dv_air_800_new-20220407-1012.webp\" \/>\n\t<meta property=\"og:image:width\" content=\"600\" \/>\n\t<meta property=\"og:image:height\" content=\"600\" \/>\n\t<meta property=\"og:image:type\" content=\"image\/webp\" \/>\n<meta name=\"twitter:card\" content=\"summary_large_image\" \/>\n<meta name=\"twitter:label1\" content=\"Precio\" \/>\n\t<meta name=\"twitter:data1\" content=\"\" \/>\n\t<meta name=\"twitter:label2\" content=\"Disponibilidad\" \/>\n\t<meta name=\"twitter:data2\" content=\"Disponible\" \/>\n<script type=\"application\/ld+json\" class=\"yoast-schema-graph\">{\"@context\":\"https:\\\/\\\/schema.org\",\"@graph\":[{\"@type\":[\"WebPage\",\"ItemPage\"],\"@id\":\"https:\\\/\\\/depurecousa.com\\\/es\\\/producto\\\/dv-air-800-tolva-telescopica\\\/\",\"url\":\"https:\\\/\\\/depurecousa.com\\\/es\\\/producto\\\/dv-air-800-tolva-telescopica\\\/\",\"name\":\"DV AIR 800 Tolva Telesc\u00f3pica | Sistema Centralizado | Depureco USA\",\"isPartOf\":{\"@id\":\"https:\\\/\\\/depurecousa.com\\\/#website\"},\"primaryImageOfPage\":{\"@id\":\"https:\\\/\\\/depurecousa.com\\\/es\\\/producto\\\/dv-air-800-tolva-telescopica\\\/#primaryimage\"},\"image\":{\"@id\":\"https:\\\/\\\/depurecousa.com\\\/es\\\/producto\\\/dv-air-800-tolva-telescopica\\\/#primaryimage\"},\"thumbnailUrl\":\"https:\\\/\\\/depurecousa.com\\\/app\\\/uploads\\\/2023\\\/06\\\/dv_air_800_new-20220407-1012.webp\",\"datePublished\":\"2023-06-09T14:35:55+00:00\",\"dateModified\":\"2025-05-07T15:57:17+00:00\",\"description\":\"El DV AIR 800 es una unidad de filtrado para sistemas centralizados que limpia eficazmente l\u00edneas de producci\u00f3n y equipos. Ofrece flexibilidad, maneja diversos contaminantes y garantiza aire limpio en entornos de producci\u00f3n.\",\"breadcrumb\":{\"@id\":\"https:\\\/\\\/depurecousa.com\\\/es\\\/producto\\\/dv-air-800-tolva-telescopica\\\/#breadcrumb\"},\"inLanguage\":\"es\",\"potentialAction\":[{\"@type\":\"ReadAction\",\"target\":[\"https:\\\/\\\/depurecousa.com\\\/es\\\/producto\\\/dv-air-800-tolva-telescopica\\\/\"]}]},{\"@type\":\"ImageObject\",\"inLanguage\":\"es\",\"@id\":\"https:\\\/\\\/depurecousa.com\\\/es\\\/producto\\\/dv-air-800-tolva-telescopica\\\/#primaryimage\",\"url\":\"https:\\\/\\\/depurecousa.com\\\/app\\\/uploads\\\/2023\\\/06\\\/dv_air_800_new-20220407-1012.webp\",\"contentUrl\":\"https:\\\/\\\/depurecousa.com\\\/app\\\/uploads\\\/2023\\\/06\\\/dv_air_800_new-20220407-1012.webp\",\"width\":600,\"height\":600},{\"@type\":\"BreadcrumbList\",\"@id\":\"https:\\\/\\\/depurecousa.com\\\/es\\\/producto\\\/dv-air-800-tolva-telescopica\\\/#breadcrumb\",\"itemListElement\":[{\"@type\":\"ListItem\",\"position\":1,\"name\":\"Home\",\"item\":\"https:\\\/\\\/depurecousa.com\\\/es\\\/hogar\\\/\"},{\"@type\":\"ListItem\",\"position\":2,\"name\":\"Products\",\"item\":\"https:\\\/\\\/depurecousa.com\\\/shop\\\/\"},{\"@type\":\"ListItem\",\"position\":3,\"name\":\"CENTRAL VACUUM SYSTEMS\",\"item\":\"https:\\\/\\\/depurecousa.com\\\/product-category\\\/central-vacuum-systems\\\/\"},{\"@type\":\"ListItem\",\"position\":4,\"name\":\"DV AIR 800 TOLVA TELESC\u00d3PICA\"}]},{\"@type\":\"WebSite\",\"@id\":\"https:\\\/\\\/depurecousa.com\\\/#website\",\"url\":\"https:\\\/\\\/depurecousa.com\\\/\",\"name\":\"Depureco USA\",\"description\":\"Aspiradoras industriales y sistemas centralizados\",\"publisher\":{\"@id\":\"https:\\\/\\\/depurecousa.com\\\/#organization\"},\"potentialAction\":[{\"@type\":\"SearchAction\",\"target\":{\"@type\":\"EntryPoint\",\"urlTemplate\":\"https:\\\/\\\/depurecousa.com\\\/?s={search_term_string}\"},\"query-input\":{\"@type\":\"PropertyValueSpecification\",\"valueRequired\":true,\"valueName\":\"search_term_string\"}}],\"inLanguage\":\"es\"},{\"@type\":[\"Organization\",\"Place\"],\"@id\":\"https:\\\/\\\/depurecousa.com\\\/#organization\",\"name\":\"Depureco USA\",\"url\":\"https:\\\/\\\/depurecousa.com\\\/\",\"logo\":{\"@id\":\"https:\\\/\\\/depurecousa.com\\\/es\\\/producto\\\/dv-air-800-tolva-telescopica\\\/#local-main-organization-logo\"},\"image\":{\"@id\":\"https:\\\/\\\/depurecousa.com\\\/es\\\/producto\\\/dv-air-800-tolva-telescopica\\\/#local-main-organization-logo\"},\"address\":{\"@id\":\"https:\\\/\\\/depurecousa.com\\\/es\\\/producto\\\/dv-air-800-tolva-telescopica\\\/#local-main-place-address\"},\"geo\":{\"@type\":\"GeoCoordinates\",\"latitude\":\"30.024973508015663\",\"longitude\":\"-97.86156736732772\"},\"telephone\":[\"7377044347\"],\"contactPoint\":{\"@type\":\"ContactPoint\",\"telephone\":\"7377044347\",\"email\":\"simone.bacciu@depurecousa.com\"},\"openingHoursSpecification\":[{\"@type\":\"OpeningHoursSpecification\",\"dayOfWeek\":[\"Monday\",\"Tuesday\",\"Wednesday\",\"Thursday\",\"Friday\",\"Saturday\",\"Sunday\"],\"opens\":\"09:00\",\"closes\":\"17:00\"}],\"email\":\"info@depurecousa.com\",\"faxNumber\":\"Depureco Industrial Vacuums Corp\",\"areaServed\":\"United States\",\"globalLocationNumber\":\"24FQ+X9 Kyle, Texas\"},{\"@type\":\"PostalAddress\",\"@id\":\"https:\\\/\\\/depurecousa.com\\\/es\\\/producto\\\/dv-air-800-tolva-telescopica\\\/#local-main-place-address\",\"streetAddress\":\"19121 Marketplace Avenue, Building 1, Suite 165\",\"addressLocality\":\"KYLE\",\"postalCode\":\"78640\",\"addressRegion\":\"TX\",\"addressCountry\":\"US\"},{\"@type\":\"ImageObject\",\"inLanguage\":\"es\",\"@id\":\"https:\\\/\\\/depurecousa.com\\\/es\\\/producto\\\/dv-air-800-tolva-telescopica\\\/#local-main-organization-logo\",\"url\":\"https:\\\/\\\/depurecousa.com\\\/app\\\/uploads\\\/2023\\\/06\\\/depureco-logo-ico.png\",\"contentUrl\":\"https:\\\/\\\/depurecousa.com\\\/app\\\/uploads\\\/2023\\\/06\\\/depureco-logo-ico.png\",\"width\":512,\"height\":512,\"caption\":\"Depureco USA\"}]}<\/script>\n<meta property=\"product:price:currency\" content=\"USD\" \/>\n<meta property=\"og:availability\" content=\"instock\" \/>\n<meta property=\"product:availability\" content=\"instock\" \/>\n<meta property=\"product:condition\" content=\"new\" \/>\n<meta name=\"geo.placename\" content=\"KYLE\" \/>\n<meta name=\"geo.position\" content=\"30.024973508015663;-97.86156736732772\" \/>\n<meta name=\"geo.region\" content=\"Estados Unidos (EEUU)\" \/>\n<!-- \/ Yoast SEO Premium plugin. -->","yoast_head_json":{"title":"DV AIR 800 Tolva Telesc\u00f3pica | Sistema Centralizado | Depureco USA","description":"El DV AIR 800 es una unidad de filtrado para sistemas centralizados que limpia eficazmente l\u00edneas de producci\u00f3n y equipos. Ofrece flexibilidad, maneja diversos contaminantes y garantiza aire limpio en entornos de producci\u00f3n.","robots":{"index":"index","follow":"follow","max-snippet":"max-snippet:-1","max-image-preview":"max-image-preview:large","max-video-preview":"max-video-preview:-1"},"canonical":"https:\/\/depurecousa.com\/es\/producto\/dv-air-800-tolva-telescopica\/","og_locale":"es_ES","og_type":"article","og_title":"DV AIR 800 TOLVA TELESC\u00d3PICA","og_description":"El DV AIR 800 es una unidad de filtrado para sistemas centralizados que limpia eficazmente l\u00edneas de producci\u00f3n y equipos. Ofrece flexibilidad, maneja diversos contaminantes y garantiza aire limpio en entornos de producci\u00f3n.","og_url":"https:\/\/depurecousa.com\/es\/producto\/dv-air-800-tolva-telescopica\/","og_site_name":"Depureco USA","article_modified_time":"2025-05-07T15:57:17+00:00","og_image":[{"width":600,"height":600,"url":"https:\/\/depurecousa.com\/app\/uploads\/2023\/06\/dv_air_800_new-20220407-1012.webp","type":"image\/webp"}],"twitter_card":"summary_large_image","twitter_misc":{"Precio":"","Disponibilidad":"Disponible"},"schema":{"@context":"https:\/\/schema.org","@graph":[{"@type":["WebPage","ItemPage"],"@id":"https:\/\/depurecousa.com\/es\/producto\/dv-air-800-tolva-telescopica\/","url":"https:\/\/depurecousa.com\/es\/producto\/dv-air-800-tolva-telescopica\/","name":"DV AIR 800 Tolva Telesc\u00f3pica | Sistema Centralizado | Depureco USA","isPartOf":{"@id":"https:\/\/depurecousa.com\/#website"},"primaryImageOfPage":{"@id":"https:\/\/depurecousa.com\/es\/producto\/dv-air-800-tolva-telescopica\/#primaryimage"},"image":{"@id":"https:\/\/depurecousa.com\/es\/producto\/dv-air-800-tolva-telescopica\/#primaryimage"},"thumbnailUrl":"https:\/\/depurecousa.com\/app\/uploads\/2023\/06\/dv_air_800_new-20220407-1012.webp","datePublished":"2023-06-09T14:35:55+00:00","dateModified":"2025-05-07T15:57:17+00:00","description":"El DV AIR 800 es una unidad de filtrado para sistemas centralizados que limpia eficazmente l\u00edneas de producci\u00f3n y equipos. Ofrece flexibilidad, maneja diversos contaminantes y garantiza aire limpio en entornos de producci\u00f3n.","breadcrumb":{"@id":"https:\/\/depurecousa.com\/es\/producto\/dv-air-800-tolva-telescopica\/#breadcrumb"},"inLanguage":"es","potentialAction":[{"@type":"ReadAction","target":["https:\/\/depurecousa.com\/es\/producto\/dv-air-800-tolva-telescopica\/"]}]},{"@type":"ImageObject","inLanguage":"es","@id":"https:\/\/depurecousa.com\/es\/producto\/dv-air-800-tolva-telescopica\/#primaryimage","url":"https:\/\/depurecousa.com\/app\/uploads\/2023\/06\/dv_air_800_new-20220407-1012.webp","contentUrl":"https:\/\/depurecousa.com\/app\/uploads\/2023\/06\/dv_air_800_new-20220407-1012.webp","width":600,"height":600},{"@type":"BreadcrumbList","@id":"https:\/\/depurecousa.com\/es\/producto\/dv-air-800-tolva-telescopica\/#breadcrumb","itemListElement":[{"@type":"ListItem","position":1,"name":"Home","item":"https:\/\/depurecousa.com\/es\/hogar\/"},{"@type":"ListItem","position":2,"name":"Products","item":"https:\/\/depurecousa.com\/shop\/"},{"@type":"ListItem","position":3,"name":"CENTRAL VACUUM SYSTEMS","item":"https:\/\/depurecousa.com\/product-category\/central-vacuum-systems\/"},{"@type":"ListItem","position":4,"name":"DV AIR 800 TOLVA TELESC\u00d3PICA"}]},{"@type":"WebSite","@id":"https:\/\/depurecousa.com\/#website","url":"https:\/\/depurecousa.com\/","name":"Depureco USA","description":"Aspiradoras industriales y sistemas centralizados","publisher":{"@id":"https:\/\/depurecousa.com\/#organization"},"potentialAction":[{"@type":"SearchAction","target":{"@type":"EntryPoint","urlTemplate":"https:\/\/depurecousa.com\/?s={search_term_string}"},"query-input":{"@type":"PropertyValueSpecification","valueRequired":true,"valueName":"search_term_string"}}],"inLanguage":"es"},{"@type":["Organization","Place"],"@id":"https:\/\/depurecousa.com\/#organization","name":"Depureco USA","url":"https:\/\/depurecousa.com\/","logo":{"@id":"https:\/\/depurecousa.com\/es\/producto\/dv-air-800-tolva-telescopica\/#local-main-organization-logo"},"image":{"@id":"https:\/\/depurecousa.com\/es\/producto\/dv-air-800-tolva-telescopica\/#local-main-organization-logo"},"address":{"@id":"https:\/\/depurecousa.com\/es\/producto\/dv-air-800-tolva-telescopica\/#local-main-place-address"},"geo":{"@type":"GeoCoordinates","latitude":"30.024973508015663","longitude":"-97.86156736732772"},"telephone":["7377044347"],"contactPoint":{"@type":"ContactPoint","telephone":"7377044347","email":"simone.bacciu@depurecousa.com"},"openingHoursSpecification":[{"@type":"OpeningHoursSpecification","dayOfWeek":["Monday","Tuesday","Wednesday","Thursday","Friday","Saturday","Sunday"],"opens":"09:00","closes":"17:00"}],"email":"info@depurecousa.com","faxNumber":"Depureco Industrial Vacuums Corp","areaServed":"United States","globalLocationNumber":"24FQ+X9 Kyle, Texas"},{"@type":"PostalAddress","@id":"https:\/\/depurecousa.com\/es\/producto\/dv-air-800-tolva-telescopica\/#local-main-place-address","streetAddress":"19121 Marketplace Avenue, Building 1, Suite 165","addressLocality":"KYLE","postalCode":"78640","addressRegion":"TX","addressCountry":"US"},{"@type":"ImageObject","inLanguage":"es","@id":"https:\/\/depurecousa.com\/es\/producto\/dv-air-800-tolva-telescopica\/#local-main-organization-logo","url":"https:\/\/depurecousa.com\/app\/uploads\/2023\/06\/depureco-logo-ico.png","contentUrl":"https:\/\/depurecousa.com\/app\/uploads\/2023\/06\/depureco-logo-ico.png","width":512,"height":512,"caption":"Depureco USA"}]},"product_price_currency":"USD","og_availability":"instock","product_availability":"instock","product_condition":"new","geo.placename":"KYLE","geo.position":{"lat":"30.024973508015663","long":"-97.86156736732772"},"geo.region":"Estados Unidos (EEUU)"},"_links":{"self":[{"href":"https:\/\/depurecousa.com\/es\/wp-json\/wp\/v2\/product\/7878","targetHints":{"allow":["GET"]}}],"collection":[{"href":"https:\/\/depurecousa.com\/es\/wp-json\/wp\/v2\/product"}],"about":[{"href":"https:\/\/depurecousa.com\/es\/wp-json\/wp\/v2\/types\/product"}],"wp:featuredmedia":[{"embeddable":true,"href":"https:\/\/depurecousa.com\/es\/wp-json\/wp\/v2\/media\/3978"}],"wp:attachment":[{"href":"https:\/\/depurecousa.com\/es\/wp-json\/wp\/v2\/media?parent=7878"}],"wp:term":[{"taxonomy":"product_brand","embeddable":true,"href":"https:\/\/depurecousa.com\/es\/wp-json\/wp\/v2\/product_brand?post=7878"},{"taxonomy":"product_cat","embeddable":true,"href":"https:\/\/depurecousa.com\/es\/wp-json\/wp\/v2\/product_cat?post=7878"},{"taxonomy":"product_tag","embeddable":true,"href":"https:\/\/depurecousa.com\/es\/wp-json\/wp\/v2\/product_tag?post=7878"}],"curies":[{"name":"wp","href":"https:\/\/api.w.org\/{rel}","templated":true}]}}