{"id":7880,"date":"2023-01-01T07:19:27","date_gmt":"2023-01-01T14:19:27","guid":{"rendered":"https:\/\/depurecousa.com\/product\/cvs\/"},"modified":"2025-05-07T10:09:02","modified_gmt":"2025-05-07T16:09:02","slug":"cvs-central-aspiracion-estacionaria","status":"publish","type":"product","link":"https:\/\/depurecousa.com\/es\/producto\/cvs-central-aspiracion-estacionaria\/","title":{"rendered":"CVS <br>CENTRAL DE ASPIRACI\u00d3N ESTACIONARIA"},"content":{"rendered":"<p>La unidad CVS, que forma parte de la gama Depureco, es una unidad de aspiraci\u00f3n fija dise\u00f1ada para diversos tipos de sistemas centralizados. Cuando se combina con la unidad de filtrado DV-AIR, alimenta eficazmente grandes sistemas centralizados con m\u00faltiples puntos de aspiraci\u00f3n, incluso a diferentes alturas. Teniendo en cuenta factores como la potencia necesaria, el tipo de material, las distancias entre tuber\u00edas, los puntos de aspiraci\u00f3n simult\u00e1nea y las preferencias del cliente, la CVS se adapta para satisfacer diversas necesidades. Las opciones de tama\u00f1o del motor (turbinas de canal lateral) pueden seleccionarse en funci\u00f3n de los requisitos de potencia del sistema. Para facilitar el transporte, la m\u00e1quina est\u00e1 equipada con dos gu\u00edas inferiores que permiten manipularla sin esfuerzo con carretillas elevadoras. Adem\u00e1s, la unidad puede equiparse con un filtro absoluto H14 como apoyo suplementario a la unidad de filtro primario. Proporciona una soluci\u00f3n ideal para grandes sistemas centralizados con m\u00faltiples puntos de aspiraci\u00f3n simult\u00e1neos o necesidades de transporte de materiales de gran volumen.<\/p>\n","protected":false},"excerpt":{"rendered":"<p>La unidad CVS, que forma parte de la gama Depureco, es una unidad de aspiraci\u00f3n fija dise\u00f1ada para diversos tipos de sistemas centralizados. Cuando se combina con la unidad de filtrado DV-AIR, alimenta eficazmente grandes sistemas centralizados con m\u00faltiples puntos de aspiraci\u00f3n, incluso a diferentes alturas. Teniendo en cuenta factores como la potencia necesaria, el [&hellip;]<\/p>\n","protected":false},"featured_media":4983,"template":"","meta":{"_acf_changed":false,"content-type":"","inline_featured_image":false},"product_brand":[],"product_cat":[182],"product_tag":[],"class_list":{"0":"post-7880","1":"product","2":"type-product","3":"status-publish","4":"has-post-thumbnail","6":"product_cat-sistemas-de-aspiracion-centralizada","8":"first","9":"instock","10":"shipping-taxable","11":"product-type-simple"},"acf":[],"yoast_head":"<!-- This site is optimized with the Yoast SEO Premium plugin v27.4 (Yoast SEO v27.4) - https:\/\/yoast.com\/product\/yoast-seo-premium-wordpress\/ -->\n<title>CVS CENTRAL DE ASPIRACI\u00d3N ESTACIONARIA | Sistema de Aspiraci\u00f3n Centralizado | Depureco USA<\/title>\n<meta name=\"description\" content=\"La CVS CENTRAL DE ASPIRACI\u00d3N ESTACIONARIA es una unidad de aspiraci\u00f3n fija dise\u00f1ada para sistemas centralizados. Se adapta a diversas necesidades con ajustes de potencia y puede equipar un filtro H14. Ideal para sistemas con m\u00faltiples puntos de aspiraci\u00f3n.\" \/>\n<meta name=\"robots\" content=\"index, follow, max-snippet:-1, max-image-preview:large, max-video-preview:-1\" \/>\n<link rel=\"canonical\" href=\"https:\/\/depurecousa.com\/es\/producto\/cvs-central-aspiracion-estacionaria\/\" \/>\n<meta property=\"og:locale\" content=\"es_ES\" \/>\n<meta property=\"og:type\" content=\"article\" \/>\n<meta property=\"og:title\" content=\"CVS CENTRAL DE ASPIRACI\u00d3N ESTACIONARIA\" \/>\n<meta property=\"og:description\" content=\"La CVS CENTRAL DE ASPIRACI\u00d3N ESTACIONARIA es una unidad de aspiraci\u00f3n fija dise\u00f1ada para sistemas centralizados. Se adapta a diversas necesidades con ajustes de potencia y puede equipar un filtro H14. Ideal para sistemas con m\u00faltiples puntos de aspiraci\u00f3n.\" \/>\n<meta property=\"og:url\" content=\"https:\/\/depurecousa.com\/es\/producto\/cvs-central-aspiracion-estacionaria\/\" \/>\n<meta property=\"og:site_name\" content=\"Depureco USA\" \/>\n<meta property=\"article:publisher\" content=\"https:\/\/www.facebook.com\/DepurecoUSA\/\" \/>\n<meta property=\"article:modified_time\" content=\"2025-05-07T16:09:02+00:00\" \/>\n<meta property=\"og:image\" content=\"https:\/\/depurecousa.com\/app\/uploads\/2023\/05\/CVS-1.png\" \/>\n\t<meta property=\"og:image:width\" content=\"600\" \/>\n\t<meta property=\"og:image:height\" content=\"600\" \/>\n\t<meta property=\"og:image:type\" content=\"image\/png\" \/>\n<meta name=\"twitter:card\" content=\"summary_large_image\" \/>\n<meta name=\"twitter:label1\" content=\"Precio\" \/>\n\t<meta name=\"twitter:data1\" content=\"\" \/>\n\t<meta name=\"twitter:label2\" content=\"Disponibilidad\" \/>\n\t<meta name=\"twitter:data2\" content=\"Disponible\" \/>\n<script type=\"application\/ld+json\" class=\"yoast-schema-graph\">{\"@context\":\"https:\\\/\\\/schema.org\",\"@graph\":[{\"@type\":[\"WebPage\",\"ItemPage\"],\"@id\":\"https:\\\/\\\/depurecousa.com\\\/es\\\/producto\\\/cvs-central-aspiracion-estacionaria\\\/\",\"url\":\"https:\\\/\\\/depurecousa.com\\\/es\\\/producto\\\/cvs-central-aspiracion-estacionaria\\\/\",\"name\":\"CVS CENTRAL DE ASPIRACI\u00d3N ESTACIONARIA | Sistema de Aspiraci\u00f3n Centralizado | Depureco USA\",\"isPartOf\":{\"@id\":\"https:\\\/\\\/depurecousa.com\\\/es\\\/#website\"},\"primaryImageOfPage\":{\"@id\":\"https:\\\/\\\/depurecousa.com\\\/es\\\/producto\\\/cvs-central-aspiracion-estacionaria\\\/#primaryimage\"},\"image\":{\"@id\":\"https:\\\/\\\/depurecousa.com\\\/es\\\/producto\\\/cvs-central-aspiracion-estacionaria\\\/#primaryimage\"},\"thumbnailUrl\":\"https:\\\/\\\/depurecousa.com\\\/app\\\/uploads\\\/2023\\\/05\\\/CVS-1.png\",\"datePublished\":\"2023-01-01T14:19:27+00:00\",\"dateModified\":\"2025-05-07T16:09:02+00:00\",\"description\":\"La CVS CENTRAL DE ASPIRACI\u00d3N ESTACIONARIA es una unidad de aspiraci\u00f3n fija dise\u00f1ada para sistemas centralizados. Se adapta a diversas necesidades con ajustes de potencia y puede equipar un filtro H14. Ideal para sistemas con m\u00faltiples puntos de aspiraci\u00f3n.\",\"breadcrumb\":{\"@id\":\"https:\\\/\\\/depurecousa.com\\\/es\\\/producto\\\/cvs-central-aspiracion-estacionaria\\\/#breadcrumb\"},\"inLanguage\":\"es\",\"potentialAction\":[{\"@type\":\"ReadAction\",\"target\":[\"https:\\\/\\\/depurecousa.com\\\/es\\\/producto\\\/cvs-central-aspiracion-estacionaria\\\/\"]}]},{\"@type\":\"ImageObject\",\"inLanguage\":\"es\",\"@id\":\"https:\\\/\\\/depurecousa.com\\\/es\\\/producto\\\/cvs-central-aspiracion-estacionaria\\\/#primaryimage\",\"url\":\"https:\\\/\\\/depurecousa.com\\\/app\\\/uploads\\\/2023\\\/05\\\/CVS-1.png\",\"contentUrl\":\"https:\\\/\\\/depurecousa.com\\\/app\\\/uploads\\\/2023\\\/05\\\/CVS-1.png\",\"width\":600,\"height\":600},{\"@type\":\"BreadcrumbList\",\"@id\":\"https:\\\/\\\/depurecousa.com\\\/es\\\/producto\\\/cvs-central-aspiracion-estacionaria\\\/#breadcrumb\",\"itemListElement\":[{\"@type\":\"ListItem\",\"position\":1,\"name\":\"Home\",\"item\":\"https:\\\/\\\/depurecousa.com\\\/es\\\/hogar\\\/\"},{\"@type\":\"ListItem\",\"position\":2,\"name\":\"Productos\",\"item\":\"https:\\\/\\\/depurecousa.com\\\/es\\\/shop\\\/\"},{\"@type\":\"ListItem\",\"position\":3,\"name\":\"SISTEMAS DE ASPIRACI\u00d3N CENTRALIZADA\",\"item\":\"https:\\\/\\\/depurecousa.com\\\/es\\\/product-category\\\/sistemas-de-aspiracion-centralizada\\\/\"},{\"@type\":\"ListItem\",\"position\":4,\"name\":\"CVS CENTRAL DE ASPIRACI\u00d3N ESTACIONARIA\"}]},{\"@type\":\"WebSite\",\"@id\":\"https:\\\/\\\/depurecousa.com\\\/es\\\/#website\",\"url\":\"https:\\\/\\\/depurecousa.com\\\/es\\\/\",\"name\":\"Depureco USA\",\"description\":\"Aspiradoras industriales y sistemas centralizados\",\"publisher\":{\"@id\":\"https:\\\/\\\/depurecousa.com\\\/es\\\/#organization\"},\"potentialAction\":[{\"@type\":\"SearchAction\",\"target\":{\"@type\":\"EntryPoint\",\"urlTemplate\":\"https:\\\/\\\/depurecousa.com\\\/es\\\/?s={search_term_string}\"},\"query-input\":{\"@type\":\"PropertyValueSpecification\",\"valueRequired\":true,\"valueName\":\"search_term_string\"}}],\"inLanguage\":\"es\"},{\"@type\":[\"Organization\",\"Place\"],\"@id\":\"https:\\\/\\\/depurecousa.com\\\/es\\\/#organization\",\"name\":\"Depureco USA\",\"alternateName\":\"Depureco Industrial Vacuums\",\"url\":\"https:\\\/\\\/depurecousa.com\\\/es\\\/\",\"logo\":{\"@id\":\"https:\\\/\\\/depurecousa.com\\\/es\\\/producto\\\/cvs-central-aspiracion-estacionaria\\\/#local-main-organization-logo\"},\"image\":{\"@id\":\"https:\\\/\\\/depurecousa.com\\\/es\\\/producto\\\/cvs-central-aspiracion-estacionaria\\\/#local-main-organization-logo\"},\"sameAs\":[\"https:\\\/\\\/www.facebook.com\\\/DepurecoUSA\\\/\",\"https:\\\/\\\/www.youtube.com\\\/@depurecousa\",\"https:\\\/\\\/www.linkedin.com\\\/company\\\/depureco-usa\\\/\",\"https:\\\/\\\/www.thomasnet.com\\\/company\\\/depureco-industrial-vacuums-usa-30990947\\\/profile?cov=NA&which=comp&what=depureco&coverage_area=NA&card_position=1&suppliers_in_page=1&page_number=1&headingList=16410201,0,25120189,26781609,26791905,89931042,41260373,45621323,46152609,89920243&isNationalSearch=false\"],\"legalName\":\"Depureco Industrial Vacuums Corp\",\"numberOfEmployees\":{\"@type\":\"QuantitativeValue\",\"minValue\":\"11\",\"maxValue\":\"50\"},\"address\":{\"@id\":\"https:\\\/\\\/depurecousa.com\\\/es\\\/producto\\\/cvs-central-aspiracion-estacionaria\\\/#local-main-place-address\"},\"geo\":{\"@type\":\"GeoCoordinates\",\"latitude\":\"30.024973508015663\",\"longitude\":\"-97.86156736732772\"},\"telephone\":[\"7377044347\"],\"contactPoint\":{\"@type\":\"ContactPoint\",\"telephone\":\"7377044347\",\"email\":\"simone.bacciu@depurecousa.com\"},\"openingHoursSpecification\":[{\"@type\":\"OpeningHoursSpecification\",\"dayOfWeek\":[\"Monday\",\"Tuesday\",\"Wednesday\",\"Thursday\",\"Friday\",\"Saturday\",\"Sunday\"],\"opens\":\"09:00\",\"closes\":\"17:00\"}],\"email\":\"info@depurecousa.com\",\"faxNumber\":\"Depureco Industrial Vacuums Corp\",\"areaServed\":\"United States\",\"globalLocationNumber\":\"24FQ+X9 Kyle, Texas\"},{\"@type\":\"PostalAddress\",\"@id\":\"https:\\\/\\\/depurecousa.com\\\/es\\\/producto\\\/cvs-central-aspiracion-estacionaria\\\/#local-main-place-address\",\"streetAddress\":\"19121 Marketplace Avenue, Building 1, Suite 165\",\"addressLocality\":\"KYLE\",\"postalCode\":\"78640\",\"addressRegion\":\"TX\",\"addressCountry\":\"US\"},{\"@type\":\"ImageObject\",\"inLanguage\":\"es\",\"@id\":\"https:\\\/\\\/depurecousa.com\\\/es\\\/producto\\\/cvs-central-aspiracion-estacionaria\\\/#local-main-organization-logo\",\"url\":\"https:\\\/\\\/depurecousa.com\\\/app\\\/uploads\\\/2023\\\/06\\\/depureco-logo-ico.png\",\"contentUrl\":\"https:\\\/\\\/depurecousa.com\\\/app\\\/uploads\\\/2023\\\/06\\\/depureco-logo-ico.png\",\"width\":512,\"height\":512,\"caption\":\"Depureco USA\"}]}<\/script>\n<meta property=\"product:price:currency\" content=\"USD\" \/>\n<meta property=\"og:availability\" content=\"instock\" \/>\n<meta property=\"product:availability\" content=\"instock\" \/>\n<meta property=\"product:condition\" content=\"new\" \/>\n<meta name=\"geo.placename\" content=\"KYLE\" \/>\n<meta name=\"geo.position\" content=\"30.024973508015663;-97.86156736732772\" \/>\n<meta name=\"geo.region\" content=\"Estados Unidos (EEUU)\" \/>\n<!-- \/ Yoast SEO Premium plugin. -->","yoast_head_json":{"title":"CVS CENTRAL DE ASPIRACI\u00d3N ESTACIONARIA | Sistema de Aspiraci\u00f3n Centralizado | Depureco USA","description":"La CVS CENTRAL DE ASPIRACI\u00d3N ESTACIONARIA es una unidad de aspiraci\u00f3n fija dise\u00f1ada para sistemas centralizados. Se adapta a diversas necesidades con ajustes de potencia y puede equipar un filtro H14. Ideal para sistemas con m\u00faltiples puntos de aspiraci\u00f3n.","robots":{"index":"index","follow":"follow","max-snippet":"max-snippet:-1","max-image-preview":"max-image-preview:large","max-video-preview":"max-video-preview:-1"},"canonical":"https:\/\/depurecousa.com\/es\/producto\/cvs-central-aspiracion-estacionaria\/","og_locale":"es_ES","og_type":"article","og_title":"CVS CENTRAL DE ASPIRACI\u00d3N ESTACIONARIA","og_description":"La CVS CENTRAL DE ASPIRACI\u00d3N ESTACIONARIA es una unidad de aspiraci\u00f3n fija dise\u00f1ada para sistemas centralizados. Se adapta a diversas necesidades con ajustes de potencia y puede equipar un filtro H14. Ideal para sistemas con m\u00faltiples puntos de aspiraci\u00f3n.","og_url":"https:\/\/depurecousa.com\/es\/producto\/cvs-central-aspiracion-estacionaria\/","og_site_name":"Depureco USA","article_publisher":"https:\/\/www.facebook.com\/DepurecoUSA\/","article_modified_time":"2025-05-07T16:09:02+00:00","og_image":[{"width":600,"height":600,"url":"https:\/\/depurecousa.com\/app\/uploads\/2023\/05\/CVS-1.png","type":"image\/png"}],"twitter_card":"summary_large_image","twitter_misc":{"Precio":"","Disponibilidad":"Disponible"},"schema":{"@context":"https:\/\/schema.org","@graph":[{"@type":["WebPage","ItemPage"],"@id":"https:\/\/depurecousa.com\/es\/producto\/cvs-central-aspiracion-estacionaria\/","url":"https:\/\/depurecousa.com\/es\/producto\/cvs-central-aspiracion-estacionaria\/","name":"CVS CENTRAL DE ASPIRACI\u00d3N ESTACIONARIA | Sistema de Aspiraci\u00f3n Centralizado | Depureco USA","isPartOf":{"@id":"https:\/\/depurecousa.com\/es\/#website"},"primaryImageOfPage":{"@id":"https:\/\/depurecousa.com\/es\/producto\/cvs-central-aspiracion-estacionaria\/#primaryimage"},"image":{"@id":"https:\/\/depurecousa.com\/es\/producto\/cvs-central-aspiracion-estacionaria\/#primaryimage"},"thumbnailUrl":"https:\/\/depurecousa.com\/app\/uploads\/2023\/05\/CVS-1.png","datePublished":"2023-01-01T14:19:27+00:00","dateModified":"2025-05-07T16:09:02+00:00","description":"La CVS CENTRAL DE ASPIRACI\u00d3N ESTACIONARIA es una unidad de aspiraci\u00f3n fija dise\u00f1ada para sistemas centralizados. Se adapta a diversas necesidades con ajustes de potencia y puede equipar un filtro H14. Ideal para sistemas con m\u00faltiples puntos de aspiraci\u00f3n.","breadcrumb":{"@id":"https:\/\/depurecousa.com\/es\/producto\/cvs-central-aspiracion-estacionaria\/#breadcrumb"},"inLanguage":"es","potentialAction":[{"@type":"ReadAction","target":["https:\/\/depurecousa.com\/es\/producto\/cvs-central-aspiracion-estacionaria\/"]}]},{"@type":"ImageObject","inLanguage":"es","@id":"https:\/\/depurecousa.com\/es\/producto\/cvs-central-aspiracion-estacionaria\/#primaryimage","url":"https:\/\/depurecousa.com\/app\/uploads\/2023\/05\/CVS-1.png","contentUrl":"https:\/\/depurecousa.com\/app\/uploads\/2023\/05\/CVS-1.png","width":600,"height":600},{"@type":"BreadcrumbList","@id":"https:\/\/depurecousa.com\/es\/producto\/cvs-central-aspiracion-estacionaria\/#breadcrumb","itemListElement":[{"@type":"ListItem","position":1,"name":"Home","item":"https:\/\/depurecousa.com\/es\/hogar\/"},{"@type":"ListItem","position":2,"name":"Productos","item":"https:\/\/depurecousa.com\/es\/shop\/"},{"@type":"ListItem","position":3,"name":"SISTEMAS DE ASPIRACI\u00d3N CENTRALIZADA","item":"https:\/\/depurecousa.com\/es\/product-category\/sistemas-de-aspiracion-centralizada\/"},{"@type":"ListItem","position":4,"name":"CVS CENTRAL DE ASPIRACI\u00d3N ESTACIONARIA"}]},{"@type":"WebSite","@id":"https:\/\/depurecousa.com\/es\/#website","url":"https:\/\/depurecousa.com\/es\/","name":"Depureco USA","description":"Aspiradoras industriales y sistemas centralizados","publisher":{"@id":"https:\/\/depurecousa.com\/es\/#organization"},"potentialAction":[{"@type":"SearchAction","target":{"@type":"EntryPoint","urlTemplate":"https:\/\/depurecousa.com\/es\/?s={search_term_string}"},"query-input":{"@type":"PropertyValueSpecification","valueRequired":true,"valueName":"search_term_string"}}],"inLanguage":"es"},{"@type":["Organization","Place"],"@id":"https:\/\/depurecousa.com\/es\/#organization","name":"Depureco USA","alternateName":"Depureco Industrial Vacuums","url":"https:\/\/depurecousa.com\/es\/","logo":{"@id":"https:\/\/depurecousa.com\/es\/producto\/cvs-central-aspiracion-estacionaria\/#local-main-organization-logo"},"image":{"@id":"https:\/\/depurecousa.com\/es\/producto\/cvs-central-aspiracion-estacionaria\/#local-main-organization-logo"},"sameAs":["https:\/\/www.facebook.com\/DepurecoUSA\/","https:\/\/www.youtube.com\/@depurecousa","https:\/\/www.linkedin.com\/company\/depureco-usa\/","https:\/\/www.thomasnet.com\/company\/depureco-industrial-vacuums-usa-30990947\/profile?cov=NA&which=comp&what=depureco&coverage_area=NA&card_position=1&suppliers_in_page=1&page_number=1&headingList=16410201,0,25120189,26781609,26791905,89931042,41260373,45621323,46152609,89920243&isNationalSearch=false"],"legalName":"Depureco Industrial Vacuums Corp","numberOfEmployees":{"@type":"QuantitativeValue","minValue":"11","maxValue":"50"},"address":{"@id":"https:\/\/depurecousa.com\/es\/producto\/cvs-central-aspiracion-estacionaria\/#local-main-place-address"},"geo":{"@type":"GeoCoordinates","latitude":"30.024973508015663","longitude":"-97.86156736732772"},"telephone":["7377044347"],"contactPoint":{"@type":"ContactPoint","telephone":"7377044347","email":"simone.bacciu@depurecousa.com"},"openingHoursSpecification":[{"@type":"OpeningHoursSpecification","dayOfWeek":["Monday","Tuesday","Wednesday","Thursday","Friday","Saturday","Sunday"],"opens":"09:00","closes":"17:00"}],"email":"info@depurecousa.com","faxNumber":"Depureco Industrial Vacuums Corp","areaServed":"United States","globalLocationNumber":"24FQ+X9 Kyle, Texas"},{"@type":"PostalAddress","@id":"https:\/\/depurecousa.com\/es\/producto\/cvs-central-aspiracion-estacionaria\/#local-main-place-address","streetAddress":"19121 Marketplace Avenue, Building 1, Suite 165","addressLocality":"KYLE","postalCode":"78640","addressRegion":"TX","addressCountry":"US"},{"@type":"ImageObject","inLanguage":"es","@id":"https:\/\/depurecousa.com\/es\/producto\/cvs-central-aspiracion-estacionaria\/#local-main-organization-logo","url":"https:\/\/depurecousa.com\/app\/uploads\/2023\/06\/depureco-logo-ico.png","contentUrl":"https:\/\/depurecousa.com\/app\/uploads\/2023\/06\/depureco-logo-ico.png","width":512,"height":512,"caption":"Depureco USA"}]},"product_price_currency":"USD","og_availability":"instock","product_availability":"instock","product_condition":"new","geo.placename":"KYLE","geo.position":{"lat":"30.024973508015663","long":"-97.86156736732772"},"geo.region":"Estados Unidos (EEUU)"},"_links":{"self":[{"href":"https:\/\/depurecousa.com\/es\/wp-json\/wp\/v2\/product\/7880","targetHints":{"allow":["GET"]}}],"collection":[{"href":"https:\/\/depurecousa.com\/es\/wp-json\/wp\/v2\/product"}],"about":[{"href":"https:\/\/depurecousa.com\/es\/wp-json\/wp\/v2\/types\/product"}],"wp:featuredmedia":[{"embeddable":true,"href":"https:\/\/depurecousa.com\/es\/wp-json\/wp\/v2\/media\/4983"}],"wp:attachment":[{"href":"https:\/\/depurecousa.com\/es\/wp-json\/wp\/v2\/media?parent=7880"}],"wp:term":[{"taxonomy":"product_brand","embeddable":true,"href":"https:\/\/depurecousa.com\/es\/wp-json\/wp\/v2\/product_brand?post=7880"},{"taxonomy":"product_cat","embeddable":true,"href":"https:\/\/depurecousa.com\/es\/wp-json\/wp\/v2\/product_cat?post=7880"},{"taxonomy":"product_tag","embeddable":true,"href":"https:\/\/depurecousa.com\/es\/wp-json\/wp\/v2\/product_tag?post=7880"}],"curies":[{"name":"wp","href":"https:\/\/api.w.org\/{rel}","templated":true}]}}