{"id":7883,"date":"2023-03-03T05:53:55","date_gmt":"2023-03-03T12:53:55","guid":{"rendered":"https:\/\/depurecousa.com\/product\/ram-oil-280-mp\/"},"modified":"2026-01-14T03:15:25","modified_gmt":"2026-01-14T10:15:25","slug":"ram-oil-280-mp","status":"publish","type":"product","link":"https:\/\/depurecousa.com\/es\/producto\/ram-oil-280-mp\/","title":{"rendered":"RAM OIL 280 MP"},"content":{"rendered":"<p>La aspiradora industrial RAM OIL 280 MP, con un dep\u00f3sito de gran capacidad de 74 galones de l\u00edquido, se utiliza ampliamente para la limpieza de dep\u00f3sitos de m\u00e1quinas CNC. Destaca tanto por la velocidad de limpieza como por la reposici\u00f3n de lubricantes-refrigerantes dentro de los dep\u00f3sitos, aspirando eficazmente virutas y virutas met\u00e1licas.<\/p>\n<p>La potencia de succi\u00f3n de calidad profesional se genera mediante 3 potentes motores de derivaci\u00f3n que se activan con un \u00fanico interruptor, lo que garantiza una velocidad de aspiraci\u00f3n excepcional y una reposici\u00f3n eficaz del l\u00edquido. El dep\u00f3sito de la aspiradora cuenta con una pr\u00e1ctica cesta met\u00e1lica de liberaci\u00f3n r\u00e1pida para separar eficazmente los componentes s\u00f3lidos y l\u00edquidos. Con un filtro de 150 micras, consigue una filtraci\u00f3n m\u00e1s eficaz de las virutas. Con una bomba montada en el exterior, el dep\u00f3sito puede vaciarse r\u00e1pidamente sin dejar residuos. Como la bomba est\u00e1 montada en el exterior, se puede aprovechar toda la capacidad del dep\u00f3sito. La aspiradora viene de serie con el kit de accesorios para aceite y virutas e incluye una pr\u00e1ctica cesta para accesorios y dos ganchos para mangueras.<\/p>\n<p>Para evitar el desbordamiento, un indicador el\u00e9ctrico de nivel dentro del recipiente detiene autom\u00e1ticamente el flujo de aire una vez alcanzada la capacidad m\u00e1xima. La aspiradora viene equipada de serie con una entrada de aspiraci\u00f3n pivotante y el kit de accesorios Perfect Oil, dise\u00f1ado espec\u00edficamente para aspirar m\u00e1quinas CNC.<\/p>\n<p>La aspiradora industrial RAM OIL 280 MP es una soluci\u00f3n fiable y vers\u00e1til para limpiar eficazmente los dep\u00f3sitos de las m\u00e1quinas CNC, con caracter\u00edsticas dise\u00f1adas para mejorar el rendimiento y la facilidad de uso.<\/p>\n<p>&nbsp;<\/p>\n<p><iframe title=\"RAM 280 | OIL&amp;SWARF VACUUM CLEANER\" width=\"800\" height=\"450\" src=\"https:\/\/www.youtube.com\/embed\/9jg_yO_Qz2I?feature=oembed\" frameborder=\"0\" allow=\"accelerometer; autoplay; clipboard-write; encrypted-media; gyroscope; picture-in-picture; web-share\" referrerpolicy=\"strict-origin-when-cross-origin\" allowfullscreen><\/iframe><\/p>\n","protected":false},"excerpt":{"rendered":"<p>La aspiradora industrial RAM OIL 280 MP, con un dep\u00f3sito de gran capacidad de 74 galones de l\u00edquido, se utiliza ampliamente para la limpieza de dep\u00f3sitos de m\u00e1quinas CNC. Destaca tanto por la velocidad de limpieza como por la reposici\u00f3n de lubricantes-refrigerantes dentro de los dep\u00f3sitos, aspirando eficazmente virutas y virutas met\u00e1licas. La potencia de [&hellip;]<\/p>\n","protected":false},"featured_media":13150,"template":"","meta":{"_acf_changed":false,"content-type":"","inline_featured_image":false},"product_brand":[],"product_cat":[189],"product_tag":[],"class_list":{"0":"post-7883","1":"product","2":"type-product","3":"status-publish","4":"has-post-thumbnail","6":"product_cat-aspiradoras-para-liquido-refrigerante-y-virutas-metalicas","8":"first","9":"instock","10":"shipping-taxable","11":"product-type-simple"},"acf":[],"yoast_head":"<!-- This site is optimized with the Yoast SEO Premium plugin v27.3 (Yoast SEO v27.3) - https:\/\/yoast.com\/product\/yoast-seo-premium-wordpress\/ -->\n<title>Vac\u00edo de Sumidero - RAM OIL 280 MP - Depureco USA<\/title>\n<meta name=\"description\" content=\"La aspiradora industrial RAM OIL M PUMP, con una capacidad de dep\u00f3sito de 74 \u00f3 132 galones de l\u00edquido, se utiliza ampliamente para la limpieza de dep\u00f3sitos de m\u00e1quinas CNC.\" \/>\n<meta name=\"robots\" content=\"index, follow, max-snippet:-1, max-image-preview:large, max-video-preview:-1\" \/>\n<link rel=\"canonical\" href=\"https:\/\/depurecousa.com\/es\/producto\/ram-oil-280-mp\/\" \/>\n<meta property=\"og:locale\" content=\"es_ES\" \/>\n<meta property=\"og:type\" content=\"article\" \/>\n<meta property=\"og:title\" content=\"RAM OIL 280 MP\" \/>\n<meta property=\"og:description\" content=\"La aspiradora industrial RAM OIL M PUMP, con una capacidad de dep\u00f3sito de 74 \u00f3 132 galones de l\u00edquido, se utiliza ampliamente para la limpieza de dep\u00f3sitos de m\u00e1quinas CNC.\" \/>\n<meta property=\"og:url\" content=\"https:\/\/depurecousa.com\/es\/producto\/ram-oil-280-mp\/\" \/>\n<meta property=\"og:site_name\" content=\"Depureco USA\" \/>\n<meta property=\"article:publisher\" content=\"https:\/\/www.facebook.com\/DepurecoUSA\/\" \/>\n<meta property=\"article:modified_time\" content=\"2026-01-14T10:15:25+00:00\" \/>\n<meta property=\"og:image\" content=\"https:\/\/depurecousa.com\/app\/uploads\/2023\/03\/13.png\" \/>\n\t<meta property=\"og:image:width\" content=\"600\" \/>\n\t<meta property=\"og:image:height\" content=\"600\" \/>\n\t<meta property=\"og:image:type\" content=\"image\/png\" \/>\n<meta name=\"twitter:card\" content=\"summary_large_image\" \/>\n<meta name=\"twitter:label1\" content=\"Precio\" \/>\n\t<meta name=\"twitter:data1\" content=\"\" \/>\n\t<meta name=\"twitter:label2\" content=\"Disponibilidad\" \/>\n\t<meta name=\"twitter:data2\" content=\"Disponible\" \/>\n<script type=\"application\/ld+json\" class=\"yoast-schema-graph\">{\"@context\":\"https:\\\/\\\/schema.org\",\"@graph\":[{\"@type\":[\"WebPage\",\"ItemPage\"],\"@id\":\"https:\\\/\\\/depurecousa.com\\\/es\\\/producto\\\/ram-oil-280-mp\\\/\",\"url\":\"https:\\\/\\\/depurecousa.com\\\/es\\\/producto\\\/ram-oil-280-mp\\\/\",\"name\":\"Vac\u00edo de Sumidero - RAM OIL 280 MP - Depureco USA\",\"isPartOf\":{\"@id\":\"https:\\\/\\\/depurecousa.com\\\/es\\\/#website\"},\"primaryImageOfPage\":{\"@id\":\"https:\\\/\\\/depurecousa.com\\\/es\\\/producto\\\/ram-oil-280-mp\\\/#primaryimage\"},\"image\":{\"@id\":\"https:\\\/\\\/depurecousa.com\\\/es\\\/producto\\\/ram-oil-280-mp\\\/#primaryimage\"},\"thumbnailUrl\":\"https:\\\/\\\/depurecousa.com\\\/app\\\/uploads\\\/2023\\\/03\\\/13.png\",\"datePublished\":\"2023-03-03T12:53:55+00:00\",\"dateModified\":\"2026-01-14T10:15:25+00:00\",\"description\":\"La aspiradora industrial RAM OIL M PUMP, con una capacidad de dep\u00f3sito de 74 \u00f3 132 galones de l\u00edquido, se utiliza ampliamente para la limpieza de dep\u00f3sitos de m\u00e1quinas CNC.\",\"breadcrumb\":{\"@id\":\"https:\\\/\\\/depurecousa.com\\\/es\\\/producto\\\/ram-oil-280-mp\\\/#breadcrumb\"},\"inLanguage\":\"es\",\"potentialAction\":[{\"@type\":\"ReadAction\",\"target\":[\"https:\\\/\\\/depurecousa.com\\\/es\\\/producto\\\/ram-oil-280-mp\\\/\"]}]},{\"@type\":\"ImageObject\",\"inLanguage\":\"es\",\"@id\":\"https:\\\/\\\/depurecousa.com\\\/es\\\/producto\\\/ram-oil-280-mp\\\/#primaryimage\",\"url\":\"https:\\\/\\\/depurecousa.com\\\/app\\\/uploads\\\/2023\\\/03\\\/13.png\",\"contentUrl\":\"https:\\\/\\\/depurecousa.com\\\/app\\\/uploads\\\/2023\\\/03\\\/13.png\",\"width\":600,\"height\":600,\"caption\":\"ram 280\"},{\"@type\":\"BreadcrumbList\",\"@id\":\"https:\\\/\\\/depurecousa.com\\\/es\\\/producto\\\/ram-oil-280-mp\\\/#breadcrumb\",\"itemListElement\":[{\"@type\":\"ListItem\",\"position\":1,\"name\":\"Home\",\"item\":\"https:\\\/\\\/depurecousa.com\\\/es\\\/hogar\\\/\"},{\"@type\":\"ListItem\",\"position\":2,\"name\":\"Productos\",\"item\":\"https:\\\/\\\/depurecousa.com\\\/es\\\/shop\\\/\"},{\"@type\":\"ListItem\",\"position\":3,\"name\":\"ASPIRADORAS PARA L\u00cdQUIDO REFRIGERANTE Y VIRUTAS MET\u00c1LICAS\",\"item\":\"https:\\\/\\\/depurecousa.com\\\/es\\\/product-category\\\/aspiradoras-para-liquido-refrigerante-y-virutas-metalicas\\\/\"},{\"@type\":\"ListItem\",\"position\":4,\"name\":\"RAM OIL 280 MP\"}]},{\"@type\":\"WebSite\",\"@id\":\"https:\\\/\\\/depurecousa.com\\\/es\\\/#website\",\"url\":\"https:\\\/\\\/depurecousa.com\\\/es\\\/\",\"name\":\"Depureco USA\",\"description\":\"Aspiradoras industriales y sistemas centralizados\",\"publisher\":{\"@id\":\"https:\\\/\\\/depurecousa.com\\\/es\\\/#organization\"},\"potentialAction\":[{\"@type\":\"SearchAction\",\"target\":{\"@type\":\"EntryPoint\",\"urlTemplate\":\"https:\\\/\\\/depurecousa.com\\\/es\\\/?s={search_term_string}\"},\"query-input\":{\"@type\":\"PropertyValueSpecification\",\"valueRequired\":true,\"valueName\":\"search_term_string\"}}],\"inLanguage\":\"es\"},{\"@type\":[\"Organization\",\"Place\"],\"@id\":\"https:\\\/\\\/depurecousa.com\\\/es\\\/#organization\",\"name\":\"Depureco USA\",\"alternateName\":\"Depureco Industrial Vacuums\",\"url\":\"https:\\\/\\\/depurecousa.com\\\/es\\\/\",\"logo\":{\"@id\":\"https:\\\/\\\/depurecousa.com\\\/es\\\/producto\\\/ram-oil-280-mp\\\/#local-main-organization-logo\"},\"image\":{\"@id\":\"https:\\\/\\\/depurecousa.com\\\/es\\\/producto\\\/ram-oil-280-mp\\\/#local-main-organization-logo\"},\"sameAs\":[\"https:\\\/\\\/www.facebook.com\\\/DepurecoUSA\\\/\",\"https:\\\/\\\/www.youtube.com\\\/@depurecousa\",\"https:\\\/\\\/www.linkedin.com\\\/company\\\/depureco-usa\\\/\",\"https:\\\/\\\/www.thomasnet.com\\\/company\\\/depureco-industrial-vacuums-usa-30990947\\\/profile?cov=NA&which=comp&what=depureco&coverage_area=NA&card_position=1&suppliers_in_page=1&page_number=1&headingList=16410201,0,25120189,26781609,26791905,89931042,41260373,45621323,46152609,89920243&isNationalSearch=false\"],\"legalName\":\"Depureco Industrial Vacuums Corp\",\"numberOfEmployees\":{\"@type\":\"QuantitativeValue\",\"minValue\":\"11\",\"maxValue\":\"50\"},\"address\":{\"@id\":\"https:\\\/\\\/depurecousa.com\\\/es\\\/producto\\\/ram-oil-280-mp\\\/#local-main-place-address\"},\"geo\":{\"@type\":\"GeoCoordinates\",\"latitude\":\"30.024973508015663\",\"longitude\":\"-97.86156736732772\"},\"telephone\":[\"7377044347\"],\"contactPoint\":{\"@type\":\"ContactPoint\",\"telephone\":\"7377044347\",\"email\":\"simone.bacciu@depurecousa.com\"},\"openingHoursSpecification\":[{\"@type\":\"OpeningHoursSpecification\",\"dayOfWeek\":[\"Monday\",\"Tuesday\",\"Wednesday\",\"Thursday\",\"Friday\",\"Saturday\",\"Sunday\"],\"opens\":\"09:00\",\"closes\":\"17:00\"}],\"email\":\"info@depurecousa.com\",\"faxNumber\":\"Depureco Industrial Vacuums Corp\",\"areaServed\":\"United States\",\"globalLocationNumber\":\"24FQ+X9 Kyle, Texas\"},{\"@type\":\"PostalAddress\",\"@id\":\"https:\\\/\\\/depurecousa.com\\\/es\\\/producto\\\/ram-oil-280-mp\\\/#local-main-place-address\",\"streetAddress\":\"19121 Marketplace Avenue, Building 1, Suite 165\",\"addressLocality\":\"KYLE\",\"postalCode\":\"78640\",\"addressRegion\":\"TX\",\"addressCountry\":\"US\"},{\"@type\":\"ImageObject\",\"inLanguage\":\"es\",\"@id\":\"https:\\\/\\\/depurecousa.com\\\/es\\\/producto\\\/ram-oil-280-mp\\\/#local-main-organization-logo\",\"url\":\"https:\\\/\\\/depurecousa.com\\\/app\\\/uploads\\\/2023\\\/06\\\/depureco-logo-ico.png\",\"contentUrl\":\"https:\\\/\\\/depurecousa.com\\\/app\\\/uploads\\\/2023\\\/06\\\/depureco-logo-ico.png\",\"width\":512,\"height\":512,\"caption\":\"Depureco USA\"}]}<\/script>\n<meta property=\"product:price:currency\" content=\"USD\" \/>\n<meta property=\"og:availability\" content=\"instock\" \/>\n<meta property=\"product:availability\" content=\"instock\" \/>\n<meta property=\"product:condition\" content=\"new\" \/>\n<meta name=\"geo.placename\" content=\"KYLE\" \/>\n<meta name=\"geo.position\" content=\"30.024973508015663;-97.86156736732772\" \/>\n<meta name=\"geo.region\" content=\"Estados Unidos (EEUU)\" \/>\n<!-- \/ Yoast SEO Premium plugin. -->","yoast_head_json":{"title":"Vac\u00edo de Sumidero - RAM OIL 280 MP - Depureco USA","description":"La aspiradora industrial RAM OIL M PUMP, con una capacidad de dep\u00f3sito de 74 \u00f3 132 galones de l\u00edquido, se utiliza ampliamente para la limpieza de dep\u00f3sitos de m\u00e1quinas CNC.","robots":{"index":"index","follow":"follow","max-snippet":"max-snippet:-1","max-image-preview":"max-image-preview:large","max-video-preview":"max-video-preview:-1"},"canonical":"https:\/\/depurecousa.com\/es\/producto\/ram-oil-280-mp\/","og_locale":"es_ES","og_type":"article","og_title":"RAM OIL 280 MP","og_description":"La aspiradora industrial RAM OIL M PUMP, con una capacidad de dep\u00f3sito de 74 \u00f3 132 galones de l\u00edquido, se utiliza ampliamente para la limpieza de dep\u00f3sitos de m\u00e1quinas CNC.","og_url":"https:\/\/depurecousa.com\/es\/producto\/ram-oil-280-mp\/","og_site_name":"Depureco USA","article_publisher":"https:\/\/www.facebook.com\/DepurecoUSA\/","article_modified_time":"2026-01-14T10:15:25+00:00","og_image":[{"width":600,"height":600,"url":"https:\/\/depurecousa.com\/app\/uploads\/2023\/03\/13.png","type":"image\/png"}],"twitter_card":"summary_large_image","twitter_misc":{"Precio":"","Disponibilidad":"Disponible"},"schema":{"@context":"https:\/\/schema.org","@graph":[{"@type":["WebPage","ItemPage"],"@id":"https:\/\/depurecousa.com\/es\/producto\/ram-oil-280-mp\/","url":"https:\/\/depurecousa.com\/es\/producto\/ram-oil-280-mp\/","name":"Vac\u00edo de Sumidero - RAM OIL 280 MP - Depureco USA","isPartOf":{"@id":"https:\/\/depurecousa.com\/es\/#website"},"primaryImageOfPage":{"@id":"https:\/\/depurecousa.com\/es\/producto\/ram-oil-280-mp\/#primaryimage"},"image":{"@id":"https:\/\/depurecousa.com\/es\/producto\/ram-oil-280-mp\/#primaryimage"},"thumbnailUrl":"https:\/\/depurecousa.com\/app\/uploads\/2023\/03\/13.png","datePublished":"2023-03-03T12:53:55+00:00","dateModified":"2026-01-14T10:15:25+00:00","description":"La aspiradora industrial RAM OIL M PUMP, con una capacidad de dep\u00f3sito de 74 \u00f3 132 galones de l\u00edquido, se utiliza ampliamente para la limpieza de dep\u00f3sitos de m\u00e1quinas CNC.","breadcrumb":{"@id":"https:\/\/depurecousa.com\/es\/producto\/ram-oil-280-mp\/#breadcrumb"},"inLanguage":"es","potentialAction":[{"@type":"ReadAction","target":["https:\/\/depurecousa.com\/es\/producto\/ram-oil-280-mp\/"]}]},{"@type":"ImageObject","inLanguage":"es","@id":"https:\/\/depurecousa.com\/es\/producto\/ram-oil-280-mp\/#primaryimage","url":"https:\/\/depurecousa.com\/app\/uploads\/2023\/03\/13.png","contentUrl":"https:\/\/depurecousa.com\/app\/uploads\/2023\/03\/13.png","width":600,"height":600,"caption":"ram 280"},{"@type":"BreadcrumbList","@id":"https:\/\/depurecousa.com\/es\/producto\/ram-oil-280-mp\/#breadcrumb","itemListElement":[{"@type":"ListItem","position":1,"name":"Home","item":"https:\/\/depurecousa.com\/es\/hogar\/"},{"@type":"ListItem","position":2,"name":"Productos","item":"https:\/\/depurecousa.com\/es\/shop\/"},{"@type":"ListItem","position":3,"name":"ASPIRADORAS PARA L\u00cdQUIDO REFRIGERANTE Y VIRUTAS MET\u00c1LICAS","item":"https:\/\/depurecousa.com\/es\/product-category\/aspiradoras-para-liquido-refrigerante-y-virutas-metalicas\/"},{"@type":"ListItem","position":4,"name":"RAM OIL 280 MP"}]},{"@type":"WebSite","@id":"https:\/\/depurecousa.com\/es\/#website","url":"https:\/\/depurecousa.com\/es\/","name":"Depureco USA","description":"Aspiradoras industriales y sistemas centralizados","publisher":{"@id":"https:\/\/depurecousa.com\/es\/#organization"},"potentialAction":[{"@type":"SearchAction","target":{"@type":"EntryPoint","urlTemplate":"https:\/\/depurecousa.com\/es\/?s={search_term_string}"},"query-input":{"@type":"PropertyValueSpecification","valueRequired":true,"valueName":"search_term_string"}}],"inLanguage":"es"},{"@type":["Organization","Place"],"@id":"https:\/\/depurecousa.com\/es\/#organization","name":"Depureco USA","alternateName":"Depureco Industrial Vacuums","url":"https:\/\/depurecousa.com\/es\/","logo":{"@id":"https:\/\/depurecousa.com\/es\/producto\/ram-oil-280-mp\/#local-main-organization-logo"},"image":{"@id":"https:\/\/depurecousa.com\/es\/producto\/ram-oil-280-mp\/#local-main-organization-logo"},"sameAs":["https:\/\/www.facebook.com\/DepurecoUSA\/","https:\/\/www.youtube.com\/@depurecousa","https:\/\/www.linkedin.com\/company\/depureco-usa\/","https:\/\/www.thomasnet.com\/company\/depureco-industrial-vacuums-usa-30990947\/profile?cov=NA&which=comp&what=depureco&coverage_area=NA&card_position=1&suppliers_in_page=1&page_number=1&headingList=16410201,0,25120189,26781609,26791905,89931042,41260373,45621323,46152609,89920243&isNationalSearch=false"],"legalName":"Depureco Industrial Vacuums Corp","numberOfEmployees":{"@type":"QuantitativeValue","minValue":"11","maxValue":"50"},"address":{"@id":"https:\/\/depurecousa.com\/es\/producto\/ram-oil-280-mp\/#local-main-place-address"},"geo":{"@type":"GeoCoordinates","latitude":"30.024973508015663","longitude":"-97.86156736732772"},"telephone":["7377044347"],"contactPoint":{"@type":"ContactPoint","telephone":"7377044347","email":"simone.bacciu@depurecousa.com"},"openingHoursSpecification":[{"@type":"OpeningHoursSpecification","dayOfWeek":["Monday","Tuesday","Wednesday","Thursday","Friday","Saturday","Sunday"],"opens":"09:00","closes":"17:00"}],"email":"info@depurecousa.com","faxNumber":"Depureco Industrial Vacuums Corp","areaServed":"United States","globalLocationNumber":"24FQ+X9 Kyle, Texas"},{"@type":"PostalAddress","@id":"https:\/\/depurecousa.com\/es\/producto\/ram-oil-280-mp\/#local-main-place-address","streetAddress":"19121 Marketplace Avenue, Building 1, Suite 165","addressLocality":"KYLE","postalCode":"78640","addressRegion":"TX","addressCountry":"US"},{"@type":"ImageObject","inLanguage":"es","@id":"https:\/\/depurecousa.com\/es\/producto\/ram-oil-280-mp\/#local-main-organization-logo","url":"https:\/\/depurecousa.com\/app\/uploads\/2023\/06\/depureco-logo-ico.png","contentUrl":"https:\/\/depurecousa.com\/app\/uploads\/2023\/06\/depureco-logo-ico.png","width":512,"height":512,"caption":"Depureco USA"}]},"product_price_currency":"USD","og_availability":"instock","product_availability":"instock","product_condition":"new","geo.placename":"KYLE","geo.position":{"lat":"30.024973508015663","long":"-97.86156736732772"},"geo.region":"Estados Unidos (EEUU)"},"_links":{"self":[{"href":"https:\/\/depurecousa.com\/es\/wp-json\/wp\/v2\/product\/7883","targetHints":{"allow":["GET"]}}],"collection":[{"href":"https:\/\/depurecousa.com\/es\/wp-json\/wp\/v2\/product"}],"about":[{"href":"https:\/\/depurecousa.com\/es\/wp-json\/wp\/v2\/types\/product"}],"wp:featuredmedia":[{"embeddable":true,"href":"https:\/\/depurecousa.com\/es\/wp-json\/wp\/v2\/media\/13150"}],"wp:attachment":[{"href":"https:\/\/depurecousa.com\/es\/wp-json\/wp\/v2\/media?parent=7883"}],"wp:term":[{"taxonomy":"product_brand","embeddable":true,"href":"https:\/\/depurecousa.com\/es\/wp-json\/wp\/v2\/product_brand?post=7883"},{"taxonomy":"product_cat","embeddable":true,"href":"https:\/\/depurecousa.com\/es\/wp-json\/wp\/v2\/product_cat?post=7883"},{"taxonomy":"product_tag","embeddable":true,"href":"https:\/\/depurecousa.com\/es\/wp-json\/wp\/v2\/product_tag?post=7883"}],"curies":[{"name":"wp","href":"https:\/\/api.w.org\/{rel}","templated":true}]}}