{"id":7884,"date":"2023-06-08T08:48:50","date_gmt":"2023-06-08T14:48:50","guid":{"rendered":"https:\/\/depurecousa.com\/product\/puma-fix\/"},"modified":"2025-05-07T10:02:15","modified_gmt":"2025-05-07T16:02:15","slug":"aspiradora-puma-fix","status":"publish","type":"product","link":"https:\/\/depurecousa.com\/es\/producto\/aspiradora-puma-fix\/","title":{"rendered":"PUMA FIX"},"content":{"rendered":"<p>La PUMA FIX incorpora un soplante paralelo de canal lateral de doble etapa y gran caudal de aire, que garantiza un caudal m\u00e1ximo de hasta 540 m3\/h. Viene con una v\u00e1lvula de seguridad rompevac\u00edo est\u00e1ndar. La potencia de la aspiradora puede ajustarse mediante un inversor situado en el cuadro el\u00e9ctrico, en funci\u00f3n del n\u00famero de boquillas que se utilicen en el sistema. La eficaz aspiraci\u00f3n tangencial, combinada con un robusto cicl\u00f3n soldado en el interior de la c\u00e1mara filtrante, garantiza un excelente rendimiento, incluso con part\u00edculas de polvo muy finas. Al entrar tangencialmente, el material se encuentra con el cicl\u00f3n y se ralentiza debido a la fricci\u00f3n, cayendo directamente en el contenedor. Este sistema es muy eficaz para proteger el filtro del material aspirado. El medio filtrante consta de cuatro cartuchos de poli\u00e9ster aluminizado de alto gramaje de clase M, certificados por el BIA Berufsgenossenschaftliches Institut f\u00fcr Arbeitssicherheit, que proporcionan una eficacia de filtraci\u00f3n de 1\u00b5. Un sistema autom\u00e1tico de contra soplado garantiza que los filtros permanezcan limpios, incluso cuando se trabaja con tipos de polvo dif\u00edciles. El proceso de limpieza est\u00e1 totalmente automatizado y no requiere la intervenci\u00f3n de ning\u00fan operario. La aspiradora industrial PUMA FIX de Depureco est\u00e1 equipada con un pr\u00e1ctico y resistente contenedor de 46 galones, que incorpora un sistema de liberaci\u00f3n para desechar c\u00f3modamente el material aspirado. Para facilitar la manipulaci\u00f3n, el contenedor cuenta con cuatro ruedas giratorias montadas sobre soportes reforzados, lo que permite una f\u00e1cil maniobrabilidad incluso cuando est\u00e1 cargado con una cantidad importante de material. Adem\u00e1s, se puede solicitar un kit de manipulaci\u00f3n y descarga con carretilla elevadora.<\/p>\n","protected":false},"excerpt":{"rendered":"<p>La PUMA FIX incorpora un soplante paralelo de canal lateral de doble etapa y gran caudal de aire, que garantiza un caudal m\u00e1ximo de hasta 540 m3\/h. Viene con una v\u00e1lvula de seguridad rompevac\u00edo est\u00e1ndar. La potencia de la aspiradora puede ajustarse mediante un inversor situado en el cuadro el\u00e9ctrico, en funci\u00f3n del n\u00famero de [&hellip;]<\/p>\n","protected":false},"featured_media":3911,"template":"","meta":{"_acf_changed":false,"content-type":"","inline_featured_image":false},"product_brand":[],"product_cat":[182],"product_tag":[],"class_list":{"0":"post-7884","1":"product","2":"type-product","3":"status-publish","4":"has-post-thumbnail","6":"product_cat-sistemas-de-aspiracion-centralizada","8":"first","9":"instock","10":"shipping-taxable","11":"product-type-simple"},"acf":[],"yoast_head":"<!-- This site is optimized with the Yoast SEO Premium plugin v27.0 (Yoast SEO v27.3) - https:\/\/yoast.com\/product\/yoast-seo-premium-wordpress\/ -->\n<title>Aspiradora Industrial Estacionaria PUMA FIX | Depureco USA<\/title>\n<meta name=\"description\" content=\"La PUMA FIX es una aspiradora industrial estacionaria con soplante de doble etapa y gran caudal. Cuenta con un sistema autom\u00e1tico de limpieza de filtros y un contenedor de 46 galones con ruedas para f\u00e1cil manejo. Ideal para aplicaciones de polvo fino.\" \/>\n<meta name=\"robots\" content=\"index, follow, max-snippet:-1, max-image-preview:large, max-video-preview:-1\" \/>\n<link rel=\"canonical\" href=\"https:\/\/depurecousa.com\/es\/producto\/aspiradora-puma-fix\/\" \/>\n<meta property=\"og:locale\" content=\"es_ES\" \/>\n<meta property=\"og:type\" content=\"article\" \/>\n<meta property=\"og:title\" content=\"PUMA FIX\" \/>\n<meta property=\"og:description\" content=\"La PUMA FIX es una aspiradora industrial estacionaria con soplante de doble etapa y gran caudal. Cuenta con un sistema autom\u00e1tico de limpieza de filtros y un contenedor de 46 galones con ruedas para f\u00e1cil manejo. Ideal para aplicaciones de polvo fino.\" \/>\n<meta property=\"og:url\" content=\"https:\/\/depurecousa.com\/es\/producto\/aspiradora-puma-fix\/\" \/>\n<meta property=\"og:site_name\" content=\"Depureco USA\" \/>\n<meta property=\"article:modified_time\" content=\"2025-05-07T16:02:15+00:00\" \/>\n<meta property=\"og:image\" content=\"https:\/\/depurecousa.com\/app\/uploads\/2023\/06\/puma_fix_ridutta.webp\" \/>\n\t<meta property=\"og:image:width\" content=\"700\" \/>\n\t<meta property=\"og:image:height\" content=\"933\" \/>\n\t<meta property=\"og:image:type\" content=\"image\/webp\" \/>\n<meta name=\"twitter:card\" content=\"summary_large_image\" \/>\n<meta name=\"twitter:label1\" content=\"Precio\" \/>\n\t<meta name=\"twitter:data1\" content=\"\" \/>\n\t<meta name=\"twitter:label2\" content=\"Disponibilidad\" \/>\n\t<meta name=\"twitter:data2\" content=\"Disponible\" \/>\n<script type=\"application\/ld+json\" class=\"yoast-schema-graph\">{\"@context\":\"https:\\\/\\\/schema.org\",\"@graph\":[{\"@type\":[\"WebPage\",\"ItemPage\"],\"@id\":\"https:\\\/\\\/depurecousa.com\\\/es\\\/producto\\\/aspiradora-puma-fix\\\/\",\"url\":\"https:\\\/\\\/depurecousa.com\\\/es\\\/producto\\\/aspiradora-puma-fix\\\/\",\"name\":\"Aspiradora Industrial Estacionaria PUMA FIX | Depureco USA\",\"isPartOf\":{\"@id\":\"https:\\\/\\\/depurecousa.com\\\/#website\"},\"primaryImageOfPage\":{\"@id\":\"https:\\\/\\\/depurecousa.com\\\/es\\\/producto\\\/aspiradora-puma-fix\\\/#primaryimage\"},\"image\":{\"@id\":\"https:\\\/\\\/depurecousa.com\\\/es\\\/producto\\\/aspiradora-puma-fix\\\/#primaryimage\"},\"thumbnailUrl\":\"https:\\\/\\\/depurecousa.com\\\/app\\\/uploads\\\/2023\\\/06\\\/puma_fix_ridutta.webp\",\"datePublished\":\"2023-06-08T14:48:50+00:00\",\"dateModified\":\"2025-05-07T16:02:15+00:00\",\"description\":\"La PUMA FIX es una aspiradora industrial estacionaria con soplante de doble etapa y gran caudal. Cuenta con un sistema autom\u00e1tico de limpieza de filtros y un contenedor de 46 galones con ruedas para f\u00e1cil manejo. Ideal para aplicaciones de polvo fino.\",\"breadcrumb\":{\"@id\":\"https:\\\/\\\/depurecousa.com\\\/es\\\/producto\\\/aspiradora-puma-fix\\\/#breadcrumb\"},\"inLanguage\":\"es\",\"potentialAction\":[{\"@type\":\"ReadAction\",\"target\":[\"https:\\\/\\\/depurecousa.com\\\/es\\\/producto\\\/aspiradora-puma-fix\\\/\"]}]},{\"@type\":\"ImageObject\",\"inLanguage\":\"es\",\"@id\":\"https:\\\/\\\/depurecousa.com\\\/es\\\/producto\\\/aspiradora-puma-fix\\\/#primaryimage\",\"url\":\"https:\\\/\\\/depurecousa.com\\\/app\\\/uploads\\\/2023\\\/06\\\/puma_fix_ridutta.webp\",\"contentUrl\":\"https:\\\/\\\/depurecousa.com\\\/app\\\/uploads\\\/2023\\\/06\\\/puma_fix_ridutta.webp\",\"width\":700,\"height\":933},{\"@type\":\"BreadcrumbList\",\"@id\":\"https:\\\/\\\/depurecousa.com\\\/es\\\/producto\\\/aspiradora-puma-fix\\\/#breadcrumb\",\"itemListElement\":[{\"@type\":\"ListItem\",\"position\":1,\"name\":\"Home\",\"item\":\"https:\\\/\\\/depurecousa.com\\\/es\\\/hogar\\\/\"},{\"@type\":\"ListItem\",\"position\":2,\"name\":\"Products\",\"item\":\"https:\\\/\\\/depurecousa.com\\\/shop\\\/\"},{\"@type\":\"ListItem\",\"position\":3,\"name\":\"CENTRAL VACUUM SYSTEMS\",\"item\":\"https:\\\/\\\/depurecousa.com\\\/product-category\\\/central-vacuum-systems\\\/\"},{\"@type\":\"ListItem\",\"position\":4,\"name\":\"PUMA FIX\"}]},{\"@type\":\"WebSite\",\"@id\":\"https:\\\/\\\/depurecousa.com\\\/#website\",\"url\":\"https:\\\/\\\/depurecousa.com\\\/\",\"name\":\"Depureco USA\",\"description\":\"Aspiradoras industriales y sistemas centralizados\",\"publisher\":{\"@id\":\"https:\\\/\\\/depurecousa.com\\\/#organization\"},\"potentialAction\":[{\"@type\":\"SearchAction\",\"target\":{\"@type\":\"EntryPoint\",\"urlTemplate\":\"https:\\\/\\\/depurecousa.com\\\/?s={search_term_string}\"},\"query-input\":{\"@type\":\"PropertyValueSpecification\",\"valueRequired\":true,\"valueName\":\"search_term_string\"}}],\"inLanguage\":\"es\"},{\"@type\":[\"Organization\",\"Place\"],\"@id\":\"https:\\\/\\\/depurecousa.com\\\/#organization\",\"name\":\"Depureco USA\",\"url\":\"https:\\\/\\\/depurecousa.com\\\/\",\"logo\":{\"@id\":\"https:\\\/\\\/depurecousa.com\\\/es\\\/producto\\\/aspiradora-puma-fix\\\/#local-main-organization-logo\"},\"image\":{\"@id\":\"https:\\\/\\\/depurecousa.com\\\/es\\\/producto\\\/aspiradora-puma-fix\\\/#local-main-organization-logo\"},\"address\":{\"@id\":\"https:\\\/\\\/depurecousa.com\\\/es\\\/producto\\\/aspiradora-puma-fix\\\/#local-main-place-address\"},\"geo\":{\"@type\":\"GeoCoordinates\",\"latitude\":\"30.024973508015663\",\"longitude\":\"-97.86156736732772\"},\"telephone\":[\"7377044347\"],\"contactPoint\":{\"@type\":\"ContactPoint\",\"telephone\":\"7377044347\",\"email\":\"simone.bacciu@depurecousa.com\"},\"openingHoursSpecification\":[{\"@type\":\"OpeningHoursSpecification\",\"dayOfWeek\":[\"Monday\",\"Tuesday\",\"Wednesday\",\"Thursday\",\"Friday\",\"Saturday\",\"Sunday\"],\"opens\":\"09:00\",\"closes\":\"17:00\"}],\"email\":\"info@depurecousa.com\",\"faxNumber\":\"Depureco Industrial Vacuums Corp\",\"areaServed\":\"United States\",\"globalLocationNumber\":\"24FQ+X9 Kyle, Texas\"},{\"@type\":\"PostalAddress\",\"@id\":\"https:\\\/\\\/depurecousa.com\\\/es\\\/producto\\\/aspiradora-puma-fix\\\/#local-main-place-address\",\"streetAddress\":\"19121 Marketplace Avenue, Building 1, Suite 165\",\"addressLocality\":\"KYLE\",\"postalCode\":\"78640\",\"addressRegion\":\"TX\",\"addressCountry\":\"US\"},{\"@type\":\"ImageObject\",\"inLanguage\":\"es\",\"@id\":\"https:\\\/\\\/depurecousa.com\\\/es\\\/producto\\\/aspiradora-puma-fix\\\/#local-main-organization-logo\",\"url\":\"https:\\\/\\\/depurecousa.com\\\/app\\\/uploads\\\/2023\\\/06\\\/depureco-logo-ico.png\",\"contentUrl\":\"https:\\\/\\\/depurecousa.com\\\/app\\\/uploads\\\/2023\\\/06\\\/depureco-logo-ico.png\",\"width\":512,\"height\":512,\"caption\":\"Depureco USA\"}]}<\/script>\n<meta property=\"product:price:currency\" content=\"USD\" \/>\n<meta property=\"og:availability\" content=\"instock\" \/>\n<meta property=\"product:availability\" content=\"instock\" \/>\n<meta property=\"product:condition\" content=\"new\" \/>\n<meta name=\"geo.placename\" content=\"KYLE\" \/>\n<meta name=\"geo.position\" content=\"30.024973508015663;-97.86156736732772\" \/>\n<meta name=\"geo.region\" content=\"Estados Unidos (EEUU)\" \/>\n<!-- \/ Yoast SEO Premium plugin. -->","yoast_head_json":{"title":"Aspiradora Industrial Estacionaria PUMA FIX | Depureco USA","description":"La PUMA FIX es una aspiradora industrial estacionaria con soplante de doble etapa y gran caudal. Cuenta con un sistema autom\u00e1tico de limpieza de filtros y un contenedor de 46 galones con ruedas para f\u00e1cil manejo. Ideal para aplicaciones de polvo fino.","robots":{"index":"index","follow":"follow","max-snippet":"max-snippet:-1","max-image-preview":"max-image-preview:large","max-video-preview":"max-video-preview:-1"},"canonical":"https:\/\/depurecousa.com\/es\/producto\/aspiradora-puma-fix\/","og_locale":"es_ES","og_type":"article","og_title":"PUMA FIX","og_description":"La PUMA FIX es una aspiradora industrial estacionaria con soplante de doble etapa y gran caudal. Cuenta con un sistema autom\u00e1tico de limpieza de filtros y un contenedor de 46 galones con ruedas para f\u00e1cil manejo. Ideal para aplicaciones de polvo fino.","og_url":"https:\/\/depurecousa.com\/es\/producto\/aspiradora-puma-fix\/","og_site_name":"Depureco USA","article_modified_time":"2025-05-07T16:02:15+00:00","og_image":[{"width":700,"height":933,"url":"https:\/\/depurecousa.com\/app\/uploads\/2023\/06\/puma_fix_ridutta.webp","type":"image\/webp"}],"twitter_card":"summary_large_image","twitter_misc":{"Precio":"","Disponibilidad":"Disponible"},"schema":{"@context":"https:\/\/schema.org","@graph":[{"@type":["WebPage","ItemPage"],"@id":"https:\/\/depurecousa.com\/es\/producto\/aspiradora-puma-fix\/","url":"https:\/\/depurecousa.com\/es\/producto\/aspiradora-puma-fix\/","name":"Aspiradora Industrial Estacionaria PUMA FIX | Depureco USA","isPartOf":{"@id":"https:\/\/depurecousa.com\/#website"},"primaryImageOfPage":{"@id":"https:\/\/depurecousa.com\/es\/producto\/aspiradora-puma-fix\/#primaryimage"},"image":{"@id":"https:\/\/depurecousa.com\/es\/producto\/aspiradora-puma-fix\/#primaryimage"},"thumbnailUrl":"https:\/\/depurecousa.com\/app\/uploads\/2023\/06\/puma_fix_ridutta.webp","datePublished":"2023-06-08T14:48:50+00:00","dateModified":"2025-05-07T16:02:15+00:00","description":"La PUMA FIX es una aspiradora industrial estacionaria con soplante de doble etapa y gran caudal. Cuenta con un sistema autom\u00e1tico de limpieza de filtros y un contenedor de 46 galones con ruedas para f\u00e1cil manejo. Ideal para aplicaciones de polvo fino.","breadcrumb":{"@id":"https:\/\/depurecousa.com\/es\/producto\/aspiradora-puma-fix\/#breadcrumb"},"inLanguage":"es","potentialAction":[{"@type":"ReadAction","target":["https:\/\/depurecousa.com\/es\/producto\/aspiradora-puma-fix\/"]}]},{"@type":"ImageObject","inLanguage":"es","@id":"https:\/\/depurecousa.com\/es\/producto\/aspiradora-puma-fix\/#primaryimage","url":"https:\/\/depurecousa.com\/app\/uploads\/2023\/06\/puma_fix_ridutta.webp","contentUrl":"https:\/\/depurecousa.com\/app\/uploads\/2023\/06\/puma_fix_ridutta.webp","width":700,"height":933},{"@type":"BreadcrumbList","@id":"https:\/\/depurecousa.com\/es\/producto\/aspiradora-puma-fix\/#breadcrumb","itemListElement":[{"@type":"ListItem","position":1,"name":"Home","item":"https:\/\/depurecousa.com\/es\/hogar\/"},{"@type":"ListItem","position":2,"name":"Products","item":"https:\/\/depurecousa.com\/shop\/"},{"@type":"ListItem","position":3,"name":"CENTRAL VACUUM SYSTEMS","item":"https:\/\/depurecousa.com\/product-category\/central-vacuum-systems\/"},{"@type":"ListItem","position":4,"name":"PUMA FIX"}]},{"@type":"WebSite","@id":"https:\/\/depurecousa.com\/#website","url":"https:\/\/depurecousa.com\/","name":"Depureco USA","description":"Aspiradoras industriales y sistemas centralizados","publisher":{"@id":"https:\/\/depurecousa.com\/#organization"},"potentialAction":[{"@type":"SearchAction","target":{"@type":"EntryPoint","urlTemplate":"https:\/\/depurecousa.com\/?s={search_term_string}"},"query-input":{"@type":"PropertyValueSpecification","valueRequired":true,"valueName":"search_term_string"}}],"inLanguage":"es"},{"@type":["Organization","Place"],"@id":"https:\/\/depurecousa.com\/#organization","name":"Depureco USA","url":"https:\/\/depurecousa.com\/","logo":{"@id":"https:\/\/depurecousa.com\/es\/producto\/aspiradora-puma-fix\/#local-main-organization-logo"},"image":{"@id":"https:\/\/depurecousa.com\/es\/producto\/aspiradora-puma-fix\/#local-main-organization-logo"},"address":{"@id":"https:\/\/depurecousa.com\/es\/producto\/aspiradora-puma-fix\/#local-main-place-address"},"geo":{"@type":"GeoCoordinates","latitude":"30.024973508015663","longitude":"-97.86156736732772"},"telephone":["7377044347"],"contactPoint":{"@type":"ContactPoint","telephone":"7377044347","email":"simone.bacciu@depurecousa.com"},"openingHoursSpecification":[{"@type":"OpeningHoursSpecification","dayOfWeek":["Monday","Tuesday","Wednesday","Thursday","Friday","Saturday","Sunday"],"opens":"09:00","closes":"17:00"}],"email":"info@depurecousa.com","faxNumber":"Depureco Industrial Vacuums Corp","areaServed":"United States","globalLocationNumber":"24FQ+X9 Kyle, Texas"},{"@type":"PostalAddress","@id":"https:\/\/depurecousa.com\/es\/producto\/aspiradora-puma-fix\/#local-main-place-address","streetAddress":"19121 Marketplace Avenue, Building 1, Suite 165","addressLocality":"KYLE","postalCode":"78640","addressRegion":"TX","addressCountry":"US"},{"@type":"ImageObject","inLanguage":"es","@id":"https:\/\/depurecousa.com\/es\/producto\/aspiradora-puma-fix\/#local-main-organization-logo","url":"https:\/\/depurecousa.com\/app\/uploads\/2023\/06\/depureco-logo-ico.png","contentUrl":"https:\/\/depurecousa.com\/app\/uploads\/2023\/06\/depureco-logo-ico.png","width":512,"height":512,"caption":"Depureco USA"}]},"product_price_currency":"USD","og_availability":"instock","product_availability":"instock","product_condition":"new","geo.placename":"KYLE","geo.position":{"lat":"30.024973508015663","long":"-97.86156736732772"},"geo.region":"Estados Unidos (EEUU)"},"_links":{"self":[{"href":"https:\/\/depurecousa.com\/es\/wp-json\/wp\/v2\/product\/7884","targetHints":{"allow":["GET"]}}],"collection":[{"href":"https:\/\/depurecousa.com\/es\/wp-json\/wp\/v2\/product"}],"about":[{"href":"https:\/\/depurecousa.com\/es\/wp-json\/wp\/v2\/types\/product"}],"wp:featuredmedia":[{"embeddable":true,"href":"https:\/\/depurecousa.com\/es\/wp-json\/wp\/v2\/media\/3911"}],"wp:attachment":[{"href":"https:\/\/depurecousa.com\/es\/wp-json\/wp\/v2\/media?parent=7884"}],"wp:term":[{"taxonomy":"product_brand","embeddable":true,"href":"https:\/\/depurecousa.com\/es\/wp-json\/wp\/v2\/product_brand?post=7884"},{"taxonomy":"product_cat","embeddable":true,"href":"https:\/\/depurecousa.com\/es\/wp-json\/wp\/v2\/product_cat?post=7884"},{"taxonomy":"product_tag","embeddable":true,"href":"https:\/\/depurecousa.com\/es\/wp-json\/wp\/v2\/product_tag?post=7884"}],"curies":[{"name":"wp","href":"https:\/\/api.w.org\/{rel}","templated":true}]}}