{"id":7891,"date":"2023-02-02T03:43:43","date_gmt":"2023-02-02T10:43:43","guid":{"rendered":"https:\/\/depurecousa.com\/product\/tx\/"},"modified":"2024-10-17T04:29:53","modified_gmt":"2024-10-17T10:29:53","slug":"tx","status":"publish","type":"product","link":"https:\/\/depurecousa.com\/es\/producto\/tx\/","title":{"rendered":"TX"},"content":{"rendered":"<p>La aspiradora industrial TX se distingue por su impresionante potencia, maniobrabilidad y dise\u00f1o compacto. Est\u00e1 equipada con una turbina de canal lateral de 4 kW, que garantiza un funcionamiento continuo sin necesidad de mantenimiento frecuente. La c\u00e1mara de filtrado aloja un filtro de poli\u00e9ster de generosas dimensiones con una gran superficie de 5890,01 pulg2. Este filtro est\u00e1 certificado como Clase M, lo que garantiza una filtraci\u00f3n eficaz con una eficiencia de filtraci\u00f3n de 1 micra, incluso para las part\u00edculas de polvo m\u00e1s finas. Dependiendo de la aplicaci\u00f3n profesional espec\u00edfica, se pueden instalar filtros alternativos en esta aspiradora industrial de la gama trif\u00e1sica Depureco. Las opciones incluyen filtros repelentes al agua de tefl\u00f3n, filtros de Nomex que pueden soportar temperaturas de hasta 482 \u00b0F y filtros tratados con PTFE para una mejor fijaci\u00f3n del polvo dif\u00edcil. A petici\u00f3n, la unidad puede equiparse con un filtro absoluto H14. La aspiradora industrial TX est\u00e1 equipada con un gran contenedor desmontable de 26 galones, montado sobre ruedas para facilitar la movilidad y el vaciado sin esfuerzo del material recogido. Tambi\u00e9n se pueden utilizar bolsas de recogida para mayor comodidad. Adem\u00e1s, se puede incorporar al contenedor un sistema de flotaci\u00f3n que permita aspirar l\u00edquidos de forma segura.<\/p>\n<p>&nbsp;<\/p>\n<p><iframe title=\"Three-phase Industrial Vacuum Cleaner: TX range of Industrial Cleaning Tasks\" width=\"800\" height=\"450\" src=\"https:\/\/www.youtube.com\/embed\/pP6NQpnV3zc?feature=oembed\" frameborder=\"0\" allow=\"accelerometer; autoplay; clipboard-write; encrypted-media; gyroscope; picture-in-picture; web-share\" referrerpolicy=\"strict-origin-when-cross-origin\" allowfullscreen><\/iframe><\/p>\n","protected":false},"excerpt":{"rendered":"<p>La aspiradora industrial TX se distingue por su impresionante potencia, maniobrabilidad y dise\u00f1o compacto. Est\u00e1 equipada con una turbina de canal lateral de 4 kW, que garantiza un funcionamiento continuo sin necesidad de mantenimiento frecuente. La c\u00e1mara de filtrado aloja un filtro de poli\u00e9ster de generosas dimensiones con una gran superficie de 5890,01 pulg2. Este [&hellip;]<\/p>\n","protected":false},"featured_media":3884,"template":"","meta":{"_acf_changed":false,"content-type":"","inline_featured_image":false},"product_brand":[],"product_cat":[186],"product_tag":[],"class_list":{"0":"post-7891","1":"product","2":"type-product","3":"status-publish","4":"has-post-thumbnail","6":"product_cat-aspiradoras-industriales-trifasicas-para-trabajos-pesados","8":"first","9":"instock","10":"shipping-taxable","11":"product-type-simple"},"acf":[],"yoast_head":"<!-- This site is optimized with the Yoast SEO Premium plugin v27.0 (Yoast SEO v27.3) - https:\/\/yoast.com\/product\/yoast-seo-premium-wordpress\/ -->\n<title>Aspiradoras Industriales Trif\u00e1sicas de Gran Potencia TX - Depureco USA<\/title>\n<meta name=\"description\" content=\"La aspiradora industrial TX se distingue por su impresionante potencia, maniobrabilidad y dise\u00f1o compacto.\" \/>\n<meta name=\"robots\" content=\"index, follow, max-snippet:-1, max-image-preview:large, max-video-preview:-1\" \/>\n<link rel=\"canonical\" href=\"https:\/\/depurecousa.com\/es\/producto\/tx\/\" \/>\n<meta property=\"og:locale\" content=\"es_ES\" \/>\n<meta property=\"og:type\" content=\"article\" \/>\n<meta property=\"og:title\" content=\"TX\" \/>\n<meta property=\"og:description\" content=\"La aspiradora industrial TX se distingue por su impresionante potencia, maniobrabilidad y dise\u00f1o compacto.\" \/>\n<meta property=\"og:url\" content=\"https:\/\/depurecousa.com\/es\/producto\/tx\/\" \/>\n<meta property=\"og:site_name\" content=\"Depureco USA\" \/>\n<meta property=\"article:modified_time\" content=\"2024-10-17T10:29:53+00:00\" \/>\n<meta property=\"og:image\" content=\"https:\/\/depurecousa.com\/app\/uploads\/2023\/06\/tx_300_400p_400s_550p_550s_750-20210412-0848.webp\" \/>\n\t<meta property=\"og:image:width\" content=\"400\" \/>\n\t<meta property=\"og:image:height\" content=\"400\" \/>\n\t<meta property=\"og:image:type\" content=\"image\/webp\" \/>\n<meta name=\"twitter:card\" content=\"summary_large_image\" \/>\n<meta name=\"twitter:label1\" content=\"Precio\" \/>\n\t<meta name=\"twitter:data1\" content=\"\" \/>\n\t<meta name=\"twitter:label2\" content=\"Disponibilidad\" \/>\n\t<meta name=\"twitter:data2\" content=\"Disponible\" \/>\n<script type=\"application\/ld+json\" class=\"yoast-schema-graph\">{\"@context\":\"https:\\\/\\\/schema.org\",\"@graph\":[{\"@type\":[\"WebPage\",\"ItemPage\"],\"@id\":\"https:\\\/\\\/depurecousa.com\\\/es\\\/producto\\\/tx\\\/\",\"url\":\"https:\\\/\\\/depurecousa.com\\\/es\\\/producto\\\/tx\\\/\",\"name\":\"Aspiradoras Industriales Trif\u00e1sicas de Gran Potencia TX - Depureco USA\",\"isPartOf\":{\"@id\":\"https:\\\/\\\/depurecousa.com\\\/#website\"},\"primaryImageOfPage\":{\"@id\":\"https:\\\/\\\/depurecousa.com\\\/es\\\/producto\\\/tx\\\/#primaryimage\"},\"image\":{\"@id\":\"https:\\\/\\\/depurecousa.com\\\/es\\\/producto\\\/tx\\\/#primaryimage\"},\"thumbnailUrl\":\"https:\\\/\\\/depurecousa.com\\\/app\\\/uploads\\\/2023\\\/06\\\/tx_300_400p_400s_550p_550s_750-20210412-0848.webp\",\"datePublished\":\"2023-02-02T10:43:43+00:00\",\"dateModified\":\"2024-10-17T10:29:53+00:00\",\"description\":\"La aspiradora industrial TX se distingue por su impresionante potencia, maniobrabilidad y dise\u00f1o compacto.\",\"breadcrumb\":{\"@id\":\"https:\\\/\\\/depurecousa.com\\\/es\\\/producto\\\/tx\\\/#breadcrumb\"},\"inLanguage\":\"es\",\"potentialAction\":[{\"@type\":\"ReadAction\",\"target\":[\"https:\\\/\\\/depurecousa.com\\\/es\\\/producto\\\/tx\\\/\"]}]},{\"@type\":\"ImageObject\",\"inLanguage\":\"es\",\"@id\":\"https:\\\/\\\/depurecousa.com\\\/es\\\/producto\\\/tx\\\/#primaryimage\",\"url\":\"https:\\\/\\\/depurecousa.com\\\/app\\\/uploads\\\/2023\\\/06\\\/tx_300_400p_400s_550p_550s_750-20210412-0848.webp\",\"contentUrl\":\"https:\\\/\\\/depurecousa.com\\\/app\\\/uploads\\\/2023\\\/06\\\/tx_300_400p_400s_550p_550s_750-20210412-0848.webp\",\"width\":400,\"height\":400},{\"@type\":\"BreadcrumbList\",\"@id\":\"https:\\\/\\\/depurecousa.com\\\/es\\\/producto\\\/tx\\\/#breadcrumb\",\"itemListElement\":[{\"@type\":\"ListItem\",\"position\":1,\"name\":\"Home\",\"item\":\"https:\\\/\\\/depurecousa.com\\\/es\\\/hogar\\\/\"},{\"@type\":\"ListItem\",\"position\":2,\"name\":\"Products\",\"item\":\"https:\\\/\\\/depurecousa.com\\\/shop\\\/\"},{\"@type\":\"ListItem\",\"position\":3,\"name\":\"HEAVY DUTY THREEPHASE INDUSTRIAL VACUUMS\",\"item\":\"https:\\\/\\\/depurecousa.com\\\/product-category\\\/heavy-dutu-threephase-industrial-vacuums\\\/\"},{\"@type\":\"ListItem\",\"position\":4,\"name\":\"TX\"}]},{\"@type\":\"WebSite\",\"@id\":\"https:\\\/\\\/depurecousa.com\\\/#website\",\"url\":\"https:\\\/\\\/depurecousa.com\\\/\",\"name\":\"Depureco USA\",\"description\":\"Aspiradoras industriales y sistemas centralizados\",\"publisher\":{\"@id\":\"https:\\\/\\\/depurecousa.com\\\/#organization\"},\"potentialAction\":[{\"@type\":\"SearchAction\",\"target\":{\"@type\":\"EntryPoint\",\"urlTemplate\":\"https:\\\/\\\/depurecousa.com\\\/?s={search_term_string}\"},\"query-input\":{\"@type\":\"PropertyValueSpecification\",\"valueRequired\":true,\"valueName\":\"search_term_string\"}}],\"inLanguage\":\"es\"},{\"@type\":[\"Organization\",\"Place\"],\"@id\":\"https:\\\/\\\/depurecousa.com\\\/#organization\",\"name\":\"Depureco USA\",\"url\":\"https:\\\/\\\/depurecousa.com\\\/\",\"logo\":{\"@id\":\"https:\\\/\\\/depurecousa.com\\\/es\\\/producto\\\/tx\\\/#local-main-organization-logo\"},\"image\":{\"@id\":\"https:\\\/\\\/depurecousa.com\\\/es\\\/producto\\\/tx\\\/#local-main-organization-logo\"},\"address\":{\"@id\":\"https:\\\/\\\/depurecousa.com\\\/es\\\/producto\\\/tx\\\/#local-main-place-address\"},\"geo\":{\"@type\":\"GeoCoordinates\",\"latitude\":\"30.024973508015663\",\"longitude\":\"-97.86156736732772\"},\"telephone\":[\"7377044347\"],\"contactPoint\":{\"@type\":\"ContactPoint\",\"telephone\":\"7377044347\",\"email\":\"simone.bacciu@depurecousa.com\"},\"openingHoursSpecification\":[{\"@type\":\"OpeningHoursSpecification\",\"dayOfWeek\":[\"Monday\",\"Tuesday\",\"Wednesday\",\"Thursday\",\"Friday\",\"Saturday\",\"Sunday\"],\"opens\":\"09:00\",\"closes\":\"17:00\"}],\"email\":\"info@depurecousa.com\",\"faxNumber\":\"Depureco Industrial Vacuums Corp\",\"areaServed\":\"United States\",\"globalLocationNumber\":\"24FQ+X9 Kyle, Texas\"},{\"@type\":\"PostalAddress\",\"@id\":\"https:\\\/\\\/depurecousa.com\\\/es\\\/producto\\\/tx\\\/#local-main-place-address\",\"streetAddress\":\"19121 Marketplace Avenue, Building 1, Suite 165\",\"addressLocality\":\"KYLE\",\"postalCode\":\"78640\",\"addressRegion\":\"TX\",\"addressCountry\":\"US\"},{\"@type\":\"ImageObject\",\"inLanguage\":\"es\",\"@id\":\"https:\\\/\\\/depurecousa.com\\\/es\\\/producto\\\/tx\\\/#local-main-organization-logo\",\"url\":\"https:\\\/\\\/depurecousa.com\\\/app\\\/uploads\\\/2023\\\/06\\\/depureco-logo-ico.png\",\"contentUrl\":\"https:\\\/\\\/depurecousa.com\\\/app\\\/uploads\\\/2023\\\/06\\\/depureco-logo-ico.png\",\"width\":512,\"height\":512,\"caption\":\"Depureco USA\"}]}<\/script>\n<meta property=\"product:price:currency\" content=\"USD\" \/>\n<meta property=\"og:availability\" content=\"instock\" \/>\n<meta property=\"product:availability\" content=\"instock\" \/>\n<meta property=\"product:condition\" content=\"new\" \/>\n<meta name=\"geo.placename\" content=\"KYLE\" \/>\n<meta name=\"geo.position\" content=\"30.024973508015663;-97.86156736732772\" \/>\n<meta name=\"geo.region\" content=\"Estados Unidos (EEUU)\" \/>\n<!-- \/ Yoast SEO Premium plugin. -->","yoast_head_json":{"title":"Aspiradoras Industriales Trif\u00e1sicas de Gran Potencia TX - Depureco USA","description":"La aspiradora industrial TX se distingue por su impresionante potencia, maniobrabilidad y dise\u00f1o compacto.","robots":{"index":"index","follow":"follow","max-snippet":"max-snippet:-1","max-image-preview":"max-image-preview:large","max-video-preview":"max-video-preview:-1"},"canonical":"https:\/\/depurecousa.com\/es\/producto\/tx\/","og_locale":"es_ES","og_type":"article","og_title":"TX","og_description":"La aspiradora industrial TX se distingue por su impresionante potencia, maniobrabilidad y dise\u00f1o compacto.","og_url":"https:\/\/depurecousa.com\/es\/producto\/tx\/","og_site_name":"Depureco USA","article_modified_time":"2024-10-17T10:29:53+00:00","og_image":[{"width":400,"height":400,"url":"https:\/\/depurecousa.com\/app\/uploads\/2023\/06\/tx_300_400p_400s_550p_550s_750-20210412-0848.webp","type":"image\/webp"}],"twitter_card":"summary_large_image","twitter_misc":{"Precio":"","Disponibilidad":"Disponible"},"schema":{"@context":"https:\/\/schema.org","@graph":[{"@type":["WebPage","ItemPage"],"@id":"https:\/\/depurecousa.com\/es\/producto\/tx\/","url":"https:\/\/depurecousa.com\/es\/producto\/tx\/","name":"Aspiradoras Industriales Trif\u00e1sicas de Gran Potencia TX - Depureco USA","isPartOf":{"@id":"https:\/\/depurecousa.com\/#website"},"primaryImageOfPage":{"@id":"https:\/\/depurecousa.com\/es\/producto\/tx\/#primaryimage"},"image":{"@id":"https:\/\/depurecousa.com\/es\/producto\/tx\/#primaryimage"},"thumbnailUrl":"https:\/\/depurecousa.com\/app\/uploads\/2023\/06\/tx_300_400p_400s_550p_550s_750-20210412-0848.webp","datePublished":"2023-02-02T10:43:43+00:00","dateModified":"2024-10-17T10:29:53+00:00","description":"La aspiradora industrial TX se distingue por su impresionante potencia, maniobrabilidad y dise\u00f1o compacto.","breadcrumb":{"@id":"https:\/\/depurecousa.com\/es\/producto\/tx\/#breadcrumb"},"inLanguage":"es","potentialAction":[{"@type":"ReadAction","target":["https:\/\/depurecousa.com\/es\/producto\/tx\/"]}]},{"@type":"ImageObject","inLanguage":"es","@id":"https:\/\/depurecousa.com\/es\/producto\/tx\/#primaryimage","url":"https:\/\/depurecousa.com\/app\/uploads\/2023\/06\/tx_300_400p_400s_550p_550s_750-20210412-0848.webp","contentUrl":"https:\/\/depurecousa.com\/app\/uploads\/2023\/06\/tx_300_400p_400s_550p_550s_750-20210412-0848.webp","width":400,"height":400},{"@type":"BreadcrumbList","@id":"https:\/\/depurecousa.com\/es\/producto\/tx\/#breadcrumb","itemListElement":[{"@type":"ListItem","position":1,"name":"Home","item":"https:\/\/depurecousa.com\/es\/hogar\/"},{"@type":"ListItem","position":2,"name":"Products","item":"https:\/\/depurecousa.com\/shop\/"},{"@type":"ListItem","position":3,"name":"HEAVY DUTY THREEPHASE INDUSTRIAL VACUUMS","item":"https:\/\/depurecousa.com\/product-category\/heavy-dutu-threephase-industrial-vacuums\/"},{"@type":"ListItem","position":4,"name":"TX"}]},{"@type":"WebSite","@id":"https:\/\/depurecousa.com\/#website","url":"https:\/\/depurecousa.com\/","name":"Depureco USA","description":"Aspiradoras industriales y sistemas centralizados","publisher":{"@id":"https:\/\/depurecousa.com\/#organization"},"potentialAction":[{"@type":"SearchAction","target":{"@type":"EntryPoint","urlTemplate":"https:\/\/depurecousa.com\/?s={search_term_string}"},"query-input":{"@type":"PropertyValueSpecification","valueRequired":true,"valueName":"search_term_string"}}],"inLanguage":"es"},{"@type":["Organization","Place"],"@id":"https:\/\/depurecousa.com\/#organization","name":"Depureco USA","url":"https:\/\/depurecousa.com\/","logo":{"@id":"https:\/\/depurecousa.com\/es\/producto\/tx\/#local-main-organization-logo"},"image":{"@id":"https:\/\/depurecousa.com\/es\/producto\/tx\/#local-main-organization-logo"},"address":{"@id":"https:\/\/depurecousa.com\/es\/producto\/tx\/#local-main-place-address"},"geo":{"@type":"GeoCoordinates","latitude":"30.024973508015663","longitude":"-97.86156736732772"},"telephone":["7377044347"],"contactPoint":{"@type":"ContactPoint","telephone":"7377044347","email":"simone.bacciu@depurecousa.com"},"openingHoursSpecification":[{"@type":"OpeningHoursSpecification","dayOfWeek":["Monday","Tuesday","Wednesday","Thursday","Friday","Saturday","Sunday"],"opens":"09:00","closes":"17:00"}],"email":"info@depurecousa.com","faxNumber":"Depureco Industrial Vacuums Corp","areaServed":"United States","globalLocationNumber":"24FQ+X9 Kyle, Texas"},{"@type":"PostalAddress","@id":"https:\/\/depurecousa.com\/es\/producto\/tx\/#local-main-place-address","streetAddress":"19121 Marketplace Avenue, Building 1, Suite 165","addressLocality":"KYLE","postalCode":"78640","addressRegion":"TX","addressCountry":"US"},{"@type":"ImageObject","inLanguage":"es","@id":"https:\/\/depurecousa.com\/es\/producto\/tx\/#local-main-organization-logo","url":"https:\/\/depurecousa.com\/app\/uploads\/2023\/06\/depureco-logo-ico.png","contentUrl":"https:\/\/depurecousa.com\/app\/uploads\/2023\/06\/depureco-logo-ico.png","width":512,"height":512,"caption":"Depureco USA"}]},"product_price_currency":"USD","og_availability":"instock","product_availability":"instock","product_condition":"new","geo.placename":"KYLE","geo.position":{"lat":"30.024973508015663","long":"-97.86156736732772"},"geo.region":"Estados Unidos (EEUU)"},"_links":{"self":[{"href":"https:\/\/depurecousa.com\/es\/wp-json\/wp\/v2\/product\/7891","targetHints":{"allow":["GET"]}}],"collection":[{"href":"https:\/\/depurecousa.com\/es\/wp-json\/wp\/v2\/product"}],"about":[{"href":"https:\/\/depurecousa.com\/es\/wp-json\/wp\/v2\/types\/product"}],"wp:featuredmedia":[{"embeddable":true,"href":"https:\/\/depurecousa.com\/es\/wp-json\/wp\/v2\/media\/3884"}],"wp:attachment":[{"href":"https:\/\/depurecousa.com\/es\/wp-json\/wp\/v2\/media?parent=7891"}],"wp:term":[{"taxonomy":"product_brand","embeddable":true,"href":"https:\/\/depurecousa.com\/es\/wp-json\/wp\/v2\/product_brand?post=7891"},{"taxonomy":"product_cat","embeddable":true,"href":"https:\/\/depurecousa.com\/es\/wp-json\/wp\/v2\/product_cat?post=7891"},{"taxonomy":"product_tag","embeddable":true,"href":"https:\/\/depurecousa.com\/es\/wp-json\/wp\/v2\/product_tag?post=7891"}],"curies":[{"name":"wp","href":"https:\/\/api.w.org\/{rel}","templated":true}]}}