{"id":7893,"date":"2023-01-02T04:37:23","date_gmt":"2023-01-02T11:37:23","guid":{"rendered":"https:\/\/depurecousa.com\/product\/ecobull\/"},"modified":"2025-05-07T09:38:21","modified_gmt":"2025-05-07T15:38:21","slug":"ecobull-aspiradora-industrial","status":"publish","type":"product","link":"https:\/\/depurecousa.com\/es\/producto\/ecobull-aspiradora-industrial\/","title":{"rendered":"ECOBULL <br>ASPIRADORA INDUSTRIAL"},"content":{"rendered":"<p>La aspiradora industrial Ecobull M destaca como la opci\u00f3n m\u00e1s potente de su categor\u00eda. Incorpora una turbina de canal lateral de 2,2 CV, lo que la hace ideal para un funcionamiento continuo sin necesidad de mantenimiento frecuente. Su c\u00e1mara filtrante cuenta con un filtro de poli\u00e9ster de generosas dimensiones y una superficie de 3720,01 pulg2. Este filtro est\u00e1 certificado como Clase M, lo que garantiza una eficacia de filtraci\u00f3n de 1 micra, perfecta para tratar incluso las part\u00edculas de polvo m\u00e1s finas. La gama de aspiradoras industriales trif\u00e1sicas Depureco ofrece la flexibilidad de instalar diferentes filtros en funci\u00f3n de la aplicaci\u00f3n profesional espec\u00edfica. Otras opciones de filtrado incluyen filtros de tefl\u00f3n repelentes al agua, filtros de Nomex resistentes a temperaturas de hasta 482 \u00b0F y filtros tratados con PTFE para los tipos de polvo m\u00e1s dif\u00edciles y adhesivos. A petici\u00f3n, la unidad tambi\u00e9n puede equiparse con un filtro absoluto H14. La practicidad se ve reforzada por el gran contenedor desmontable del aspirador industrial Ecobull, disponible en tama\u00f1os de 26 galones, equipado con ruedas para facilitar la eliminaci\u00f3n del material. Para mayor comodidad, pueden utilizarse bolsas de recogida desechables. Para garantizar la seguridad durante la aspiraci\u00f3n de l\u00edquidos, se puede integrar un sistema flotante en el contenedor.<\/p>\n","protected":false},"excerpt":{"rendered":"<p>La aspiradora industrial Ecobull M destaca como la opci\u00f3n m\u00e1s potente de su categor\u00eda. Incorpora una turbina de canal lateral de 2,2 CV, lo que la hace ideal para un funcionamiento continuo sin necesidad de mantenimiento frecuente. Su c\u00e1mara filtrante cuenta con un filtro de poli\u00e9ster de generosas dimensiones y una superficie de 3720,01 pulg2. [&hellip;]<\/p>\n","protected":false},"featured_media":3880,"template":"","meta":{"_acf_changed":false,"content-type":"","inline_featured_image":false},"product_brand":[],"product_cat":[186],"product_tag":[],"class_list":{"0":"post-7893","1":"product","2":"type-product","3":"status-publish","4":"has-post-thumbnail","6":"product_cat-aspiradoras-industriales-trifasicas-para-trabajos-pesados","8":"first","9":"instock","10":"shipping-taxable","11":"product-type-simple"},"acf":[],"yoast_head":"<!-- This site is optimized with the Yoast SEO Premium plugin v27.4 (Yoast SEO v27.4) - https:\/\/yoast.com\/product\/yoast-seo-premium-wordpress\/ -->\n<title>ECOBULL Aspiradora Industrial | Depureco USA<\/title>\n<meta name=\"description\" content=\"Descubre la potente aspiradora industrial ECOBULL M con turbina de 2,2 CV y filtro de Clase M. Ideal para operaciones continuas, cuenta con un contenedor de 26 galones y opci\u00f3n de filtro H14. Perfecta para tratar part\u00edculas finas de polvo.\" \/>\n<meta name=\"robots\" content=\"index, follow, max-snippet:-1, max-image-preview:large, max-video-preview:-1\" \/>\n<link rel=\"canonical\" href=\"https:\/\/depurecousa.com\/es\/producto\/ecobull-aspiradora-industrial\/\" \/>\n<meta property=\"og:locale\" content=\"es_ES\" \/>\n<meta property=\"og:type\" content=\"article\" \/>\n<meta property=\"og:title\" content=\"ECOBULL ASPIRADORA INDUSTRIAL\" \/>\n<meta property=\"og:description\" content=\"Descubre la potente aspiradora industrial ECOBULL M con turbina de 2,2 CV y filtro de Clase M. Ideal para operaciones continuas, cuenta con un contenedor de 26 galones y opci\u00f3n de filtro H14. Perfecta para tratar part\u00edculas finas de polvo.\" \/>\n<meta property=\"og:url\" content=\"https:\/\/depurecousa.com\/es\/producto\/ecobull-aspiradora-industrial\/\" \/>\n<meta property=\"og:site_name\" content=\"Depureco USA\" \/>\n<meta property=\"article:publisher\" content=\"https:\/\/www.facebook.com\/DepurecoUSA\/\" \/>\n<meta property=\"article:modified_time\" content=\"2025-05-07T15:38:21+00:00\" \/>\n<meta property=\"og:image\" content=\"https:\/\/depurecousa.com\/app\/uploads\/2023\/06\/ecobull_ridotta.webp\" \/>\n\t<meta property=\"og:image:width\" content=\"960\" \/>\n\t<meta property=\"og:image:height\" content=\"960\" \/>\n\t<meta property=\"og:image:type\" content=\"image\/webp\" \/>\n<meta name=\"twitter:card\" content=\"summary_large_image\" \/>\n<meta name=\"twitter:label1\" content=\"Precio\" \/>\n\t<meta name=\"twitter:data1\" content=\"\" \/>\n\t<meta name=\"twitter:label2\" content=\"Disponibilidad\" \/>\n\t<meta name=\"twitter:data2\" content=\"Disponible\" \/>\n<script type=\"application\/ld+json\" class=\"yoast-schema-graph\">{\"@context\":\"https:\\\/\\\/schema.org\",\"@graph\":[{\"@type\":[\"WebPage\",\"ItemPage\"],\"@id\":\"https:\\\/\\\/depurecousa.com\\\/es\\\/producto\\\/ecobull-aspiradora-industrial\\\/\",\"url\":\"https:\\\/\\\/depurecousa.com\\\/es\\\/producto\\\/ecobull-aspiradora-industrial\\\/\",\"name\":\"ECOBULL Aspiradora Industrial | Depureco USA\",\"isPartOf\":{\"@id\":\"https:\\\/\\\/depurecousa.com\\\/es\\\/#website\"},\"primaryImageOfPage\":{\"@id\":\"https:\\\/\\\/depurecousa.com\\\/es\\\/producto\\\/ecobull-aspiradora-industrial\\\/#primaryimage\"},\"image\":{\"@id\":\"https:\\\/\\\/depurecousa.com\\\/es\\\/producto\\\/ecobull-aspiradora-industrial\\\/#primaryimage\"},\"thumbnailUrl\":\"https:\\\/\\\/depurecousa.com\\\/app\\\/uploads\\\/2023\\\/06\\\/ecobull_ridotta.webp\",\"datePublished\":\"2023-01-02T11:37:23+00:00\",\"dateModified\":\"2025-05-07T15:38:21+00:00\",\"description\":\"Descubre la potente aspiradora industrial ECOBULL M con turbina de 2,2 CV y filtro de Clase M. Ideal para operaciones continuas, cuenta con un contenedor de 26 galones y opci\u00f3n de filtro H14. Perfecta para tratar part\u00edculas finas de polvo.\",\"breadcrumb\":{\"@id\":\"https:\\\/\\\/depurecousa.com\\\/es\\\/producto\\\/ecobull-aspiradora-industrial\\\/#breadcrumb\"},\"inLanguage\":\"es\",\"potentialAction\":[{\"@type\":\"ReadAction\",\"target\":[\"https:\\\/\\\/depurecousa.com\\\/es\\\/producto\\\/ecobull-aspiradora-industrial\\\/\"]}]},{\"@type\":\"ImageObject\",\"inLanguage\":\"es\",\"@id\":\"https:\\\/\\\/depurecousa.com\\\/es\\\/producto\\\/ecobull-aspiradora-industrial\\\/#primaryimage\",\"url\":\"https:\\\/\\\/depurecousa.com\\\/app\\\/uploads\\\/2023\\\/06\\\/ecobull_ridotta.webp\",\"contentUrl\":\"https:\\\/\\\/depurecousa.com\\\/app\\\/uploads\\\/2023\\\/06\\\/ecobull_ridotta.webp\",\"width\":960,\"height\":960},{\"@type\":\"BreadcrumbList\",\"@id\":\"https:\\\/\\\/depurecousa.com\\\/es\\\/producto\\\/ecobull-aspiradora-industrial\\\/#breadcrumb\",\"itemListElement\":[{\"@type\":\"ListItem\",\"position\":1,\"name\":\"Home\",\"item\":\"https:\\\/\\\/depurecousa.com\\\/es\\\/hogar\\\/\"},{\"@type\":\"ListItem\",\"position\":2,\"name\":\"Productos\",\"item\":\"https:\\\/\\\/depurecousa.com\\\/es\\\/shop\\\/\"},{\"@type\":\"ListItem\",\"position\":3,\"name\":\"ASPIRADORAS INDUSTRIALES TRIF\u00c1SICAS PARA TRABAJOS PESADOS\",\"item\":\"https:\\\/\\\/depurecousa.com\\\/es\\\/product-category\\\/aspiradoras-industriales-trifasicas-para-trabajos-pesados\\\/\"},{\"@type\":\"ListItem\",\"position\":4,\"name\":\"ECOBULL ASPIRADORA INDUSTRIAL\"}]},{\"@type\":\"WebSite\",\"@id\":\"https:\\\/\\\/depurecousa.com\\\/es\\\/#website\",\"url\":\"https:\\\/\\\/depurecousa.com\\\/es\\\/\",\"name\":\"Depureco USA\",\"description\":\"Aspiradoras industriales y sistemas centralizados\",\"publisher\":{\"@id\":\"https:\\\/\\\/depurecousa.com\\\/es\\\/#organization\"},\"potentialAction\":[{\"@type\":\"SearchAction\",\"target\":{\"@type\":\"EntryPoint\",\"urlTemplate\":\"https:\\\/\\\/depurecousa.com\\\/es\\\/?s={search_term_string}\"},\"query-input\":{\"@type\":\"PropertyValueSpecification\",\"valueRequired\":true,\"valueName\":\"search_term_string\"}}],\"inLanguage\":\"es\"},{\"@type\":[\"Organization\",\"Place\"],\"@id\":\"https:\\\/\\\/depurecousa.com\\\/es\\\/#organization\",\"name\":\"Depureco USA\",\"alternateName\":\"Depureco Industrial Vacuums\",\"url\":\"https:\\\/\\\/depurecousa.com\\\/es\\\/\",\"logo\":{\"@id\":\"https:\\\/\\\/depurecousa.com\\\/es\\\/producto\\\/ecobull-aspiradora-industrial\\\/#local-main-organization-logo\"},\"image\":{\"@id\":\"https:\\\/\\\/depurecousa.com\\\/es\\\/producto\\\/ecobull-aspiradora-industrial\\\/#local-main-organization-logo\"},\"sameAs\":[\"https:\\\/\\\/www.facebook.com\\\/DepurecoUSA\\\/\",\"https:\\\/\\\/www.youtube.com\\\/@depurecousa\",\"https:\\\/\\\/www.linkedin.com\\\/company\\\/depureco-usa\\\/\",\"https:\\\/\\\/www.thomasnet.com\\\/company\\\/depureco-industrial-vacuums-usa-30990947\\\/profile?cov=NA&which=comp&what=depureco&coverage_area=NA&card_position=1&suppliers_in_page=1&page_number=1&headingList=16410201,0,25120189,26781609,26791905,89931042,41260373,45621323,46152609,89920243&isNationalSearch=false\"],\"legalName\":\"Depureco Industrial Vacuums Corp\",\"numberOfEmployees\":{\"@type\":\"QuantitativeValue\",\"minValue\":\"11\",\"maxValue\":\"50\"},\"address\":{\"@id\":\"https:\\\/\\\/depurecousa.com\\\/es\\\/producto\\\/ecobull-aspiradora-industrial\\\/#local-main-place-address\"},\"geo\":{\"@type\":\"GeoCoordinates\",\"latitude\":\"30.024973508015663\",\"longitude\":\"-97.86156736732772\"},\"telephone\":[\"7377044347\"],\"contactPoint\":{\"@type\":\"ContactPoint\",\"telephone\":\"7377044347\",\"email\":\"simone.bacciu@depurecousa.com\"},\"openingHoursSpecification\":[{\"@type\":\"OpeningHoursSpecification\",\"dayOfWeek\":[\"Monday\",\"Tuesday\",\"Wednesday\",\"Thursday\",\"Friday\",\"Saturday\",\"Sunday\"],\"opens\":\"09:00\",\"closes\":\"17:00\"}],\"email\":\"info@depurecousa.com\",\"faxNumber\":\"Depureco Industrial Vacuums Corp\",\"areaServed\":\"United States\",\"globalLocationNumber\":\"24FQ+X9 Kyle, Texas\"},{\"@type\":\"PostalAddress\",\"@id\":\"https:\\\/\\\/depurecousa.com\\\/es\\\/producto\\\/ecobull-aspiradora-industrial\\\/#local-main-place-address\",\"streetAddress\":\"19121 Marketplace Avenue, Building 1, Suite 165\",\"addressLocality\":\"KYLE\",\"postalCode\":\"78640\",\"addressRegion\":\"TX\",\"addressCountry\":\"US\"},{\"@type\":\"ImageObject\",\"inLanguage\":\"es\",\"@id\":\"https:\\\/\\\/depurecousa.com\\\/es\\\/producto\\\/ecobull-aspiradora-industrial\\\/#local-main-organization-logo\",\"url\":\"https:\\\/\\\/depurecousa.com\\\/app\\\/uploads\\\/2023\\\/06\\\/depureco-logo-ico.png\",\"contentUrl\":\"https:\\\/\\\/depurecousa.com\\\/app\\\/uploads\\\/2023\\\/06\\\/depureco-logo-ico.png\",\"width\":512,\"height\":512,\"caption\":\"Depureco USA\"}]}<\/script>\n<meta property=\"product:price:currency\" content=\"USD\" \/>\n<meta property=\"og:availability\" content=\"instock\" \/>\n<meta property=\"product:availability\" content=\"instock\" \/>\n<meta property=\"product:condition\" content=\"new\" \/>\n<meta name=\"geo.placename\" content=\"KYLE\" \/>\n<meta name=\"geo.position\" content=\"30.024973508015663;-97.86156736732772\" \/>\n<meta name=\"geo.region\" content=\"Estados Unidos (EEUU)\" \/>\n<!-- \/ Yoast SEO Premium plugin. -->","yoast_head_json":{"title":"ECOBULL Aspiradora Industrial | Depureco USA","description":"Descubre la potente aspiradora industrial ECOBULL M con turbina de 2,2 CV y filtro de Clase M. Ideal para operaciones continuas, cuenta con un contenedor de 26 galones y opci\u00f3n de filtro H14. Perfecta para tratar part\u00edculas finas de polvo.","robots":{"index":"index","follow":"follow","max-snippet":"max-snippet:-1","max-image-preview":"max-image-preview:large","max-video-preview":"max-video-preview:-1"},"canonical":"https:\/\/depurecousa.com\/es\/producto\/ecobull-aspiradora-industrial\/","og_locale":"es_ES","og_type":"article","og_title":"ECOBULL ASPIRADORA INDUSTRIAL","og_description":"Descubre la potente aspiradora industrial ECOBULL M con turbina de 2,2 CV y filtro de Clase M. Ideal para operaciones continuas, cuenta con un contenedor de 26 galones y opci\u00f3n de filtro H14. Perfecta para tratar part\u00edculas finas de polvo.","og_url":"https:\/\/depurecousa.com\/es\/producto\/ecobull-aspiradora-industrial\/","og_site_name":"Depureco USA","article_publisher":"https:\/\/www.facebook.com\/DepurecoUSA\/","article_modified_time":"2025-05-07T15:38:21+00:00","og_image":[{"width":960,"height":960,"url":"https:\/\/depurecousa.com\/app\/uploads\/2023\/06\/ecobull_ridotta.webp","type":"image\/webp"}],"twitter_card":"summary_large_image","twitter_misc":{"Precio":"","Disponibilidad":"Disponible"},"schema":{"@context":"https:\/\/schema.org","@graph":[{"@type":["WebPage","ItemPage"],"@id":"https:\/\/depurecousa.com\/es\/producto\/ecobull-aspiradora-industrial\/","url":"https:\/\/depurecousa.com\/es\/producto\/ecobull-aspiradora-industrial\/","name":"ECOBULL Aspiradora Industrial | Depureco USA","isPartOf":{"@id":"https:\/\/depurecousa.com\/es\/#website"},"primaryImageOfPage":{"@id":"https:\/\/depurecousa.com\/es\/producto\/ecobull-aspiradora-industrial\/#primaryimage"},"image":{"@id":"https:\/\/depurecousa.com\/es\/producto\/ecobull-aspiradora-industrial\/#primaryimage"},"thumbnailUrl":"https:\/\/depurecousa.com\/app\/uploads\/2023\/06\/ecobull_ridotta.webp","datePublished":"2023-01-02T11:37:23+00:00","dateModified":"2025-05-07T15:38:21+00:00","description":"Descubre la potente aspiradora industrial ECOBULL M con turbina de 2,2 CV y filtro de Clase M. Ideal para operaciones continuas, cuenta con un contenedor de 26 galones y opci\u00f3n de filtro H14. Perfecta para tratar part\u00edculas finas de polvo.","breadcrumb":{"@id":"https:\/\/depurecousa.com\/es\/producto\/ecobull-aspiradora-industrial\/#breadcrumb"},"inLanguage":"es","potentialAction":[{"@type":"ReadAction","target":["https:\/\/depurecousa.com\/es\/producto\/ecobull-aspiradora-industrial\/"]}]},{"@type":"ImageObject","inLanguage":"es","@id":"https:\/\/depurecousa.com\/es\/producto\/ecobull-aspiradora-industrial\/#primaryimage","url":"https:\/\/depurecousa.com\/app\/uploads\/2023\/06\/ecobull_ridotta.webp","contentUrl":"https:\/\/depurecousa.com\/app\/uploads\/2023\/06\/ecobull_ridotta.webp","width":960,"height":960},{"@type":"BreadcrumbList","@id":"https:\/\/depurecousa.com\/es\/producto\/ecobull-aspiradora-industrial\/#breadcrumb","itemListElement":[{"@type":"ListItem","position":1,"name":"Home","item":"https:\/\/depurecousa.com\/es\/hogar\/"},{"@type":"ListItem","position":2,"name":"Productos","item":"https:\/\/depurecousa.com\/es\/shop\/"},{"@type":"ListItem","position":3,"name":"ASPIRADORAS INDUSTRIALES TRIF\u00c1SICAS PARA TRABAJOS PESADOS","item":"https:\/\/depurecousa.com\/es\/product-category\/aspiradoras-industriales-trifasicas-para-trabajos-pesados\/"},{"@type":"ListItem","position":4,"name":"ECOBULL ASPIRADORA INDUSTRIAL"}]},{"@type":"WebSite","@id":"https:\/\/depurecousa.com\/es\/#website","url":"https:\/\/depurecousa.com\/es\/","name":"Depureco USA","description":"Aspiradoras industriales y sistemas centralizados","publisher":{"@id":"https:\/\/depurecousa.com\/es\/#organization"},"potentialAction":[{"@type":"SearchAction","target":{"@type":"EntryPoint","urlTemplate":"https:\/\/depurecousa.com\/es\/?s={search_term_string}"},"query-input":{"@type":"PropertyValueSpecification","valueRequired":true,"valueName":"search_term_string"}}],"inLanguage":"es"},{"@type":["Organization","Place"],"@id":"https:\/\/depurecousa.com\/es\/#organization","name":"Depureco USA","alternateName":"Depureco Industrial Vacuums","url":"https:\/\/depurecousa.com\/es\/","logo":{"@id":"https:\/\/depurecousa.com\/es\/producto\/ecobull-aspiradora-industrial\/#local-main-organization-logo"},"image":{"@id":"https:\/\/depurecousa.com\/es\/producto\/ecobull-aspiradora-industrial\/#local-main-organization-logo"},"sameAs":["https:\/\/www.facebook.com\/DepurecoUSA\/","https:\/\/www.youtube.com\/@depurecousa","https:\/\/www.linkedin.com\/company\/depureco-usa\/","https:\/\/www.thomasnet.com\/company\/depureco-industrial-vacuums-usa-30990947\/profile?cov=NA&which=comp&what=depureco&coverage_area=NA&card_position=1&suppliers_in_page=1&page_number=1&headingList=16410201,0,25120189,26781609,26791905,89931042,41260373,45621323,46152609,89920243&isNationalSearch=false"],"legalName":"Depureco Industrial Vacuums Corp","numberOfEmployees":{"@type":"QuantitativeValue","minValue":"11","maxValue":"50"},"address":{"@id":"https:\/\/depurecousa.com\/es\/producto\/ecobull-aspiradora-industrial\/#local-main-place-address"},"geo":{"@type":"GeoCoordinates","latitude":"30.024973508015663","longitude":"-97.86156736732772"},"telephone":["7377044347"],"contactPoint":{"@type":"ContactPoint","telephone":"7377044347","email":"simone.bacciu@depurecousa.com"},"openingHoursSpecification":[{"@type":"OpeningHoursSpecification","dayOfWeek":["Monday","Tuesday","Wednesday","Thursday","Friday","Saturday","Sunday"],"opens":"09:00","closes":"17:00"}],"email":"info@depurecousa.com","faxNumber":"Depureco Industrial Vacuums Corp","areaServed":"United States","globalLocationNumber":"24FQ+X9 Kyle, Texas"},{"@type":"PostalAddress","@id":"https:\/\/depurecousa.com\/es\/producto\/ecobull-aspiradora-industrial\/#local-main-place-address","streetAddress":"19121 Marketplace Avenue, Building 1, Suite 165","addressLocality":"KYLE","postalCode":"78640","addressRegion":"TX","addressCountry":"US"},{"@type":"ImageObject","inLanguage":"es","@id":"https:\/\/depurecousa.com\/es\/producto\/ecobull-aspiradora-industrial\/#local-main-organization-logo","url":"https:\/\/depurecousa.com\/app\/uploads\/2023\/06\/depureco-logo-ico.png","contentUrl":"https:\/\/depurecousa.com\/app\/uploads\/2023\/06\/depureco-logo-ico.png","width":512,"height":512,"caption":"Depureco USA"}]},"product_price_currency":"USD","og_availability":"instock","product_availability":"instock","product_condition":"new","geo.placename":"KYLE","geo.position":{"lat":"30.024973508015663","long":"-97.86156736732772"},"geo.region":"Estados Unidos (EEUU)"},"_links":{"self":[{"href":"https:\/\/depurecousa.com\/es\/wp-json\/wp\/v2\/product\/7893","targetHints":{"allow":["GET"]}}],"collection":[{"href":"https:\/\/depurecousa.com\/es\/wp-json\/wp\/v2\/product"}],"about":[{"href":"https:\/\/depurecousa.com\/es\/wp-json\/wp\/v2\/types\/product"}],"wp:featuredmedia":[{"embeddable":true,"href":"https:\/\/depurecousa.com\/es\/wp-json\/wp\/v2\/media\/3880"}],"wp:attachment":[{"href":"https:\/\/depurecousa.com\/es\/wp-json\/wp\/v2\/media?parent=7893"}],"wp:term":[{"taxonomy":"product_brand","embeddable":true,"href":"https:\/\/depurecousa.com\/es\/wp-json\/wp\/v2\/product_brand?post=7893"},{"taxonomy":"product_cat","embeddable":true,"href":"https:\/\/depurecousa.com\/es\/wp-json\/wp\/v2\/product_cat?post=7893"},{"taxonomy":"product_tag","embeddable":true,"href":"https:\/\/depurecousa.com\/es\/wp-json\/wp\/v2\/product_tag?post=7893"}],"curies":[{"name":"wp","href":"https:\/\/api.w.org\/{rel}","templated":true}]}}