{"id":7902,"date":"2023-05-03T04:21:32","date_gmt":"2023-05-03T10:21:32","guid":{"rendered":"https:\/\/depurecousa.com\/product\/minibull\/"},"modified":"2026-01-13T03:03:33","modified_gmt":"2026-01-13T10:03:33","slug":"minibull-aspiradora-industrial-sin-bolsa","status":"publish","type":"product","link":"https:\/\/depurecousa.com\/es\/producto\/minibull-aspiradora-industrial-sin-bolsa\/","title":{"rendered":"MINIBULL <br>ASPIRADORA INDUSTRIAL SIN BOLSA"},"content":{"rendered":"<p>El Minibull se presenta como una aspiradora industrial sin bolsa muy capaz y adaptable, dise\u00f1ada para satisfacer diversas aplicaciones profesionales. Esta aspiradora funciona con dos motores By-Pass que funcionan en paralelo, lo que garantiza un rendimiento de succi\u00f3n \u00f3ptimo. El robusto filtro de poli\u00e9ster de clase M, con una eficacia de filtraci\u00f3n de 1\u00b5, captura eficazmente incluso las part\u00edculas de polvo m\u00e1s finas. Adem\u00e1s, este modelo ofrece la flexibilidad de instalar diferentes filtros en funci\u00f3n de los requisitos espec\u00edficos de la aplicaci\u00f3n. Las opciones incluyen filtros hidr\u00f3fugos de tefl\u00f3n, filtros de Nomex resistentes a temperaturas de hasta 482 \u00b0F y filtros tratados con PTFE para aglutinar y manipular eficazmente tipos de polvo dif\u00edciles.<\/p>\n<p>Para facilitar una c\u00f3moda eliminaci\u00f3n, esta aspiradora industrial est\u00e1 equipada con un espacioso contenedor desmontable de 12 galones, que permite al operario vaciar f\u00e1cilmente el material recogido. Tambi\u00e9n ofrece la opci\u00f3n de utilizar bolsas de recogida desechables para mayor comodidad. Adem\u00e1s, para una aspiraci\u00f3n segura de los l\u00edquidos, se puede incorporar un sistema flotante dentro del contenedor, lo que garantiza un funcionamiento eficaz y seguro.<\/p>\n<p>&nbsp;<\/p>\n<p><iframe title=\"MINIBULL &amp; XM35 | SINGLEPHASE VACUUM CLEANER\" width=\"800\" height=\"450\" src=\"https:\/\/www.youtube.com\/embed\/lWims--3Pps?start=12&#038;feature=oembed\" frameborder=\"0\" allow=\"accelerometer; autoplay; clipboard-write; encrypted-media; gyroscope; picture-in-picture; web-share\" referrerpolicy=\"strict-origin-when-cross-origin\" allowfullscreen><\/iframe><\/p>\n","protected":false},"excerpt":{"rendered":"<p>El Minibull se presenta como una aspiradora industrial sin bolsa muy capaz y adaptable, dise\u00f1ada para satisfacer diversas aplicaciones profesionales. Esta aspiradora funciona con dos motores By-Pass que funcionan en paralelo, lo que garantiza un rendimiento de succi\u00f3n \u00f3ptimo. El robusto filtro de poli\u00e9ster de clase M, con una eficacia de filtraci\u00f3n de 1\u00b5, captura [&hellip;]<\/p>\n","protected":false},"featured_media":3778,"template":"","meta":{"_acf_changed":false,"content-type":"","inline_featured_image":false},"product_brand":[],"product_cat":[191],"product_tag":[],"class_list":{"0":"post-7902","1":"product","2":"type-product","3":"status-publish","4":"has-post-thumbnail","6":"product_cat-aspiradoras-industriales-wet-and-dry","8":"first","9":"instock","10":"shipping-taxable","11":"product-type-simple"},"acf":[],"yoast_head":"<!-- This site is optimized with the Yoast SEO Premium plugin v27.4 (Yoast SEO v27.4) - https:\/\/yoast.com\/product\/yoast-seo-premium-wordpress\/ -->\n<title>Aspiraci\u00f3n Industrial Wet &amp; Dry MINIBULL ASPIRADORA INDUSTRIAL SIN BOLSA | Depureco USA<\/title>\n<meta name=\"description\" content=\"El Minibull se presenta como una aspiradora industrial sin bolsa muy capaz y adaptable, dise\u00f1ada para satisfacer diversas aplicaciones profesionales\" \/>\n<meta name=\"robots\" content=\"index, follow, max-snippet:-1, max-image-preview:large, max-video-preview:-1\" \/>\n<link rel=\"canonical\" href=\"https:\/\/depurecousa.com\/es\/producto\/minibull-aspiradora-industrial-sin-bolsa\/\" \/>\n<meta property=\"og:locale\" content=\"es_ES\" \/>\n<meta property=\"og:type\" content=\"article\" \/>\n<meta property=\"og:title\" content=\"MINIBULL ASPIRADORA INDUSTRIAL SIN BOLSA\" \/>\n<meta property=\"og:description\" content=\"El Minibull se presenta como una aspiradora industrial sin bolsa muy capaz y adaptable, dise\u00f1ada para satisfacer diversas aplicaciones profesionales\" \/>\n<meta property=\"og:url\" content=\"https:\/\/depurecousa.com\/es\/producto\/minibull-aspiradora-industrial-sin-bolsa\/\" \/>\n<meta property=\"og:site_name\" content=\"Depureco USA\" \/>\n<meta property=\"article:publisher\" content=\"https:\/\/www.facebook.com\/DepurecoUSA\/\" \/>\n<meta property=\"article:modified_time\" content=\"2026-01-13T10:03:33+00:00\" \/>\n<meta property=\"og:image\" content=\"https:\/\/depurecousa.com\/app\/uploads\/2023\/05\/MINIBULL-1.webp\" \/>\n\t<meta property=\"og:image:width\" content=\"800\" \/>\n\t<meta property=\"og:image:height\" content=\"800\" \/>\n\t<meta property=\"og:image:type\" content=\"image\/webp\" \/>\n<meta name=\"twitter:card\" content=\"summary_large_image\" \/>\n<script type=\"application\/ld+json\" class=\"yoast-schema-graph\">{\"@context\":\"https:\\\/\\\/schema.org\",\"@graph\":[{\"@type\":[\"WebPage\",\"ItemPage\"],\"@id\":\"https:\\\/\\\/depurecousa.com\\\/es\\\/producto\\\/minibull-aspiradora-industrial-sin-bolsa\\\/\",\"url\":\"https:\\\/\\\/depurecousa.com\\\/es\\\/producto\\\/minibull-aspiradora-industrial-sin-bolsa\\\/\",\"name\":\"Aspiraci\u00f3n Industrial Wet & Dry MINIBULL ASPIRADORA INDUSTRIAL SIN BOLSA | Depureco USA\",\"isPartOf\":{\"@id\":\"https:\\\/\\\/depurecousa.com\\\/es\\\/#website\"},\"primaryImageOfPage\":{\"@id\":\"https:\\\/\\\/depurecousa.com\\\/es\\\/producto\\\/minibull-aspiradora-industrial-sin-bolsa\\\/#primaryimage\"},\"image\":{\"@id\":\"https:\\\/\\\/depurecousa.com\\\/es\\\/producto\\\/minibull-aspiradora-industrial-sin-bolsa\\\/#primaryimage\"},\"thumbnailUrl\":\"https:\\\/\\\/depurecousa.com\\\/app\\\/uploads\\\/2023\\\/05\\\/MINIBULL-1.webp\",\"datePublished\":\"2023-05-03T10:21:32+00:00\",\"dateModified\":\"2026-01-13T10:03:33+00:00\",\"description\":\"El Minibull se presenta como una aspiradora industrial sin bolsa muy capaz y adaptable, dise\u00f1ada para satisfacer diversas aplicaciones profesionales\",\"breadcrumb\":{\"@id\":\"https:\\\/\\\/depurecousa.com\\\/es\\\/producto\\\/minibull-aspiradora-industrial-sin-bolsa\\\/#breadcrumb\"},\"inLanguage\":\"es\",\"potentialAction\":[{\"@type\":\"ReadAction\",\"target\":[\"https:\\\/\\\/depurecousa.com\\\/es\\\/producto\\\/minibull-aspiradora-industrial-sin-bolsa\\\/\"]}]},{\"@type\":\"ImageObject\",\"inLanguage\":\"es\",\"@id\":\"https:\\\/\\\/depurecousa.com\\\/es\\\/producto\\\/minibull-aspiradora-industrial-sin-bolsa\\\/#primaryimage\",\"url\":\"https:\\\/\\\/depurecousa.com\\\/app\\\/uploads\\\/2023\\\/05\\\/MINIBULL-1.webp\",\"contentUrl\":\"https:\\\/\\\/depurecousa.com\\\/app\\\/uploads\\\/2023\\\/05\\\/MINIBULL-1.webp\",\"width\":800,\"height\":800},{\"@type\":\"BreadcrumbList\",\"@id\":\"https:\\\/\\\/depurecousa.com\\\/es\\\/producto\\\/minibull-aspiradora-industrial-sin-bolsa\\\/#breadcrumb\",\"itemListElement\":[{\"@type\":\"ListItem\",\"position\":1,\"name\":\"Home\",\"item\":\"https:\\\/\\\/depurecousa.com\\\/es\\\/hogar\\\/\"},{\"@type\":\"ListItem\",\"position\":2,\"name\":\"Productos\",\"item\":\"https:\\\/\\\/depurecousa.com\\\/es\\\/shop\\\/\"},{\"@type\":\"ListItem\",\"position\":3,\"name\":\"ASPIRADORAS INDUSTRIALES WET AND DRY\",\"item\":\"https:\\\/\\\/depurecousa.com\\\/es\\\/product-category\\\/aspiradoras-industriales-wet-and-dry\\\/\"},{\"@type\":\"ListItem\",\"position\":4,\"name\":\"MINIBULL ASPIRADORA INDUSTRIAL SIN BOLSA\"}]},{\"@type\":\"WebSite\",\"@id\":\"https:\\\/\\\/depurecousa.com\\\/es\\\/#website\",\"url\":\"https:\\\/\\\/depurecousa.com\\\/es\\\/\",\"name\":\"Depureco USA\",\"description\":\"Aspiradoras industriales y sistemas centralizados\",\"publisher\":{\"@id\":\"https:\\\/\\\/depurecousa.com\\\/es\\\/#organization\"},\"alternateName\":\"Depureco Industrial Vacuums\",\"potentialAction\":[{\"@type\":\"SearchAction\",\"target\":{\"@type\":\"EntryPoint\",\"urlTemplate\":\"https:\\\/\\\/depurecousa.com\\\/es\\\/?s={search_term_string}\"},\"query-input\":{\"@type\":\"PropertyValueSpecification\",\"valueRequired\":true,\"valueName\":\"search_term_string\"}}],\"inLanguage\":\"es\"},{\"@type\":[\"Organization\",\"Place\"],\"@id\":\"https:\\\/\\\/depurecousa.com\\\/es\\\/#organization\",\"name\":\"Depureco USA\",\"alternateName\":\"Depureco Industrial Vacuums\",\"url\":\"https:\\\/\\\/depurecousa.com\\\/es\\\/\",\"logo\":{\"@id\":\"https:\\\/\\\/depurecousa.com\\\/es\\\/producto\\\/minibull-aspiradora-industrial-sin-bolsa\\\/#local-main-organization-logo\"},\"image\":{\"@id\":\"https:\\\/\\\/depurecousa.com\\\/es\\\/producto\\\/minibull-aspiradora-industrial-sin-bolsa\\\/#local-main-organization-logo\"},\"sameAs\":[\"https:\\\/\\\/www.facebook.com\\\/DepurecoUSA\\\/\",\"https:\\\/\\\/www.youtube.com\\\/@depurecousa\",\"https:\\\/\\\/www.linkedin.com\\\/company\\\/depureco-usa\\\/\",\"https:\\\/\\\/www.thomasnet.com\\\/company\\\/depureco-industrial-vacuums-usa-30990947\\\/profile?cov=NA&which=comp&what=depureco&coverage_area=NA&card_position=1&suppliers_in_page=1&page_number=1&headingList=16410201,0,25120189,26781609,26791905,89931042,41260373,45621323,46152609,89920243&isNationalSearch=false\"],\"legalName\":\"Depureco Industrial Vacuums Corp\",\"numberOfEmployees\":{\"@type\":\"QuantitativeValue\",\"minValue\":\"11\",\"maxValue\":\"50\"},\"address\":{\"@id\":\"https:\\\/\\\/depurecousa.com\\\/es\\\/producto\\\/minibull-aspiradora-industrial-sin-bolsa\\\/#local-main-place-address\"},\"geo\":{\"@type\":\"GeoCoordinates\",\"latitude\":\"30.024973508015663\",\"longitude\":\"-97.86156736732772\"},\"telephone\":[\"7377044347\"],\"contactPoint\":{\"@type\":\"ContactPoint\",\"telephone\":\"7377044347\",\"email\":\"simone.bacciu@depurecousa.com\"},\"openingHoursSpecification\":[{\"@type\":\"OpeningHoursSpecification\",\"dayOfWeek\":[\"Monday\",\"Tuesday\",\"Wednesday\",\"Thursday\",\"Friday\",\"Saturday\",\"Sunday\"],\"opens\":\"09:00\",\"closes\":\"17:00\"}],\"email\":\"info@depurecousa.com\",\"faxNumber\":\"Depureco Industrial Vacuums Corp\",\"areaServed\":\"United States\",\"globalLocationNumber\":\"24FQ+X9 Kyle, Texas\"},{\"@type\":\"PostalAddress\",\"@id\":\"https:\\\/\\\/depurecousa.com\\\/es\\\/producto\\\/minibull-aspiradora-industrial-sin-bolsa\\\/#local-main-place-address\",\"streetAddress\":\"19121 Marketplace Avenue, Building 1, Suite 165\",\"addressLocality\":\"KYLE\",\"postalCode\":\"78640\",\"addressRegion\":\"TX\",\"addressCountry\":\"US\"},{\"@type\":\"ImageObject\",\"inLanguage\":\"es\",\"@id\":\"https:\\\/\\\/depurecousa.com\\\/es\\\/producto\\\/minibull-aspiradora-industrial-sin-bolsa\\\/#local-main-organization-logo\",\"url\":\"https:\\\/\\\/depurecousa.com\\\/app\\\/uploads\\\/2023\\\/06\\\/depureco-logo-ico.png\",\"contentUrl\":\"https:\\\/\\\/depurecousa.com\\\/app\\\/uploads\\\/2023\\\/06\\\/depureco-logo-ico.png\",\"width\":512,\"height\":512,\"caption\":\"Depureco USA\"}]}<\/script>\n<meta property=\"product:price:currency\" content=\"USD\" \/>\n<meta property=\"og:availability\" content=\"instock\" \/>\n<meta property=\"product:availability\" content=\"instock\" \/>\n<meta property=\"product:condition\" content=\"new\" \/>\n<meta name=\"geo.placename\" content=\"KYLE\" \/>\n<meta name=\"geo.position\" content=\"30.024973508015663;-97.86156736732772\" \/>\n<meta name=\"geo.region\" content=\"Estados Unidos (EEUU)\" \/>\n<!-- \/ Yoast SEO Premium plugin. -->","yoast_head_json":{"title":"Aspiraci\u00f3n Industrial Wet & Dry MINIBULL ASPIRADORA INDUSTRIAL SIN BOLSA | Depureco USA","description":"El Minibull se presenta como una aspiradora industrial sin bolsa muy capaz y adaptable, dise\u00f1ada para satisfacer diversas aplicaciones profesionales","robots":{"index":"index","follow":"follow","max-snippet":"max-snippet:-1","max-image-preview":"max-image-preview:large","max-video-preview":"max-video-preview:-1"},"canonical":"https:\/\/depurecousa.com\/es\/producto\/minibull-aspiradora-industrial-sin-bolsa\/","og_locale":"es_ES","og_type":"article","og_title":"MINIBULL ASPIRADORA INDUSTRIAL SIN BOLSA","og_description":"El Minibull se presenta como una aspiradora industrial sin bolsa muy capaz y adaptable, dise\u00f1ada para satisfacer diversas aplicaciones profesionales","og_url":"https:\/\/depurecousa.com\/es\/producto\/minibull-aspiradora-industrial-sin-bolsa\/","og_site_name":"Depureco USA","article_publisher":"https:\/\/www.facebook.com\/DepurecoUSA\/","article_modified_time":"2026-01-13T10:03:33+00:00","og_image":[{"width":800,"height":800,"url":"https:\/\/depurecousa.com\/app\/uploads\/2023\/05\/MINIBULL-1.webp","type":"image\/webp"}],"twitter_card":"summary_large_image","schema":{"@context":"https:\/\/schema.org","@graph":[{"@type":["WebPage","ItemPage"],"@id":"https:\/\/depurecousa.com\/es\/producto\/minibull-aspiradora-industrial-sin-bolsa\/","url":"https:\/\/depurecousa.com\/es\/producto\/minibull-aspiradora-industrial-sin-bolsa\/","name":"Aspiraci\u00f3n Industrial Wet & Dry MINIBULL ASPIRADORA INDUSTRIAL SIN BOLSA | Depureco USA","isPartOf":{"@id":"https:\/\/depurecousa.com\/es\/#website"},"primaryImageOfPage":{"@id":"https:\/\/depurecousa.com\/es\/producto\/minibull-aspiradora-industrial-sin-bolsa\/#primaryimage"},"image":{"@id":"https:\/\/depurecousa.com\/es\/producto\/minibull-aspiradora-industrial-sin-bolsa\/#primaryimage"},"thumbnailUrl":"https:\/\/depurecousa.com\/app\/uploads\/2023\/05\/MINIBULL-1.webp","datePublished":"2023-05-03T10:21:32+00:00","dateModified":"2026-01-13T10:03:33+00:00","description":"El Minibull se presenta como una aspiradora industrial sin bolsa muy capaz y adaptable, dise\u00f1ada para satisfacer diversas aplicaciones profesionales","breadcrumb":{"@id":"https:\/\/depurecousa.com\/es\/producto\/minibull-aspiradora-industrial-sin-bolsa\/#breadcrumb"},"inLanguage":"es","potentialAction":[{"@type":"ReadAction","target":["https:\/\/depurecousa.com\/es\/producto\/minibull-aspiradora-industrial-sin-bolsa\/"]}]},{"@type":"ImageObject","inLanguage":"es","@id":"https:\/\/depurecousa.com\/es\/producto\/minibull-aspiradora-industrial-sin-bolsa\/#primaryimage","url":"https:\/\/depurecousa.com\/app\/uploads\/2023\/05\/MINIBULL-1.webp","contentUrl":"https:\/\/depurecousa.com\/app\/uploads\/2023\/05\/MINIBULL-1.webp","width":800,"height":800},{"@type":"BreadcrumbList","@id":"https:\/\/depurecousa.com\/es\/producto\/minibull-aspiradora-industrial-sin-bolsa\/#breadcrumb","itemListElement":[{"@type":"ListItem","position":1,"name":"Home","item":"https:\/\/depurecousa.com\/es\/hogar\/"},{"@type":"ListItem","position":2,"name":"Productos","item":"https:\/\/depurecousa.com\/es\/shop\/"},{"@type":"ListItem","position":3,"name":"ASPIRADORAS INDUSTRIALES WET AND DRY","item":"https:\/\/depurecousa.com\/es\/product-category\/aspiradoras-industriales-wet-and-dry\/"},{"@type":"ListItem","position":4,"name":"MINIBULL ASPIRADORA INDUSTRIAL SIN BOLSA"}]},{"@type":"WebSite","@id":"https:\/\/depurecousa.com\/es\/#website","url":"https:\/\/depurecousa.com\/es\/","name":"Depureco USA","description":"Aspiradoras industriales y sistemas centralizados","publisher":{"@id":"https:\/\/depurecousa.com\/es\/#organization"},"alternateName":"Depureco Industrial Vacuums","potentialAction":[{"@type":"SearchAction","target":{"@type":"EntryPoint","urlTemplate":"https:\/\/depurecousa.com\/es\/?s={search_term_string}"},"query-input":{"@type":"PropertyValueSpecification","valueRequired":true,"valueName":"search_term_string"}}],"inLanguage":"es"},{"@type":["Organization","Place"],"@id":"https:\/\/depurecousa.com\/es\/#organization","name":"Depureco USA","alternateName":"Depureco Industrial Vacuums","url":"https:\/\/depurecousa.com\/es\/","logo":{"@id":"https:\/\/depurecousa.com\/es\/producto\/minibull-aspiradora-industrial-sin-bolsa\/#local-main-organization-logo"},"image":{"@id":"https:\/\/depurecousa.com\/es\/producto\/minibull-aspiradora-industrial-sin-bolsa\/#local-main-organization-logo"},"sameAs":["https:\/\/www.facebook.com\/DepurecoUSA\/","https:\/\/www.youtube.com\/@depurecousa","https:\/\/www.linkedin.com\/company\/depureco-usa\/","https:\/\/www.thomasnet.com\/company\/depureco-industrial-vacuums-usa-30990947\/profile?cov=NA&which=comp&what=depureco&coverage_area=NA&card_position=1&suppliers_in_page=1&page_number=1&headingList=16410201,0,25120189,26781609,26791905,89931042,41260373,45621323,46152609,89920243&isNationalSearch=false"],"legalName":"Depureco Industrial Vacuums Corp","numberOfEmployees":{"@type":"QuantitativeValue","minValue":"11","maxValue":"50"},"address":{"@id":"https:\/\/depurecousa.com\/es\/producto\/minibull-aspiradora-industrial-sin-bolsa\/#local-main-place-address"},"geo":{"@type":"GeoCoordinates","latitude":"30.024973508015663","longitude":"-97.86156736732772"},"telephone":["7377044347"],"contactPoint":{"@type":"ContactPoint","telephone":"7377044347","email":"simone.bacciu@depurecousa.com"},"openingHoursSpecification":[{"@type":"OpeningHoursSpecification","dayOfWeek":["Monday","Tuesday","Wednesday","Thursday","Friday","Saturday","Sunday"],"opens":"09:00","closes":"17:00"}],"email":"info@depurecousa.com","faxNumber":"Depureco Industrial Vacuums Corp","areaServed":"United States","globalLocationNumber":"24FQ+X9 Kyle, Texas"},{"@type":"PostalAddress","@id":"https:\/\/depurecousa.com\/es\/producto\/minibull-aspiradora-industrial-sin-bolsa\/#local-main-place-address","streetAddress":"19121 Marketplace Avenue, Building 1, Suite 165","addressLocality":"KYLE","postalCode":"78640","addressRegion":"TX","addressCountry":"US"},{"@type":"ImageObject","inLanguage":"es","@id":"https:\/\/depurecousa.com\/es\/producto\/minibull-aspiradora-industrial-sin-bolsa\/#local-main-organization-logo","url":"https:\/\/depurecousa.com\/app\/uploads\/2023\/06\/depureco-logo-ico.png","contentUrl":"https:\/\/depurecousa.com\/app\/uploads\/2023\/06\/depureco-logo-ico.png","width":512,"height":512,"caption":"Depureco USA"}]},"product_price_currency":"USD","og_availability":"instock","product_availability":"instock","product_condition":"new","geo.placename":"KYLE","geo.position":{"lat":"30.024973508015663","long":"-97.86156736732772"},"geo.region":"Estados Unidos (EEUU)"},"_links":{"self":[{"href":"https:\/\/depurecousa.com\/es\/wp-json\/wp\/v2\/product\/7902","targetHints":{"allow":["GET"]}}],"collection":[{"href":"https:\/\/depurecousa.com\/es\/wp-json\/wp\/v2\/product"}],"about":[{"href":"https:\/\/depurecousa.com\/es\/wp-json\/wp\/v2\/types\/product"}],"wp:featuredmedia":[{"embeddable":true,"href":"https:\/\/depurecousa.com\/es\/wp-json\/wp\/v2\/media\/3778"}],"wp:attachment":[{"href":"https:\/\/depurecousa.com\/es\/wp-json\/wp\/v2\/media?parent=7902"}],"wp:term":[{"taxonomy":"product_brand","embeddable":true,"href":"https:\/\/depurecousa.com\/es\/wp-json\/wp\/v2\/product_brand?post=7902"},{"taxonomy":"product_cat","embeddable":true,"href":"https:\/\/depurecousa.com\/es\/wp-json\/wp\/v2\/product_cat?post=7902"},{"taxonomy":"product_tag","embeddable":true,"href":"https:\/\/depurecousa.com\/es\/wp-json\/wp\/v2\/product_tag?post=7902"}],"curies":[{"name":"wp","href":"https:\/\/api.w.org\/{rel}","templated":true}]}}