{"id":7903,"date":"2023-05-02T02:54:52","date_gmt":"2023-05-02T08:54:52","guid":{"rendered":"https:\/\/depurecousa.com\/product\/xm-35-jc\/"},"modified":"2026-01-13T02:24:44","modified_gmt":"2026-01-13T09:24:44","slug":"xm-35-jc-aspiradora-industrial","status":"publish","type":"product","link":"https:\/\/depurecousa.com\/es\/producto\/xm-35-jc-aspiradora-industrial\/","title":{"rendered":"XM 35 JC <br>ASPIRADORA INDUSTRIAL"},"content":{"rendered":"<p>El XM 35 Jet Clean\u00ae representa una aspiradora industrial de gran potencia y seguridad, con una f\u00e1cil portabilidad gracias al carro equipado con ruedas pivotantes. La aspiraci\u00f3n se genera de forma eficiente mediante dos robustos motores By-Pass alojados dentro de una cubierta met\u00e1lica que reduce el ruido. Su capacidad de aspiraci\u00f3n profesional supera con creces la de otras aspiradoras de su categor\u00eda disponibles actualmente en el mercado. En el interior de esta aspiradora hay un cartucho filtrante de clase M con certificaci\u00f3n BIA (Berufsgenossenschaftliches Institut f\u00fcr Arbeitssicherheit), que ofrece una eficacia de filtraci\u00f3n de 1\u00b5. Adem\u00e1s, con su amplia superficie filtrante de 5425,01 pulg2, puede manejar cantidades significativas de polvo sin obstruir el filtro, lo que garantiza la seguridad del operario.<\/p>\n<p>La aspiradora industrial monof\u00e1sica de Depureco est\u00e1 equipada con el innovador sistema de limpieza de filtros JetClean\u00ae. Este sistema permite limpiar el filtro aprovechando la diferencia de presi\u00f3n entre el interior y el exterior de la aspiradora, todo ello sin necesidad de apagar los motores de aspiraci\u00f3n ni desconectar el tubo de aspiraci\u00f3n. Para mayor facilidad y seguridad, esta aspiradora est\u00e1 equipada con un contenedor desmontable de 12 galones de capacidad en la parte inferior, que permite desechar el material recogido sin esfuerzo.<\/p>\n<p><iframe title=\"MINIBULL &amp; XM35 | SINGLEPHASE VACUUM CLEANER\" width=\"800\" height=\"450\" src=\"https:\/\/www.youtube.com\/embed\/lWims--3Pps?start=12&#038;feature=oembed\" frameborder=\"0\" allow=\"accelerometer; autoplay; clipboard-write; encrypted-media; gyroscope; picture-in-picture; web-share\" referrerpolicy=\"strict-origin-when-cross-origin\" allowfullscreen><\/iframe><\/p>\n<p>&nbsp;<\/p>\n","protected":false},"excerpt":{"rendered":"<p>El XM 35 Jet Clean\u00ae representa una aspiradora industrial de gran potencia y seguridad, con una f\u00e1cil portabilidad gracias al carro equipado con ruedas pivotantes. La aspiraci\u00f3n se genera de forma eficiente mediante dos robustos motores By-Pass alojados dentro de una cubierta met\u00e1lica que reduce el ruido. Su capacidad de aspiraci\u00f3n profesional supera con creces [&hellip;]<\/p>\n","protected":false},"featured_media":3764,"template":"","meta":{"_acf_changed":false,"content-type":"","inline_featured_image":false},"product_brand":[],"product_cat":[191],"product_tag":[],"class_list":{"0":"post-7903","1":"product","2":"type-product","3":"status-publish","4":"has-post-thumbnail","6":"product_cat-aspiradoras-industriales-wet-and-dry","8":"first","9":"instock","10":"shipping-taxable","11":"product-type-simple"},"acf":[],"yoast_head":"<!-- This site is optimized with the Yoast SEO Premium plugin v27.4 (Yoast SEO v27.4) - https:\/\/yoast.com\/product\/yoast-seo-premium-wordpress\/ -->\n<title>Aspiradoras Industriales de Polvo FinoXM 35 JC ASPIRADORA INDUSTRIAL | Depureco USA<\/title>\n<meta name=\"description\" content=\"El XM 35 Jet Clean\u00ae es una aspiradora industrial potente y segura, f\u00e1cilmente transportable gracias al carro montado sobre ruedas pivotantes.\" \/>\n<meta name=\"robots\" content=\"index, follow, max-snippet:-1, max-image-preview:large, max-video-preview:-1\" \/>\n<link rel=\"canonical\" href=\"https:\/\/depurecousa.com\/es\/producto\/xm-35-jc-aspiradora-industrial\/\" \/>\n<meta property=\"og:locale\" content=\"es_ES\" \/>\n<meta property=\"og:type\" content=\"article\" \/>\n<meta property=\"og:title\" content=\"XM 35 JC ASPIRADORA INDUSTRIAL\" \/>\n<meta property=\"og:description\" content=\"El XM 35 Jet Clean\u00ae es una aspiradora industrial potente y segura, f\u00e1cilmente transportable gracias al carro montado sobre ruedas pivotantes.\" \/>\n<meta property=\"og:url\" content=\"https:\/\/depurecousa.com\/es\/producto\/xm-35-jc-aspiradora-industrial\/\" \/>\n<meta property=\"og:site_name\" content=\"Depureco USA\" \/>\n<meta property=\"article:publisher\" content=\"https:\/\/www.facebook.com\/DepurecoUSA\/\" \/>\n<meta property=\"article:modified_time\" content=\"2026-01-13T09:24:44+00:00\" \/>\n<meta property=\"og:image\" content=\"https:\/\/depurecousa.com\/app\/uploads\/2023\/05\/XM-35-JC-1.webp\" \/>\n\t<meta property=\"og:image:width\" content=\"800\" \/>\n\t<meta property=\"og:image:height\" content=\"800\" \/>\n\t<meta property=\"og:image:type\" content=\"image\/webp\" \/>\n<meta name=\"twitter:card\" content=\"summary_large_image\" \/>\n<script type=\"application\/ld+json\" class=\"yoast-schema-graph\">{\"@context\":\"https:\\\/\\\/schema.org\",\"@graph\":[{\"@type\":[\"WebPage\",\"ItemPage\"],\"@id\":\"https:\\\/\\\/depurecousa.com\\\/es\\\/producto\\\/xm-35-jc-aspiradora-industrial\\\/\",\"url\":\"https:\\\/\\\/depurecousa.com\\\/es\\\/producto\\\/xm-35-jc-aspiradora-industrial\\\/\",\"name\":\"Aspiradoras Industriales de Polvo FinoXM 35 JC ASPIRADORA INDUSTRIAL | Depureco USA\",\"isPartOf\":{\"@id\":\"https:\\\/\\\/depurecousa.com\\\/es\\\/#website\"},\"primaryImageOfPage\":{\"@id\":\"https:\\\/\\\/depurecousa.com\\\/es\\\/producto\\\/xm-35-jc-aspiradora-industrial\\\/#primaryimage\"},\"image\":{\"@id\":\"https:\\\/\\\/depurecousa.com\\\/es\\\/producto\\\/xm-35-jc-aspiradora-industrial\\\/#primaryimage\"},\"thumbnailUrl\":\"https:\\\/\\\/depurecousa.com\\\/app\\\/uploads\\\/2023\\\/05\\\/XM-35-JC-1.webp\",\"datePublished\":\"2023-05-02T08:54:52+00:00\",\"dateModified\":\"2026-01-13T09:24:44+00:00\",\"description\":\"El XM 35 Jet Clean\u00ae es una aspiradora industrial potente y segura, f\u00e1cilmente transportable gracias al carro montado sobre ruedas pivotantes.\",\"breadcrumb\":{\"@id\":\"https:\\\/\\\/depurecousa.com\\\/es\\\/producto\\\/xm-35-jc-aspiradora-industrial\\\/#breadcrumb\"},\"inLanguage\":\"es\",\"potentialAction\":[{\"@type\":\"ReadAction\",\"target\":[\"https:\\\/\\\/depurecousa.com\\\/es\\\/producto\\\/xm-35-jc-aspiradora-industrial\\\/\"]}]},{\"@type\":\"ImageObject\",\"inLanguage\":\"es\",\"@id\":\"https:\\\/\\\/depurecousa.com\\\/es\\\/producto\\\/xm-35-jc-aspiradora-industrial\\\/#primaryimage\",\"url\":\"https:\\\/\\\/depurecousa.com\\\/app\\\/uploads\\\/2023\\\/05\\\/XM-35-JC-1.webp\",\"contentUrl\":\"https:\\\/\\\/depurecousa.com\\\/app\\\/uploads\\\/2023\\\/05\\\/XM-35-JC-1.webp\",\"width\":800,\"height\":800},{\"@type\":\"BreadcrumbList\",\"@id\":\"https:\\\/\\\/depurecousa.com\\\/es\\\/producto\\\/xm-35-jc-aspiradora-industrial\\\/#breadcrumb\",\"itemListElement\":[{\"@type\":\"ListItem\",\"position\":1,\"name\":\"Home\",\"item\":\"https:\\\/\\\/depurecousa.com\\\/es\\\/hogar\\\/\"},{\"@type\":\"ListItem\",\"position\":2,\"name\":\"Productos\",\"item\":\"https:\\\/\\\/depurecousa.com\\\/es\\\/shop\\\/\"},{\"@type\":\"ListItem\",\"position\":3,\"name\":\"XM 35 JC ASPIRADORA INDUSTRIAL\"}]},{\"@type\":\"WebSite\",\"@id\":\"https:\\\/\\\/depurecousa.com\\\/es\\\/#website\",\"url\":\"https:\\\/\\\/depurecousa.com\\\/es\\\/\",\"name\":\"Depureco USA\",\"description\":\"Aspiradoras industriales y sistemas centralizados\",\"publisher\":{\"@id\":\"https:\\\/\\\/depurecousa.com\\\/es\\\/#organization\"},\"alternateName\":\"Depureco Industrial Vacuums\",\"potentialAction\":[{\"@type\":\"SearchAction\",\"target\":{\"@type\":\"EntryPoint\",\"urlTemplate\":\"https:\\\/\\\/depurecousa.com\\\/es\\\/?s={search_term_string}\"},\"query-input\":{\"@type\":\"PropertyValueSpecification\",\"valueRequired\":true,\"valueName\":\"search_term_string\"}}],\"inLanguage\":\"es\"},{\"@type\":[\"Organization\",\"Place\"],\"@id\":\"https:\\\/\\\/depurecousa.com\\\/es\\\/#organization\",\"name\":\"Depureco USA\",\"alternateName\":\"Depureco Industrial Vacuums\",\"url\":\"https:\\\/\\\/depurecousa.com\\\/es\\\/\",\"logo\":{\"@id\":\"https:\\\/\\\/depurecousa.com\\\/es\\\/producto\\\/xm-35-jc-aspiradora-industrial\\\/#local-main-organization-logo\"},\"image\":{\"@id\":\"https:\\\/\\\/depurecousa.com\\\/es\\\/producto\\\/xm-35-jc-aspiradora-industrial\\\/#local-main-organization-logo\"},\"sameAs\":[\"https:\\\/\\\/www.facebook.com\\\/DepurecoUSA\\\/\",\"https:\\\/\\\/www.youtube.com\\\/@depurecousa\",\"https:\\\/\\\/www.linkedin.com\\\/company\\\/depureco-usa\\\/\",\"https:\\\/\\\/www.thomasnet.com\\\/company\\\/depureco-industrial-vacuums-usa-30990947\\\/profile?cov=NA&which=comp&what=depureco&coverage_area=NA&card_position=1&suppliers_in_page=1&page_number=1&headingList=16410201,0,25120189,26781609,26791905,89931042,41260373,45621323,46152609,89920243&isNationalSearch=false\"],\"legalName\":\"Depureco Industrial Vacuums Corp\",\"numberOfEmployees\":{\"@type\":\"QuantitativeValue\",\"minValue\":\"11\",\"maxValue\":\"50\"},\"address\":{\"@id\":\"https:\\\/\\\/depurecousa.com\\\/es\\\/producto\\\/xm-35-jc-aspiradora-industrial\\\/#local-main-place-address\"},\"geo\":{\"@type\":\"GeoCoordinates\",\"latitude\":\"30.024973508015663\",\"longitude\":\"-97.86156736732772\"},\"telephone\":[\"7377044347\"],\"contactPoint\":{\"@type\":\"ContactPoint\",\"telephone\":\"7377044347\",\"email\":\"simone.bacciu@depurecousa.com\"},\"openingHoursSpecification\":[{\"@type\":\"OpeningHoursSpecification\",\"dayOfWeek\":[\"Monday\",\"Tuesday\",\"Wednesday\",\"Thursday\",\"Friday\",\"Saturday\",\"Sunday\"],\"opens\":\"09:00\",\"closes\":\"17:00\"}],\"email\":\"info@depurecousa.com\",\"faxNumber\":\"Depureco Industrial Vacuums Corp\",\"areaServed\":\"United States\",\"globalLocationNumber\":\"24FQ+X9 Kyle, Texas\"},{\"@type\":\"PostalAddress\",\"@id\":\"https:\\\/\\\/depurecousa.com\\\/es\\\/producto\\\/xm-35-jc-aspiradora-industrial\\\/#local-main-place-address\",\"streetAddress\":\"19121 Marketplace Avenue, Building 1, Suite 165\",\"addressLocality\":\"KYLE\",\"postalCode\":\"78640\",\"addressRegion\":\"TX\",\"addressCountry\":\"US\"},{\"@type\":\"ImageObject\",\"inLanguage\":\"es\",\"@id\":\"https:\\\/\\\/depurecousa.com\\\/es\\\/producto\\\/xm-35-jc-aspiradora-industrial\\\/#local-main-organization-logo\",\"url\":\"https:\\\/\\\/depurecousa.com\\\/app\\\/uploads\\\/2023\\\/06\\\/depureco-logo-ico.png\",\"contentUrl\":\"https:\\\/\\\/depurecousa.com\\\/app\\\/uploads\\\/2023\\\/06\\\/depureco-logo-ico.png\",\"width\":512,\"height\":512,\"caption\":\"Depureco USA\"}]}<\/script>\n<meta property=\"product:price:currency\" content=\"USD\" \/>\n<meta property=\"og:availability\" content=\"instock\" \/>\n<meta property=\"product:availability\" content=\"instock\" \/>\n<meta property=\"product:condition\" content=\"new\" \/>\n<meta name=\"geo.placename\" content=\"KYLE\" \/>\n<meta name=\"geo.position\" content=\"30.024973508015663;-97.86156736732772\" \/>\n<meta name=\"geo.region\" content=\"Estados Unidos (EEUU)\" \/>\n<!-- \/ Yoast SEO Premium plugin. -->","yoast_head_json":{"title":"Aspiradoras Industriales de Polvo FinoXM 35 JC ASPIRADORA INDUSTRIAL | Depureco USA","description":"El XM 35 Jet Clean\u00ae es una aspiradora industrial potente y segura, f\u00e1cilmente transportable gracias al carro montado sobre ruedas pivotantes.","robots":{"index":"index","follow":"follow","max-snippet":"max-snippet:-1","max-image-preview":"max-image-preview:large","max-video-preview":"max-video-preview:-1"},"canonical":"https:\/\/depurecousa.com\/es\/producto\/xm-35-jc-aspiradora-industrial\/","og_locale":"es_ES","og_type":"article","og_title":"XM 35 JC ASPIRADORA INDUSTRIAL","og_description":"El XM 35 Jet Clean\u00ae es una aspiradora industrial potente y segura, f\u00e1cilmente transportable gracias al carro montado sobre ruedas pivotantes.","og_url":"https:\/\/depurecousa.com\/es\/producto\/xm-35-jc-aspiradora-industrial\/","og_site_name":"Depureco USA","article_publisher":"https:\/\/www.facebook.com\/DepurecoUSA\/","article_modified_time":"2026-01-13T09:24:44+00:00","og_image":[{"width":800,"height":800,"url":"https:\/\/depurecousa.com\/app\/uploads\/2023\/05\/XM-35-JC-1.webp","type":"image\/webp"}],"twitter_card":"summary_large_image","schema":{"@context":"https:\/\/schema.org","@graph":[{"@type":["WebPage","ItemPage"],"@id":"https:\/\/depurecousa.com\/es\/producto\/xm-35-jc-aspiradora-industrial\/","url":"https:\/\/depurecousa.com\/es\/producto\/xm-35-jc-aspiradora-industrial\/","name":"Aspiradoras Industriales de Polvo FinoXM 35 JC ASPIRADORA INDUSTRIAL | Depureco USA","isPartOf":{"@id":"https:\/\/depurecousa.com\/es\/#website"},"primaryImageOfPage":{"@id":"https:\/\/depurecousa.com\/es\/producto\/xm-35-jc-aspiradora-industrial\/#primaryimage"},"image":{"@id":"https:\/\/depurecousa.com\/es\/producto\/xm-35-jc-aspiradora-industrial\/#primaryimage"},"thumbnailUrl":"https:\/\/depurecousa.com\/app\/uploads\/2023\/05\/XM-35-JC-1.webp","datePublished":"2023-05-02T08:54:52+00:00","dateModified":"2026-01-13T09:24:44+00:00","description":"El XM 35 Jet Clean\u00ae es una aspiradora industrial potente y segura, f\u00e1cilmente transportable gracias al carro montado sobre ruedas pivotantes.","breadcrumb":{"@id":"https:\/\/depurecousa.com\/es\/producto\/xm-35-jc-aspiradora-industrial\/#breadcrumb"},"inLanguage":"es","potentialAction":[{"@type":"ReadAction","target":["https:\/\/depurecousa.com\/es\/producto\/xm-35-jc-aspiradora-industrial\/"]}]},{"@type":"ImageObject","inLanguage":"es","@id":"https:\/\/depurecousa.com\/es\/producto\/xm-35-jc-aspiradora-industrial\/#primaryimage","url":"https:\/\/depurecousa.com\/app\/uploads\/2023\/05\/XM-35-JC-1.webp","contentUrl":"https:\/\/depurecousa.com\/app\/uploads\/2023\/05\/XM-35-JC-1.webp","width":800,"height":800},{"@type":"BreadcrumbList","@id":"https:\/\/depurecousa.com\/es\/producto\/xm-35-jc-aspiradora-industrial\/#breadcrumb","itemListElement":[{"@type":"ListItem","position":1,"name":"Home","item":"https:\/\/depurecousa.com\/es\/hogar\/"},{"@type":"ListItem","position":2,"name":"Productos","item":"https:\/\/depurecousa.com\/es\/shop\/"},{"@type":"ListItem","position":3,"name":"XM 35 JC ASPIRADORA INDUSTRIAL"}]},{"@type":"WebSite","@id":"https:\/\/depurecousa.com\/es\/#website","url":"https:\/\/depurecousa.com\/es\/","name":"Depureco USA","description":"Aspiradoras industriales y sistemas centralizados","publisher":{"@id":"https:\/\/depurecousa.com\/es\/#organization"},"alternateName":"Depureco Industrial Vacuums","potentialAction":[{"@type":"SearchAction","target":{"@type":"EntryPoint","urlTemplate":"https:\/\/depurecousa.com\/es\/?s={search_term_string}"},"query-input":{"@type":"PropertyValueSpecification","valueRequired":true,"valueName":"search_term_string"}}],"inLanguage":"es"},{"@type":["Organization","Place"],"@id":"https:\/\/depurecousa.com\/es\/#organization","name":"Depureco USA","alternateName":"Depureco Industrial Vacuums","url":"https:\/\/depurecousa.com\/es\/","logo":{"@id":"https:\/\/depurecousa.com\/es\/producto\/xm-35-jc-aspiradora-industrial\/#local-main-organization-logo"},"image":{"@id":"https:\/\/depurecousa.com\/es\/producto\/xm-35-jc-aspiradora-industrial\/#local-main-organization-logo"},"sameAs":["https:\/\/www.facebook.com\/DepurecoUSA\/","https:\/\/www.youtube.com\/@depurecousa","https:\/\/www.linkedin.com\/company\/depureco-usa\/","https:\/\/www.thomasnet.com\/company\/depureco-industrial-vacuums-usa-30990947\/profile?cov=NA&which=comp&what=depureco&coverage_area=NA&card_position=1&suppliers_in_page=1&page_number=1&headingList=16410201,0,25120189,26781609,26791905,89931042,41260373,45621323,46152609,89920243&isNationalSearch=false"],"legalName":"Depureco Industrial Vacuums Corp","numberOfEmployees":{"@type":"QuantitativeValue","minValue":"11","maxValue":"50"},"address":{"@id":"https:\/\/depurecousa.com\/es\/producto\/xm-35-jc-aspiradora-industrial\/#local-main-place-address"},"geo":{"@type":"GeoCoordinates","latitude":"30.024973508015663","longitude":"-97.86156736732772"},"telephone":["7377044347"],"contactPoint":{"@type":"ContactPoint","telephone":"7377044347","email":"simone.bacciu@depurecousa.com"},"openingHoursSpecification":[{"@type":"OpeningHoursSpecification","dayOfWeek":["Monday","Tuesday","Wednesday","Thursday","Friday","Saturday","Sunday"],"opens":"09:00","closes":"17:00"}],"email":"info@depurecousa.com","faxNumber":"Depureco Industrial Vacuums Corp","areaServed":"United States","globalLocationNumber":"24FQ+X9 Kyle, Texas"},{"@type":"PostalAddress","@id":"https:\/\/depurecousa.com\/es\/producto\/xm-35-jc-aspiradora-industrial\/#local-main-place-address","streetAddress":"19121 Marketplace Avenue, Building 1, Suite 165","addressLocality":"KYLE","postalCode":"78640","addressRegion":"TX","addressCountry":"US"},{"@type":"ImageObject","inLanguage":"es","@id":"https:\/\/depurecousa.com\/es\/producto\/xm-35-jc-aspiradora-industrial\/#local-main-organization-logo","url":"https:\/\/depurecousa.com\/app\/uploads\/2023\/06\/depureco-logo-ico.png","contentUrl":"https:\/\/depurecousa.com\/app\/uploads\/2023\/06\/depureco-logo-ico.png","width":512,"height":512,"caption":"Depureco USA"}]},"product_price_currency":"USD","og_availability":"instock","product_availability":"instock","product_condition":"new","geo.placename":"KYLE","geo.position":{"lat":"30.024973508015663","long":"-97.86156736732772"},"geo.region":"Estados Unidos (EEUU)"},"_links":{"self":[{"href":"https:\/\/depurecousa.com\/es\/wp-json\/wp\/v2\/product\/7903","targetHints":{"allow":["GET"]}}],"collection":[{"href":"https:\/\/depurecousa.com\/es\/wp-json\/wp\/v2\/product"}],"about":[{"href":"https:\/\/depurecousa.com\/es\/wp-json\/wp\/v2\/types\/product"}],"wp:featuredmedia":[{"embeddable":true,"href":"https:\/\/depurecousa.com\/es\/wp-json\/wp\/v2\/media\/3764"}],"wp:attachment":[{"href":"https:\/\/depurecousa.com\/es\/wp-json\/wp\/v2\/media?parent=7903"}],"wp:term":[{"taxonomy":"product_brand","embeddable":true,"href":"https:\/\/depurecousa.com\/es\/wp-json\/wp\/v2\/product_brand?post=7903"},{"taxonomy":"product_cat","embeddable":true,"href":"https:\/\/depurecousa.com\/es\/wp-json\/wp\/v2\/product_cat?post=7903"},{"taxonomy":"product_tag","embeddable":true,"href":"https:\/\/depurecousa.com\/es\/wp-json\/wp\/v2\/product_tag?post=7903"}],"curies":[{"name":"wp","href":"https:\/\/api.w.org\/{rel}","templated":true}]}}