{"id":7904,"date":"2023-05-01T03:00:13","date_gmt":"2023-05-01T09:00:13","guid":{"rendered":"https:\/\/depurecousa.com\/product\/xm-20-jc\/"},"modified":"2026-01-13T02:07:21","modified_gmt":"2026-01-13T09:07:21","slug":"xm-20-jc-aspiradora-industrial-portatil","status":"publish","type":"product","link":"https:\/\/depurecousa.com\/es\/producto\/xm-20-jc-aspiradora-industrial-portatil\/","title":{"rendered":"XM 20 JC <br>ASPIRADORA INDUSTRIAL PORT\u00c1TIL"},"content":{"rendered":"<p>El XM 20 Jet Clean\u00ae de Depureco es la aspiradora industrial m\u00e1s peque\u00f1a dise\u00f1ada espec\u00edficamente para capturar part\u00edculas finas de polvo. Utiliza dos motores con un sistema de refrigeraci\u00f3n By-Pass (HECHO EN ITALIA) para ofrecer un rendimiento de aspiraci\u00f3n excepcionalmente potente. El polvo y los residuos se aspiran a trav\u00e9s de una robusta entrada met\u00e1lica que admite una manguera flexible de 1,57 pulg. o 1,96 pulg. En el interior de la aspiradora hay un cartucho filtrante certificado, aprobado por el BIA (Berufsgenossenschaftliches Institut f\u00fcr Arbeitssicherheit), perteneciente a la clase M y que ofrece una eficacia de filtraci\u00f3n de 1\u00b5. Con una superficie filtrante de 5,500 in\u00b2\u00a0, captura eficazmente grandes vol\u00famenes de polvo sin obstruir el filtro.<\/p>\n<p>En particular, esta aspiradora industrial, que forma parte de la gama monof\u00e1sica de Depureco, incorpora el innovador sistema de limpieza de filtros JetClean\u00ae. Este sistema permite limpiar el filtro sin esfuerzo y sin necesidad de que el operario apague la aspiradora. Adem\u00e1s, la aspiradora est\u00e1 equipada con un contenedor desmontable de 20 litros en la parte inferior, lo que facilita la eliminaci\u00f3n f\u00e1cil y segura del material recogido.<\/p>\n<p>&nbsp;<\/p>\n<p><iframe title=\"XM 20 | SINGLEPHASE VACUUM CLEANER | Depureco Industrial Vacuums\" width=\"800\" height=\"450\" src=\"https:\/\/www.youtube.com\/embed\/WdXf02YXA7E?feature=oembed\" frameborder=\"0\" allow=\"accelerometer; autoplay; clipboard-write; encrypted-media; gyroscope; picture-in-picture; web-share\" referrerpolicy=\"strict-origin-when-cross-origin\" allowfullscreen><\/iframe><\/p>\n","protected":false},"excerpt":{"rendered":"<p>El XM 20 Jet Clean\u00ae de Depureco es la aspiradora industrial m\u00e1s peque\u00f1a dise\u00f1ada espec\u00edficamente para capturar part\u00edculas finas de polvo. Utiliza dos motores con un sistema de refrigeraci\u00f3n By-Pass (HECHO EN ITALIA) para ofrecer un rendimiento de aspiraci\u00f3n excepcionalmente potente. El polvo y los residuos se aspiran a trav\u00e9s de una robusta entrada met\u00e1lica [&hellip;]<\/p>\n","protected":false},"featured_media":3728,"template":"","meta":{"_acf_changed":false,"content-type":"","inline_featured_image":false},"product_brand":[],"product_cat":[191],"product_tag":[],"class_list":{"0":"post-7904","1":"product","2":"type-product","3":"status-publish","4":"has-post-thumbnail","6":"product_cat-aspiradoras-industriales-wet-and-dry","8":"first","9":"instock","10":"shipping-taxable","11":"product-type-simple"},"acf":[],"yoast_head":"<!-- This site is optimized with the Yoast SEO Premium plugin v27.4 (Yoast SEO v27.4) - https:\/\/yoast.com\/product\/yoast-seo-premium-wordpress\/ -->\n<title>Aspiradora Industrial de Polvo Fino XM 20 JC ASPIRADORA INDUSTRIAL PORT\u00c1TIL - Depureco USA<\/title>\n<meta name=\"description\" content=\"El XM 20 Jet Clean\u00ae de Depureco es la aspiradora industrial m\u00e1s peque\u00f1a dise\u00f1ada espec\u00edficamente para capturar part\u00edculas finas de polvo.\" \/>\n<meta name=\"robots\" content=\"index, follow, max-snippet:-1, max-image-preview:large, max-video-preview:-1\" \/>\n<link rel=\"canonical\" href=\"https:\/\/depurecousa.com\/es\/producto\/xm-20-jc-aspiradora-industrial-portatil\/\" \/>\n<meta property=\"og:locale\" content=\"es_ES\" \/>\n<meta property=\"og:type\" content=\"article\" \/>\n<meta property=\"og:title\" content=\"XM 20 JC ASPIRADORA INDUSTRIAL PORT\u00c1TIL\" \/>\n<meta property=\"og:description\" content=\"El XM 20 Jet Clean\u00ae de Depureco es la aspiradora industrial m\u00e1s peque\u00f1a dise\u00f1ada espec\u00edficamente para capturar part\u00edculas finas de polvo.\" \/>\n<meta property=\"og:url\" content=\"https:\/\/depurecousa.com\/es\/producto\/xm-20-jc-aspiradora-industrial-portatil\/\" \/>\n<meta property=\"og:site_name\" content=\"Depureco USA\" \/>\n<meta property=\"article:publisher\" content=\"https:\/\/www.facebook.com\/DepurecoUSA\/\" \/>\n<meta property=\"article:modified_time\" content=\"2026-01-13T09:07:21+00:00\" \/>\n<meta property=\"og:image\" content=\"https:\/\/depurecousa.com\/app\/uploads\/2023\/05\/Immagine-prodotti.webp\" \/>\n\t<meta property=\"og:image:width\" content=\"800\" \/>\n\t<meta property=\"og:image:height\" content=\"800\" \/>\n\t<meta property=\"og:image:type\" content=\"image\/webp\" \/>\n<meta name=\"twitter:card\" content=\"summary_large_image\" \/>\n<meta name=\"twitter:label1\" content=\"Precio\" \/>\n\t<meta name=\"twitter:data1\" content=\"\" \/>\n\t<meta name=\"twitter:label2\" content=\"Disponibilidad\" \/>\n\t<meta name=\"twitter:data2\" content=\"Disponible\" \/>\n<script type=\"application\/ld+json\" class=\"yoast-schema-graph\">{\"@context\":\"https:\\\/\\\/schema.org\",\"@graph\":[{\"@type\":[\"WebPage\",\"ItemPage\"],\"@id\":\"https:\\\/\\\/depurecousa.com\\\/es\\\/producto\\\/xm-20-jc-aspiradora-industrial-portatil\\\/\",\"url\":\"https:\\\/\\\/depurecousa.com\\\/es\\\/producto\\\/xm-20-jc-aspiradora-industrial-portatil\\\/\",\"name\":\"Aspiradora Industrial de Polvo Fino XM 20 JC ASPIRADORA INDUSTRIAL PORT\u00c1TIL - Depureco USA\",\"isPartOf\":{\"@id\":\"https:\\\/\\\/depurecousa.com\\\/es\\\/#website\"},\"primaryImageOfPage\":{\"@id\":\"https:\\\/\\\/depurecousa.com\\\/es\\\/producto\\\/xm-20-jc-aspiradora-industrial-portatil\\\/#primaryimage\"},\"image\":{\"@id\":\"https:\\\/\\\/depurecousa.com\\\/es\\\/producto\\\/xm-20-jc-aspiradora-industrial-portatil\\\/#primaryimage\"},\"thumbnailUrl\":\"https:\\\/\\\/depurecousa.com\\\/app\\\/uploads\\\/2023\\\/05\\\/Immagine-prodotti.webp\",\"datePublished\":\"2023-05-01T09:00:13+00:00\",\"dateModified\":\"2026-01-13T09:07:21+00:00\",\"description\":\"El XM 20 Jet Clean\u00ae de Depureco es la aspiradora industrial m\u00e1s peque\u00f1a dise\u00f1ada espec\u00edficamente para capturar part\u00edculas finas de polvo.\",\"breadcrumb\":{\"@id\":\"https:\\\/\\\/depurecousa.com\\\/es\\\/producto\\\/xm-20-jc-aspiradora-industrial-portatil\\\/#breadcrumb\"},\"inLanguage\":\"es\",\"potentialAction\":[{\"@type\":\"ReadAction\",\"target\":[\"https:\\\/\\\/depurecousa.com\\\/es\\\/producto\\\/xm-20-jc-aspiradora-industrial-portatil\\\/\"]}]},{\"@type\":\"ImageObject\",\"inLanguage\":\"es\",\"@id\":\"https:\\\/\\\/depurecousa.com\\\/es\\\/producto\\\/xm-20-jc-aspiradora-industrial-portatil\\\/#primaryimage\",\"url\":\"https:\\\/\\\/depurecousa.com\\\/app\\\/uploads\\\/2023\\\/05\\\/Immagine-prodotti.webp\",\"contentUrl\":\"https:\\\/\\\/depurecousa.com\\\/app\\\/uploads\\\/2023\\\/05\\\/Immagine-prodotti.webp\",\"width\":800,\"height\":800},{\"@type\":\"BreadcrumbList\",\"@id\":\"https:\\\/\\\/depurecousa.com\\\/es\\\/producto\\\/xm-20-jc-aspiradora-industrial-portatil\\\/#breadcrumb\",\"itemListElement\":[{\"@type\":\"ListItem\",\"position\":1,\"name\":\"Home\",\"item\":\"https:\\\/\\\/depurecousa.com\\\/es\\\/hogar\\\/\"},{\"@type\":\"ListItem\",\"position\":2,\"name\":\"Productos\",\"item\":\"https:\\\/\\\/depurecousa.com\\\/es\\\/shop\\\/\"},{\"@type\":\"ListItem\",\"position\":3,\"name\":\"ASPIRADORAS INDUSTRIALES WET AND DRY\",\"item\":\"https:\\\/\\\/depurecousa.com\\\/es\\\/product-category\\\/aspiradoras-industriales-wet-and-dry\\\/\"},{\"@type\":\"ListItem\",\"position\":4,\"name\":\"XM 20 JC ASPIRADORA INDUSTRIAL PORT\u00c1TIL\"}]},{\"@type\":\"WebSite\",\"@id\":\"https:\\\/\\\/depurecousa.com\\\/es\\\/#website\",\"url\":\"https:\\\/\\\/depurecousa.com\\\/es\\\/\",\"name\":\"Depureco USA\",\"description\":\"Aspiradoras industriales y sistemas centralizados\",\"publisher\":{\"@id\":\"https:\\\/\\\/depurecousa.com\\\/es\\\/#organization\"},\"potentialAction\":[{\"@type\":\"SearchAction\",\"target\":{\"@type\":\"EntryPoint\",\"urlTemplate\":\"https:\\\/\\\/depurecousa.com\\\/es\\\/?s={search_term_string}\"},\"query-input\":{\"@type\":\"PropertyValueSpecification\",\"valueRequired\":true,\"valueName\":\"search_term_string\"}}],\"inLanguage\":\"es\"},{\"@type\":[\"Organization\",\"Place\"],\"@id\":\"https:\\\/\\\/depurecousa.com\\\/es\\\/#organization\",\"name\":\"Depureco USA\",\"alternateName\":\"Depureco Industrial Vacuums\",\"url\":\"https:\\\/\\\/depurecousa.com\\\/es\\\/\",\"logo\":{\"@id\":\"https:\\\/\\\/depurecousa.com\\\/es\\\/producto\\\/xm-20-jc-aspiradora-industrial-portatil\\\/#local-main-organization-logo\"},\"image\":{\"@id\":\"https:\\\/\\\/depurecousa.com\\\/es\\\/producto\\\/xm-20-jc-aspiradora-industrial-portatil\\\/#local-main-organization-logo\"},\"sameAs\":[\"https:\\\/\\\/www.facebook.com\\\/DepurecoUSA\\\/\",\"https:\\\/\\\/www.youtube.com\\\/@depurecousa\",\"https:\\\/\\\/www.linkedin.com\\\/company\\\/depureco-usa\\\/\",\"https:\\\/\\\/www.thomasnet.com\\\/company\\\/depureco-industrial-vacuums-usa-30990947\\\/profile?cov=NA&which=comp&what=depureco&coverage_area=NA&card_position=1&suppliers_in_page=1&page_number=1&headingList=16410201,0,25120189,26781609,26791905,89931042,41260373,45621323,46152609,89920243&isNationalSearch=false\"],\"legalName\":\"Depureco Industrial Vacuums Corp\",\"numberOfEmployees\":{\"@type\":\"QuantitativeValue\",\"minValue\":\"11\",\"maxValue\":\"50\"},\"address\":{\"@id\":\"https:\\\/\\\/depurecousa.com\\\/es\\\/producto\\\/xm-20-jc-aspiradora-industrial-portatil\\\/#local-main-place-address\"},\"geo\":{\"@type\":\"GeoCoordinates\",\"latitude\":\"30.024973508015663\",\"longitude\":\"-97.86156736732772\"},\"telephone\":[\"7377044347\"],\"contactPoint\":{\"@type\":\"ContactPoint\",\"telephone\":\"7377044347\",\"email\":\"simone.bacciu@depurecousa.com\"},\"openingHoursSpecification\":[{\"@type\":\"OpeningHoursSpecification\",\"dayOfWeek\":[\"Monday\",\"Tuesday\",\"Wednesday\",\"Thursday\",\"Friday\",\"Saturday\",\"Sunday\"],\"opens\":\"09:00\",\"closes\":\"17:00\"}],\"email\":\"info@depurecousa.com\",\"faxNumber\":\"Depureco Industrial Vacuums Corp\",\"areaServed\":\"United States\",\"globalLocationNumber\":\"24FQ+X9 Kyle, Texas\"},{\"@type\":\"PostalAddress\",\"@id\":\"https:\\\/\\\/depurecousa.com\\\/es\\\/producto\\\/xm-20-jc-aspiradora-industrial-portatil\\\/#local-main-place-address\",\"streetAddress\":\"19121 Marketplace Avenue, Building 1, Suite 165\",\"addressLocality\":\"KYLE\",\"postalCode\":\"78640\",\"addressRegion\":\"TX\",\"addressCountry\":\"US\"},{\"@type\":\"ImageObject\",\"inLanguage\":\"es\",\"@id\":\"https:\\\/\\\/depurecousa.com\\\/es\\\/producto\\\/xm-20-jc-aspiradora-industrial-portatil\\\/#local-main-organization-logo\",\"url\":\"https:\\\/\\\/depurecousa.com\\\/app\\\/uploads\\\/2023\\\/06\\\/depureco-logo-ico.png\",\"contentUrl\":\"https:\\\/\\\/depurecousa.com\\\/app\\\/uploads\\\/2023\\\/06\\\/depureco-logo-ico.png\",\"width\":512,\"height\":512,\"caption\":\"Depureco USA\"}]}<\/script>\n<meta property=\"product:price:currency\" content=\"USD\" \/>\n<meta property=\"og:availability\" content=\"instock\" \/>\n<meta property=\"product:availability\" content=\"instock\" \/>\n<meta property=\"product:condition\" content=\"new\" \/>\n<meta name=\"geo.placename\" content=\"KYLE\" \/>\n<meta name=\"geo.position\" content=\"30.024973508015663;-97.86156736732772\" \/>\n<meta name=\"geo.region\" content=\"Estados Unidos (EEUU)\" \/>\n<!-- \/ Yoast SEO Premium plugin. -->","yoast_head_json":{"title":"Aspiradora Industrial de Polvo Fino XM 20 JC ASPIRADORA INDUSTRIAL PORT\u00c1TIL - Depureco USA","description":"El XM 20 Jet Clean\u00ae de Depureco es la aspiradora industrial m\u00e1s peque\u00f1a dise\u00f1ada espec\u00edficamente para capturar part\u00edculas finas de polvo.","robots":{"index":"index","follow":"follow","max-snippet":"max-snippet:-1","max-image-preview":"max-image-preview:large","max-video-preview":"max-video-preview:-1"},"canonical":"https:\/\/depurecousa.com\/es\/producto\/xm-20-jc-aspiradora-industrial-portatil\/","og_locale":"es_ES","og_type":"article","og_title":"XM 20 JC ASPIRADORA INDUSTRIAL PORT\u00c1TIL","og_description":"El XM 20 Jet Clean\u00ae de Depureco es la aspiradora industrial m\u00e1s peque\u00f1a dise\u00f1ada espec\u00edficamente para capturar part\u00edculas finas de polvo.","og_url":"https:\/\/depurecousa.com\/es\/producto\/xm-20-jc-aspiradora-industrial-portatil\/","og_site_name":"Depureco USA","article_publisher":"https:\/\/www.facebook.com\/DepurecoUSA\/","article_modified_time":"2026-01-13T09:07:21+00:00","og_image":[{"width":800,"height":800,"url":"https:\/\/depurecousa.com\/app\/uploads\/2023\/05\/Immagine-prodotti.webp","type":"image\/webp"}],"twitter_card":"summary_large_image","twitter_misc":{"Precio":"","Disponibilidad":"Disponible"},"schema":{"@context":"https:\/\/schema.org","@graph":[{"@type":["WebPage","ItemPage"],"@id":"https:\/\/depurecousa.com\/es\/producto\/xm-20-jc-aspiradora-industrial-portatil\/","url":"https:\/\/depurecousa.com\/es\/producto\/xm-20-jc-aspiradora-industrial-portatil\/","name":"Aspiradora Industrial de Polvo Fino XM 20 JC ASPIRADORA INDUSTRIAL PORT\u00c1TIL - Depureco USA","isPartOf":{"@id":"https:\/\/depurecousa.com\/es\/#website"},"primaryImageOfPage":{"@id":"https:\/\/depurecousa.com\/es\/producto\/xm-20-jc-aspiradora-industrial-portatil\/#primaryimage"},"image":{"@id":"https:\/\/depurecousa.com\/es\/producto\/xm-20-jc-aspiradora-industrial-portatil\/#primaryimage"},"thumbnailUrl":"https:\/\/depurecousa.com\/app\/uploads\/2023\/05\/Immagine-prodotti.webp","datePublished":"2023-05-01T09:00:13+00:00","dateModified":"2026-01-13T09:07:21+00:00","description":"El XM 20 Jet Clean\u00ae de Depureco es la aspiradora industrial m\u00e1s peque\u00f1a dise\u00f1ada espec\u00edficamente para capturar part\u00edculas finas de polvo.","breadcrumb":{"@id":"https:\/\/depurecousa.com\/es\/producto\/xm-20-jc-aspiradora-industrial-portatil\/#breadcrumb"},"inLanguage":"es","potentialAction":[{"@type":"ReadAction","target":["https:\/\/depurecousa.com\/es\/producto\/xm-20-jc-aspiradora-industrial-portatil\/"]}]},{"@type":"ImageObject","inLanguage":"es","@id":"https:\/\/depurecousa.com\/es\/producto\/xm-20-jc-aspiradora-industrial-portatil\/#primaryimage","url":"https:\/\/depurecousa.com\/app\/uploads\/2023\/05\/Immagine-prodotti.webp","contentUrl":"https:\/\/depurecousa.com\/app\/uploads\/2023\/05\/Immagine-prodotti.webp","width":800,"height":800},{"@type":"BreadcrumbList","@id":"https:\/\/depurecousa.com\/es\/producto\/xm-20-jc-aspiradora-industrial-portatil\/#breadcrumb","itemListElement":[{"@type":"ListItem","position":1,"name":"Home","item":"https:\/\/depurecousa.com\/es\/hogar\/"},{"@type":"ListItem","position":2,"name":"Productos","item":"https:\/\/depurecousa.com\/es\/shop\/"},{"@type":"ListItem","position":3,"name":"ASPIRADORAS INDUSTRIALES WET AND DRY","item":"https:\/\/depurecousa.com\/es\/product-category\/aspiradoras-industriales-wet-and-dry\/"},{"@type":"ListItem","position":4,"name":"XM 20 JC ASPIRADORA INDUSTRIAL PORT\u00c1TIL"}]},{"@type":"WebSite","@id":"https:\/\/depurecousa.com\/es\/#website","url":"https:\/\/depurecousa.com\/es\/","name":"Depureco USA","description":"Aspiradoras industriales y sistemas centralizados","publisher":{"@id":"https:\/\/depurecousa.com\/es\/#organization"},"potentialAction":[{"@type":"SearchAction","target":{"@type":"EntryPoint","urlTemplate":"https:\/\/depurecousa.com\/es\/?s={search_term_string}"},"query-input":{"@type":"PropertyValueSpecification","valueRequired":true,"valueName":"search_term_string"}}],"inLanguage":"es"},{"@type":["Organization","Place"],"@id":"https:\/\/depurecousa.com\/es\/#organization","name":"Depureco USA","alternateName":"Depureco Industrial Vacuums","url":"https:\/\/depurecousa.com\/es\/","logo":{"@id":"https:\/\/depurecousa.com\/es\/producto\/xm-20-jc-aspiradora-industrial-portatil\/#local-main-organization-logo"},"image":{"@id":"https:\/\/depurecousa.com\/es\/producto\/xm-20-jc-aspiradora-industrial-portatil\/#local-main-organization-logo"},"sameAs":["https:\/\/www.facebook.com\/DepurecoUSA\/","https:\/\/www.youtube.com\/@depurecousa","https:\/\/www.linkedin.com\/company\/depureco-usa\/","https:\/\/www.thomasnet.com\/company\/depureco-industrial-vacuums-usa-30990947\/profile?cov=NA&which=comp&what=depureco&coverage_area=NA&card_position=1&suppliers_in_page=1&page_number=1&headingList=16410201,0,25120189,26781609,26791905,89931042,41260373,45621323,46152609,89920243&isNationalSearch=false"],"legalName":"Depureco Industrial Vacuums Corp","numberOfEmployees":{"@type":"QuantitativeValue","minValue":"11","maxValue":"50"},"address":{"@id":"https:\/\/depurecousa.com\/es\/producto\/xm-20-jc-aspiradora-industrial-portatil\/#local-main-place-address"},"geo":{"@type":"GeoCoordinates","latitude":"30.024973508015663","longitude":"-97.86156736732772"},"telephone":["7377044347"],"contactPoint":{"@type":"ContactPoint","telephone":"7377044347","email":"simone.bacciu@depurecousa.com"},"openingHoursSpecification":[{"@type":"OpeningHoursSpecification","dayOfWeek":["Monday","Tuesday","Wednesday","Thursday","Friday","Saturday","Sunday"],"opens":"09:00","closes":"17:00"}],"email":"info@depurecousa.com","faxNumber":"Depureco Industrial Vacuums Corp","areaServed":"United States","globalLocationNumber":"24FQ+X9 Kyle, Texas"},{"@type":"PostalAddress","@id":"https:\/\/depurecousa.com\/es\/producto\/xm-20-jc-aspiradora-industrial-portatil\/#local-main-place-address","streetAddress":"19121 Marketplace Avenue, Building 1, Suite 165","addressLocality":"KYLE","postalCode":"78640","addressRegion":"TX","addressCountry":"US"},{"@type":"ImageObject","inLanguage":"es","@id":"https:\/\/depurecousa.com\/es\/producto\/xm-20-jc-aspiradora-industrial-portatil\/#local-main-organization-logo","url":"https:\/\/depurecousa.com\/app\/uploads\/2023\/06\/depureco-logo-ico.png","contentUrl":"https:\/\/depurecousa.com\/app\/uploads\/2023\/06\/depureco-logo-ico.png","width":512,"height":512,"caption":"Depureco USA"}]},"product_price_currency":"USD","og_availability":"instock","product_availability":"instock","product_condition":"new","geo.placename":"KYLE","geo.position":{"lat":"30.024973508015663","long":"-97.86156736732772"},"geo.region":"Estados Unidos (EEUU)"},"_links":{"self":[{"href":"https:\/\/depurecousa.com\/es\/wp-json\/wp\/v2\/product\/7904","targetHints":{"allow":["GET"]}}],"collection":[{"href":"https:\/\/depurecousa.com\/es\/wp-json\/wp\/v2\/product"}],"about":[{"href":"https:\/\/depurecousa.com\/es\/wp-json\/wp\/v2\/types\/product"}],"wp:featuredmedia":[{"embeddable":true,"href":"https:\/\/depurecousa.com\/es\/wp-json\/wp\/v2\/media\/3728"}],"wp:attachment":[{"href":"https:\/\/depurecousa.com\/es\/wp-json\/wp\/v2\/media?parent=7904"}],"wp:term":[{"taxonomy":"product_brand","embeddable":true,"href":"https:\/\/depurecousa.com\/es\/wp-json\/wp\/v2\/product_brand?post=7904"},{"taxonomy":"product_cat","embeddable":true,"href":"https:\/\/depurecousa.com\/es\/wp-json\/wp\/v2\/product_cat?post=7904"},{"taxonomy":"product_tag","embeddable":true,"href":"https:\/\/depurecousa.com\/es\/wp-json\/wp\/v2\/product_tag?post=7904"}],"curies":[{"name":"wp","href":"https:\/\/api.w.org\/{rel}","templated":true}]}}