{"id":8247,"date":"2024-06-25T01:30:47","date_gmt":"2024-06-25T07:30:47","guid":{"rendered":"https:\/\/depurecousa.com\/?post_type=product&#038;p=8247"},"modified":"2024-12-04T03:08:25","modified_gmt":"2024-12-04T10:08:25","slug":"aspiradora-inertizacion-polvos-explosivos","status":"publish","type":"product","link":"https:\/\/depurecousa.com\/es\/producto\/aspiradora-inertizacion-polvos-explosivos\/","title":{"rendered":"M100 AM<br>ASPIRADORA PARA INERTIZACI\u00d3N DE POLVOS EXPLOSIVOS"},"content":{"rendered":"<p>El M100 es el buque insignia de las aspiradoras industriales monof\u00e1sicas de Depureco, conocido por su excepcional potencia y rendimiento. Con sus 3 motores By-Pass, alcanza una impresionante potencia de 3,3 CV. La aspiradora industrial M100 est\u00e1 dise\u00f1ada para manipular una amplia gama de materiales dif\u00edciles, como polvo, virutas, l\u00edquidos, etc., mediante tuber\u00edas que pueden extenderse varios metros.<\/p>\n<p>Equipada con un filtro de bolsillo de poli\u00e9ster con una eficacia de filtraci\u00f3n de 1\u00b5, certificado como Clase M por el BIA (Berufsgenossenschaftliches Institut f\u00fcr Arbeitssicherheit), la M100 garantiza una filtraci\u00f3n excelente. Adem\u00e1s, el filtro puede personalizarse para aplicaciones espec\u00edficas. Hay disponibles filtros antiest\u00e1ticos para evitar las cargas electrost\u00e1ticas, los filtros NOMEX pueden soportar altas temperaturas de hasta 482\u00b0F, los filtros recubiertos de tefl\u00f3n son adecuados para trabajar con materiales h\u00famedos y los filtros tratados con nanotecnolog\u00eda PTFE destacan en la captura de las part\u00edculas de polvo m\u00e1s dif\u00edciles.<\/p>\n<p>Para mantener un rendimiento \u00f3ptimo, la aspiradora industrial cuenta con un sistema de limpieza manual del filtro. El filtro puede agitarse f\u00e1cil y eficazmente mediante la palanca situada en el lateral de la aspiradora. Adem\u00e1s, la aspiradora 100 viene con un pr\u00e1ctico contenedor desmontable con ruedas, que permite al operario recoger el material aspirado y desecharlo con facilidad. El contenedor est\u00e1 disponible en capacidades de 100 litros. Est\u00e1 equipado con soporte para las cuatro ruedas giratorias, lo que garantiza un manejo seguro incluso cuando el contenedor est\u00e1 lleno con varios kilogramos de material. Adem\u00e1s, se puede solicitar un kit basculante para contenedores. Para quienes prefieran un sistema de ensacado directo, est\u00e1 disponible la versi\u00f3n M100 Longopac.<\/p>\n<p>&nbsp;<\/p>\n<p><iframe title=\"M65\/100 | Depureco Industrial Vacuums\" width=\"800\" height=\"450\" src=\"https:\/\/www.youtube.com\/embed\/pPydNJVac-E?start=6&#038;feature=oembed\" frameborder=\"0\" allow=\"accelerometer; autoplay; clipboard-write; encrypted-media; gyroscope; picture-in-picture; web-share\" referrerpolicy=\"strict-origin-when-cross-origin\" allowfullscreen><\/iframe><\/p>\n","protected":false},"excerpt":{"rendered":"<p>El M100 es el buque insignia de las aspiradoras industriales monof\u00e1sicas de Depureco, conocido por su excepcional potencia y rendimiento. Con sus 3 motores By-Pass, alcanza una impresionante potencia de 3,3 CV. La aspiradora industrial M100 est\u00e1 dise\u00f1ada para manipular una amplia gama de materiales dif\u00edciles, como polvo, virutas, l\u00edquidos, etc., mediante tuber\u00edas que pueden [&hellip;]<\/p>\n","protected":false},"featured_media":8249,"template":"","meta":{"_acf_changed":false,"content-type":"","inline_featured_image":false},"product_brand":[],"product_cat":[184],"product_tag":[],"class_list":{"0":"post-8247","1":"product","2":"type-product","3":"status-publish","4":"has-post-thumbnail","6":"product_cat-aspiradoras-industriales-antideflagrantes","8":"first","9":"instock","10":"shipping-taxable","11":"product-type-simple"},"acf":[],"yoast_head":"<!-- This site is optimized with the Yoast SEO Premium plugin v27.4 (Yoast SEO v27.4) - https:\/\/yoast.com\/product\/yoast-seo-premium-wordpress\/ -->\n<title>Aspiraci\u00f3n Industrial Wet &amp; Dry M100 AMASPIRADORA PARA INERTIZACI\u00d3N DE POLVOS EXPLOSIVOS - Depureco USA<\/title>\n<meta name=\"description\" content=\"El M100 es el buque insignia de las aspiradoras industriales monof\u00e1sicas de Depureco, conocido por su excepcional potencia y rendimiento.\" \/>\n<meta name=\"robots\" content=\"index, follow, max-snippet:-1, max-image-preview:large, max-video-preview:-1\" \/>\n<link rel=\"canonical\" href=\"https:\/\/depurecousa.com\/es\/producto\/aspiradora-inertizacion-polvos-explosivos\/\" \/>\n<meta property=\"og:locale\" content=\"es_ES\" \/>\n<meta property=\"og:type\" content=\"article\" \/>\n<meta property=\"og:title\" content=\"M100 AMASPIRADORA PARA INERTIZACI\u00d3N DE POLVOS EXPLOSIVOS\" \/>\n<meta property=\"og:description\" content=\"El M100 es el buque insignia de las aspiradoras industriales monof\u00e1sicas de Depureco, conocido por su excepcional potencia y rendimiento.\" \/>\n<meta property=\"og:url\" content=\"https:\/\/depurecousa.com\/es\/producto\/aspiradora-inertizacion-polvos-explosivos\/\" \/>\n<meta property=\"og:site_name\" content=\"Depureco USA\" \/>\n<meta property=\"article:publisher\" content=\"https:\/\/www.facebook.com\/DepurecoUSA\/\" \/>\n<meta property=\"article:modified_time\" content=\"2024-12-04T10:08:25+00:00\" \/>\n<meta property=\"og:image\" content=\"https:\/\/depurecousa.com\/app\/uploads\/2024\/06\/aspiratori-sito-us-1.png\" \/>\n\t<meta property=\"og:image:width\" content=\"800\" \/>\n\t<meta property=\"og:image:height\" content=\"800\" \/>\n\t<meta property=\"og:image:type\" content=\"image\/png\" \/>\n<meta name=\"twitter:card\" content=\"summary_large_image\" \/>\n<script type=\"application\/ld+json\" class=\"yoast-schema-graph\">{\"@context\":\"https:\\\/\\\/schema.org\",\"@graph\":[{\"@type\":[\"WebPage\",\"ItemPage\"],\"@id\":\"https:\\\/\\\/depurecousa.com\\\/es\\\/producto\\\/aspiradora-inertizacion-polvos-explosivos\\\/\",\"url\":\"https:\\\/\\\/depurecousa.com\\\/es\\\/producto\\\/aspiradora-inertizacion-polvos-explosivos\\\/\",\"name\":\"Aspiraci\u00f3n Industrial Wet & Dry M100 AM ASPIRADORA PARA INERTIZACI\u00d3N DE POLVOS EXPLOSIVOS - Depureco USA\",\"isPartOf\":{\"@id\":\"https:\\\/\\\/depurecousa.com\\\/es\\\/#website\"},\"primaryImageOfPage\":{\"@id\":\"https:\\\/\\\/depurecousa.com\\\/es\\\/producto\\\/aspiradora-inertizacion-polvos-explosivos\\\/#primaryimage\"},\"image\":{\"@id\":\"https:\\\/\\\/depurecousa.com\\\/es\\\/producto\\\/aspiradora-inertizacion-polvos-explosivos\\\/#primaryimage\"},\"thumbnailUrl\":\"https:\\\/\\\/depurecousa.com\\\/app\\\/uploads\\\/2024\\\/06\\\/aspiratori-sito-us-1.png\",\"datePublished\":\"2024-06-25T07:30:47+00:00\",\"dateModified\":\"2024-12-04T10:08:25+00:00\",\"description\":\"El M100 es el buque insignia de las aspiradoras industriales monof\u00e1sicas de Depureco, conocido por su excepcional potencia y rendimiento.\",\"breadcrumb\":{\"@id\":\"https:\\\/\\\/depurecousa.com\\\/es\\\/producto\\\/aspiradora-inertizacion-polvos-explosivos\\\/#breadcrumb\"},\"inLanguage\":\"es\",\"potentialAction\":[{\"@type\":\"ReadAction\",\"target\":[\"https:\\\/\\\/depurecousa.com\\\/es\\\/producto\\\/aspiradora-inertizacion-polvos-explosivos\\\/\"]}]},{\"@type\":\"ImageObject\",\"inLanguage\":\"es\",\"@id\":\"https:\\\/\\\/depurecousa.com\\\/es\\\/producto\\\/aspiradora-inertizacion-polvos-explosivos\\\/#primaryimage\",\"url\":\"https:\\\/\\\/depurecousa.com\\\/app\\\/uploads\\\/2024\\\/06\\\/aspiratori-sito-us-1.png\",\"contentUrl\":\"https:\\\/\\\/depurecousa.com\\\/app\\\/uploads\\\/2024\\\/06\\\/aspiratori-sito-us-1.png\",\"width\":800,\"height\":800,\"caption\":\"m 100 am\"},{\"@type\":\"BreadcrumbList\",\"@id\":\"https:\\\/\\\/depurecousa.com\\\/es\\\/producto\\\/aspiradora-inertizacion-polvos-explosivos\\\/#breadcrumb\",\"itemListElement\":[{\"@type\":\"ListItem\",\"position\":1,\"name\":\"Home\",\"item\":\"https:\\\/\\\/depurecousa.com\\\/es\\\/hogar\\\/\"},{\"@type\":\"ListItem\",\"position\":2,\"name\":\"Productos\",\"item\":\"https:\\\/\\\/depurecousa.com\\\/es\\\/shop\\\/\"},{\"@type\":\"ListItem\",\"position\":3,\"name\":\"ASPIRADORAS INDUSTRIALES ANTIDEFLAGRANTES\",\"item\":\"https:\\\/\\\/depurecousa.com\\\/es\\\/product-category\\\/aspiradoras-industriales-antideflagrantes\\\/\"},{\"@type\":\"ListItem\",\"position\":4,\"name\":\"M100 AMASPIRADORA PARA INERTIZACI\u00d3N DE POLVOS EXPLOSIVOS\"}]},{\"@type\":\"WebSite\",\"@id\":\"https:\\\/\\\/depurecousa.com\\\/es\\\/#website\",\"url\":\"https:\\\/\\\/depurecousa.com\\\/es\\\/\",\"name\":\"Depureco USA\",\"description\":\"Aspiradoras industriales y sistemas centralizados\",\"publisher\":{\"@id\":\"https:\\\/\\\/depurecousa.com\\\/es\\\/#organization\"},\"potentialAction\":[{\"@type\":\"SearchAction\",\"target\":{\"@type\":\"EntryPoint\",\"urlTemplate\":\"https:\\\/\\\/depurecousa.com\\\/es\\\/?s={search_term_string}\"},\"query-input\":{\"@type\":\"PropertyValueSpecification\",\"valueRequired\":true,\"valueName\":\"search_term_string\"}}],\"inLanguage\":\"es\"},{\"@type\":[\"Organization\",\"Place\"],\"@id\":\"https:\\\/\\\/depurecousa.com\\\/es\\\/#organization\",\"name\":\"Depureco USA\",\"alternateName\":\"Depureco Industrial Vacuums\",\"url\":\"https:\\\/\\\/depurecousa.com\\\/es\\\/\",\"logo\":{\"@id\":\"https:\\\/\\\/depurecousa.com\\\/es\\\/producto\\\/aspiradora-inertizacion-polvos-explosivos\\\/#local-main-organization-logo\"},\"image\":{\"@id\":\"https:\\\/\\\/depurecousa.com\\\/es\\\/producto\\\/aspiradora-inertizacion-polvos-explosivos\\\/#local-main-organization-logo\"},\"sameAs\":[\"https:\\\/\\\/www.facebook.com\\\/DepurecoUSA\\\/\",\"https:\\\/\\\/www.youtube.com\\\/@depurecousa\",\"https:\\\/\\\/www.linkedin.com\\\/company\\\/depureco-usa\\\/\",\"https:\\\/\\\/www.thomasnet.com\\\/company\\\/depureco-industrial-vacuums-usa-30990947\\\/profile?cov=NA&which=comp&what=depureco&coverage_area=NA&card_position=1&suppliers_in_page=1&page_number=1&headingList=16410201,0,25120189,26781609,26791905,89931042,41260373,45621323,46152609,89920243&isNationalSearch=false\"],\"legalName\":\"Depureco Industrial Vacuums Corp\",\"numberOfEmployees\":{\"@type\":\"QuantitativeValue\",\"minValue\":\"11\",\"maxValue\":\"50\"},\"address\":{\"@id\":\"https:\\\/\\\/depurecousa.com\\\/es\\\/producto\\\/aspiradora-inertizacion-polvos-explosivos\\\/#local-main-place-address\"},\"geo\":{\"@type\":\"GeoCoordinates\",\"latitude\":\"30.024973508015663\",\"longitude\":\"-97.86156736732772\"},\"telephone\":[\"7377044347\"],\"contactPoint\":{\"@type\":\"ContactPoint\",\"telephone\":\"7377044347\",\"email\":\"simone.bacciu@depurecousa.com\"},\"openingHoursSpecification\":[{\"@type\":\"OpeningHoursSpecification\",\"dayOfWeek\":[\"Monday\",\"Tuesday\",\"Wednesday\",\"Thursday\",\"Friday\",\"Saturday\",\"Sunday\"],\"opens\":\"09:00\",\"closes\":\"17:00\"}],\"email\":\"info@depurecousa.com\",\"faxNumber\":\"Depureco Industrial Vacuums Corp\",\"areaServed\":\"United States\",\"globalLocationNumber\":\"24FQ+X9 Kyle, Texas\"},{\"@type\":\"PostalAddress\",\"@id\":\"https:\\\/\\\/depurecousa.com\\\/es\\\/producto\\\/aspiradora-inertizacion-polvos-explosivos\\\/#local-main-place-address\",\"streetAddress\":\"19121 Marketplace Avenue, Building 1, Suite 165\",\"addressLocality\":\"KYLE\",\"postalCode\":\"78640\",\"addressRegion\":\"TX\",\"addressCountry\":\"US\"},{\"@type\":\"ImageObject\",\"inLanguage\":\"es\",\"@id\":\"https:\\\/\\\/depurecousa.com\\\/es\\\/producto\\\/aspiradora-inertizacion-polvos-explosivos\\\/#local-main-organization-logo\",\"url\":\"https:\\\/\\\/depurecousa.com\\\/app\\\/uploads\\\/2023\\\/06\\\/depureco-logo-ico.png\",\"contentUrl\":\"https:\\\/\\\/depurecousa.com\\\/app\\\/uploads\\\/2023\\\/06\\\/depureco-logo-ico.png\",\"width\":512,\"height\":512,\"caption\":\"Depureco USA\"}]}<\/script>\n<meta property=\"product:price:currency\" content=\"USD\" \/>\n<meta property=\"og:availability\" content=\"instock\" \/>\n<meta property=\"product:availability\" content=\"instock\" \/>\n<meta property=\"product:condition\" content=\"new\" \/>\n<meta name=\"geo.placename\" content=\"KYLE\" \/>\n<meta name=\"geo.position\" content=\"30.024973508015663;-97.86156736732772\" \/>\n<meta name=\"geo.region\" content=\"Estados Unidos (EEUU)\" \/>\n<!-- \/ Yoast SEO Premium plugin. -->","yoast_head_json":{"title":"Aspiraci\u00f3n Industrial Wet & Dry M100 AMASPIRADORA PARA INERTIZACI\u00d3N DE POLVOS EXPLOSIVOS - Depureco USA","description":"El M100 es el buque insignia de las aspiradoras industriales monof\u00e1sicas de Depureco, conocido por su excepcional potencia y rendimiento.","robots":{"index":"index","follow":"follow","max-snippet":"max-snippet:-1","max-image-preview":"max-image-preview:large","max-video-preview":"max-video-preview:-1"},"canonical":"https:\/\/depurecousa.com\/es\/producto\/aspiradora-inertizacion-polvos-explosivos\/","og_locale":"es_ES","og_type":"article","og_title":"M100 AMASPIRADORA PARA INERTIZACI\u00d3N DE POLVOS EXPLOSIVOS","og_description":"El M100 es el buque insignia de las aspiradoras industriales monof\u00e1sicas de Depureco, conocido por su excepcional potencia y rendimiento.","og_url":"https:\/\/depurecousa.com\/es\/producto\/aspiradora-inertizacion-polvos-explosivos\/","og_site_name":"Depureco USA","article_publisher":"https:\/\/www.facebook.com\/DepurecoUSA\/","article_modified_time":"2024-12-04T10:08:25+00:00","og_image":[{"width":800,"height":800,"url":"https:\/\/depurecousa.com\/app\/uploads\/2024\/06\/aspiratori-sito-us-1.png","type":"image\/png"}],"twitter_card":"summary_large_image","schema":{"@context":"https:\/\/schema.org","@graph":[{"@type":["WebPage","ItemPage"],"@id":"https:\/\/depurecousa.com\/es\/producto\/aspiradora-inertizacion-polvos-explosivos\/","url":"https:\/\/depurecousa.com\/es\/producto\/aspiradora-inertizacion-polvos-explosivos\/","name":"Aspiraci\u00f3n Industrial Wet & Dry M100 AM ASPIRADORA PARA INERTIZACI\u00d3N DE POLVOS EXPLOSIVOS - Depureco USA","isPartOf":{"@id":"https:\/\/depurecousa.com\/es\/#website"},"primaryImageOfPage":{"@id":"https:\/\/depurecousa.com\/es\/producto\/aspiradora-inertizacion-polvos-explosivos\/#primaryimage"},"image":{"@id":"https:\/\/depurecousa.com\/es\/producto\/aspiradora-inertizacion-polvos-explosivos\/#primaryimage"},"thumbnailUrl":"https:\/\/depurecousa.com\/app\/uploads\/2024\/06\/aspiratori-sito-us-1.png","datePublished":"2024-06-25T07:30:47+00:00","dateModified":"2024-12-04T10:08:25+00:00","description":"El M100 es el buque insignia de las aspiradoras industriales monof\u00e1sicas de Depureco, conocido por su excepcional potencia y rendimiento.","breadcrumb":{"@id":"https:\/\/depurecousa.com\/es\/producto\/aspiradora-inertizacion-polvos-explosivos\/#breadcrumb"},"inLanguage":"es","potentialAction":[{"@type":"ReadAction","target":["https:\/\/depurecousa.com\/es\/producto\/aspiradora-inertizacion-polvos-explosivos\/"]}]},{"@type":"ImageObject","inLanguage":"es","@id":"https:\/\/depurecousa.com\/es\/producto\/aspiradora-inertizacion-polvos-explosivos\/#primaryimage","url":"https:\/\/depurecousa.com\/app\/uploads\/2024\/06\/aspiratori-sito-us-1.png","contentUrl":"https:\/\/depurecousa.com\/app\/uploads\/2024\/06\/aspiratori-sito-us-1.png","width":800,"height":800,"caption":"m 100 am"},{"@type":"BreadcrumbList","@id":"https:\/\/depurecousa.com\/es\/producto\/aspiradora-inertizacion-polvos-explosivos\/#breadcrumb","itemListElement":[{"@type":"ListItem","position":1,"name":"Home","item":"https:\/\/depurecousa.com\/es\/hogar\/"},{"@type":"ListItem","position":2,"name":"Productos","item":"https:\/\/depurecousa.com\/es\/shop\/"},{"@type":"ListItem","position":3,"name":"ASPIRADORAS INDUSTRIALES ANTIDEFLAGRANTES","item":"https:\/\/depurecousa.com\/es\/product-category\/aspiradoras-industriales-antideflagrantes\/"},{"@type":"ListItem","position":4,"name":"M100 AMASPIRADORA PARA INERTIZACI\u00d3N DE POLVOS EXPLOSIVOS"}]},{"@type":"WebSite","@id":"https:\/\/depurecousa.com\/es\/#website","url":"https:\/\/depurecousa.com\/es\/","name":"Depureco USA","description":"Aspiradoras industriales y sistemas centralizados","publisher":{"@id":"https:\/\/depurecousa.com\/es\/#organization"},"potentialAction":[{"@type":"SearchAction","target":{"@type":"EntryPoint","urlTemplate":"https:\/\/depurecousa.com\/es\/?s={search_term_string}"},"query-input":{"@type":"PropertyValueSpecification","valueRequired":true,"valueName":"search_term_string"}}],"inLanguage":"es"},{"@type":["Organization","Place"],"@id":"https:\/\/depurecousa.com\/es\/#organization","name":"Depureco USA","alternateName":"Depureco Industrial Vacuums","url":"https:\/\/depurecousa.com\/es\/","logo":{"@id":"https:\/\/depurecousa.com\/es\/producto\/aspiradora-inertizacion-polvos-explosivos\/#local-main-organization-logo"},"image":{"@id":"https:\/\/depurecousa.com\/es\/producto\/aspiradora-inertizacion-polvos-explosivos\/#local-main-organization-logo"},"sameAs":["https:\/\/www.facebook.com\/DepurecoUSA\/","https:\/\/www.youtube.com\/@depurecousa","https:\/\/www.linkedin.com\/company\/depureco-usa\/","https:\/\/www.thomasnet.com\/company\/depureco-industrial-vacuums-usa-30990947\/profile?cov=NA&which=comp&what=depureco&coverage_area=NA&card_position=1&suppliers_in_page=1&page_number=1&headingList=16410201,0,25120189,26781609,26791905,89931042,41260373,45621323,46152609,89920243&isNationalSearch=false"],"legalName":"Depureco Industrial Vacuums Corp","numberOfEmployees":{"@type":"QuantitativeValue","minValue":"11","maxValue":"50"},"address":{"@id":"https:\/\/depurecousa.com\/es\/producto\/aspiradora-inertizacion-polvos-explosivos\/#local-main-place-address"},"geo":{"@type":"GeoCoordinates","latitude":"30.024973508015663","longitude":"-97.86156736732772"},"telephone":["7377044347"],"contactPoint":{"@type":"ContactPoint","telephone":"7377044347","email":"simone.bacciu@depurecousa.com"},"openingHoursSpecification":[{"@type":"OpeningHoursSpecification","dayOfWeek":["Monday","Tuesday","Wednesday","Thursday","Friday","Saturday","Sunday"],"opens":"09:00","closes":"17:00"}],"email":"info@depurecousa.com","faxNumber":"Depureco Industrial Vacuums Corp","areaServed":"United States","globalLocationNumber":"24FQ+X9 Kyle, Texas"},{"@type":"PostalAddress","@id":"https:\/\/depurecousa.com\/es\/producto\/aspiradora-inertizacion-polvos-explosivos\/#local-main-place-address","streetAddress":"19121 Marketplace Avenue, Building 1, Suite 165","addressLocality":"KYLE","postalCode":"78640","addressRegion":"TX","addressCountry":"US"},{"@type":"ImageObject","inLanguage":"es","@id":"https:\/\/depurecousa.com\/es\/producto\/aspiradora-inertizacion-polvos-explosivos\/#local-main-organization-logo","url":"https:\/\/depurecousa.com\/app\/uploads\/2023\/06\/depureco-logo-ico.png","contentUrl":"https:\/\/depurecousa.com\/app\/uploads\/2023\/06\/depureco-logo-ico.png","width":512,"height":512,"caption":"Depureco USA"}]},"product_price_currency":"USD","og_availability":"instock","product_availability":"instock","product_condition":"new","geo.placename":"KYLE","geo.position":{"lat":"30.024973508015663","long":"-97.86156736732772"},"geo.region":"Estados Unidos (EEUU)"},"_links":{"self":[{"href":"https:\/\/depurecousa.com\/es\/wp-json\/wp\/v2\/product\/8247","targetHints":{"allow":["GET"]}}],"collection":[{"href":"https:\/\/depurecousa.com\/es\/wp-json\/wp\/v2\/product"}],"about":[{"href":"https:\/\/depurecousa.com\/es\/wp-json\/wp\/v2\/types\/product"}],"wp:featuredmedia":[{"embeddable":true,"href":"https:\/\/depurecousa.com\/es\/wp-json\/wp\/v2\/media\/8249"}],"wp:attachment":[{"href":"https:\/\/depurecousa.com\/es\/wp-json\/wp\/v2\/media?parent=8247"}],"wp:term":[{"taxonomy":"product_brand","embeddable":true,"href":"https:\/\/depurecousa.com\/es\/wp-json\/wp\/v2\/product_brand?post=8247"},{"taxonomy":"product_cat","embeddable":true,"href":"https:\/\/depurecousa.com\/es\/wp-json\/wp\/v2\/product_cat?post=8247"},{"taxonomy":"product_tag","embeddable":true,"href":"https:\/\/depurecousa.com\/es\/wp-json\/wp\/v2\/product_tag?post=8247"}],"curies":[{"name":"wp","href":"https:\/\/api.w.org\/{rel}","templated":true}]}}