{"id":8318,"date":"2024-06-25T01:14:04","date_gmt":"2024-06-25T07:14:04","guid":{"rendered":"https:\/\/depurecousa.com\/product\/bl-am\/"},"modified":"2024-10-16T07:17:20","modified_gmt":"2024-10-16T13:17:20","slug":"bl-am-aspiradora-inertizacion-polvo-combustible","status":"publish","type":"product","link":"https:\/\/depurecousa.com\/es\/producto\/bl-am-aspiradora-inertizacion-polvo-combustible\/","title":{"rendered":"BL AM <br>ASPIRADORA INDUSTRIAL PARA INERTIZACION POLVO COMBUSTIBLE"},"content":{"rendered":"<p>El <strong>BL AM (Additive Manufacturing)<\/strong> es un aspirador industrial dise\u00f1ado espec\u00edficamente para eliminar el polvo <strong>met\u00e1lico conductor.<\/strong> Este aspirador cuenta con un <strong>potente motor<\/strong> monof\u00e1sico sin escobillas que ofrece un rendimiento excepcional y la m\u00e1xima seguridad, incluso en entornos potencialmente explosivos.<\/p>\n<p>Para recoger las part\u00edculas peligrosas, este producto incorpora un <strong>avanzado sistema antideflagrante<\/strong>: el polvo met\u00e1lico conductor aspirado se sumerge directamente en un ba\u00f1o de l\u00edquido inerte dentro del contenedor. El motor est\u00e1 protegido por un filtro c\u00f3nico antiest\u00e1tico de clase <strong>H13 de gran superficie<\/strong>. La filtraci\u00f3n adicional en el interior del contenedor garantiza los m\u00e1ximos niveles de seguridad, incluso cuando se trabaja con polvo potencialmente explosivo. Dentro del contenedor de inertizaci\u00f3n, hay <strong>un filtro de rejilla met\u00e1lica para capturar cualquier chispa<\/strong> y <strong>un filtro de nailon<\/strong> que separa el polvo met\u00e1lico aspirado del l\u00edquido inerte, lo que permite su recuperaci\u00f3n y reutilizaci\u00f3n. Un sistema patentado de conexi\u00f3n r\u00e1pida permite desmontar y volver a montar el contenedor f\u00e1cilmente, sin necesidad de herramientas. Una v\u00e1lvula de sobrepresi\u00f3n permite la salida de gas si se produce una reacci\u00f3n entre el polvo y el l\u00edquido utilizado.<\/p>\n<p>El l\u00edquido agotado puede descargarse por <strong>gravedad a trav\u00e9s<\/strong> de <strong>un c\u00f3modo grifo situado<\/strong> en el fondo del recipiente. El recipiente est\u00e1 fabricado en acero inoxidable <strong>AISI 304<\/strong> e incorpora una pr\u00e1ctica ventanilla de inspecci\u00f3n en la parte delantera para controlar el nivel de l\u00edquido en el interior.<\/p>\n<p>Con nuestro BL AM, <strong>aspirar el polvo met\u00e1lico conductor nunca ha sido tan sencillo y seguro.<\/strong><\/p>\n","protected":false},"excerpt":{"rendered":"<p>El BL AM (Additive Manufacturing) es un aspirador industrial dise\u00f1ado espec\u00edficamente para eliminar el polvo met\u00e1lico conductor. Este aspirador cuenta con un potente motor monof\u00e1sico sin escobillas que ofrece un rendimiento excepcional y la m\u00e1xima seguridad, incluso en entornos potencialmente explosivos. Para recoger las part\u00edculas peligrosas, este producto incorpora un avanzado sistema antideflagrante: el polvo [&hellip;]<\/p>\n","protected":false},"featured_media":8236,"template":"","meta":{"_acf_changed":false,"content-type":"","inline_featured_image":false},"product_brand":[],"product_cat":[184],"product_tag":[],"class_list":{"0":"post-8318","1":"product","2":"type-product","3":"status-publish","4":"has-post-thumbnail","6":"product_cat-aspiradoras-industriales-antideflagrantes","8":"first","9":"instock","10":"shipping-taxable","11":"product-type-simple"},"acf":[],"yoast_head":"<!-- This site is optimized with the Yoast SEO Premium plugin v27.4 (Yoast SEO v27.4) - https:\/\/yoast.com\/product\/yoast-seo-premium-wordpress\/ -->\n<title>BL AM ASPIRADORA INDUSTRIAL PARA INERTIZACION POLVO COMBUSTIBLE - Depureco USA<\/title>\n<meta name=\"description\" content=\"El BL AM (Additive Manufacturing) es un aspirador industrial dise\u00f1ado espec\u00edficamente para eliminar el polvo met\u00e1lico conductor. Descubra m\u00e1s\" \/>\n<meta name=\"robots\" content=\"index, follow, max-snippet:-1, max-image-preview:large, max-video-preview:-1\" \/>\n<link rel=\"canonical\" href=\"https:\/\/depurecousa.com\/es\/producto\/bl-am-aspiradora-inertizacion-polvo-combustible\/\" \/>\n<meta property=\"og:locale\" content=\"es_ES\" \/>\n<meta property=\"og:type\" content=\"article\" \/>\n<meta property=\"og:title\" content=\"BL AM ASPIRADORA INDUSTRIAL PARA INERTIZACION POLVO COMBUSTIBLE\" \/>\n<meta property=\"og:description\" content=\"El BL AM (Additive Manufacturing) es un aspirador industrial dise\u00f1ado espec\u00edficamente para eliminar el polvo met\u00e1lico conductor. Descubra m\u00e1s\" \/>\n<meta property=\"og:url\" content=\"https:\/\/depurecousa.com\/es\/producto\/bl-am-aspiradora-inertizacion-polvo-combustible\/\" \/>\n<meta property=\"og:site_name\" content=\"Depureco USA\" \/>\n<meta property=\"article:publisher\" content=\"https:\/\/www.facebook.com\/DepurecoUSA\/\" \/>\n<meta property=\"article:modified_time\" content=\"2024-10-16T13:17:20+00:00\" \/>\n<meta property=\"og:image\" content=\"https:\/\/depurecousa.com\/app\/uploads\/2024\/06\/aspiratori-sito-us.png\" \/>\n\t<meta property=\"og:image:width\" content=\"800\" \/>\n\t<meta property=\"og:image:height\" content=\"800\" \/>\n\t<meta property=\"og:image:type\" content=\"image\/png\" \/>\n<meta name=\"twitter:card\" content=\"summary_large_image\" \/>\n<script type=\"application\/ld+json\" class=\"yoast-schema-graph\">{\"@context\":\"https:\\\/\\\/schema.org\",\"@graph\":[{\"@type\":[\"WebPage\",\"ItemPage\"],\"@id\":\"https:\\\/\\\/depurecousa.com\\\/es\\\/producto\\\/bl-am-aspiradora-inertizacion-polvo-combustible\\\/\",\"url\":\"https:\\\/\\\/depurecousa.com\\\/es\\\/producto\\\/bl-am-aspiradora-inertizacion-polvo-combustible\\\/\",\"name\":\"BL AM ASPIRADORA INDUSTRIAL PARA INERTIZACION POLVO COMBUSTIBLE - Depureco USA\",\"isPartOf\":{\"@id\":\"https:\\\/\\\/depurecousa.com\\\/es\\\/#website\"},\"primaryImageOfPage\":{\"@id\":\"https:\\\/\\\/depurecousa.com\\\/es\\\/producto\\\/bl-am-aspiradora-inertizacion-polvo-combustible\\\/#primaryimage\"},\"image\":{\"@id\":\"https:\\\/\\\/depurecousa.com\\\/es\\\/producto\\\/bl-am-aspiradora-inertizacion-polvo-combustible\\\/#primaryimage\"},\"thumbnailUrl\":\"https:\\\/\\\/depurecousa.com\\\/app\\\/uploads\\\/2024\\\/06\\\/aspiratori-sito-us.png\",\"datePublished\":\"2024-06-25T07:14:04+00:00\",\"dateModified\":\"2024-10-16T13:17:20+00:00\",\"description\":\"El BL AM (Additive Manufacturing) es un aspirador industrial dise\u00f1ado espec\u00edficamente para eliminar el polvo met\u00e1lico conductor. Descubra m\u00e1s\",\"breadcrumb\":{\"@id\":\"https:\\\/\\\/depurecousa.com\\\/es\\\/producto\\\/bl-am-aspiradora-inertizacion-polvo-combustible\\\/#breadcrumb\"},\"inLanguage\":\"es\",\"potentialAction\":[{\"@type\":\"ReadAction\",\"target\":[\"https:\\\/\\\/depurecousa.com\\\/es\\\/producto\\\/bl-am-aspiradora-inertizacion-polvo-combustible\\\/\"]}]},{\"@type\":\"ImageObject\",\"inLanguage\":\"es\",\"@id\":\"https:\\\/\\\/depurecousa.com\\\/es\\\/producto\\\/bl-am-aspiradora-inertizacion-polvo-combustible\\\/#primaryimage\",\"url\":\"https:\\\/\\\/depurecousa.com\\\/app\\\/uploads\\\/2024\\\/06\\\/aspiratori-sito-us.png\",\"contentUrl\":\"https:\\\/\\\/depurecousa.com\\\/app\\\/uploads\\\/2024\\\/06\\\/aspiratori-sito-us.png\",\"width\":800,\"height\":800,\"caption\":\"bl am\"},{\"@type\":\"BreadcrumbList\",\"@id\":\"https:\\\/\\\/depurecousa.com\\\/es\\\/producto\\\/bl-am-aspiradora-inertizacion-polvo-combustible\\\/#breadcrumb\",\"itemListElement\":[{\"@type\":\"ListItem\",\"position\":1,\"name\":\"Home\",\"item\":\"https:\\\/\\\/depurecousa.com\\\/es\\\/hogar\\\/\"},{\"@type\":\"ListItem\",\"position\":2,\"name\":\"Productos\",\"item\":\"https:\\\/\\\/depurecousa.com\\\/es\\\/shop\\\/\"},{\"@type\":\"ListItem\",\"position\":3,\"name\":\"ASPIRADORAS INDUSTRIALES ANTIDEFLAGRANTES\",\"item\":\"https:\\\/\\\/depurecousa.com\\\/es\\\/product-category\\\/aspiradoras-industriales-antideflagrantes\\\/\"},{\"@type\":\"ListItem\",\"position\":4,\"name\":\"BL AM ASPIRADORA INDUSTRIAL PARA INERTIZACION POLVO COMBUSTIBLE\"}]},{\"@type\":\"WebSite\",\"@id\":\"https:\\\/\\\/depurecousa.com\\\/es\\\/#website\",\"url\":\"https:\\\/\\\/depurecousa.com\\\/es\\\/\",\"name\":\"Depureco USA\",\"description\":\"Aspiradoras industriales y sistemas centralizados\",\"publisher\":{\"@id\":\"https:\\\/\\\/depurecousa.com\\\/es\\\/#organization\"},\"potentialAction\":[{\"@type\":\"SearchAction\",\"target\":{\"@type\":\"EntryPoint\",\"urlTemplate\":\"https:\\\/\\\/depurecousa.com\\\/es\\\/?s={search_term_string}\"},\"query-input\":{\"@type\":\"PropertyValueSpecification\",\"valueRequired\":true,\"valueName\":\"search_term_string\"}}],\"inLanguage\":\"es\"},{\"@type\":[\"Organization\",\"Place\"],\"@id\":\"https:\\\/\\\/depurecousa.com\\\/es\\\/#organization\",\"name\":\"Depureco USA\",\"alternateName\":\"Depureco Industrial Vacuums\",\"url\":\"https:\\\/\\\/depurecousa.com\\\/es\\\/\",\"logo\":{\"@id\":\"https:\\\/\\\/depurecousa.com\\\/es\\\/producto\\\/bl-am-aspiradora-inertizacion-polvo-combustible\\\/#local-main-organization-logo\"},\"image\":{\"@id\":\"https:\\\/\\\/depurecousa.com\\\/es\\\/producto\\\/bl-am-aspiradora-inertizacion-polvo-combustible\\\/#local-main-organization-logo\"},\"sameAs\":[\"https:\\\/\\\/www.facebook.com\\\/DepurecoUSA\\\/\",\"https:\\\/\\\/www.youtube.com\\\/@depurecousa\",\"https:\\\/\\\/www.linkedin.com\\\/company\\\/depureco-usa\\\/\",\"https:\\\/\\\/www.thomasnet.com\\\/company\\\/depureco-industrial-vacuums-usa-30990947\\\/profile?cov=NA&which=comp&what=depureco&coverage_area=NA&card_position=1&suppliers_in_page=1&page_number=1&headingList=16410201,0,25120189,26781609,26791905,89931042,41260373,45621323,46152609,89920243&isNationalSearch=false\"],\"legalName\":\"Depureco Industrial Vacuums Corp\",\"numberOfEmployees\":{\"@type\":\"QuantitativeValue\",\"minValue\":\"11\",\"maxValue\":\"50\"},\"address\":{\"@id\":\"https:\\\/\\\/depurecousa.com\\\/es\\\/producto\\\/bl-am-aspiradora-inertizacion-polvo-combustible\\\/#local-main-place-address\"},\"geo\":{\"@type\":\"GeoCoordinates\",\"latitude\":\"30.024973508015663\",\"longitude\":\"-97.86156736732772\"},\"telephone\":[\"7377044347\"],\"contactPoint\":{\"@type\":\"ContactPoint\",\"telephone\":\"7377044347\",\"email\":\"simone.bacciu@depurecousa.com\"},\"openingHoursSpecification\":[{\"@type\":\"OpeningHoursSpecification\",\"dayOfWeek\":[\"Monday\",\"Tuesday\",\"Wednesday\",\"Thursday\",\"Friday\",\"Saturday\",\"Sunday\"],\"opens\":\"09:00\",\"closes\":\"17:00\"}],\"email\":\"info@depurecousa.com\",\"faxNumber\":\"Depureco Industrial Vacuums Corp\",\"areaServed\":\"United States\",\"globalLocationNumber\":\"24FQ+X9 Kyle, Texas\"},{\"@type\":\"PostalAddress\",\"@id\":\"https:\\\/\\\/depurecousa.com\\\/es\\\/producto\\\/bl-am-aspiradora-inertizacion-polvo-combustible\\\/#local-main-place-address\",\"streetAddress\":\"19121 Marketplace Avenue, Building 1, Suite 165\",\"addressLocality\":\"KYLE\",\"postalCode\":\"78640\",\"addressRegion\":\"TX\",\"addressCountry\":\"US\"},{\"@type\":\"ImageObject\",\"inLanguage\":\"es\",\"@id\":\"https:\\\/\\\/depurecousa.com\\\/es\\\/producto\\\/bl-am-aspiradora-inertizacion-polvo-combustible\\\/#local-main-organization-logo\",\"url\":\"https:\\\/\\\/depurecousa.com\\\/app\\\/uploads\\\/2023\\\/06\\\/depureco-logo-ico.png\",\"contentUrl\":\"https:\\\/\\\/depurecousa.com\\\/app\\\/uploads\\\/2023\\\/06\\\/depureco-logo-ico.png\",\"width\":512,\"height\":512,\"caption\":\"Depureco USA\"}]}<\/script>\n<meta property=\"product:price:currency\" content=\"USD\" \/>\n<meta property=\"og:availability\" content=\"instock\" \/>\n<meta property=\"product:availability\" content=\"instock\" \/>\n<meta property=\"product:condition\" content=\"new\" \/>\n<meta name=\"geo.placename\" content=\"KYLE\" \/>\n<meta name=\"geo.position\" content=\"30.024973508015663;-97.86156736732772\" \/>\n<meta name=\"geo.region\" content=\"Estados Unidos (EEUU)\" \/>\n<!-- \/ Yoast SEO Premium plugin. -->","yoast_head_json":{"title":"BL AM ASPIRADORA INDUSTRIAL PARA INERTIZACION POLVO COMBUSTIBLE - Depureco USA","description":"El BL AM (Additive Manufacturing) es un aspirador industrial dise\u00f1ado espec\u00edficamente para eliminar el polvo met\u00e1lico conductor. Descubra m\u00e1s","robots":{"index":"index","follow":"follow","max-snippet":"max-snippet:-1","max-image-preview":"max-image-preview:large","max-video-preview":"max-video-preview:-1"},"canonical":"https:\/\/depurecousa.com\/es\/producto\/bl-am-aspiradora-inertizacion-polvo-combustible\/","og_locale":"es_ES","og_type":"article","og_title":"BL AM ASPIRADORA INDUSTRIAL PARA INERTIZACION POLVO COMBUSTIBLE","og_description":"El BL AM (Additive Manufacturing) es un aspirador industrial dise\u00f1ado espec\u00edficamente para eliminar el polvo met\u00e1lico conductor. Descubra m\u00e1s","og_url":"https:\/\/depurecousa.com\/es\/producto\/bl-am-aspiradora-inertizacion-polvo-combustible\/","og_site_name":"Depureco USA","article_publisher":"https:\/\/www.facebook.com\/DepurecoUSA\/","article_modified_time":"2024-10-16T13:17:20+00:00","og_image":[{"width":800,"height":800,"url":"https:\/\/depurecousa.com\/app\/uploads\/2024\/06\/aspiratori-sito-us.png","type":"image\/png"}],"twitter_card":"summary_large_image","schema":{"@context":"https:\/\/schema.org","@graph":[{"@type":["WebPage","ItemPage"],"@id":"https:\/\/depurecousa.com\/es\/producto\/bl-am-aspiradora-inertizacion-polvo-combustible\/","url":"https:\/\/depurecousa.com\/es\/producto\/bl-am-aspiradora-inertizacion-polvo-combustible\/","name":"BL AM ASPIRADORA INDUSTRIAL PARA INERTIZACION POLVO COMBUSTIBLE - Depureco USA","isPartOf":{"@id":"https:\/\/depurecousa.com\/es\/#website"},"primaryImageOfPage":{"@id":"https:\/\/depurecousa.com\/es\/producto\/bl-am-aspiradora-inertizacion-polvo-combustible\/#primaryimage"},"image":{"@id":"https:\/\/depurecousa.com\/es\/producto\/bl-am-aspiradora-inertizacion-polvo-combustible\/#primaryimage"},"thumbnailUrl":"https:\/\/depurecousa.com\/app\/uploads\/2024\/06\/aspiratori-sito-us.png","datePublished":"2024-06-25T07:14:04+00:00","dateModified":"2024-10-16T13:17:20+00:00","description":"El BL AM (Additive Manufacturing) es un aspirador industrial dise\u00f1ado espec\u00edficamente para eliminar el polvo met\u00e1lico conductor. Descubra m\u00e1s","breadcrumb":{"@id":"https:\/\/depurecousa.com\/es\/producto\/bl-am-aspiradora-inertizacion-polvo-combustible\/#breadcrumb"},"inLanguage":"es","potentialAction":[{"@type":"ReadAction","target":["https:\/\/depurecousa.com\/es\/producto\/bl-am-aspiradora-inertizacion-polvo-combustible\/"]}]},{"@type":"ImageObject","inLanguage":"es","@id":"https:\/\/depurecousa.com\/es\/producto\/bl-am-aspiradora-inertizacion-polvo-combustible\/#primaryimage","url":"https:\/\/depurecousa.com\/app\/uploads\/2024\/06\/aspiratori-sito-us.png","contentUrl":"https:\/\/depurecousa.com\/app\/uploads\/2024\/06\/aspiratori-sito-us.png","width":800,"height":800,"caption":"bl am"},{"@type":"BreadcrumbList","@id":"https:\/\/depurecousa.com\/es\/producto\/bl-am-aspiradora-inertizacion-polvo-combustible\/#breadcrumb","itemListElement":[{"@type":"ListItem","position":1,"name":"Home","item":"https:\/\/depurecousa.com\/es\/hogar\/"},{"@type":"ListItem","position":2,"name":"Productos","item":"https:\/\/depurecousa.com\/es\/shop\/"},{"@type":"ListItem","position":3,"name":"ASPIRADORAS INDUSTRIALES ANTIDEFLAGRANTES","item":"https:\/\/depurecousa.com\/es\/product-category\/aspiradoras-industriales-antideflagrantes\/"},{"@type":"ListItem","position":4,"name":"BL AM ASPIRADORA INDUSTRIAL PARA INERTIZACION POLVO COMBUSTIBLE"}]},{"@type":"WebSite","@id":"https:\/\/depurecousa.com\/es\/#website","url":"https:\/\/depurecousa.com\/es\/","name":"Depureco USA","description":"Aspiradoras industriales y sistemas centralizados","publisher":{"@id":"https:\/\/depurecousa.com\/es\/#organization"},"potentialAction":[{"@type":"SearchAction","target":{"@type":"EntryPoint","urlTemplate":"https:\/\/depurecousa.com\/es\/?s={search_term_string}"},"query-input":{"@type":"PropertyValueSpecification","valueRequired":true,"valueName":"search_term_string"}}],"inLanguage":"es"},{"@type":["Organization","Place"],"@id":"https:\/\/depurecousa.com\/es\/#organization","name":"Depureco USA","alternateName":"Depureco Industrial Vacuums","url":"https:\/\/depurecousa.com\/es\/","logo":{"@id":"https:\/\/depurecousa.com\/es\/producto\/bl-am-aspiradora-inertizacion-polvo-combustible\/#local-main-organization-logo"},"image":{"@id":"https:\/\/depurecousa.com\/es\/producto\/bl-am-aspiradora-inertizacion-polvo-combustible\/#local-main-organization-logo"},"sameAs":["https:\/\/www.facebook.com\/DepurecoUSA\/","https:\/\/www.youtube.com\/@depurecousa","https:\/\/www.linkedin.com\/company\/depureco-usa\/","https:\/\/www.thomasnet.com\/company\/depureco-industrial-vacuums-usa-30990947\/profile?cov=NA&which=comp&what=depureco&coverage_area=NA&card_position=1&suppliers_in_page=1&page_number=1&headingList=16410201,0,25120189,26781609,26791905,89931042,41260373,45621323,46152609,89920243&isNationalSearch=false"],"legalName":"Depureco Industrial Vacuums Corp","numberOfEmployees":{"@type":"QuantitativeValue","minValue":"11","maxValue":"50"},"address":{"@id":"https:\/\/depurecousa.com\/es\/producto\/bl-am-aspiradora-inertizacion-polvo-combustible\/#local-main-place-address"},"geo":{"@type":"GeoCoordinates","latitude":"30.024973508015663","longitude":"-97.86156736732772"},"telephone":["7377044347"],"contactPoint":{"@type":"ContactPoint","telephone":"7377044347","email":"simone.bacciu@depurecousa.com"},"openingHoursSpecification":[{"@type":"OpeningHoursSpecification","dayOfWeek":["Monday","Tuesday","Wednesday","Thursday","Friday","Saturday","Sunday"],"opens":"09:00","closes":"17:00"}],"email":"info@depurecousa.com","faxNumber":"Depureco Industrial Vacuums Corp","areaServed":"United States","globalLocationNumber":"24FQ+X9 Kyle, Texas"},{"@type":"PostalAddress","@id":"https:\/\/depurecousa.com\/es\/producto\/bl-am-aspiradora-inertizacion-polvo-combustible\/#local-main-place-address","streetAddress":"19121 Marketplace Avenue, Building 1, Suite 165","addressLocality":"KYLE","postalCode":"78640","addressRegion":"TX","addressCountry":"US"},{"@type":"ImageObject","inLanguage":"es","@id":"https:\/\/depurecousa.com\/es\/producto\/bl-am-aspiradora-inertizacion-polvo-combustible\/#local-main-organization-logo","url":"https:\/\/depurecousa.com\/app\/uploads\/2023\/06\/depureco-logo-ico.png","contentUrl":"https:\/\/depurecousa.com\/app\/uploads\/2023\/06\/depureco-logo-ico.png","width":512,"height":512,"caption":"Depureco USA"}]},"product_price_currency":"USD","og_availability":"instock","product_availability":"instock","product_condition":"new","geo.placename":"KYLE","geo.position":{"lat":"30.024973508015663","long":"-97.86156736732772"},"geo.region":"Estados Unidos (EEUU)"},"_links":{"self":[{"href":"https:\/\/depurecousa.com\/es\/wp-json\/wp\/v2\/product\/8318","targetHints":{"allow":["GET"]}}],"collection":[{"href":"https:\/\/depurecousa.com\/es\/wp-json\/wp\/v2\/product"}],"about":[{"href":"https:\/\/depurecousa.com\/es\/wp-json\/wp\/v2\/types\/product"}],"wp:featuredmedia":[{"embeddable":true,"href":"https:\/\/depurecousa.com\/es\/wp-json\/wp\/v2\/media\/8236"}],"wp:attachment":[{"href":"https:\/\/depurecousa.com\/es\/wp-json\/wp\/v2\/media?parent=8318"}],"wp:term":[{"taxonomy":"product_brand","embeddable":true,"href":"https:\/\/depurecousa.com\/es\/wp-json\/wp\/v2\/product_brand?post=8318"},{"taxonomy":"product_cat","embeddable":true,"href":"https:\/\/depurecousa.com\/es\/wp-json\/wp\/v2\/product_cat?post=8318"},{"taxonomy":"product_tag","embeddable":true,"href":"https:\/\/depurecousa.com\/es\/wp-json\/wp\/v2\/product_tag?post=8318"}],"curies":[{"name":"wp","href":"https:\/\/api.w.org\/{rel}","templated":true}]}}